{"id":69410,"date":"2017-02-10T14:51:12","date_gmt":"2017-02-10T13:51:12","guid":{"rendered":"https:\/\/www.uckg.org\/pt\/?page_id=69410"},"modified":"2020-03-26T21:04:17","modified_gmt":"2020-03-26T20:04:17","slug":"programacao-de-radio-e-tv","status":"publish","type":"page","link":"https:\/\/www.uckg.org\/pt\/programacao-de-radio-e-tv\/","title":{"rendered":"Programa\u00e7\u00e3o de R\u00e1dio e TV"},"content":{"rendered":"<p><a href=\"https:\/\/www.uckg.org\/pt\/wp-content\/uploads\/2017\/02\/tv-radio-programme.jpeg\"><img fetchpriority=\"high\" decoding=\"async\" class=\"aligncenter size-full wp-image-69502\" src=\"https:\/\/www.uckg.org\/pt\/wp-content\/uploads\/2017\/02\/tv-radio-programme.jpeg\" alt=\"tv-radio-programme\" width=\"1280\" height=\"436\" title=\"\" srcset=\"https:\/\/www.uckg.org\/pt\/wp-content\/uploads\/2017\/02\/tv-radio-programme.jpeg 1280w, https:\/\/www.uckg.org\/pt\/wp-content\/uploads\/2017\/02\/tv-radio-programme-300x102.jpeg 300w, https:\/\/www.uckg.org\/pt\/wp-content\/uploads\/2017\/02\/tv-radio-programme-768x262.jpeg 768w, https:\/\/www.uckg.org\/pt\/wp-content\/uploads\/2017\/02\/tv-radio-programme-1024x349.jpeg 1024w, https:\/\/www.uckg.org\/pt\/wp-content\/uploads\/2017\/02\/tv-radio-programme-500x170.jpeg 500w\" sizes=\"(max-width: 1280px) 100vw, 1280px\" \/><\/a><\/p>\n<p style=\"text-align: justify;\">N\u00f3s n\u00e3o s\u00f3 estamos espalhados fisicamente pelo territ\u00f3rio, como tamb\u00e9m temos nossa pr\u00f3pria programa\u00e7\u00e3o de TV e r\u00e1dio para alcan\u00e7ar aqueles que n\u00e3o podem se deslocar. Nossa programa\u00e7\u00e3o varia de acordo com a necessidade de cada um e tem o objetivo de ajudar as pessoas a superar os problemas da vida. N\u00f3s temos a certeza que programas educativos como a \u201cTerapia do Amor\u201d v\u00e3o te inspirar a ser uma pessoa muito melhor. Para mais informa\u00e7\u00f5es sobre nossa programa\u00e7\u00e3o, <span style=\"text-decoration: underline;\"><span style=\"color: #0cb4ce; text-decoration: underline;\"><a style=\"color: #0cb4ce; text-decoration: underline;\" href=\"http:\/\/universalchurch.uk\/radio-tv-program-schedule\/\" target=\"_blank\" rel=\"noopener noreferrer\">clique aqui<\/a> <\/span><\/span>e sinta-se livre para perguntar sobre o assunto em qualquer um de nossos centros.<\/p>\n<p style=\"text-align: justify;\">Se voc\u00ea quiser nos ajudar a manter a programa\u00e7\u00e3o educativa de r\u00e1dio e TV, <span style=\"color: #0cb4ce;\"><a style=\"color: #0cb4ce; text-decoration: underline;\" title=\"Programa\u00e7\u00e3o de R\u00e1dio e TV\" href=\"\/pt\/doacao\" target=\"_blank\" rel=\"noopener noreferrer\">clique aqui.<\/a><\/span><\/p>\n","protected":false},"excerpt":{"rendered":"<p>N\u00f3s n\u00e3o s\u00f3 estamos espalhados fisicamente pelo territ\u00f3rio, como tamb\u00e9m temos nossa pr\u00f3pria programa\u00e7\u00e3o de TV e r\u00e1dio para alcan\u00e7ar aqueles que n\u00e3o podem se deslocar. Nossa programa\u00e7\u00e3o varia de [&hellip;]<\/p>\n","protected":false},"author":34,"featured_media":0,"parent":0,"menu_order":170,"comment_status":"closed","ping_status":"closed","template":"","meta":{"give_campaign_id":0,"_monsterinsights_skip_tracking":false,"_monsterinsights_sitenote_active":false,"_monsterinsights_sitenote_note":"","_monsterinsights_sitenote_category":0,"footnotes":""},"class_list":["post-69410","page","type-page","status-publish","hentry"],"campaignId":"","_links":{"self":[{"href":"https:\/\/www.uckg.org\/pt\/wp-json\/wp\/v2\/pages\/69410","targetHints":{"allow":["GET"]}}],"collection":[{"href":"https:\/\/www.uckg.org\/pt\/wp-json\/wp\/v2\/pages"}],"about":[{"href":"https:\/\/www.uckg.org\/pt\/wp-json\/wp\/v2\/types\/page"}],"author":[{"embeddable":true,"href":"https:\/\/www.uckg.org\/pt\/wp-json\/wp\/v2\/users\/34"}],"replies":[{"embeddable":true,"href":"https:\/\/www.uckg.org\/pt\/wp-json\/wp\/v2\/comments?post=69410"}],"version-history":[{"count":1,"href":"https:\/\/www.uckg.org\/pt\/wp-json\/wp\/v2\/pages\/69410\/revisions"}],"predecessor-version":[{"id":91432,"href":"https:\/\/www.uckg.org\/pt\/wp-json\/wp\/v2\/pages\/69410\/revisions\/91432"}],"wp:attachment":[{"href":"https:\/\/www.uckg.org\/pt\/wp-json\/wp\/v2\/media?parent=69410"}],"curies":[{"name":"wp","href":"https:\/\/api.w.org\/{rel}","templated":true}]}}