{"id":69408,"date":"2017-02-10T14:49:47","date_gmt":"2017-02-10T13:49:47","guid":{"rendered":"https:\/\/www.uckg.org\/pt\/?page_id=69408"},"modified":"2020-03-26T21:03:41","modified_gmt":"2020-03-26T20:03:41","slug":"nossos-projetos","status":"publish","type":"page","link":"https:\/\/www.uckg.org\/pt\/nossos-projetos\/","title":{"rendered":"Nossos Projetos"},"content":{"rendered":"<p>[vc_row][vc_column][wander_title_block title=&#8221;Nossos Projetos&#8221; title_size=&#8221;h2&#8243; title_align=&#8221;text-center&#8221; is_seperator=&#8221;true&#8221;][vc_column_text]<span style=\"color: #808080;\"><span lang=\"pt-BR\"><a title=\"Nossos Projetos\" href=\"https:\/\/www.uckg.org\/pt\/wp-content\/uploads\/2017\/02\/building.png\" rel=\"\"><img fetchpriority=\"high\" decoding=\"async\" class=\"aligncenter size-full wp-image-69439\" src=\"https:\/\/www.uckg.org\/pt\/wp-content\/uploads\/2017\/02\/building.png\" alt=\"building\" width=\"1280\" height=\"436\" title=\"\" srcset=\"https:\/\/www.uckg.org\/pt\/wp-content\/uploads\/2017\/02\/building.png 1280w, https:\/\/www.uckg.org\/pt\/wp-content\/uploads\/2017\/02\/building-300x102.png 300w, https:\/\/www.uckg.org\/pt\/wp-content\/uploads\/2017\/02\/building-768x262.png 768w, https:\/\/www.uckg.org\/pt\/wp-content\/uploads\/2017\/02\/building-1024x349.png 1024w, https:\/\/www.uckg.org\/pt\/wp-content\/uploads\/2017\/02\/building-500x170.png 500w\" sizes=\"(max-width: 1280px) 100vw, 1280px\" \/><\/a><\/span><\/span><\/p>\n<p>&nbsp;<\/p>\n<p><span style=\"color: #808080;\"><span lang=\"pt-BR\">Com mais de 30 Centros de Ajuda em todo pa\u00eds, temos orgulho em oferecer um servi\u00e7o de excelente qualidade para todos aqueles que entram na casa do Senhor. Seja para organizar a limpeza ou para apoiar nossa m\u00eddia digital, n\u00f3s apreciamos qualquer doa\u00e7\u00e3o. <\/span><\/span><\/p>\n<p><span style=\"color: #808080;\"><span lang=\"pt-BR\">Recentemente, reformamos o Centro de Ajuda em Manchester e Leeds, proporcionando um ambiente muito mais acolhedor para os membros. A transforma\u00e7\u00e3o completa desses espa\u00e7os n\u00e3o s\u00f3 oferece o sentimento de bem-estar como prova que as necessidades da igreja s\u00e3o sempre atendidas.<\/span><\/span><\/p>\n<p><span style=\"color: #808080;\"> <span lang=\"pt-BR\">Se voc\u00ea quiser nos ajudar a manter o trabalho nos nossos centros,<\/span><\/span> <span style=\"text-decoration: underline;\"><span lang=\"pt-BR\" style=\"color: #0cb4ce;\"><a style=\"color: #0cb4ce; text-decoration: underline;\" href=\"\/pt\/doacao\" target=\"_blank\" rel=\"noopener noreferrer\">clique aqui.<\/a><\/span><\/span>[\/vc_column_text][\/vc_column][\/vc_row]<\/p>\n","protected":false},"excerpt":{"rendered":"<p>[vc_row][vc_column][wander_title_block title=&#8221;Nossos Projetos&#8221; title_size=&#8221;h2&#8243; title_align=&#8221;text-center&#8221; is_seperator=&#8221;true&#8221;][vc_column_text] &nbsp; Com mais de 30 Centros de Ajuda em todo pa\u00eds, temos orgulho em oferecer um servi\u00e7o de excelente qualidade para todos aqueles que [&hellip;]<\/p>\n","protected":false},"author":34,"featured_media":0,"parent":0,"menu_order":143,"comment_status":"closed","ping_status":"closed","template":"","meta":{"give_campaign_id":0,"_monsterinsights_skip_tracking":false,"_monsterinsights_sitenote_active":false,"_monsterinsights_sitenote_note":"","_monsterinsights_sitenote_category":0,"footnotes":""},"class_list":["post-69408","page","type-page","status-publish","hentry"],"campaignId":"","_links":{"self":[{"href":"https:\/\/www.uckg.org\/pt\/wp-json\/wp\/v2\/pages\/69408","targetHints":{"allow":["GET"]}}],"collection":[{"href":"https:\/\/www.uckg.org\/pt\/wp-json\/wp\/v2\/pages"}],"about":[{"href":"https:\/\/www.uckg.org\/pt\/wp-json\/wp\/v2\/types\/page"}],"author":[{"embeddable":true,"href":"https:\/\/www.uckg.org\/pt\/wp-json\/wp\/v2\/users\/34"}],"replies":[{"embeddable":true,"href":"https:\/\/www.uckg.org\/pt\/wp-json\/wp\/v2\/comments?post=69408"}],"version-history":[{"count":1,"href":"https:\/\/www.uckg.org\/pt\/wp-json\/wp\/v2\/pages\/69408\/revisions"}],"predecessor-version":[{"id":91431,"href":"https:\/\/www.uckg.org\/pt\/wp-json\/wp\/v2\/pages\/69408\/revisions\/91431"}],"wp:attachment":[{"href":"https:\/\/www.uckg.org\/pt\/wp-json\/wp\/v2\/media?parent=69408"}],"curies":[{"name":"wp","href":"https:\/\/api.w.org\/{rel}","templated":true}]}}