{"id":69406,"date":"2017-02-10T14:48:16","date_gmt":"2017-02-10T13:48:16","guid":{"rendered":"https:\/\/www.uckg.org\/pt\/?page_id=69406"},"modified":"2020-03-26T21:00:37","modified_gmt":"2020-03-26T20:00:37","slug":"faca-uma-doacao","status":"publish","type":"page","link":"https:\/\/www.uckg.org\/pt\/faca-uma-doacao\/","title":{"rendered":"Fa\u00e7a uma doa\u00e7\u00e3o"},"content":{"rendered":"<p>[vc_row][vc_column][wander_title_block title=&#8221;Fa\u00e7a uma doa\u00e7\u00e3o&#8221; title_size=&#8221;h2&#8243; title_align=&#8221;text-center&#8221; is_seperator=&#8221;true&#8221;][vc_column_text]<span style=\"color: #808080;\"><a title=\"Fa\u00e7a uma doa\u00e7\u00e3o\" href=\"https:\/\/www.uckg.org\/pt\/wp-content\/uploads\/2017\/02\/giftaid.png\" rel=\"\"><img fetchpriority=\"high\" decoding=\"async\" class=\"aligncenter size-full wp-image-69429\" src=\"https:\/\/www.uckg.org\/pt\/wp-content\/uploads\/2017\/02\/giftaid.png\" alt=\"giftaid\" width=\"1280\" height=\"436\" title=\"\" srcset=\"https:\/\/www.uckg.org\/pt\/wp-content\/uploads\/2017\/02\/giftaid.png 1280w, https:\/\/www.uckg.org\/pt\/wp-content\/uploads\/2017\/02\/giftaid-300x102.png 300w, https:\/\/www.uckg.org\/pt\/wp-content\/uploads\/2017\/02\/giftaid-768x262.png 768w, https:\/\/www.uckg.org\/pt\/wp-content\/uploads\/2017\/02\/giftaid-1024x349.png 1024w, https:\/\/www.uckg.org\/pt\/wp-content\/uploads\/2017\/02\/giftaid-500x170.png 500w\" sizes=\"(max-width: 1280px) 100vw, 1280px\" \/><\/a><\/span><\/p>\n<p>&nbsp;<\/p>\n<p><span style=\"color: #808080;\">\u201c<span style=\"font-family: Arial,serif;\"><span style=\"font-size: small;\"><span style=\"font-family: Calibri,serif;\"><span style=\"font-size: medium;\"><span lang=\"pt-BR\"><strong><em>Cada um contribua segundo prop\u00f4s no seu cora\u00e7\u00e3o; n\u00e3o com tristeza, ou por necessidade; porque Deus ama ao que d\u00e1 com alegria<\/em><\/strong>.\u201d <\/span><\/span><\/span><\/span><span style=\"font-family: Calibri,serif;\"><span style=\"font-size: medium;\"><span lang=\"pt-BR\"> (2 Cor\u00edntios 9:7)<\/span><\/span><\/span><\/span><\/span><\/p>\n<p><span style=\"color: #808080;\"><span lang=\"pt-BR\">O ato da doa\u00e7\u00e3o \u00e9 volunt\u00e1rio e as pessoas devem doar seguindo os princ\u00edpios do cora\u00e7\u00e3o e da bondade; jamais por obriga\u00e7\u00e3o. A doa\u00e7\u00e3o \u00e9 um term\u00f4metro utilizado para medir o amor por Deus, mas tamb\u00e9m pode ser feita por outras raz\u00f5es, como na busca de uma resposta particular e espec\u00edfica. <\/span><\/span><\/p>\n<p><span style=\"color: #808080;\"><span lang=\"pt-BR\">Voc\u00ea pode oferecer sua doa\u00e7\u00e3o no Altar, em seu Centro de Ajuda local, ou online, <\/span><\/span><span lang=\"pt-BR\" style=\"color: #0cb4ce;\"><a style=\"text-decoration: underline; color: #0cb4ce;\" href=\"\/pt\/doacao\" target=\"_blank\" rel=\"noopener noreferrer\">acessando este link.<\/a><\/span>[\/vc_column_text][\/vc_column][\/vc_row]<\/p>\n","protected":false},"excerpt":{"rendered":"<p>[vc_row][vc_column][wander_title_block title=&#8221;Fa\u00e7a uma doa\u00e7\u00e3o&#8221; title_size=&#8221;h2&#8243; title_align=&#8221;text-center&#8221; is_seperator=&#8221;true&#8221;][vc_column_text] &nbsp; \u201cCada um contribua segundo prop\u00f4s no seu cora\u00e7\u00e3o; n\u00e3o com tristeza, ou por necessidade; porque Deus ama ao que d\u00e1 com alegria.\u201d [&hellip;]<\/p>\n","protected":false},"author":34,"featured_media":0,"parent":0,"menu_order":101,"comment_status":"closed","ping_status":"closed","template":"","meta":{"give_campaign_id":0,"_monsterinsights_skip_tracking":false,"_monsterinsights_sitenote_active":false,"_monsterinsights_sitenote_note":"","_monsterinsights_sitenote_category":0,"footnotes":""},"class_list":["post-69406","page","type-page","status-publish","hentry"],"campaignId":"","_links":{"self":[{"href":"https:\/\/www.uckg.org\/pt\/wp-json\/wp\/v2\/pages\/69406","targetHints":{"allow":["GET"]}}],"collection":[{"href":"https:\/\/www.uckg.org\/pt\/wp-json\/wp\/v2\/pages"}],"about":[{"href":"https:\/\/www.uckg.org\/pt\/wp-json\/wp\/v2\/types\/page"}],"author":[{"embeddable":true,"href":"https:\/\/www.uckg.org\/pt\/wp-json\/wp\/v2\/users\/34"}],"replies":[{"embeddable":true,"href":"https:\/\/www.uckg.org\/pt\/wp-json\/wp\/v2\/comments?post=69406"}],"version-history":[{"count":1,"href":"https:\/\/www.uckg.org\/pt\/wp-json\/wp\/v2\/pages\/69406\/revisions"}],"predecessor-version":[{"id":91428,"href":"https:\/\/www.uckg.org\/pt\/wp-json\/wp\/v2\/pages\/69406\/revisions\/91428"}],"wp:attachment":[{"href":"https:\/\/www.uckg.org\/pt\/wp-json\/wp\/v2\/media?parent=69406"}],"curies":[{"name":"wp","href":"https:\/\/api.w.org\/{rel}","templated":true}]}}