{"id":69402,"date":"2017-02-10T14:40:52","date_gmt":"2017-02-10T13:40:52","guid":{"rendered":"https:\/\/www.uckg.org\/pt\/?page_id=69402"},"modified":"2018-10-10T10:17:29","modified_gmt":"2018-10-10T08:17:29","slug":"gift-aid","status":"publish","type":"page","link":"https:\/\/www.uckg.org\/pt\/gift-aid\/","title":{"rendered":"Gift Aid"},"content":{"rendered":"<p>[vc_row][vc_column][wander_title_block title=&#8221;Gift Aid&#8221; title_size=&#8221;h2&#8243; title_align=&#8221;text-center&#8221; is_seperator=&#8221;true&#8221;][vc_column_text]<\/p>\n<h4 style=\"text-align: justify;\"><strong><a href=\"https:\/\/www.uckg.org\/pt\/wp-content\/uploads\/2017\/02\/giftaid-1.png\"><img fetchpriority=\"high\" decoding=\"async\" class=\"aligncenter size-full wp-image-12404\" src=\"https:\/\/www.uckg.org\/pt\/wp-content\/uploads\/2017\/02\/giftaid-1.png\" width=\"1280\" height=\"436\" alt=\"giftaid-1\" title=\"\"><\/a><\/strong><\/h4>\n<p style=\"text-align: justify;\"><span style=\"color: #808080;\"><strong>O que \u00e9 Gift Aid?<br \/>\n<\/strong><\/span><\/p>\n<p style=\"text-align: justify;\"><span style=\"color: #808080;\">Gift Aid \u00e9 um programa no qual institui\u00e7\u00f5es de caridade podem requerer um valor extra de 25% de toda doa\u00e7\u00e3o feita por pessoas que pagam imposto no Reino Unido. Funciona assim: digamos que voc\u00ea tenha doado \u00a310 \u00e0 sua institui\u00e7\u00e3o de caridade. Por que voc\u00ea \u00e9 pagador de impostos, a institui\u00e7\u00e3o tem direito de receber do governo o valor extra de \u00a32.80, o que maximiza sua doa\u00e7\u00e3o para \u00a312.80 sem mexer no seu bolso!<\/span><\/p>\n<p style=\"text-align: justify;\"><span style=\"color: #808080;\"><strong>O Gift Aid ajuda a igreja<br \/>\n<\/strong><\/span><\/p>\n<p style=\"text-align: justify;\"><span style=\"color: #808080;\">Voc\u00ea sabia que poderia ajudar a\u00a0igreja ainda mais caso seja pagante de qualquer imposto de renda? Para cada \u00a31 que voc\u00ea doa, a igreja receber\u00e1 28p como reembolso de sua taxa. Isso significa que se voc\u00ea paga taxa, a igreja tem o direito de requerer do governo uma quantia sobre cada uma das doa\u00e7\u00f5es que voc\u00ea faz. N\u00e3o importa se as doa\u00e7\u00f5es s\u00e3o regulares ou n\u00e3o, o Centro de Ajuda sempre se beneficiar\u00e1 com o Gift Aid.<\/span><\/p>\n<p style=\"text-align: justify;\"><span style=\"color: #808080;\"><strong>Contribua<\/strong><\/span><\/p>\n<p style=\"text-align: justify;\">A Igreja Universal do Reino de Deus ou UCKG, como \u00e9 conhecida no Reino Unido, \u00e9 muito mais que uma igreja \u2013 \u00e9 tamb\u00e9m um Centro de Ajuda. Nos comprometemos a ajudar pessoas a superar as adversidades da vida atrav\u00e9s da f\u00e9 e de a\u00e7\u00e3o. Temos uma abordagem simples e pr\u00e1tica, em todas as nossas iniciativas. Para que possamos continuar o trabalho e financiar novos projetos precisamos de sua colabora\u00e7\u00e3o. Se voc\u00ea deseja doar qualquer quantia, saiba que voc\u00ea pode fazer isso agora mesmo, <span style=\"text-decoration: underline;\"><span style=\"color: #0cb4ce;\"><a style=\"color: #0cb4ce; text-decoration: underline;\" href=\"\/pt\/doacao-3\/\" target=\"_blank\">clicando aqui.<\/a><\/span><\/span> \u00c9 uma pol\u00edtica do Centro de Ajuda utilizar todas as doa\u00e7\u00f5es para o fim pelo qual foram designadas.\u00a0No entanto, caso algum projeto adquira doa\u00e7\u00f5es especiais, sua doa\u00e7\u00e3o ser\u00e1 aplicada na \u00e1rea de maior necessidade.<\/p>\n<p>[\/vc_column_text][\/vc_column][\/vc_row]<\/p>\n","protected":false},"excerpt":{"rendered":"<p>[vc_row][vc_column][wander_title_block title=&#8221;Gift Aid&#8221; title_size=&#8221;h2&#8243; title_align=&#8221;text-center&#8221; is_seperator=&#8221;true&#8221;][vc_column_text] O que \u00e9 Gift Aid? Gift Aid \u00e9 um programa no qual institui\u00e7\u00f5es de caridade podem requerer um valor extra de 25% de toda [&hellip;]<\/p>\n","protected":false},"author":34,"featured_media":0,"parent":0,"menu_order":113,"comment_status":"closed","ping_status":"closed","template":"","meta":{"give_campaign_id":0,"_monsterinsights_skip_tracking":false,"_monsterinsights_sitenote_active":false,"_monsterinsights_sitenote_note":"","_monsterinsights_sitenote_category":0,"footnotes":""},"class_list":["post-69402","page","type-page","status-publish","hentry"],"campaignId":"","_links":{"self":[{"href":"https:\/\/www.uckg.org\/pt\/wp-json\/wp\/v2\/pages\/69402","targetHints":{"allow":["GET"]}}],"collection":[{"href":"https:\/\/www.uckg.org\/pt\/wp-json\/wp\/v2\/pages"}],"about":[{"href":"https:\/\/www.uckg.org\/pt\/wp-json\/wp\/v2\/types\/page"}],"author":[{"embeddable":true,"href":"https:\/\/www.uckg.org\/pt\/wp-json\/wp\/v2\/users\/34"}],"replies":[{"embeddable":true,"href":"https:\/\/www.uckg.org\/pt\/wp-json\/wp\/v2\/comments?post=69402"}],"version-history":[{"count":0,"href":"https:\/\/www.uckg.org\/pt\/wp-json\/wp\/v2\/pages\/69402\/revisions"}],"wp:attachment":[{"href":"https:\/\/www.uckg.org\/pt\/wp-json\/wp\/v2\/media?parent=69402"}],"curies":[{"name":"wp","href":"https:\/\/api.w.org\/{rel}","templated":true}]}}