{"id":69398,"date":"2017-02-10T14:36:19","date_gmt":"2017-02-10T13:36:19","guid":{"rendered":"https:\/\/www.uckg.org\/pt\/?page_id=69398"},"modified":"2020-03-26T21:05:50","modified_gmt":"2020-03-26T20:05:50","slug":"doacoes-quem-somos","status":"publish","type":"page","link":"https:\/\/www.uckg.org\/pt\/doacoes-quem-somos\/","title":{"rendered":"Fundraising &#8211; Quem somos"},"content":{"rendered":"<p>[vc_row][vc_column][wander_title_block title=&#8221;Fundraising&#8221; title_size=&#8221;h2&#8243; title_align=&#8221;text-center&#8221; is_seperator=&#8221;true&#8221;][vc_column_text]<span style=\"color: #808080;\"><span lang=\"pt-BR\"><b><a title=\"Fundraising - Quem somos\" href=\"https:\/\/www.uckg.org\/pt\/wp-content\/uploads\/2017\/02\/fundraising.png\" rel=\"\"><img fetchpriority=\"high\" decoding=\"async\" class=\"aligncenter size-full wp-image-69448\" src=\"https:\/\/www.uckg.org\/pt\/wp-content\/uploads\/2017\/02\/fundraising.png\" alt=\"fundraising\" width=\"1280\" height=\"436\" title=\"\" srcset=\"https:\/\/www.uckg.org\/pt\/wp-content\/uploads\/2017\/02\/fundraising.png 1280w, https:\/\/www.uckg.org\/pt\/wp-content\/uploads\/2017\/02\/fundraising-300x102.png 300w, https:\/\/www.uckg.org\/pt\/wp-content\/uploads\/2017\/02\/fundraising-768x262.png 768w, https:\/\/www.uckg.org\/pt\/wp-content\/uploads\/2017\/02\/fundraising-1024x349.png 1024w, https:\/\/www.uckg.org\/pt\/wp-content\/uploads\/2017\/02\/fundraising-500x170.png 500w\" sizes=\"(max-width: 1280px) 100vw, 1280px\" \/><\/a><\/b><\/span><\/span><\/p>\n<p><span style=\"color: #808080;\"><strong>Quem somos<\/strong><\/span><\/p>\n<p><span style=\"color: #808080;\"><span lang=\"pt-BR\">O Centro de Ajuda \u00e9 uma institui\u00e7\u00e3o de caridade dedicada a ajudar pessoas \u2013 f\u00edsica, espiritual e emocionalmente. Com o passar dos anos, nossa diversa e unida fam\u00edlia foi crescendo e hoje somos mais de 12 milh\u00f5es de membros, espalhados em mais de 172 pa\u00edses.<\/span><\/span><\/p>\n<p><span style=\"color: #808080;\"><span lang=\"pt-BR\">N\u00f3s estamos sempre de bra\u00e7os abertos e ouvidos preparados para receber e atender as necessidades de cada um, porque ajudar as pessoas \u00e9 o que nos motiva.<\/span><\/span><\/p>\n<p><span style=\"color: #808080;\"><span lang=\"pt-BR\">N\u00f3s existimos pelos outros e por todos aqueles que sabem que a vida pode ser bonita, mas n\u00e3o descobriram ainda o caminho certo da conquista.<\/span><\/span><\/p>\n<p><span style=\"color: #808080;\"><span lang=\"pt-BR\"><b>O que fazemos <\/b><\/span><\/span><\/p>\n<p><span style=\"color: #808080;\"><span lang=\"pt-BR\">Com o passar dos anos, percebemos que a melhor e mais eficiente forma de ajudar o outro \u00e9 ensin\u00e1-lo a desenvolver o poder da autoajuda. Esse \u00e9 o objetivo que traz vida para o que fazemos.<\/span><\/span><\/p>\n<p><span style=\"color: #808080;\"><span lang=\"pt-BR\">Em termos pr\u00e1ticos, o cora\u00e7\u00e3o do nosso trabalho est\u00e1 nas reuni\u00f5es di\u00e1rias e nos Grupos da Comunidade, que oferecem atividades pr\u00e1ticas de apoio e eventos para envolver os moradores locais em uma nova percep\u00e7\u00e3o sobre a vida.<\/span><\/span><\/p>\n<p><span style=\"color: #808080;\"><span lang=\"pt-BR\"><b>Como fazemos<\/b><\/span><\/span><\/p>\n<p><span style=\"color: #808080;\"><span lang=\"pt-BR\">Um passo por vez! N\u00f3s entendemos que mudar o estilo de vida n\u00e3o \u00e9 como mudar o estilo de uma camiseta. Afinal das contas, estamos lindando com h\u00e1bitos, comportamentos e problemas de ra\u00edzes profundas, que n\u00e3o ser\u00e3o solucionados do dia para a noite, mas podem ser cicatrizadas. \u00c9 isso que ensinamos aqui.<\/span><\/span><\/p>\n<p><span style=\"color: #808080;\"><span lang=\"pt-BR\">As reuni\u00f5es di\u00e1rias e os grupos da comunidade trabalham para ajudar as pessoas a dissolver aquele sonho monstruoso em pequenos objetivos que, juntos, caminham para o grande alvo.<\/span><\/span><\/p>\n<p><span style=\"color: #808080;\"><span lang=\"pt-BR\">Os conselhos pr\u00e1ticos e ensinamentos s\u00e3o acoplados com sess\u00f5es livres de um-para-outro com o objetivo de capacitar e equipar indiv\u00edduos com as ferramentas ideais para melhorar todos os aspectos de suas vidas.<\/span><\/span><\/p>\n<p><span style=\"color: #808080;\"><span lang=\"pt-BR\">O Centro de Ajuda adota a abordagem dos Grupos da Comunidade e envolve os membros na miss\u00e3o especial de ajudar a comunidade como um todo. Os grupos s\u00e3o formados para trabalhar nas \u00e1reas espec\u00edficas da comunidade, onde \u00e9 poss\u00edvel encontrar pessoas sofrendo e lutando para encontrar a sa\u00edda do labirinto.<\/span><\/span><\/p>\n<p><span style=\"color: #808080;\"><span lang=\"pt-BR\">Muitos dos membros que trabalham para os grupos j\u00e1 passaram por problemas similares, mas superaram os obst\u00e1culos e hoje contam com experi\u00eancias gratificantes. O ac\u00famulo dessas experi\u00eancias, juntamente com a forma\u00e7\u00e3o necess\u00e1ria proporcionada pelos especialistas do Centro de Ajuda, capacita os membros para oferecer o apoio moral e encorajamento necess\u00e1rios para a cura do sofrimento.<\/span><\/span><\/p>\n<p style=\"text-align: justify;\"><strong>Para pacientes hospitalares<\/strong><\/p>\n<p style=\"text-align: justify;\"><a href=\"https:\/\/www.uckg.org\/pt\/wp-content\/uploads\/2017\/02\/patient.png\"><img decoding=\"async\" class=\" wp-image-5926 alignright\" src=\"https:\/\/www.uckg.org\/pt\/wp-content\/uploads\/2017\/02\/patient.png\" alt=\"patient\" width=\"170\" height=\"144\" title=\"\"><\/a><\/p>\n<p style=\"text-align: justify;\">O Grupo de Assist\u00eancia ao Paciente \u00e9 um grupo de pessoas que se voluntariaram para diminuir o fardo da doen\u00e7a nos pacientes e suas fam\u00edlias, estendendo a m\u00e3o de amizade e apoio a eles.<\/p>\n<p style=\"text-align: justify;\">Com apenas um pedido, os volunt\u00e1rios fornecem um ombro e uma companhia amiga.<\/p>\n<p style=\"text-align: justify;\">O grupo visita pacientes em hospitais, hosp\u00edcios, casas de repouso ou casas pr\u00f3prias regularmente, e tamb\u00e9m est\u00e1 \u00e0 disposi\u00e7\u00e3o para a fam\u00edlia do paciente, se for solicitado.<\/p>\n<p style=\"text-align: justify;\"><a href=\"https:\/\/www.uckg.org\/pt\/wp-content\/uploads\/2017\/02\/dividers.png\"><img decoding=\"async\" class=\"alignleft size-full wp-image-5940\" src=\"https:\/\/www.uckg.org\/pt\/wp-content\/uploads\/2017\/02\/dividers.png\" alt=\"dividers\" width=\"389\" height=\"16\" title=\"\"><\/a><\/p>\n<p>&nbsp;<\/p>\n<p><strong>Para jovens<\/strong><\/p>\n<p style=\"text-align: justify;\"><a href=\"https:\/\/www.uckg.org\/pt\/wp-content\/uploads\/2017\/02\/youth.png\"><img loading=\"lazy\" decoding=\"async\" class=\"size-full wp-image-5927 alignright\" src=\"https:\/\/www.uckg.org\/pt\/wp-content\/uploads\/2017\/02\/youth.png\" alt=\"youth\" width=\"180\" height=\"153\" title=\"\"><\/a><\/p>\n<p style=\"text-align: justify;\">N\u00f3s sabemos que a melhor \u00e9poca para nos prepararmos para o futuro \u00e9 durante a juventude. Nessa fase, nossa cabe\u00e7a \u00e9 muito mais aberta para aprender novos e instigantes desafios.Como consequ\u00eancia, tamb\u00e9m sabemos que os jovens n\u00e3o gostam de se sentir aprisionados dentro de casa.<\/p>\n<p style=\"text-align: justify;\">\u00c9 dif\u00edcil encontrar um equil\u00edbrio para atender a tudo isso, e \u00e9 exatamente por isso que o Grupo Jovem (Victory Youth Group) (VYG) existe.<\/p>\n<p style=\"text-align: justify;\">Em suma, o VYG \u00e9 um espa\u00e7o para os jovens aprenderem a se desenvolver em coletivo, mirando a fase produtiva da vida adulta. N\u00e3o \u00e9 um grupo que diz o que deve ser feito; trata-se de fornecer aos jovens as ferramentas certas para elas tomarem decis\u00f5es que a vida certamente ir\u00e1 providenciar em um futuro pr\u00f3ximo.<\/p>\n<p><a href=\"https:\/\/www.uckg.org\/pt\/wp-content\/uploads\/2017\/02\/dividers.png\"><img decoding=\"async\" class=\"alignleft size-full wp-image-5940\" src=\"https:\/\/www.uckg.org\/pt\/wp-content\/uploads\/2017\/02\/dividers.png\" alt=\"dividers\" width=\"389\" height=\"16\" title=\"\"><\/a><\/p>\n<p>&nbsp;<\/p>\n<p style=\"text-align: justify;\"><strong>Para as Sobreviventes<\/strong><\/p>\n<p style=\"text-align: justify;\"><a href=\"https:\/\/www.uckg.org\/pt\/wp-content\/uploads\/2017\/02\/woman.png\"><img loading=\"lazy\" decoding=\"async\" class=\"size-full wp-image-5988 alignright\" src=\"https:\/\/www.uckg.org\/pt\/wp-content\/uploads\/2017\/02\/woman.png\" alt=\"woman\" width=\"180\" height=\"153\" title=\"\"><\/a>O abuso tem v\u00e1rias formas: escancarada, sutil, f\u00edsica ou emocional. Todos elas s\u00e3o doloridas. Muitas vezes, ap\u00f3s sofrer um abuso, a v\u00edtima n\u00e3o encontra outra sa\u00edda que n\u00e3o seja a de ficar calada e sofrer em sil\u00eancio. Afinal, a quem recorrer quando, na maioria das situa\u00e7\u00f5es, o perpetrador \u00e9 a pessoa com quem voc\u00ea mant\u00e9m uma rela\u00e7\u00e3o de anos? Onde voc\u00ea encontra for\u00e7as para expor algo que ainda \u00e9 visto como uma atitude t\u00e3o vergonhosa?<\/p>\n<p style=\"text-align: justify;\">O Grupo RAABE (Removendo toda M\u00e1goa e Abuso) atua como um sistema de apoio que oferece aconselhamento gratuito e confidencial \u00e0 mulheres que est\u00e3o ou j\u00e1 foram expostas a abuso dom\u00e9stico.<\/p>\n<p><a href=\"https:\/\/www.uckg.org\/pt\/wp-content\/uploads\/2017\/02\/dividers.png\"><img decoding=\"async\" class=\"alignleft size-full wp-image-5940\" src=\"https:\/\/www.uckg.org\/pt\/wp-content\/uploads\/2017\/02\/dividers.png\" alt=\"dividers\" width=\"389\" height=\"16\" title=\"\"><\/a><\/p>\n<p>&nbsp;<\/p>\n<p><strong>Para presos e suas fam\u00edlias<\/strong><\/p>\n<p style=\"text-align: justify;\"><a href=\"https:\/\/www.uckg.org\/pt\/wp-content\/uploads\/2017\/02\/rod.png\"><img loading=\"lazy\" decoding=\"async\" class=\"size-full wp-image-5928 alignright\" src=\"https:\/\/www.uckg.org\/pt\/wp-content\/uploads\/2017\/02\/rod.png\" alt=\"rod\" width=\"180\" height=\"153\" title=\"\"><\/a><\/p>\n<p style=\"text-align: justify;\">Presos s\u00e3o muitas vezes vistos como um fracasso social \u2013 pessoas que s\u00e3o colocadas \u00e0 margem da sociedade ou que s\u00e3o temidas, condenadas e desprezadas pelo mal que fizeram.<\/p>\n<p style=\"text-align: justify;\">Nosso Centro de Ajuda possui, no entanto, uma outra opini\u00e3o. Acreditamos que todo ser humano precisa de ajuda, pois esse \u00e9 o primeiro passo na dire\u00e7\u00e3o de um progresso positivo. Por isso, atuamos com o Resgate de Dignidade. O grupo \u00e9 formado por volunt\u00e1rios que apoiam os prisioneiros e suas fam\u00edlias, tanto espiritual como fisicamente.<\/p>\n<p style=\"text-align: justify;\">O contato se d\u00e1 atrav\u00e9s de cartas e visitas regulares, com o objetivo \u00fanico de transformar positivamente a vida daqueles que est\u00e3o na cadeia.<\/p>\n<p><a href=\"https:\/\/www.uckg.org\/pt\/wp-content\/uploads\/2017\/02\/dividers.png\"><img decoding=\"async\" class=\"alignleft size-full wp-image-5940\" src=\"https:\/\/www.uckg.org\/pt\/wp-content\/uploads\/2017\/02\/dividers.png\" alt=\"dividers\" width=\"389\" height=\"16\" title=\"\"><\/a><\/p>\n<p>&nbsp;<\/p>\n<p><strong>Para quem precisa conversar<\/strong><\/p>\n<p><img loading=\"lazy\" decoding=\"async\" class=\"size-full wp-image-5990 alignright\" src=\"https:\/\/www.uckg.org\/pt\/wp-content\/uploads\/2017\/02\/phone.png\" alt=\"phone\" width=\"180\" height=\"153\" title=\"\"><\/p>\n<p style=\"text-align: justify;\">Um problema compartilhado \u00e9 um problema dividido pela metade. Reconhecendo isso, o Centro de Ajuda administra uma Linha de Ajuda 24h por dia, sete dias por semana, durante todo o ano para ser cuidados e ouvidos com todos aqueles que precisam encontrar respostas para seus sofrimentos.<\/p>\n<p>[\/vc_column_text][vc_empty_space height=&#8221;70px&#8221;][vc_empty_space height=&#8221;90px&#8221;][vc_column_text]<a href=\"\/pt\/doacao\/\" target=\"_blank\" rel=\"noopener noreferrer\"><img loading=\"lazy\" decoding=\"async\" class=\"alignnone wp-image-70057 \" src=\"https:\/\/www.uckg.org\/pt\/wp-content\/uploads\/2017\/02\/PaypalDonateButton-1-300x69.jpg\" alt=\"PaypalDonateButton\" width=\"217\" height=\"50\" title=\"\"><\/a>[\/vc_column_text][\/vc_column][\/vc_row]<\/p>\n","protected":false},"excerpt":{"rendered":"<p>[vc_row][vc_column][wander_title_block title=&#8221;Fundraising&#8221; title_size=&#8221;h2&#8243; title_align=&#8221;text-center&#8221; is_seperator=&#8221;true&#8221;][vc_column_text] Quem somos O Centro de Ajuda \u00e9 uma institui\u00e7\u00e3o de caridade dedicada a ajudar pessoas \u2013 f\u00edsica, espiritual e emocionalmente. Com o passar dos anos, [&hellip;]<\/p>\n","protected":false},"author":34,"featured_media":0,"parent":0,"menu_order":109,"comment_status":"closed","ping_status":"closed","template":"","meta":{"give_campaign_id":0,"_monsterinsights_skip_tracking":false,"_monsterinsights_sitenote_active":false,"_monsterinsights_sitenote_note":"","_monsterinsights_sitenote_category":0,"footnotes":""},"class_list":["post-69398","page","type-page","status-publish","hentry"],"campaignId":"","_links":{"self":[{"href":"https:\/\/www.uckg.org\/pt\/wp-json\/wp\/v2\/pages\/69398","targetHints":{"allow":["GET"]}}],"collection":[{"href":"https:\/\/www.uckg.org\/pt\/wp-json\/wp\/v2\/pages"}],"about":[{"href":"https:\/\/www.uckg.org\/pt\/wp-json\/wp\/v2\/types\/page"}],"author":[{"embeddable":true,"href":"https:\/\/www.uckg.org\/pt\/wp-json\/wp\/v2\/users\/34"}],"replies":[{"embeddable":true,"href":"https:\/\/www.uckg.org\/pt\/wp-json\/wp\/v2\/comments?post=69398"}],"version-history":[{"count":1,"href":"https:\/\/www.uckg.org\/pt\/wp-json\/wp\/v2\/pages\/69398\/revisions"}],"predecessor-version":[{"id":91433,"href":"https:\/\/www.uckg.org\/pt\/wp-json\/wp\/v2\/pages\/69398\/revisions\/91433"}],"wp:attachment":[{"href":"https:\/\/www.uckg.org\/pt\/wp-json\/wp\/v2\/media?parent=69398"}],"curies":[{"name":"wp","href":"https:\/\/api.w.org\/{rel}","templated":true}]}}