{"id":69395,"date":"2017-02-10T14:29:20","date_gmt":"2017-02-10T13:29:20","guid":{"rendered":"https:\/\/www.uckg.org\/pt\/?page_id=69395"},"modified":"2020-03-26T21:02:26","modified_gmt":"2020-03-26T20:02:26","slug":"dizimo","status":"publish","type":"page","link":"https:\/\/www.uckg.org\/pt\/dizimo\/","title":{"rendered":"Dizimo"},"content":{"rendered":"<p>[vc_row][vc_column][wander_title_block title=&#8221;O primeiro fruto&#8221; title_size=&#8221;h2&#8243; title_align=&#8221;text-center&#8221; is_seperator=&#8221;true&#8221;][vc_column_text]<\/p>\n<p style=\"text-align: justify;\"><span lang=\"pt-BR\" style=\"color: #808080;\"><b><a title=\"Dizimo\" href=\"https:\/\/www.uckg.org\/pt\/wp-content\/uploads\/2017\/02\/dizimo_port.jpg\" rel=\"\"><img fetchpriority=\"high\" decoding=\"async\" class=\"aligncenter size-full wp-image-69498\" src=\"https:\/\/www.uckg.org\/pt\/wp-content\/uploads\/2017\/02\/dizimo_port.jpg\" alt=\"dizimo_port\" width=\"1280\" height=\"436\" title=\"\" srcset=\"https:\/\/www.uckg.org\/pt\/wp-content\/uploads\/2017\/02\/dizimo_port.jpg 1280w, https:\/\/www.uckg.org\/pt\/wp-content\/uploads\/2017\/02\/dizimo_port-300x102.jpg 300w, https:\/\/www.uckg.org\/pt\/wp-content\/uploads\/2017\/02\/dizimo_port-768x262.jpg 768w, https:\/\/www.uckg.org\/pt\/wp-content\/uploads\/2017\/02\/dizimo_port-1024x349.jpg 1024w, https:\/\/www.uckg.org\/pt\/wp-content\/uploads\/2017\/02\/dizimo_port-500x170.jpg 500w\" sizes=\"(max-width: 1280px) 100vw, 1280px\" \/><\/a><\/b><\/span><\/p>\n<p style=\"text-align: justify;\"><span lang=\"pt-BR\" style=\"color: #808080;\"><b>Qual o verdadeiro significado do d\u00edzimo e por que doamos?<\/b><\/span><\/p>\n<p style=\"text-align: justify;\"><span lang=\"pt-BR\" style=\"color: #808080;\">O d\u00edzimo \u00e9 o reconhecimento da soberania de Deus sobre todas as coisas. Quando algu\u00e9m pratica o d\u00edzimo, automaticamente reconhece Deus como Senhor &#8211; n\u00e3o s\u00f3 Senhor de sua vida, mas tamb\u00e9m Senhor de tudo o que a sua vida produz. O significado mais profundo do d\u00edzimo \u00e9 que tudo &#8211; 100% &#8211; pertence a Deus.<\/span><\/p>\n<p style=\"text-align: justify;\"><span lang=\"pt-BR\" style=\"color: #808080;\">Quando devolvemos a Ele o d\u00edzimo (10% de tudo), distribu\u00edmos os restantes (90%) para uso individual. Em outras palavras, \u00e9 como se tudo pertencesse a Deus: n\u00f3s damos 10% para termos o privil\u00e9gio de usar os 90% restantes.<\/span><\/p>\n<p style=\"text-align: justify;\"><span style=\"color: #808080;\"><span lang=\"pt-BR\"><b>O Senhor disse: \u201c<\/b><\/span><em><span lang=\"pt-BR\"><b>Se eu tivesse fome, precisaria dizer a voc\u00ea? Pois o mundo \u00e9 meu, e tudo o que nele existe.<\/b><\/span><\/em><\/span><\/p>\n<p style=\"text-align: justify;\"><em><span lang=\"pt-BR\" style=\"color: #808080;\"><b>Acaso como carne de touro ou bebo sangue de bodes? <\/b><\/span><\/em><\/p>\n<p style=\"text-align: justify;\"><span style=\"color: #808080;\"><em><strong><span lang=\"pt-BR\">Ofere\u00e7a a Deus em sacrif\u00edcio a sua gratid\u00e3o, cumpra os seus votos para com o Alt\u00edssimo, <\/span><\/strong><\/em><span lang=\"pt-BR\"><em><strong>e clame a mim no dia da ang\u00fastia; eu o livrarei, e voc\u00ea me honrar\u00e1<\/strong><\/em><b>.<\/b><\/span><span lang=\"pt-BR\">\u201d (Salmos 50:12-15)<\/span><\/span><\/p>\n<p style=\"text-align: justify;\"><span lang=\"pt-BR\" style=\"color: #808080;\">Em outras palavras, Deus esclarece que se Ele precisasse de dinheiro, n\u00e3o seria necess\u00e1rio pedir a n\u00f3s pois Ele \u00e9 o dono de tudo. Mas, se n\u00f3s apresentarmos os nossos votos e gratid\u00e3o a Ele, ent\u00e3o Ele se agradar\u00e1 e tamb\u00e9m responder\u00e1 quando clamarmos por Ele no dia de ang\u00fastia.<\/span><\/p>\n<p style=\"text-align: justify;\"><span lang=\"pt-BR\" style=\"color: #808080;\">Entre os judeus, o d\u00edzimo significava o reconhecimento da participa\u00e7\u00e3o de Deus nas suas produtividades. A finalidade do d\u00edzimo n\u00e3o era para consagrar a colheita mas para \u2018desconsagrar\u201d. O d\u00edzimo representa o primog\u00e9nito de Deus, Jesus Cristo, o Filho do Alt\u00edssimo que foi dado por Deus ao homem, para\u00a0redimi-lo a si mesmo.<\/span><\/p>\n<p style=\"text-align: justify;\"><span lang=\"pt-BR\" style=\"color: #808080;\">Essa \u00e9 a raz\u00e3o por que devemos dar o d\u00edzimo. Para mais informa\u00e7\u00f5es confira o folheto do nosso <span style=\"color: #00ccff;\"><span style=\"text-decoration: underline;\"><span style=\"color: #0cb4ce;\"><a style=\"color: #0cb4ce; text-decoration: underline;\" href=\"http:\/\/issuu.com\/centrodeajudauk\/docs\/livro_dizimo_pfrutos_grafica\" target=\"_blank\" rel=\"noopener noreferrer\">dizimista online<\/a><\/span><\/span>.<\/span><\/span><\/p>\n<p><span lang=\"pt-BR\">Voc\u00ea pode dar o d\u00edzimo online, <\/span><span lang=\"pt-BR\"><a href=\"https:\/\/www.uckg.org\/pt\/doacao\" target=\"_blank\" rel=\"noopener noreferrer\"><span style=\"text-decoration: underline;\"><span style=\"color: #0cb4ce; text-decoration: underline;\">acessando este link<\/span><\/span>.<\/a><\/span>[\/vc_column_text][\/vc_column][\/vc_row]<\/p>\n","protected":false},"excerpt":{"rendered":"<p>[vc_row][vc_column][wander_title_block title=&#8221;O primeiro fruto&#8221; title_size=&#8221;h2&#8243; title_align=&#8221;text-center&#8221; is_seperator=&#8221;true&#8221;][vc_column_text] Qual o verdadeiro significado do d\u00edzimo e por que doamos? O d\u00edzimo \u00e9 o reconhecimento da soberania de Deus sobre todas as coisas. [&hellip;]<\/p>\n","protected":false},"author":34,"featured_media":0,"parent":0,"menu_order":74,"comment_status":"closed","ping_status":"closed","template":"","meta":{"give_campaign_id":0,"_monsterinsights_skip_tracking":false,"_monsterinsights_sitenote_active":false,"_monsterinsights_sitenote_note":"","_monsterinsights_sitenote_category":0,"footnotes":""},"class_list":["post-69395","page","type-page","status-publish","hentry"],"campaignId":"","_links":{"self":[{"href":"https:\/\/www.uckg.org\/pt\/wp-json\/wp\/v2\/pages\/69395","targetHints":{"allow":["GET"]}}],"collection":[{"href":"https:\/\/www.uckg.org\/pt\/wp-json\/wp\/v2\/pages"}],"about":[{"href":"https:\/\/www.uckg.org\/pt\/wp-json\/wp\/v2\/types\/page"}],"author":[{"embeddable":true,"href":"https:\/\/www.uckg.org\/pt\/wp-json\/wp\/v2\/users\/34"}],"replies":[{"embeddable":true,"href":"https:\/\/www.uckg.org\/pt\/wp-json\/wp\/v2\/comments?post=69395"}],"version-history":[{"count":1,"href":"https:\/\/www.uckg.org\/pt\/wp-json\/wp\/v2\/pages\/69395\/revisions"}],"predecessor-version":[{"id":91429,"href":"https:\/\/www.uckg.org\/pt\/wp-json\/wp\/v2\/pages\/69395\/revisions\/91429"}],"wp:attachment":[{"href":"https:\/\/www.uckg.org\/pt\/wp-json\/wp\/v2\/media?parent=69395"}],"curies":[{"name":"wp","href":"https:\/\/api.w.org\/{rel}","templated":true}]}}