{"id":69393,"date":"2017-02-10T14:21:18","date_gmt":"2017-02-10T13:21:18","guid":{"rendered":"https:\/\/www.uckg.org\/pt\/?page_id=69393"},"modified":"2020-03-26T21:03:04","modified_gmt":"2020-03-26T20:03:04","slug":"doacoes-grupos-da-comunidade","status":"publish","type":"page","link":"https:\/\/www.uckg.org\/pt\/doacoes-grupos-da-comunidade\/","title":{"rendered":"DOA\u00c7\u00d5ES &#8211; Grupos da Comunidade"},"content":{"rendered":"<p>[vc_row][vc_column][wander_title_block title=&#8221;Grupos da Comunidade&#8221; title_size=&#8221;h2&#8243; title_align=&#8221;text-center&#8221; is_seperator=&#8221;true&#8221;][vc_column_text]<\/p>\n<p style=\"text-align: justify;\"><a title=\"DOA\u00c7\u00d5ES - Grupos da Comunidade\" href=\"https:\/\/www.uckg.org\/pt\/wp-content\/uploads\/2017\/02\/communitygroups.png\" rel=\"\"><img fetchpriority=\"high\" decoding=\"async\" class=\"aligncenter size-full wp-image-69437\" src=\"https:\/\/www.uckg.org\/pt\/wp-content\/uploads\/2017\/02\/communitygroups.png\" alt=\"communitygroups\" width=\"1280\" height=\"436\" title=\"\" srcset=\"https:\/\/www.uckg.org\/pt\/wp-content\/uploads\/2017\/02\/communitygroups.png 1280w, https:\/\/www.uckg.org\/pt\/wp-content\/uploads\/2017\/02\/communitygroups-300x102.png 300w, https:\/\/www.uckg.org\/pt\/wp-content\/uploads\/2017\/02\/communitygroups-768x262.png 768w, https:\/\/www.uckg.org\/pt\/wp-content\/uploads\/2017\/02\/communitygroups-1024x349.png 1024w, https:\/\/www.uckg.org\/pt\/wp-content\/uploads\/2017\/02\/communitygroups-500x170.png 500w\" sizes=\"(max-width: 1280px) 100vw, 1280px\" \/><\/a><\/p>\n<p style=\"text-align: justify;\"><span style=\"color: #808080;\"><span lang=\"pt-BR\">O suporte que oferecemos n\u00e3o se restringe apenas \u00e0queles que entram na Centro de Ajuda. Como estamos cientes das necessidades individuais de cada bairro, criamos grupos comunit\u00e1rios para ajudar as pessoas que n\u00e3o t\u00eam acesso \u00e0s nossas atividades. Alguns deles incluem o Grupo de Assist\u00eancia ao Paciente, e o Grupo de Resgate da Dignidade (ROD), que visa oferecer apoio aos presos. Os grupos se associam a v\u00e1rias entidades para ajudar a organizar eventos locais, e tamb\u00e9m fornecem assist\u00eancia e encorajamento para aqueles na comunidade que est\u00e3o sofrendo.<\/span><\/span><\/p>\n<p style=\"text-align: justify;\"><span style=\"color: #808080;\"><span lang=\"pt-BR\">Se voc\u00ea quiser nos ajudar a manter o trabalho nas nossas comunidades, <span style=\"text-decoration: underline; color: #0cb4ce;\"><a style=\"color: #0cb4ce;\" href=\"\/pt\/doacao\" target=\"_blank\" rel=\"noopener noreferrer\">clique aqui.<\/a><\/span><\/span><\/span><\/p>\n<p>[\/vc_column_text][\/vc_column][\/vc_row]<\/p>\n","protected":false},"excerpt":{"rendered":"<p>[vc_row][vc_column][wander_title_block title=&#8221;Grupos da Comunidade&#8221; title_size=&#8221;h2&#8243; title_align=&#8221;text-center&#8221; is_seperator=&#8221;true&#8221;][vc_column_text] O suporte que oferecemos n\u00e3o se restringe apenas \u00e0queles que entram na Centro de Ajuda. Como estamos cientes das necessidades individuais de cada [&hellip;]<\/p>\n","protected":false},"author":34,"featured_media":0,"parent":0,"menu_order":83,"comment_status":"closed","ping_status":"closed","template":"","meta":{"give_campaign_id":0,"_monsterinsights_skip_tracking":false,"_monsterinsights_sitenote_active":false,"_monsterinsights_sitenote_note":"","_monsterinsights_sitenote_category":0,"footnotes":""},"class_list":["post-69393","page","type-page","status-publish","hentry"],"campaignId":"","_links":{"self":[{"href":"https:\/\/www.uckg.org\/pt\/wp-json\/wp\/v2\/pages\/69393","targetHints":{"allow":["GET"]}}],"collection":[{"href":"https:\/\/www.uckg.org\/pt\/wp-json\/wp\/v2\/pages"}],"about":[{"href":"https:\/\/www.uckg.org\/pt\/wp-json\/wp\/v2\/types\/page"}],"author":[{"embeddable":true,"href":"https:\/\/www.uckg.org\/pt\/wp-json\/wp\/v2\/users\/34"}],"replies":[{"embeddable":true,"href":"https:\/\/www.uckg.org\/pt\/wp-json\/wp\/v2\/comments?post=69393"}],"version-history":[{"count":1,"href":"https:\/\/www.uckg.org\/pt\/wp-json\/wp\/v2\/pages\/69393\/revisions"}],"predecessor-version":[{"id":91430,"href":"https:\/\/www.uckg.org\/pt\/wp-json\/wp\/v2\/pages\/69393\/revisions\/91430"}],"wp:attachment":[{"href":"https:\/\/www.uckg.org\/pt\/wp-json\/wp\/v2\/media?parent=69393"}],"curies":[{"name":"wp","href":"https:\/\/api.w.org\/{rel}","templated":true}]}}