{"id":69390,"date":"2017-02-10T14:14:39","date_gmt":"2017-02-10T13:14:39","guid":{"rendered":"https:\/\/www.uckg.org\/pt\/?page_id=69390"},"modified":"2020-01-17T15:21:19","modified_gmt":"2020-01-17T14:21:19","slug":"reuniao-da-autoajuda","status":"publish","type":"page","link":"https:\/\/www.uckg.org\/pt\/reuniao-da-autoajuda\/","title":{"rendered":"Reuni\u00e3o da Autoajuda"},"content":{"rendered":"<p><span style=\"color: #808080;\"><span lang=\"pt-BR\"><a title=\"Reuni\u00e3o da Autoajuda\" href=\"https:\/\/www.uckg.org\/pt\/wp-content\/uploads\/2017\/02\/self-helppt.png\" rel=\"\"><img fetchpriority=\"high\" decoding=\"async\" class=\"aligncenter size-full wp-image-69625\" src=\"https:\/\/www.uckg.org\/pt\/wp-content\/uploads\/2017\/02\/self-helppt.png\" alt=\"self-helppt\" width=\"1280\" height=\"436\" title=\"\" srcset=\"https:\/\/www.uckg.org\/pt\/wp-content\/uploads\/2017\/02\/self-helppt.png 1280w, https:\/\/www.uckg.org\/pt\/wp-content\/uploads\/2017\/02\/self-helppt-300x102.png 300w, https:\/\/www.uckg.org\/pt\/wp-content\/uploads\/2017\/02\/self-helppt-768x262.png 768w, https:\/\/www.uckg.org\/pt\/wp-content\/uploads\/2017\/02\/self-helppt-1024x349.png 1024w, https:\/\/www.uckg.org\/pt\/wp-content\/uploads\/2017\/02\/self-helppt-500x170.png 500w\" sizes=\"(max-width: 1280px) 100vw, 1280px\" \/><\/a><\/span><\/span><\/p>\n<p>&nbsp;<\/p>\n<p style=\"text-align: justify;\"><span style=\"color: #808080;\"><span lang=\"pt-BR\">O papel da mulher tem mudado ao longo dos anos. Hoje, as mulheres possuem fam\u00edlia, carreira, metas financeiras e um ritmo de vida que nunca mais ser\u00e1 o mesmo. \u00c0 medida que o tempo avan\u00e7a, as mulheres enfrentam desafios e situa\u00e7\u00f5es inusitadas. Exclusivamente para as mulheres, as reuni\u00f5es de autoajuda da Godllywood exploram todos os aspectos da mulher moderna. Realizadas uma vez a cada tr\u00eas meses em Ingl\u00eas e Portugu\u00eas, essas reuni\u00f5es utilizam exemplos eficazes e mensagens inspiradoras para refor\u00e7ar como uma mulher moderna pode ir avante e al\u00e9m para alcan\u00e7ar a excel\u00eancia.<\/span><\/span><\/p>\n<p style=\"text-align: justify;\"><span style=\"color: #808080;\"><a style=\"color: #808080;\" name=\"_GoBack\"><\/a> <span lang=\"pt-BR\">Comece uma viagem incr\u00edvel para se tornar o melhor que voc\u00ea pode ser e para desenvolver a beleza interior que est\u00e1 esperando ser revelada. Aproveite a oportunidade para se tornar a mulher que voc\u00ea nunca pensou que poderia ser e junte-se a n\u00f3s!<\/span><\/span><\/p>\n<p style=\"text-align: justify;\"><span style=\"color: #808080;\"> A pr\u00f3xima reuni\u00e3o ser\u00e1 realizada no dia 1 de fevereiro, no <a href=\"https:\/\/www.uckg.org\/pt\/enderecos\/\" target=\"_blank\" rel=\"noopener noreferrer\"><span style=\"text-decoration: underline; color: #0cb4ce;\">Teatro Rainbow<\/span><\/a>.<\/span><\/p>\n<p style=\"text-align: justify;\"><span style=\"color: #808080;\">Para mais informa\u00e7\u00f5es, ligue para Nossa Linha de Ajuda 24h: 020 7272 1010.<\/span><\/p>\n<figure id=\"attachment_58180\" aria-describedby=\"caption-attachment-58180\" style=\"width: 150px\" class=\"wp-caption alignleft\"><a href=\"https:\/\/www.uckg.org\/pt\/reuniao-do-godllywood-em-julho-de-2017\/\"><img decoding=\"async\" class=\"wp-image-58180 size-wpbdp-thumb\" src=\"https:\/\/www.uckg.org\/es\/wp-content\/uploads\/2017\/07\/Godllywoodcasestudies-out-150x150.png\" alt=\"Godllywoodcasestudies-out\" width=\"150\" height=\"150\" title=\"\"><\/a><figcaption id=\"caption-attachment-58180\" class=\"wp-caption-text\"><span style=\"color: #0cb4ce;\"><a style=\"color: #0cb4ce;\" href=\"https:\/\/www.uckg.org\/pt\/reuniao-do-godllywood-em-julho-de-2017\/\" target=\"_blank\" rel=\"noopener noreferrer\"><span style=\"text-decoration: underline;\">Reuni\u00e3o do Godllywood em julho de 2017<\/span><\/a><\/span><\/figcaption><\/figure>\n","protected":false},"excerpt":{"rendered":"<p>&nbsp; O papel da mulher tem mudado ao longo dos anos. Hoje, as mulheres possuem fam\u00edlia, carreira, metas financeiras e um ritmo de vida que nunca mais ser\u00e1 o mesmo. [&hellip;]<\/p>\n","protected":false},"author":34,"featured_media":0,"parent":0,"menu_order":176,"comment_status":"closed","ping_status":"closed","template":"","meta":{"give_campaign_id":0,"_monsterinsights_skip_tracking":false,"_monsterinsights_sitenote_active":false,"_monsterinsights_sitenote_note":"","_monsterinsights_sitenote_category":0,"footnotes":""},"class_list":["post-69390","page","type-page","status-publish","hentry"],"campaignId":"","_links":{"self":[{"href":"https:\/\/www.uckg.org\/pt\/wp-json\/wp\/v2\/pages\/69390","targetHints":{"allow":["GET"]}}],"collection":[{"href":"https:\/\/www.uckg.org\/pt\/wp-json\/wp\/v2\/pages"}],"about":[{"href":"https:\/\/www.uckg.org\/pt\/wp-json\/wp\/v2\/types\/page"}],"author":[{"embeddable":true,"href":"https:\/\/www.uckg.org\/pt\/wp-json\/wp\/v2\/users\/34"}],"replies":[{"embeddable":true,"href":"https:\/\/www.uckg.org\/pt\/wp-json\/wp\/v2\/comments?post=69390"}],"version-history":[{"count":2,"href":"https:\/\/www.uckg.org\/pt\/wp-json\/wp\/v2\/pages\/69390\/revisions"}],"predecessor-version":[{"id":91047,"href":"https:\/\/www.uckg.org\/pt\/wp-json\/wp\/v2\/pages\/69390\/revisions\/91047"}],"wp:attachment":[{"href":"https:\/\/www.uckg.org\/pt\/wp-json\/wp\/v2\/media?parent=69390"}],"curies":[{"name":"wp","href":"https:\/\/api.w.org\/{rel}","templated":true}]}}