{"id":69388,"date":"2017-02-10T13:41:44","date_gmt":"2017-02-10T12:41:44","guid":{"rendered":"https:\/\/www.uckg.org\/pt\/?page_id=69388"},"modified":"2023-09-01T16:47:15","modified_gmt":"2023-09-01T15:47:15","slug":"intellimen","status":"publish","type":"page","link":"https:\/\/www.uckg.org\/pt\/intellimen\/","title":{"rendered":"IntelliMen"},"content":{"rendered":"<p style=\"text-align: justify;\">\n<p style=\"text-align: justify;\"><a href=\"https:\/\/www.uckg.org\/pt\/wp-content\/uploads\/2023\/08\/GatheringOfMen.png\"><img fetchpriority=\"high\" decoding=\"async\" class=\"size-full wp-image-108255 aligncenter\" src=\"https:\/\/www.uckg.org\/pt\/wp-content\/uploads\/2023\/08\/GatheringOfMen.png\" alt=\"\" width=\"939\" height=\"385\" title=\"\"><\/a><\/p>\n<p style=\"text-align: justify;\">Voc\u00ea deseja melhorar sua credibilidade no trabalho e, como consequ\u00eancia, receber fun\u00e7\u00f5es e cargos maiores? Talvez voc\u00ea tenha tentado aprimorar suas habilidades ou trabalhar horas extras com o objetivo de crescer em seu local de trabalho, mas viu pouco ou nenhum progresso.<\/p>\n<p style=\"text-align: justify;\">Voc\u00ea sabia que o segredo do sucesso no trabalho come\u00e7a em investir na mente? Ao investir em si mesmo de dentro para fora, voc\u00ea pode aumentar seu valor como funcion\u00e1rio e melhorar suas chances de progresso.<\/p>\n<p style=\"text-align: justify;\">Segundo estudos, isso ocorre porque \u201csua mentalidade influencia seus pensamentos, sentimentos e a\u00e7\u00f5es, que por sua vez moldam sua vida\u201d. Portanto, investir em si mesmo significa maiores chances de sucesso.<\/p>\n<p style=\"text-align: justify;\">Centenas de homens em todo o Reino Unido viram mudan\u00e7as positivas nas suas vidas ao participarem no Projeto Intellimen, que envolve 53 desafios e reuni\u00f5es mensais adaptadas a homens de todas as idades. O objetivo deste projeto \u00e9 ajudar voc\u00ea a se tornar um homem melhor em todos os aspectos, como pai, filho, funcion\u00e1rio, empres\u00e1rio, marido ou amigo.<\/p>\n<p style=\"text-align: justify;\">No pr\u00f3ximo Encontro Intellimen, voc\u00ea receber\u00e1 uma mensagem que o guiar\u00e1 para o crescimento financeiro e o sucesso em sua carreira. Este encontro acontecer\u00e1 no domingo,3 de setembro \u00e0s 4:00pm e a entrada \u00e9 gratuita.<\/p>\n<p style=\"text-align: justify;\">N\u00e3o perca esta oportunidade perfeita para investir em si mesmo, temos certeza que a mensagem que voc\u00ea ouvir\u00e1 neste dia certamente o desafiar\u00e1 a se tornar uma vers\u00e3o melhor de si mesmo.<\/p>\n<p style=\"text-align: justify;\">Leve para a reuni\u00e3o uma ferramenta que voc\u00ea usa no trabalho, voc\u00ea descobrir\u00e1 o que far\u00e1 com ela no dia.<\/p>\n<p style=\"text-align: justify;\">Todas as filiais da Igreja Universal em Londres participar\u00e3o da reuni\u00e3o em Finsbury Park, no Rainbow Theatre, 232 Seven Sisters Road, N4 3NX, \u00e0s 4pm. As igrejas fora de Londres assistir\u00e3o ao vivo de suas respectivas <a href=\"https:\/\/www.uckg.org\/pt\/reino-unido-locais\/\" target=\"_blank\" rel=\"noopener\"><span style=\"color: #00ccff;\">igrejas locais<\/span><\/a>.<\/p>\n<p style=\"text-align: justify;\"><strong>Evento:<\/strong> Intellimen<br \/>\n<strong>Data e Hor\u00e1rio:<\/strong> Domingo, 3 de setembro, \u00e0s 4pm.<br \/>\n<strong>Local:<\/strong> Rainbow Theatre, 232 Seven Sisters Road, N4 3NX, (fora de Londres via transmiss\u00e3o ao vivo na Igreja Universal mais pr\u00f3xima.)<\/p>\n","protected":false},"excerpt":{"rendered":"<p>Voc\u00ea deseja melhorar sua credibilidade no trabalho e, como consequ\u00eancia, receber fun\u00e7\u00f5es e cargos maiores? Talvez voc\u00ea tenha tentado aprimorar suas habilidades ou trabalhar horas extras com o objetivo de [&hellip;]<\/p>\n","protected":false},"author":34,"featured_media":0,"parent":0,"menu_order":126,"comment_status":"closed","ping_status":"closed","template":"","meta":{"give_campaign_id":0,"_monsterinsights_skip_tracking":false,"_monsterinsights_sitenote_active":false,"_monsterinsights_sitenote_note":"","_monsterinsights_sitenote_category":0,"footnotes":""},"class_list":["post-69388","page","type-page","status-publish","hentry"],"campaignId":"","_links":{"self":[{"href":"https:\/\/www.uckg.org\/pt\/wp-json\/wp\/v2\/pages\/69388","targetHints":{"allow":["GET"]}}],"collection":[{"href":"https:\/\/www.uckg.org\/pt\/wp-json\/wp\/v2\/pages"}],"about":[{"href":"https:\/\/www.uckg.org\/pt\/wp-json\/wp\/v2\/types\/page"}],"author":[{"embeddable":true,"href":"https:\/\/www.uckg.org\/pt\/wp-json\/wp\/v2\/users\/34"}],"replies":[{"embeddable":true,"href":"https:\/\/www.uckg.org\/pt\/wp-json\/wp\/v2\/comments?post=69388"}],"version-history":[{"count":4,"href":"https:\/\/www.uckg.org\/pt\/wp-json\/wp\/v2\/pages\/69388\/revisions"}],"predecessor-version":[{"id":108337,"href":"https:\/\/www.uckg.org\/pt\/wp-json\/wp\/v2\/pages\/69388\/revisions\/108337"}],"wp:attachment":[{"href":"https:\/\/www.uckg.org\/pt\/wp-json\/wp\/v2\/media?parent=69388"}],"curies":[{"name":"wp","href":"https:\/\/api.w.org\/{rel}","templated":true}]}}