{"id":69386,"date":"2017-02-10T13:37:52","date_gmt":"2017-02-10T12:37:52","guid":{"rendered":"https:\/\/www.uckg.org\/pt\/?page_id=69386"},"modified":"2018-10-01T16:48:00","modified_gmt":"2018-10-01T14:48:00","slug":"vigilia-das-nacoes","status":"publish","type":"page","link":"https:\/\/www.uckg.org\/pt\/vigilia-das-nacoes\/","title":{"rendered":"Vig\u00edlia das Na\u00e7\u00f5es"},"content":{"rendered":"<p>[vc_row][vc_column][wander_title_block title=&#8221;Vig\u00edlia das Na\u00e7\u00f5es&#8221; title_size=&#8221;h2&#8243; title_align=&#8221;text-center&#8221; is_seperator=&#8221;true&#8221;][vc_column_text]<\/p>\n<p style=\"text-align: justify;\"><span style=\"color: #808080;\"><span lang=\"pt-BR\"><a href=\"https:\/\/www.uckg.org\/pt\/wp-content\/uploads\/2017\/02\/flag.png\" title=\"Vig\u00edlia das Na\u00e7\u00f5es\" rel=\"\"><img fetchpriority=\"high\" decoding=\"async\" class=\"aligncenter size-full wp-image-69621\" src=\"https:\/\/www.uckg.org\/pt\/wp-content\/uploads\/2017\/02\/flag.png\" width=\"1280\" height=\"436\" alt=\"flag\" title=\"\" srcset=\"https:\/\/www.uckg.org\/pt\/wp-content\/uploads\/2017\/02\/flag.png 1280w, https:\/\/www.uckg.org\/pt\/wp-content\/uploads\/2017\/02\/flag-300x102.png 300w, https:\/\/www.uckg.org\/pt\/wp-content\/uploads\/2017\/02\/flag-768x262.png 768w, https:\/\/www.uckg.org\/pt\/wp-content\/uploads\/2017\/02\/flag-1024x349.png 1024w, https:\/\/www.uckg.org\/pt\/wp-content\/uploads\/2017\/02\/flag-500x170.png 500w\" sizes=\"(max-width: 1280px) 100vw, 1280px\" \/><\/a><br \/>\n<\/span><\/span><\/p>\n<p style=\"text-align: justify;\"><span style=\"color: #808080;\"><span lang=\"pt-BR\">Normalmente toda \u00faltima sexta-feira do m\u00eas, os Centros de Ajudas se re\u00fanem para, juntos, crescerem espiritualmente. <\/span><\/span><\/p>\n<p style=\"text-align: justify;\"><span style=\"color: #808080;\"><span lang=\"pt-BR\">Nessa noite especial, as perguntas sobre as quest\u00f5es de vida das pessoas s\u00e3o respondidas. Da mesma forma, a negatividade que afeta as pessoas internamente ou espiritualmente, ou afeta sua vida familiar, \u00e9 removida.<\/span><\/span><\/p>\n<p style=\"text-align: justify;\"><span style=\"color: #808080;\"><span lang=\"pt-BR\">O fato de nos juntarmos, vale sempre lembrar, nos ajuda a nos tornarmos melhores e a enxergar al\u00e9m de n\u00f3s mesmos. Deus espera que nos unamos para compartilhar o que h\u00e1 de melhor em cada um de n\u00f3s. N\u00e3o perca este encontro!<\/span><\/span><\/p>\n<p style=\"text-align: justify;\"><span style=\"color: #808080;\"><strong><span lang=\"pt-BR\">A pr\u00f3xima data para a reuni\u00e3o da Vig\u00edlia das Na\u00e7\u00f5es ser\u00e1 anunciada em breve.<\/span><\/strong><\/span><\/p>\n<p>[\/vc_column_text][\/vc_column][\/vc_row]<\/p>\n","protected":false},"excerpt":{"rendered":"<p>[vc_row][vc_column][wander_title_block title=&#8221;Vig\u00edlia das Na\u00e7\u00f5es&#8221; title_size=&#8221;h2&#8243; title_align=&#8221;text-center&#8221; is_seperator=&#8221;true&#8221;][vc_column_text] Normalmente toda \u00faltima sexta-feira do m\u00eas, os Centros de Ajudas se re\u00fanem para, juntos, crescerem espiritualmente. Nessa noite especial, as perguntas sobre as [&hellip;]<\/p>\n","protected":false},"author":34,"featured_media":0,"parent":0,"menu_order":208,"comment_status":"closed","ping_status":"closed","template":"","meta":{"give_campaign_id":0,"_monsterinsights_skip_tracking":false,"_monsterinsights_sitenote_active":false,"_monsterinsights_sitenote_note":"","_monsterinsights_sitenote_category":0,"footnotes":""},"class_list":["post-69386","page","type-page","status-publish","hentry"],"campaignId":"","_links":{"self":[{"href":"https:\/\/www.uckg.org\/pt\/wp-json\/wp\/v2\/pages\/69386","targetHints":{"allow":["GET"]}}],"collection":[{"href":"https:\/\/www.uckg.org\/pt\/wp-json\/wp\/v2\/pages"}],"about":[{"href":"https:\/\/www.uckg.org\/pt\/wp-json\/wp\/v2\/types\/page"}],"author":[{"embeddable":true,"href":"https:\/\/www.uckg.org\/pt\/wp-json\/wp\/v2\/users\/34"}],"replies":[{"embeddable":true,"href":"https:\/\/www.uckg.org\/pt\/wp-json\/wp\/v2\/comments?post=69386"}],"version-history":[{"count":0,"href":"https:\/\/www.uckg.org\/pt\/wp-json\/wp\/v2\/pages\/69386\/revisions"}],"wp:attachment":[{"href":"https:\/\/www.uckg.org\/pt\/wp-json\/wp\/v2\/media?parent=69386"}],"curies":[{"name":"wp","href":"https:\/\/api.w.org\/{rel}","templated":true}]}}