{"id":69384,"date":"2017-02-10T13:34:53","date_gmt":"2017-02-10T12:34:53","guid":{"rendered":"https:\/\/www.uckg.org\/pt\/?page_id=69384"},"modified":"2018-10-09T17:50:17","modified_gmt":"2018-10-09T15:50:17","slug":"grupos-da-comunidade","status":"publish","type":"page","link":"https:\/\/www.uckg.org\/pt\/grupos-da-comunidade\/","title":{"rendered":"Grupos da Comunidade"},"content":{"rendered":"<p>[vc_row][vc_column][wander_title_block title=&#8221;Grupos da Comunidade&#8221; title_size=&#8221;h2&#8243; title_align=&#8221;text-center&#8221; is_seperator=&#8221;true&#8221;][vc_column_text]<span style=\"color: #000000;\"><span lang=\"pt-BR\"><a href=\"https:\/\/www.uckg.org\/pt\/wp-content\/uploads\/2017\/02\/community-work.png\" title=\"Grupos da Comunidade\" rel=\"\"><img fetchpriority=\"high\" decoding=\"async\" class=\"aligncenter size-full wp-image-69507\" src=\"https:\/\/www.uckg.org\/pt\/wp-content\/uploads\/2017\/02\/community-work.png\" width=\"1280\" height=\"436\" alt=\"community-work\" title=\"\" srcset=\"https:\/\/www.uckg.org\/pt\/wp-content\/uploads\/2017\/02\/community-work.png 1280w, https:\/\/www.uckg.org\/pt\/wp-content\/uploads\/2017\/02\/community-work-300x102.png 300w, https:\/\/www.uckg.org\/pt\/wp-content\/uploads\/2017\/02\/community-work-768x262.png 768w, https:\/\/www.uckg.org\/pt\/wp-content\/uploads\/2017\/02\/community-work-1024x349.png 1024w, https:\/\/www.uckg.org\/pt\/wp-content\/uploads\/2017\/02\/community-work-500x170.png 500w\" sizes=\"(max-width: 1280px) 100vw, 1280px\" \/><\/a><\/span><\/span><\/p>\n<p style=\"text-align: justify;\"><span style=\"color: #000000;\"><span lang=\"pt-BR\">Somos uma igreja que est\u00e1 sempre buscando desencadear uma mudan\u00e7a na vida das pessoas. Al\u00e9m de operar diariamente como um Centro de Ajuda espiritual, n\u00f3s oferecemos uma s\u00e9rie de atividades de apoio, que atendem \u00e0s necessidades de todas as faixas et\u00e1rias e estilos de vida, e n\u00e3o se co\u00edbe diante de situa\u00e7\u00f5es desafiadoras. Temos grandes trabalhos e volunt\u00e1rios focados na comunidade. <\/span><\/span><\/p>\n<p style=\"text-align: justify;\"><span style=\"color: #000000;\"><span lang=\"pt-BR\">Consciente das necessidades individuais de cada comunidade e da sociedade como um todo, n\u00f3s temos nos associado a outras organiza\u00e7\u00f5es &#8211; governamentais ou n\u00e3o &#8211; e institui\u00e7\u00f5es de caridade registradas para organizar Eventos Comunit\u00e1rios que aumentam a conscientiza\u00e7\u00e3o e atendem as necessidades diversas.<\/span><\/span><\/p>\n<p style=\"text-align: justify;\"><span style=\"color: #000000;\"><span lang=\"pt-BR\">Por isso, adotamos a iniciativa dos Grupos da Comunidade como forma de envolver nossos membros dentro das comunidades locais. Os grupos s\u00e3o formados para ajudar \u00e1reas espec\u00edficas da comunidade onde as pessoas est\u00e3o sofrendo e lutando para encontrar a ajuda adequada.<\/span><\/span><\/p>\n<p style=\"text-align: justify;\"><span style=\"color: #000000;\"><span lang=\"pt-BR\">Muitos dos membros que trabalham para os grupos j\u00e1 passaram por problemas similares, mas superaram os obst\u00e1culos e hoje contam com experi\u00eancias gratificantes. O ac\u00famulo dessas experi\u00eancias, juntamente com a forma\u00e7\u00e3o necess\u00e1ria proporcionada pelos especialistas do Centro de Ajuda, capacita os membros para oferecer o apoio moral e encorajamento necess\u00e1rios para superar o sofrimento.<\/span><\/span><\/p>\n<p style=\"text-align: justify;\"><a href=\"http:\/\/uckgnew.org\/wp-content\/uploads\/2015\/04\/divider.png\" target=\"_blank\" rel=\"noopener\"><img decoding=\"async\" class=\"aligncenter wp-image-2276 size-full\" src=\"https:\/\/www.uckg.org\/pt\/wp-content\/uploads\/2017\/02\/divider.png\" alt=\"divider\" width=\"888\" height=\"16\" title=\"\"><\/a><\/p>\n<p style=\"text-align: justify;\"><b><span style=\"color: #0cb4ce;\"><img decoding=\"async\" class=\"alignright wp-image-2268\" src=\"https:\/\/www.uckg.org\/pt\/wp-content\/uploads\/2017\/02\/Helpline.jpg\" width=\"75\" height=\"75\" alt=\"Helpline\" title=\"\">Linha de Ajuda 24h<\/span><br \/>\n<\/b>Nossa linha de ajuda opera com o recebimento de chamadas durante todo o ano, fornecendo apoio e assist\u00eancia \u00e0s pessoas que precisam de ajuda.<\/p>\n<p>&nbsp;<\/p>\n<p style=\"text-align: justify;\"><a href=\"http:\/\/uckgnew.org\/wp-content\/uploads\/2015\/04\/divider-light.png\" target=\"_blank\" rel=\"noopener\"><img loading=\"lazy\" decoding=\"async\" class=\"aligncenter wp-image-2278 size-full\" src=\"https:\/\/www.uckg.org\/pt\/wp-content\/uploads\/2017\/02\/divider-light.png\" alt=\"divider-light\" width=\"888\" height=\"16\" title=\"\"><\/a><\/p>\n<p style=\"text-align: justify;\"><b><a href=\"https:\/\/www.uckg.org\/pt\/wp-content\/uploads\/2017\/02\/VYG.jpg\"><img loading=\"lazy\" decoding=\"async\" class=\"wp-image-2269 alignright\" src=\"https:\/\/www.uckg.org\/pt\/wp-content\/uploads\/2017\/02\/VYG.jpg\" width=\"75\" height=\"75\" alt=\"VYG\" title=\"\"><\/a><span style=\"color: #0cb4ce;\">Grupo Jovem (VYG)<\/span><br \/>\n<\/b>As reuni\u00f5es mesclam atividades divertidas com orienta\u00e7\u00e3o pr\u00e1tica e desenvolvimento espiritual.<br \/>\n<span style=\"color: #ff0000;\"><br \/>\n<\/span><\/p>\n<p style=\"text-align: justify;\"><a href=\"https:\/\/www.uckg.org\/pt\/wp-content\/uploads\/2017\/02\/divider-light.png\"><img loading=\"lazy\" decoding=\"async\" class=\"aligncenter wp-image-2278 size-full\" src=\"https:\/\/www.uckg.org\/pt\/wp-content\/uploads\/2017\/02\/divider-light.png\" width=\"888\" height=\"16\" alt=\"divider-light\" title=\"\"><\/a><\/p>\n<p style=\"text-align: justify;\"><b><a href=\"https:\/\/www.uckg.org\/pt\/wp-content\/uploads\/2017\/02\/Training-Centre.jpg\"><img loading=\"lazy\" decoding=\"async\" class=\"wp-image-2287 alignright\" src=\"https:\/\/www.uckg.org\/pt\/wp-content\/uploads\/2017\/02\/Training-Centre.jpg\" width=\"75\" height=\"75\" alt=\"Training-Centre\" title=\"\"><\/a><span style=\"color: #0cb4ce;\">Centro de Treinamento<\/span><br \/>\n<\/b>O centro fornece cursos de ingl\u00eas e TI, al\u00e9m de servi\u00e7os de suporte para outras carreiras e neg\u00f3cios.<br \/>\n<span style=\"color: #ff0000;\"><br \/>\n<\/span><\/p>\n<p style=\"text-align: justify;\"><a href=\"https:\/\/www.uckg.org\/pt\/wp-content\/uploads\/2017\/02\/divider-light.png\"><img loading=\"lazy\" decoding=\"async\" class=\"aligncenter wp-image-2278 size-full\" src=\"https:\/\/www.uckg.org\/pt\/wp-content\/uploads\/2017\/02\/divider-light.png\" width=\"888\" height=\"16\" alt=\"divider-light\" title=\"\"><\/a><\/p>\n<p style=\"text-align: justify;\"><b><a href=\"http:\/\/uckgnew.org\/wp-content\/uploads\/2015\/04\/prison.png\" target=\"_blank\" rel=\"noopener\"><img loading=\"lazy\" decoding=\"async\" class=\"wp-image-2282 size-full alignright\" src=\"https:\/\/www.uckg.org\/pt\/wp-content\/uploads\/2017\/02\/prison.png\" width=\"75\" height=\"75\" alt=\"prison\" title=\"\"><\/a><span style=\"color: #0cb4ce;\">Resgate de Dignidade (ROD)<\/span><br \/>\n<\/b>O grupo fornece suporte f\u00edsico e espiritual aos reclusos e seus familiares em todo o pa\u00eds.<br \/>\n<span style=\"color: #ff0000;\"><br \/>\n<\/span><\/p>\n<p style=\"text-align: justify;\"><a href=\"https:\/\/www.uckg.org\/pt\/wp-content\/uploads\/2017\/02\/divider-light.png\"><img loading=\"lazy\" decoding=\"async\" class=\"aligncenter wp-image-2278 size-full\" src=\"https:\/\/www.uckg.org\/pt\/wp-content\/uploads\/2017\/02\/divider-light.png\" width=\"888\" height=\"16\" alt=\"divider-light\" title=\"\"><\/a><\/p>\n<p style=\"text-align: justify;\"><strong><a href=\"https:\/\/www.uckg.org\/pt\/wp-content\/uploads\/2017\/02\/seniors.jpg\"><img loading=\"lazy\" decoding=\"async\" class=\"wp-image-2283 alignright\" src=\"https:\/\/www.uckg.org\/pt\/wp-content\/uploads\/2017\/02\/seniors.jpg\" width=\"75\" height=\"75\" alt=\"seniors\" title=\"\"><\/a><span style=\"color: #0cb4ce;\">Calebe<\/span><br \/>\n<\/strong>O grupo fornece ajuda e suporte aos idosos atrav\u00e9s de atividades sociais, passeios, ajuda em casa, entre outras tarefas.<strong><strong><br \/>\n<\/strong><\/strong><span style=\"color: #ff0000;\" data-mce-mark=\"1\"><br \/>\n<\/span><\/p>\n<p style=\"text-align: justify;\"><a href=\"https:\/\/www.uckg.org\/pt\/wp-content\/uploads\/2017\/02\/divider-light.png\"><img loading=\"lazy\" decoding=\"async\" class=\"aligncenter wp-image-2278 size-full\" src=\"https:\/\/www.uckg.org\/pt\/wp-content\/uploads\/2017\/02\/divider-light.png\" width=\"888\" height=\"16\" alt=\"divider-light\" title=\"\"><\/a><\/p>\n<p style=\"text-align: justify;\"><b><a href=\"http:\/\/uckgnew.org\/wp-content\/uploads\/2015\/04\/patient.png\" target=\"_blank\" rel=\"noopener\"><img loading=\"lazy\" decoding=\"async\" class=\"wp-image-2284 size-full alignright\" src=\"https:\/\/www.uckg.org\/pt\/wp-content\/uploads\/2017\/02\/patient-1.png\" width=\"75\" height=\"75\" alt=\"patient-1\" title=\"\"><\/a><span style=\"color: #0cb4ce;\">Assist\u00eancia ao Paciente<\/span><br \/>\n<\/b>O grupo visita e oferece companhia e assist\u00eancia a pacientes em suas casas ou em hospitais.<br \/>\n<span style=\"color: #ff0000;\"><br \/>\n<\/span><\/p>\n<p style=\"text-align: justify;\"><a href=\"https:\/\/www.uckg.org\/pt\/wp-content\/uploads\/2017\/02\/divider-light.png\"><img loading=\"lazy\" decoding=\"async\" class=\"aligncenter wp-image-2278 size-full\" src=\"https:\/\/www.uckg.org\/pt\/wp-content\/uploads\/2017\/02\/divider-light.png\" width=\"888\" height=\"16\" alt=\"divider-light\" title=\"\"><\/a><\/p>\n<p style=\"text-align: justify;\"><strong><a href=\"http:\/\/uckgnew.org\/wp-content\/uploads\/2015\/04\/rahab.png\" target=\"_blank\" rel=\"noopener\"><img loading=\"lazy\" decoding=\"async\" class=\"wp-image-2285 size-full alignright\" src=\"https:\/\/www.uckg.org\/pt\/wp-content\/uploads\/2017\/02\/rahab.png\" alt=\"rahab\" width=\"75\" height=\"75\" title=\"\"><\/a><span style=\"color: #0cb4ce;\">RAABE (Removendo Toda M\u00e1goa e Abuso)<br \/>\n<\/span><\/strong>O grupo atende mulheres que foram v\u00edtimas de abusos f\u00edsicos e psicol\u00f3gicos.<br \/>\n<span style=\"color: #ff0000;\"><br \/>\n<\/span><\/p>\n<p style=\"text-align: justify;\"><a href=\"https:\/\/www.uckg.org\/pt\/wp-content\/uploads\/2017\/02\/divider-light.png\"><img loading=\"lazy\" decoding=\"async\" class=\"aligncenter wp-image-2278 size-full\" src=\"https:\/\/www.uckg.org\/pt\/wp-content\/uploads\/2017\/02\/divider-light.png\" width=\"888\" height=\"16\" alt=\"divider-light\" title=\"\"><\/a><\/p>\n<p style=\"text-align: justify;\"><b><a href=\"http:\/\/uckgnew.org\/wp-content\/uploads\/2015\/04\/lone.png\" target=\"_blank\" rel=\"noopener\"><img loading=\"lazy\" decoding=\"async\" class=\"wp-image-2286 size-full alignright\" src=\"https:\/\/www.uckg.org\/pt\/wp-content\/uploads\/2017\/02\/lone.png\" width=\"75\" height=\"75\" alt=\"lone\" title=\"\"><\/a><span style=\"color: #0cb4ce;\">Pais Felizes<\/span><br \/>\n<\/b>O grupo auxilia o n\u00famero crescente de jovens m\u00e3es solteiras a continuarem focadas em seus objetivos de vida ap\u00f3s uma gravidez precoce.<b><br \/>\n<\/b><span style=\"color: #ff0000;\"><br \/>\n<\/span><\/p>\n<p style=\"text-align: justify;\"><a href=\"https:\/\/www.uckg.org\/pt\/wp-content\/uploads\/2017\/02\/divider-light.png\"><img loading=\"lazy\" decoding=\"async\" class=\"aligncenter wp-image-2278 size-full\" src=\"https:\/\/www.uckg.org\/pt\/wp-content\/uploads\/2017\/02\/divider-light.png\" width=\"888\" height=\"16\" alt=\"divider-light\" title=\"\"><\/a><\/p>\n<p><em>O Centro de Ajuda \u00e9 uma organiza\u00e7\u00e3o sem fins lucrativos que trabalha para ajudar as pessoas a viver uma vida muito melhor, feliz e plena, independentemente do que j\u00e1 aconteceu. Se voc\u00ea aprecia nosso trabalho, seja um patrocinador da obra de Deus e fa\u00e7a uma doa\u00e7\u00e3o volunt\u00e1ria.<\/em><\/p>\n<p><a href=\"\/pt\/doacao-3\/\" target=\"_blank\"><img loading=\"lazy\" decoding=\"async\" class=\"alignnone wp-image-70053 \" src=\"https:\/\/www.uckg.org\/pt\/wp-content\/uploads\/2017\/02\/PaypalDonateButton.jpg\" width=\"209\" height=\"48\" alt=\"PaypalDonateButton\" title=\"\"><\/a>[\/vc_column_text][\/vc_column][\/vc_row]<\/p>\n","protected":false},"excerpt":{"rendered":"<p>[vc_row][vc_column][wander_title_block title=&#8221;Grupos da Comunidade&#8221; title_size=&#8221;h2&#8243; title_align=&#8221;text-center&#8221; is_seperator=&#8221;true&#8221;][vc_column_text] Somos uma igreja que est\u00e1 sempre buscando desencadear uma mudan\u00e7a na vida das pessoas. Al\u00e9m de operar diariamente como um Centro de Ajuda [&hellip;]<\/p>\n","protected":false},"author":34,"featured_media":0,"parent":0,"menu_order":116,"comment_status":"closed","ping_status":"closed","template":"","meta":{"give_campaign_id":0,"_monsterinsights_skip_tracking":false,"_monsterinsights_sitenote_active":false,"_monsterinsights_sitenote_note":"","_monsterinsights_sitenote_category":0,"footnotes":""},"class_list":["post-69384","page","type-page","status-publish","hentry"],"campaignId":"","_links":{"self":[{"href":"https:\/\/www.uckg.org\/pt\/wp-json\/wp\/v2\/pages\/69384","targetHints":{"allow":["GET"]}}],"collection":[{"href":"https:\/\/www.uckg.org\/pt\/wp-json\/wp\/v2\/pages"}],"about":[{"href":"https:\/\/www.uckg.org\/pt\/wp-json\/wp\/v2\/types\/page"}],"author":[{"embeddable":true,"href":"https:\/\/www.uckg.org\/pt\/wp-json\/wp\/v2\/users\/34"}],"replies":[{"embeddable":true,"href":"https:\/\/www.uckg.org\/pt\/wp-json\/wp\/v2\/comments?post=69384"}],"version-history":[{"count":0,"href":"https:\/\/www.uckg.org\/pt\/wp-json\/wp\/v2\/pages\/69384\/revisions"}],"wp:attachment":[{"href":"https:\/\/www.uckg.org\/pt\/wp-json\/wp\/v2\/media?parent=69384"}],"curies":[{"name":"wp","href":"https:\/\/api.w.org\/{rel}","templated":true}]}}