{"id":69381,"date":"2017-02-10T13:28:03","date_gmt":"2017-02-10T12:28:03","guid":{"rendered":"https:\/\/www.uckg.org\/pt\/?page_id=69381"},"modified":"2024-07-19T14:06:48","modified_gmt":"2024-07-19T12:06:48","slug":"encontre-ajuda","status":"publish","type":"page","link":"https:\/\/www.uckg.org\/pt\/encontre-ajuda\/","title":{"rendered":"Encontre Ajuda"},"content":{"rendered":"<p>[vc_row][vc_column][wander_title_block title=&#8221;Encontre Ajuda&#8221; title_size=&#8221;h2&#8243; title_align=&#8221;text-center&#8221; is_seperator=&#8221;true&#8221;][vc_column_text]<span style=\"color: #000000;\"><span style=\"font-size: large;\"><span lang=\"pt-BR\"><b><a title=\"Encontre Ajuda\" href=\"https:\/\/www.uckg.org\/pt\/wp-content\/uploads\/2017\/02\/helpisathamdnew-port.jpg\" rel=\"\"><img fetchpriority=\"high\" decoding=\"async\" class=\"aligncenter wp-image-69382\" src=\"https:\/\/www.uckg.org\/pt\/wp-content\/uploads\/2017\/02\/helpisathamdnew-port-300x92.jpg\" alt=\"helpisathamdnew-port\" width=\"1280\" height=\"391\" title=\"\" srcset=\"https:\/\/www.uckg.org\/pt\/wp-content\/uploads\/2017\/02\/helpisathamdnew-port-300x92.jpg 300w, https:\/\/www.uckg.org\/pt\/wp-content\/uploads\/2017\/02\/helpisathamdnew-port-768x235.jpg 768w, https:\/\/www.uckg.org\/pt\/wp-content\/uploads\/2017\/02\/helpisathamdnew-port-1024x313.jpg 1024w, https:\/\/www.uckg.org\/pt\/wp-content\/uploads\/2017\/02\/helpisathamdnew-port-500x153.jpg 500w, https:\/\/www.uckg.org\/pt\/wp-content\/uploads\/2017\/02\/helpisathamdnew-port.jpg 1280w\" sizes=\"(max-width: 1280px) 100vw, 1280px\" \/><\/a><\/b><\/span><\/span><\/span><\/p>\n<p>&nbsp;<\/p>\n<p>&nbsp;<\/p>\n<p><span style=\"color: #ff0000;\"><strong><span style=\"color: #0cb4ce;\">Problemas sentimentais<br \/>\n<\/span><\/strong><\/span><em>Problemas sentimentais variam, podendo contemplar tra\u00eddos e feridos. Falta de confian\u00e7a, desentendimentos constantes e problemas financeiros s\u00e3o um dos grandes respons\u00e1veis pelo surgimento do problema. Pessoas que passam por isso se envolvem em la\u00e7os de desconex\u00e3o com o parceiro e, em muitos casos, come\u00e7am a procurar v\u00ednculos com outras pessoas.<\/em><\/p>\n<p style=\"text-align: justify;\"><a href=\"http:\/\/universalchurch.uk\/wp-content\/uploads\/2015\/04\/kalema-adrian.jpg\" target=\"_blank\" rel=\"noopener\"><img decoding=\"async\" class=\"alignright wp-image-4241 size-thumbnail\" src=\"https:\/\/www.uckg.org\/pt\/wp-content\/uploads\/2017\/02\/kalema-adrian-150x150.jpg\" alt=\"kalema-adrian\" width=\"150\" height=\"150\" title=\"\"><\/a>\u201cEu tinha passado por um momento de muita m\u00e1goa em minha vida amorosa, ent\u00e3o, em uma tentativa de me proteger, eu me rodeei de defesas emocionais. Eu sabia o que eu procurava em um parceiro e, se ele n\u00e3o atendesse minhas altas expectativas e meus selecionados crit\u00e9rios, eu nem o cogitava. Nessa \u00e9poca eu comecei a frequentar o Centro de Ajuda, porque meu jeito de ser n\u00e3o estava rendendo resultados produtivos. Eu ouvi verdades e, embora fosse dif\u00edcil de admitir, eu sabia que estava sendo irracional na minha abordagem e que isso me custaria o amor. Como eu poderia encontrar o homem da minha vida se eu estava escondida atr\u00e1s das barreiras? Embora eu soubesse na teoria, mudar meu jeito de pensar foi mais dif\u00edcil do que eu imaginei. Eu encontrei minha parceria no Adrian e eu sou muito agradecida em dizer que hoje eu tenho um casamento feliz.\u201d<\/p>\n<p>&#8211; <strong>Kalema White, Edmonton<\/strong><\/p>\n<hr \/>\n<p><span style=\"color: #ff0000;\"><strong><span style=\"color: #0cb4ce;\">Pensamentos negativos\/suicidas<br \/>\n<\/span><\/strong><\/span><em>Os pensamentos suicidas podem surgir quando as sensa\u00e7\u00f5es de desamparo, isolamento e desespero se tornam fortes demais para suportar. A sobrecarga da dor pode fazer parecer como se o suic\u00eddio fosse o \u00fanico modo de se livrar do fardo que a pessoa tem carregado. Algumas ideias suicidas podem ser deliberadamente planejadas para fracassar, enquanto outras podem ser cuidadosamente desenhadas para suceder.<\/em><\/p>\n<p style=\"text-align: justify;\"><a href=\"https:\/\/www.uckg.org\/pt\/wp-content\/uploads\/2017\/02\/stacey-brown.png\"><img decoding=\"async\" class=\"alignright size-full wp-image-4242\" src=\"https:\/\/www.uckg.org\/pt\/wp-content\/uploads\/2017\/02\/stacey-brown.png\" alt=\"stacey-brown\" width=\"150\" height=\"150\" title=\"\"><\/a>\u201cMeus pais tinham um relacionamento bastante f\u00fatil, o que os levaram \u00e0 separa\u00e7\u00e3o. Embora eu tenha uma irm\u00e3 g\u00eamea, havia disputas em casa porque cada uma era a preferida de um deles. Eu desprezava minha m\u00e3e e tinha constantes pesadelos. Eu achava que ela era um mal e, portanto, eu n\u00e3o a queria perto de mim. No colegial eu sofri muito bullying e, sem ningu\u00e9m por perto para me apoiar e sendo bombardeada por pensamentos negativos, eu tentei o suic\u00eddio. Eu me automediquei com doses altas de rem\u00e9dios, mas por sorte fui encontrada a tempo. No Centro de Ajuda eu recebi ajuda por meio de ora\u00e7\u00f5es e conselhos espirituais e hoje sou uma pessoa diferente. Eu aprendi a lidar com pensamentos negativos e eles n\u00e3o me controlam mais. Eu tenho hoje controle sobre tudo e presto muita aten\u00e7\u00e3o no meu futuro!\u201d<\/p>\n<p>\u2013 <strong>Stacey Matjeke, Luton<\/strong><\/p>\n<hr \/>\n<p><span style=\"color: #ff0000;\"><strong><span style=\"color: #0cb4ce;\">Ataques de p\u00e2nico<br \/>\n<\/span><\/strong><\/span><em>Geralmente, um estado de P\u00e2nico \u00e9 um fen\u00f4meno f\u00edsico resultante do processo de ansiedade. O ataque pode vir de repente, sem muitos gatilhos \u00f3bvios. Embora um epis\u00f3dio de ataque de p\u00e2nico possa aparecer aleatoriamente, ele vem de nossa resposta evolutiva ao perigo. Dizem que isso pode ser uma das experi\u00eancias mais assustadoras e perturbadoras na vida de uma pessoa. Os sintomas variam, mas frequentemente a pessoa que sofre ataque de p\u00e2nico tem dificuldades para respirar e medo da apari\u00e7\u00e3o p\u00fablica.<\/em><\/p>\n<p style=\"text-align: justify;\"><a href=\"https:\/\/www.uckg.org\/pt\/wp-content\/uploads\/2017\/02\/chrissyb.png\"><img loading=\"lazy\" decoding=\"async\" class=\"alignright size-full wp-image-4243\" src=\"https:\/\/www.uckg.org\/pt\/wp-content\/uploads\/2017\/02\/chrissyb.png\" alt=\"chrissyb\" width=\"150\" height=\"150\" title=\"\"><\/a>\u201cTer ataque de p\u00e2nico foi apenas um dos problemas que sofri. Posso dizer que era insuport\u00e1vel viver com medo constante. Eu tinha ataques de p\u00e2nico a qualquer momento por qualquer raz\u00e3o e isso me desligava do mundo. Eu tentei conselheiros privados e Linhas de Ajuda tradicionais, mas nada adiantava. Continuei assim at\u00e9 encontrar o Centro de Ajuda. Atrav\u00e9s da Corrente de Ora\u00e7\u00e3o e por meio do meu fortalecimento espiritual, eu fiquei livre daqueles ataques que uma vez me acorrentaram.\u201d<\/p>\n<p>&#8211; <strong>Chris Boodram, Finsbury Park<\/strong><\/p>\n<p>&nbsp;<\/p>\n<p>&nbsp;<\/p>\n<hr \/>\n<p><span style=\"color: #0cb4ce;\"><strong>Sentindo o mal te rodear<br \/>\n<\/strong><\/span><em>Uma sensa\u00e7\u00e3o de que voc\u00ea n\u00e3o est\u00e1 sozinho(a) te persegue, embora seja claro que voc\u00ea \u00e9 o(a) \u00fanico(a) no quarto ou nas ruas. Esse sentimento constr\u00f3i um grande mal-estar, pois \u00e9 como se houvesse uma presen\u00e7a que o(a) seguisse, mas voc\u00ea n\u00e3o pode v\u00ea-la ou ouvi-la. Voc\u00ea apenas sabe que est\u00e1 l\u00e1.<\/em><\/p>\n<p style=\"text-align: justify;\"><a href=\"https:\/\/www.uckg.org\/pt\/wp-content\/uploads\/2017\/02\/severina.png\"><img loading=\"lazy\" decoding=\"async\" class=\"alignright size-full wp-image-4244\" src=\"https:\/\/www.uckg.org\/pt\/wp-content\/uploads\/2017\/02\/severina.png\" alt=\"severina\" width=\"150\" height=\"150\" title=\"\"><\/a>\u201cEu sofri por 19 anos com pesadelos terr\u00edveis, em que eu acordava com n\u00f3doas negras nos meus bra\u00e7os, como se eu tivesse lutado com uma for\u00e7a invis\u00edvel, embora estivesse sozinha. Eu me sentia acordada, mas estava congelada, n\u00e3o conseguia me mexer nem gritar. A for\u00e7a interior que eu recebi durante os semin\u00e1rios ajudou-me a tornar as minha noites terr\u00edveis em noites tranquilas.\u201d<\/p>\n<p>\u2013 <strong>Severina de Abreu, Finsbury Park<\/strong><\/p>\n<p>&nbsp;<\/p>\n<p>&nbsp;<\/p>\n<hr \/>\n<p><span style=\"color: #0cb4ce;\"><strong>Medo da morte<br \/>\n<\/strong><\/span><em>O pensamento extremo e muitas vezes irracional sobre\u00a0medo da morte leva \u00e0 fobia conhecida como Tanatofobia. Casos muito graves de tanatofobia muitas vezes tem um impacto negativo no funcionamento do dia a dia do indiv\u00edduo que sofre com esta condi\u00e7\u00e3o. Muitas vezes ele se recusa a sair de casa devido a este medo. A conversa ou pensamento de morte (ou o que se encontra depois da morte) pode desencadear em diversas a\u00e7\u00f5es negativas.<\/em><\/p>\n<p style=\"text-align: justify;\"><a href=\"https:\/\/www.uckg.org\/pt\/wp-content\/uploads\/2017\/02\/ashanta.png\"><img loading=\"lazy\" decoding=\"async\" class=\"alignright size-full wp-image-4245\" src=\"https:\/\/www.uckg.org\/pt\/wp-content\/uploads\/2017\/02\/ashanta.png\" alt=\"ashanta\" width=\"150\" height=\"150\" title=\"\"><\/a>\u201cQuando eu era pequena eu n\u00e3o conseguia dormir no escuro. Sempre tinha que ter uma fresta de luz ou, pelo menos, algu\u00e9m perto de mim at\u00e9 eu cair no sono. Tudo isso porque sentia medo da morte, eu me sentia vulner\u00e1vel no escuro e queria ter algu\u00e9m para me proteger. Houve momentos em que eu acordava molhada de suor por sonhar que eu estava morrendo. Tudo come\u00e7ou a mudar quando eu comecei a frequentar as reuni\u00f5es de sexta-feira do Centro de Ajuda. Aprender sobre o que acontece depois da morte para aqueles que se entregam ao Senhor foi o que me fez superar meus medos e me entregar para um novo despertar.\u201d<\/p>\n<p>\u2013 <strong>Ashanta Charm, Catford<\/strong><\/p>\n<p>&nbsp;<\/p>\n<p>&nbsp;<\/p>\n<hr \/>\n<p><span style=\"color: #0cb4ce;\"><strong>Sentindo-se um fracassado no amor<br \/>\n<\/strong><\/span><em>Isso acontece quando um relacionamento malsucedido \u00e9 substitu\u00eddo por outro continuamente. Essas rela\u00e7\u00f5es podem envolver adult\u00e9rio, abuso verbal, emocional ou f\u00edsico. Aqueles que se envolveram em uma rela\u00e7\u00e3o traum\u00e1tica desenvolvem cicatrizes profundas, muitas vezes dif\u00edceis de curar. Por isso, consideram-se fracassados no amor.<\/em><\/p>\n<p><a href=\"https:\/\/www.uckg.org\/pt\/wp-content\/uploads\/2017\/02\/raygeli.png\"><img loading=\"lazy\" decoding=\"async\" class=\"alignright size-full wp-image-4246\" src=\"https:\/\/www.uckg.org\/pt\/wp-content\/uploads\/2017\/02\/raygeli.png\" alt=\"raygeli\" width=\"150\" height=\"150\" title=\"\"><\/a>\u201cMeu passado j\u00e1 havia me apresentado experi\u00eancias ruins, pois meu pai era muito agressivo dentro de casa. Depois, comecei a me relacionar com o Christian, que sempre me traia e n\u00e3o demonstrava o menor remorso em sair com outras garotas.\u201d<\/p>\n<p style=\"text-align: justify;\">\u2013 <strong>Raygeli <\/strong><strong>Velasquez, Holland <\/strong><\/p>\n<p style=\"text-align: justify;\">\u201cEu dizia para outras garotas que era comprometido e que n\u00e3o deixaria a Raygeli, mas isso n\u00e3o me impedia de ser desonesto. Eu fui testemunha do div\u00f3rcio dos meus pais e eu vi de perto como uma trai\u00e7\u00e3o pode arruinar uma fam\u00edlia. Eu queria ser fiel, mas n\u00e3o tinha o menor autocontrole. No Centro de Ajuda, recebi uma nova dire\u00e7\u00e3o sobre como manter um relacionamento bem-sucedido. Fizemos votos de f\u00e9 e, conseguindo enxergar como eu estava destruindo nosso relacionamento, atrav\u00e9s da ajuda de Deus eu deixei de lado meu passado e comecei a construir um novo casamento, que hoje j\u00e1 dura mais de 10 anos.\u201d<\/p>\n<p>\u2013 <strong>Christian Velasquez, <strong>Holland<\/strong><\/strong><\/p>\n<hr \/>\n<p><span style=\"color: #0cb4ce;\"><strong>Problemas no casamento<br \/>\n<\/strong><\/span><em>Problemas no casamento variam. Falta de confian\u00e7a, desentendimentos constantes e problemas financeiros s\u00e3o um dos grandes respons\u00e1veis pelo surgimento do problema. Pessoas que passam por isso se envolvem em la\u00e7os de desconex\u00e3o com o parceiro e, em muitos casos, come\u00e7am a procurar v\u00ednculos com outras pessoas.<\/em><\/p>\n<p style=\"text-align: justify;\"><a href=\"https:\/\/www.uckg.org\/pt\/wp-content\/uploads\/2017\/02\/ignicius.png\"><img loading=\"lazy\" decoding=\"async\" class=\"alignright size-full wp-image-4247\" src=\"https:\/\/www.uckg.org\/pt\/wp-content\/uploads\/2017\/02\/ignicius.png\" alt=\"ignicius\" width=\"150\" height=\"150\" title=\"\"><\/a>&#8220;Eu era um pesadelo como marido! Eu incuti o medo em minha esposa porque eu acreditava que ela era minha propriedade. Sempre que ela fazia algo que eu n\u00e3o gostava, eu batia nela como se estivesse lutando com um homem. Eu era possessivo. Cada hora do seu dia tinha de ser contabilizado, ou ent\u00e3o&#8230; As coisas ficaram particularmente fora de controle uma noite que eu coloquei uma arma na cabe\u00e7a dela porque eu n\u00e3o gostei da maneira que ela respondeu para mim. Ela me deixou e, pouco depois, fui ao Centro de Ajuda procurar uma solu\u00e7\u00e3o para meus problemas relacionados com a raiva. Por meio das mensagens, ora\u00e7\u00f5es e conselhos espirituais, eu tenho sido um novo homem h\u00e1 mais de 12 anos e hoje estamos muito felizes \u2013 gra\u00e7as a Deus eu encontrei o Centro de Ajuda\u201d<\/p>\n<p>\u2013 <strong>Ignatious Hango, Finsbury Park<\/strong><\/p>\n<hr \/>\n<p><span style=\"color: #0cb4ce;\"><strong>Problemas financeiros<br \/>\n<\/strong><\/span><em>Voc\u00ea pode at\u00e9 trabalhar duro, mas, como se houvesse um buraco no bolso, voc\u00ea nunca tem dinheiro suficiente no fim do m\u00eas. Voc\u00ea sempre est\u00e1 afundado em d\u00edvidas.<\/em><\/p>\n<p style=\"text-align: justify;\"><a href=\"https:\/\/www.uckg.org\/pt\/wp-content\/uploads\/2017\/02\/mary-O.png\"><img loading=\"lazy\" decoding=\"async\" class=\"alignright size-full wp-image-4248\" src=\"https:\/\/www.uckg.org\/pt\/wp-content\/uploads\/2017\/02\/mary-O.png\" alt=\"mary-O\" width=\"150\" height=\"150\" title=\"\"><\/a>\u201cQuando eu era crian\u00e7a, minha fam\u00edlia nunca tinha dinheiro suficiente. N\u00f3s pag\u00e1vamos as contas, mas n\u00e3o sobrava para sair ou comprar as roupas que quer\u00edamos. Eu nunca tinha viajado para o exterior e o mais longe que tinha ido tinha sido para um passeio no oceano com a caravana da fam\u00edlia. A falta de dinheiro fez com que eu desenvolvesse baixa autoestima, pois n\u00e3o queria que outras pessoas soubessem da minha condi\u00e7\u00e3o de vida. As coisas s\u00f3 come\u00e7aram a mudar quando eu fui convidada para participar das reuni\u00f5es do Centro de Ajuda. Eu comecei a frequentar as reuni\u00f5es de segunda-feira, mas os resultados n\u00e3o vieram de imediato. Quando a autoestima come\u00e7ou a subir, eu me senti melhor e mais confiante para enfrentar os desafios. Hoje eu trabalho para uma empresa global de comunica\u00e7\u00e3o e pesquisa. Hoje eu posso comprar tudo que quero, sem restri\u00e7\u00e3o!\u201d<\/p>\n<p>\u2013 <strong>Mary Danquah, Edmonton<br \/>\n<\/strong><\/p>\n<hr \/>\n<p><span style=\"color: #0cb4ce;\"><strong>V\u00edcios<\/strong><\/span><br \/>\n<em>V\u00edcio caracteriza-se por depend\u00eancia a algum tipo de subst\u00e2ncia, fen\u00f4meno ou situa\u00e7\u00e3o, nos modos excessivos e prejudiciais, tanto \u00e0 sa\u00fade f\u00edsica quanto \u00e0 sa\u00fade mental da pessoa. V\u00edcio pode variar em termos de intensidade, dependendo de v\u00e1rios fatores como a personalidade do indiv\u00edduo (elementos anteriores), o tipo de subst\u00e2ncia e o contexto em que ocorre o v\u00edcio.<\/em><\/p>\n<p style=\"text-align: justify;\"><a href=\"https:\/\/www.uckg.org\/pt\/wp-content\/uploads\/2017\/02\/sandy.png\"><img loading=\"lazy\" decoding=\"async\" class=\"alignright size-full wp-image-4249\" src=\"https:\/\/www.uckg.org\/pt\/wp-content\/uploads\/2017\/02\/sandy.png\" alt=\"sandy\" width=\"150\" height=\"150\" title=\"\"><\/a>\u201cQuando tinha 13 anos, me viciei em pornografia e me tornei prom\u00edscua, por causa da curiosidade que tinha quando eu assistia aquele tipo de material. Recebia muita aten\u00e7\u00e3o dos garotos; eu dava a eles meu n\u00famero e usava um nome falso. Eu tinha uma personalidade divida, era uma garota boa e quieta perto da minha m\u00e3e ou das pessoas da igreja, mas dura e arrogante na frente de minhas amigas e dos garotos. Eu era uma farsa, ao ponto de pegar um \u00f4nibus diferente com meus amigos todos os dias e fingir que eu vivia em uma determinada \u00e1rea, quando na verdade vivia em outra. Eu era uma destruidora de cora\u00e7\u00f5es, mas isso quase me custou a vida. Ent\u00e3o fui ao Centro de Ajuda e fiz o que eu precisava para mudar minha vida. Me abri a respeito dos problemas que estava enfrentando e aceitei os conselhos que eu recebi. Hoje sou completamente diferente. Meu relacionamento com minha m\u00e3e melhorou muito, n\u00e3o sou mais viciada em pornografia nem tenho mais ideias suicidas. Minha vida est\u00e1 progredindo e eu estou bem. N\u00e3o busco mais a aten\u00e7\u00e3o dos garotos e n\u00e3o sou mais uma farsa.\u201d<\/p>\n<p>\u2013 <strong>Sandy Lewis, Hackney<\/strong>[\/vc_column_text][\/vc_column][\/vc_row]<\/p>\n","protected":false},"excerpt":{"rendered":"<p>[vc_row][vc_column][wander_title_block title=&#8221;Encontre Ajuda&#8221; title_size=&#8221;h2&#8243; title_align=&#8221;text-center&#8221; is_seperator=&#8221;true&#8221;][vc_column_text] &nbsp; &nbsp; Problemas sentimentais Problemas sentimentais variam, podendo contemplar tra\u00eddos e feridos. Falta de confian\u00e7a, desentendimentos constantes e problemas financeiros s\u00e3o um dos grandes [&hellip;]<\/p>\n","protected":false},"author":34,"featured_media":0,"parent":0,"menu_order":92,"comment_status":"closed","ping_status":"closed","template":"","meta":{"give_campaign_id":0,"_monsterinsights_skip_tracking":false,"_monsterinsights_sitenote_active":false,"_monsterinsights_sitenote_note":"","_monsterinsights_sitenote_category":0,"footnotes":""},"class_list":["post-69381","page","type-page","status-publish","hentry"],"campaignId":"","_links":{"self":[{"href":"https:\/\/www.uckg.org\/pt\/wp-json\/wp\/v2\/pages\/69381","targetHints":{"allow":["GET"]}}],"collection":[{"href":"https:\/\/www.uckg.org\/pt\/wp-json\/wp\/v2\/pages"}],"about":[{"href":"https:\/\/www.uckg.org\/pt\/wp-json\/wp\/v2\/types\/page"}],"author":[{"embeddable":true,"href":"https:\/\/www.uckg.org\/pt\/wp-json\/wp\/v2\/users\/34"}],"replies":[{"embeddable":true,"href":"https:\/\/www.uckg.org\/pt\/wp-json\/wp\/v2\/comments?post=69381"}],"version-history":[{"count":2,"href":"https:\/\/www.uckg.org\/pt\/wp-json\/wp\/v2\/pages\/69381\/revisions"}],"predecessor-version":[{"id":2707459,"href":"https:\/\/www.uckg.org\/pt\/wp-json\/wp\/v2\/pages\/69381\/revisions\/2707459"}],"wp:attachment":[{"href":"https:\/\/www.uckg.org\/pt\/wp-json\/wp\/v2\/media?parent=69381"}],"curies":[{"name":"wp","href":"https:\/\/api.w.org\/{rel}","templated":true}]}}