{"id":68862,"date":"2017-01-19T17:53:54","date_gmt":"2017-01-19T16:53:54","guid":{"rendered":"https:\/\/www.uckg.org\/pt\/?page_id=68862"},"modified":"2018-09-24T13:06:50","modified_gmt":"2018-09-24T11:06:50","slug":"primeira-vez-aqui","status":"publish","type":"page","link":"https:\/\/www.uckg.org\/pt\/primeira-vez-aqui\/","title":{"rendered":"Primeira vez aqui?"},"content":{"rendered":"<p>[vc_row][vc_column][wander_title_block title=&#8221;Primeira vez aqui?&#8221; title_size=&#8221;h2&#8243; title_align=&#8221;text-center&#8221; is_seperator=&#8221;true&#8221;][vc_column_text]<a href=\"https:\/\/www.uckg.org\/pt\/wp-content\/uploads\/2017\/01\/uckg-building.png\" title=\"Primeira vez aqui?\" rel=\"\"><img fetchpriority=\"high\" decoding=\"async\" class=\"aligncenter size-full wp-image-68865\" src=\"https:\/\/www.uckg.org\/pt\/wp-content\/uploads\/2017\/01\/uckg-building.png\" width=\"1280\" height=\"436\" alt=\"uckg-building\" title=\"\" srcset=\"https:\/\/www.uckg.org\/pt\/wp-content\/uploads\/2017\/01\/uckg-building.png 1280w, https:\/\/www.uckg.org\/pt\/wp-content\/uploads\/2017\/01\/uckg-building-300x102.png 300w, https:\/\/www.uckg.org\/pt\/wp-content\/uploads\/2017\/01\/uckg-building-768x262.png 768w, https:\/\/www.uckg.org\/pt\/wp-content\/uploads\/2017\/01\/uckg-building-1024x349.png 1024w, https:\/\/www.uckg.org\/pt\/wp-content\/uploads\/2017\/01\/uckg-building-500x170.png 500w\" sizes=\"(max-width: 1280px) 100vw, 1280px\" \/><\/a><\/p>\n<p>Assim que pisar pela primeira vez no Centro de Ajuda, voc\u00ea j\u00e1 vai notar que somos extremamente dedicados em ajudar pessoas a mudar de vida. Isso \u00e9 o que nos motiva.<\/p>\n<p>Desde as mensagens encorajadoras por meio de nossas reuni\u00f5es semanais, passando pelos conselhos acess\u00edveis e completamente gratuitos, at\u00e9 os sorrisos distribu\u00eddos por todos os nossos frequentadores, voc\u00ea vai perceber que nunca sair\u00e1 de m\u00e3os abanando.<\/p>\n<p>O Centro de Ajuda est\u00e1 aberto sete dias por semana, com reuni\u00f5es dispon\u00edveis em dois hor\u00e1rios durante os dias \u00fateis, que \u00e9 para voc\u00ea ter a liberdade de poder participar quando preferir. Para maiores informa\u00e7\u00f5es sobre nossa agenda semanal, clique <span style=\"text-decoration: underline;\"><span style=\"color: #0cb4ce; text-decoration: underline;\"><a style=\"text-decoration: underline; color: #0cb4ce;\" href=\"\/pt\/timetable-2\/\" target=\"_blank\">aqui<\/a>.<\/span><\/span><\/p>\n<p>N\u00f3s tamb\u00e9m encorajamos voc\u00ea a fazer uma <span style=\"text-decoration: underline; color: #0cb4ce;\"><a style=\"color: #0cb4ce; text-decoration: underline;\" href=\"\/pt\/faca-uma-corrente-de-oracao-funciona\/\" target=\"_blank\">Corrente de Ora\u00e7\u00e3o<\/a><\/span> baseada em uma \u00e1rea espec\u00edfica da vida que deseja mudar. Normalmente, isso acontece quando voc\u00ea participa de uma determinada reuni\u00e3o por cinco semanas e foca suas ora\u00e7\u00f5es nesse problema em quest\u00e3o.<\/p>\n<p>N\u00f3s estamos aqui para te ajudar. N\u00f3s iremos lutar juntos e estaremos ao seu lado em cada passo rumo a um novo come\u00e7o.<\/p>\n<p>Saiba que voc\u00ea n\u00e3o precisa se sentir sozinho(a).[\/vc_column_text][\/vc_column][\/vc_row]<\/p>\n","protected":false},"excerpt":{"rendered":"<p>[vc_row][vc_column][wander_title_block title=&#8221;Primeira vez aqui?&#8221; title_size=&#8221;h2&#8243; title_align=&#8221;text-center&#8221; is_seperator=&#8221;true&#8221;][vc_column_text] Assim que pisar pela primeira vez no Centro de Ajuda, voc\u00ea j\u00e1 vai notar que somos extremamente dedicados em ajudar pessoas a mudar [&hellip;]<\/p>\n","protected":false},"author":1,"featured_media":0,"parent":0,"menu_order":166,"comment_status":"closed","ping_status":"closed","template":"","meta":{"give_campaign_id":0,"_monsterinsights_skip_tracking":false,"_monsterinsights_sitenote_active":false,"_monsterinsights_sitenote_note":"","_monsterinsights_sitenote_category":0,"footnotes":""},"class_list":["post-68862","page","type-page","status-publish","hentry"],"campaignId":"","_links":{"self":[{"href":"https:\/\/www.uckg.org\/pt\/wp-json\/wp\/v2\/pages\/68862","targetHints":{"allow":["GET"]}}],"collection":[{"href":"https:\/\/www.uckg.org\/pt\/wp-json\/wp\/v2\/pages"}],"about":[{"href":"https:\/\/www.uckg.org\/pt\/wp-json\/wp\/v2\/types\/page"}],"author":[{"embeddable":true,"href":"https:\/\/www.uckg.org\/pt\/wp-json\/wp\/v2\/users\/1"}],"replies":[{"embeddable":true,"href":"https:\/\/www.uckg.org\/pt\/wp-json\/wp\/v2\/comments?post=68862"}],"version-history":[{"count":0,"href":"https:\/\/www.uckg.org\/pt\/wp-json\/wp\/v2\/pages\/68862\/revisions"}],"wp:attachment":[{"href":"https:\/\/www.uckg.org\/pt\/wp-json\/wp\/v2\/media?parent=68862"}],"curies":[{"name":"wp","href":"https:\/\/api.w.org\/{rel}","templated":true}]}}