{"id":68675,"date":"2016-11-28T14:50:45","date_gmt":"2016-11-28T13:50:45","guid":{"rendered":"https:\/\/www.uckg.org\/pt\/?page_id=68675"},"modified":"2018-10-01T15:50:11","modified_gmt":"2018-10-01T13:50:11","slug":"ajuda-24-horas","status":"publish","type":"page","link":"https:\/\/www.uckg.org\/pt\/ajuda-24-horas\/","title":{"rendered":"Ajuda 24 Horas"},"content":{"rendered":"<p>[vc_row][vc_column][wander_title_block title=&#8221;Ajuda 24 Horas&#8221; title_size=&#8221;h2&#8243; title_align=&#8221;text-center&#8221; is_seperator=&#8221;true&#8221;][vc_column_text]<\/p>\n<p style=\"text-align: justify;\"><span style=\"color: #000000;\"><a href=\"https:\/\/www.uckg.org\/pt\/wp-content\/uploads\/2016\/11\/helpline.jpg\"><br \/>\n<img fetchpriority=\"high\" decoding=\"async\" class=\"aligncenter size-full wp-image-68876\" src=\"https:\/\/www.uckg.org\/pt\/wp-content\/uploads\/2016\/11\/helpline.jpg\" width=\"1280\" height=\"436\" alt=\"helpline\" title=\"\" srcset=\"https:\/\/www.uckg.org\/pt\/wp-content\/uploads\/2016\/11\/helpline.jpg 1280w, https:\/\/www.uckg.org\/pt\/wp-content\/uploads\/2016\/11\/helpline-300x102.jpg 300w, https:\/\/www.uckg.org\/pt\/wp-content\/uploads\/2016\/11\/helpline-768x262.jpg 768w, https:\/\/www.uckg.org\/pt\/wp-content\/uploads\/2016\/11\/helpline-1024x349.jpg 1024w, https:\/\/www.uckg.org\/pt\/wp-content\/uploads\/2016\/11\/helpline-500x170.jpg 500w\" sizes=\"(max-width: 1280px) 100vw, 1280px\" \/><\/a>N\u00e3o se desespere, conte conosco<\/span><\/p>\n<p style=\"text-align: justify;\"><span style=\"color: #0cb4ce;\"><strong>O que esperar da nossa Linha de Atendimento 24 Horas?<\/strong><\/span><\/p>\n<p style=\"text-align: justify;\"><span style=\"color: #000000;\">Uma voz amiga do outro lado da linha estar\u00e1 pronta para ouvir os seus problemas e te aconselhar da melhor maneira poss\u00edvel. Os volunt\u00e1rios que trabalham na Linha de Atendimento 24 horas usam como base a pr\u00f3pria experi\u00eancia que adquiriram de problemas superados para te dar aconselhamento pr\u00e1tico e espiritual. <\/span><\/p>\n<p style=\"text-align: justify;\"><span style=\"color: #000000;\">Dessa forma, se voc\u00ea precisa desesperadamente falar com algu\u00e9m, n\u00e3o hesite em procurar um de nossos atendentes. Eles est\u00e3o com o cora\u00e7\u00e3o e os ouvidos aberto para te atender 24 horas por dia, 365 dias por ano.<\/span><\/p>\n<p style=\"text-align: justify;\"><span style=\"color: #000000;\">Encontre ajuda espiritual para superar:<\/span><\/p>\n<p style=\"text-align: justify;\"><em><span style=\"color: #000000;\">\u2013 Pensamentos negativos\/ desejos suicidas<\/span><\/em><\/p>\n<p style=\"text-align: justify;\"><em><span style=\"color: #000000;\">\u2013 Ataques de p\u00e2nico<\/span><\/em><\/p>\n<p style=\"text-align: justify;\"><em><span style=\"color: #000000;\">\u2013 Dores de cabe\u00e7a constantes<\/span><\/em><\/p>\n<p style=\"text-align: justify;\"><em><span style=\"color: #000000;\">\u2013 Sensa\u00e7\u00e3o do mal rondando voc\u00ea<\/span><\/em><\/p>\n<p style=\"text-align: justify;\"><em><span style=\"color: #000000;\">\u2013 Nervosismo<\/span><\/em><\/p>\n<p style=\"text-align: justify;\"><em><span style=\"color: #000000;\">\u2013 Problemas no casamento<\/span><\/em><\/p>\n<p style=\"text-align: justify;\"><em><span style=\"color: #000000;\">\u2013 Problemas financeiros<\/span><\/em><\/p>\n<p style=\"text-align: justify;\"><em><span style=\"color: #000000;\">\u2013 V\u00edcios<\/span><\/em><\/p>\n<p style=\"text-align: justify;\"><em><span style=\"color: #000000;\">\u2013 Brigas em fam\u00edlia<\/span><\/em><\/p>\n<p style=\"text-align: justify;\"><em><span style=\"color: #000000;\">\u2013 Medo da morte<\/span><\/em><\/p>\n<p style=\"text-align: justify;\"><em><span style=\"color: #000000;\">\u2013 Depress\u00e3o<\/span><\/em><\/p>\n<p style=\"text-align: justify;\"><span style=\"color: #000000;\">N\u00e3o perca tempo, ligue agora mesmo.<\/span><\/p>\n<p style=\"text-align: justify;\"><span style=\"color: #0cb4ce;\"><strong>Linha de Ajuda 24 Horas: 020 7272 1010<\/strong><\/span><\/p>\n<p>[\/vc_column_text][\/vc_column][\/vc_row]<\/p>\n","protected":false},"excerpt":{"rendered":"<p>[vc_row][vc_column][wander_title_block title=&#8221;Ajuda 24 Horas&#8221; title_size=&#8221;h2&#8243; title_align=&#8221;text-center&#8221; is_seperator=&#8221;true&#8221;][vc_column_text] N\u00e3o se desespere, conte conosco O que esperar da nossa Linha de Atendimento 24 Horas? Uma voz amiga do outro lado da linha [&hellip;]<\/p>\n","protected":false},"author":34,"featured_media":0,"parent":0,"menu_order":46,"comment_status":"closed","ping_status":"closed","template":"","meta":{"give_campaign_id":0,"_monsterinsights_skip_tracking":false,"_monsterinsights_sitenote_active":false,"_monsterinsights_sitenote_note":"","_monsterinsights_sitenote_category":0,"footnotes":""},"class_list":["post-68675","page","type-page","status-publish","hentry"],"campaignId":"","_links":{"self":[{"href":"https:\/\/www.uckg.org\/pt\/wp-json\/wp\/v2\/pages\/68675","targetHints":{"allow":["GET"]}}],"collection":[{"href":"https:\/\/www.uckg.org\/pt\/wp-json\/wp\/v2\/pages"}],"about":[{"href":"https:\/\/www.uckg.org\/pt\/wp-json\/wp\/v2\/types\/page"}],"author":[{"embeddable":true,"href":"https:\/\/www.uckg.org\/pt\/wp-json\/wp\/v2\/users\/34"}],"replies":[{"embeddable":true,"href":"https:\/\/www.uckg.org\/pt\/wp-json\/wp\/v2\/comments?post=68675"}],"version-history":[{"count":0,"href":"https:\/\/www.uckg.org\/pt\/wp-json\/wp\/v2\/pages\/68675\/revisions"}],"wp:attachment":[{"href":"https:\/\/www.uckg.org\/pt\/wp-json\/wp\/v2\/media?parent=68675"}],"curies":[{"name":"wp","href":"https:\/\/api.w.org\/{rel}","templated":true}]}}