{"id":68531,"date":"2009-08-04T15:21:55","date_gmt":"2009-08-04T15:21:55","guid":{"rendered":"http:\/\/iurd.pt\/?page_id=40"},"modified":"2022-09-08T11:21:56","modified_gmt":"2022-09-08T10:21:56","slug":"no-que-acreditamos","status":"publish","type":"page","link":"https:\/\/www.uckg.org\/pt\/no-que-acreditamos\/","title":{"rendered":"No Que Acreditamos"},"content":{"rendered":"\t\t<div data-elementor-type=\"wp-page\" data-elementor-id=\"68531\" class=\"elementor elementor-68531\" data-elementor-post-type=\"page\">\n\t\t\t\t\t\t<section class=\"elementor-section elementor-top-section elementor-element elementor-element-4166210 elementor-section-boxed elementor-section-height-default elementor-section-height-default\" data-id=\"4166210\" data-element_type=\"section\" data-e-type=\"section\">\n\t\t\t\t\t\t<div class=\"elementor-container elementor-column-gap-default\">\n\t\t\t\t\t<div class=\"elementor-column elementor-col-100 elementor-top-column elementor-element elementor-element-793649f\" data-id=\"793649f\" data-element_type=\"column\" data-e-type=\"column\">\n\t\t\t<div class=\"elementor-widget-wrap elementor-element-populated\">\n\t\t\t\t\t\t<div class=\"elementor-element elementor-element-e1f08ef elementor-widget elementor-widget-heading\" data-id=\"e1f08ef\" data-element_type=\"widget\" data-e-type=\"widget\" data-widget_type=\"heading.default\">\n\t\t\t\t<div class=\"elementor-widget-container\">\n\t\t\t\t\t<h2 class=\"elementor-heading-title elementor-size-default\">No que Acreditamos<\/h2>\t\t\t\t<\/div>\n\t\t\t\t<\/div>\n\t\t\t\t<div class=\"elementor-element elementor-element-5f35cdc elementor-widget elementor-widget-image\" data-id=\"5f35cdc\" data-element_type=\"widget\" data-e-type=\"widget\" data-widget_type=\"image.default\">\n\t\t\t\t<div class=\"elementor-widget-container\">\n\t\t\t\t\t\t\t\t\t\t\t\t\t\t\t<img decoding=\"async\" src=\"https:\/\/www.uckg.org\/pt\/wp-content\/uploads\/2022\/09\/EM-QUE-ACREDITAMOS.jpg\" title=\"\" alt=\"\" loading=\"lazy\">\t\t\t\t\t\t\t\t\t\t\t\t\t\t\t<\/div>\n\t\t\t\t<\/div>\n\t\t\t\t<div class=\"elementor-element elementor-element-9f97a9e elementor-widget elementor-widget-text-editor\" data-id=\"9f97a9e\" data-element_type=\"widget\" data-e-type=\"widget\" data-widget_type=\"text-editor.default\">\n\t\t\t\t<div class=\"elementor-widget-container\">\n\t\t\t\t\t\t\t\t\t<p class=\"p1\">* N\u00f3s acreditamos nas Escrituras do Velho e Novo Testamento em suas formas originais totalmente inspiradas por Deus e as aceitamos como a Autoridade Final para f\u00e9 e vida;<\/p><p class=\"p1\">* N\u00f3s acreditamos em um Deus que existe eternamente em tr\u00eas pessoas \u2013 Pai, Filho e Esp\u00edrito Santo;<\/p><p class=\"p1\">* N\u00f3s acreditamos que Jesus Cristo foi concebido pelo Esp\u00edrito Santo, nascido pela Virgem Maria, \u00e9 Deus e Homem verdadeiro;<\/p><p class=\"p1\">* N\u00f3s acreditamos que Deus criou o homem \u00e0 Sua imagem e semelhan\u00e7a; que o homem pecou e assim incorreu a penalidade da morte, f\u00edsica e espiritual; que todos os seres humanos herdam uma natureza pecaminosa que causa transgress\u00e3o real envolvendo culpa pessoal;<\/p><p class=\"p1\">* N\u00f3s acreditamos que o Senhor Jesus Cristo morreu pelos nossos pecados, um sacrif\u00edcio de substitui\u00e7\u00e3o de acordo com as Escrituras e que todos aqueles que acreditem nEle s\u00e3o salvos pelo derramamento do Seu sangue;<\/p><p class=\"p1\">* N\u00f3s acreditamos na ressurrei\u00e7\u00e3o do corpo do Senhor Jesus Cristo, Sua subida aos c\u00e9us e Sua vida presente como nosso Maior Sacerdote e Advogado;<\/p><p class=\"p1\">* N\u00f3s acreditamos no retorno do Senhor Jesus Cristo em gl\u00f3ria;<\/p><p class=\"p1\">* N\u00f3s acreditamos que aqueles que se arrependem de seus pecados, recebem o Senhor Jesus Cristo por f\u00e9 e jejuam por Ele s\u00e3o nascidos de novo pelo Esp\u00edrito Santo e se tornam filhos de Deus;<\/p><p class=\"p1\">* N\u00f3s acreditamos no batismo do Esp\u00edrito Santo, fortalecendo aqueles que cr\u00eaem a acompanhar d\u00e1divas sobrenaturais e em comunh\u00e3o com o Esp\u00edrito Santo;<\/p><p class=\"p1\">* N\u00f3s acreditamos nos minist\u00e9rios divinamente ordenados de ap\u00f3stolos, profetas, evangelistas, pastores e professores;<\/p><p class=\"p1\">* N\u00f3s acreditamos na ressurrei\u00e7\u00e3o do justo e do injusto, das ben\u00e7\u00e3os eternas dos redimidos, e do banimento eterno daqueles que rejeitaram a salva\u00e7\u00e3o;<\/p><p class=\"p1\">* N\u00f3s acreditamos que a a verdadeira Igreja consiste de todos aqueles que se redimiram atrav\u00e9s de Jesus Cristo e se regeneraram pelo Esp\u00edrito Santo; que a igreja local na terra deve se caracterizar dessa concep\u00e7\u00e3o de Igreja espiritual e assim renascimento e confiss\u00e3o pessoal de Cristo s\u00e3o essenciais para se participar das reuni\u00f5es da igreja;<\/p><p class=\"p1\">* N\u00f3s acreditamos que o Senhor Jesus Cristo designou duas ordenan\u00e7as: batismo em \u00e1guas e a Santa Ceia, para serem observados como atos de obedi\u00eancia e como um testemunho cont\u00ednuo dos fatos da f\u00e9 Crist\u00e3; que o batismo \u00e9 a imers\u00e3o do crente em \u00e1guas como uma refer\u00eancia ao Senhor Jesus em sepultamento e ressurrei\u00e7\u00e3o e que a Santa Ceia \u00e9 a partilha do corpo e sangue de nosso Salvador em lembran\u00e7a ao Seu sacrif\u00edcio por n\u00f3s at\u00e9 que Ele volte;<\/p><p class=\"p1\">* N\u00f3s acreditamos que a cura divina vista no Velho e Novo Testamento \u00e9 parte integrante do Evangelho;<\/p><p class=\"p1\">* N\u00f3s acreditamos que a B\u00edblia ensina que sem santidade nenhum homem pode ver Deus;<\/p><p class=\"p1\">* N\u00f3s acreditamos em santifica\u00e7\u00e3o como uma coisa definitiva, mas ainda um trabalho de gra\u00e7a progressivo, come\u00e7ando na hora do nascimento at\u00e9 o fim da vida.<\/p>\t\t\t\t\t\t\t\t<\/div>\n\t\t\t\t<\/div>\n\t\t\t\t\t<\/div>\n\t\t<\/div>\n\t\t\t\t\t<\/div>\n\t\t<\/section>\n\t\t\t\t<\/div>\n\t\t","protected":false},"excerpt":{"rendered":"<p>No que Acreditamos * N\u00f3s acreditamos nas Escrituras do Velho e Novo Testamento em suas formas originais totalmente inspiradas por Deus e as aceitamos como a Autoridade Final para f\u00e9 [&hellip;]<\/p>\n","protected":false},"author":1,"featured_media":102365,"parent":0,"menu_order":142,"comment_status":"closed","ping_status":"closed","template":"","meta":{"give_campaign_id":0,"_monsterinsights_skip_tracking":false,"_monsterinsights_sitenote_active":false,"_monsterinsights_sitenote_note":"","_monsterinsights_sitenote_category":0,"footnotes":""},"class_list":["post-68531","page","type-page","status-publish","has-post-thumbnail","hentry"],"campaignId":"","_links":{"self":[{"href":"https:\/\/www.uckg.org\/pt\/wp-json\/wp\/v2\/pages\/68531","targetHints":{"allow":["GET"]}}],"collection":[{"href":"https:\/\/www.uckg.org\/pt\/wp-json\/wp\/v2\/pages"}],"about":[{"href":"https:\/\/www.uckg.org\/pt\/wp-json\/wp\/v2\/types\/page"}],"author":[{"embeddable":true,"href":"https:\/\/www.uckg.org\/pt\/wp-json\/wp\/v2\/users\/1"}],"replies":[{"embeddable":true,"href":"https:\/\/www.uckg.org\/pt\/wp-json\/wp\/v2\/comments?post=68531"}],"version-history":[{"count":5,"href":"https:\/\/www.uckg.org\/pt\/wp-json\/wp\/v2\/pages\/68531\/revisions"}],"predecessor-version":[{"id":102389,"href":"https:\/\/www.uckg.org\/pt\/wp-json\/wp\/v2\/pages\/68531\/revisions\/102389"}],"wp:featuredmedia":[{"embeddable":true,"href":"https:\/\/www.uckg.org\/pt\/wp-json\/wp\/v2\/media\/102365"}],"wp:attachment":[{"href":"https:\/\/www.uckg.org\/pt\/wp-json\/wp\/v2\/media?parent=68531"}],"curies":[{"name":"wp","href":"https:\/\/api.w.org\/{rel}","templated":true}]}}