{"id":68530,"date":"2009-07-21T06:53:55","date_gmt":"2009-07-21T05:53:55","guid":{"rendered":"http:\/\/iurd.pt\/?page_id=10"},"modified":"2018-10-01T16:21:10","modified_gmt":"2018-10-01T14:21:10","slug":"contact","status":"publish","type":"page","link":"https:\/\/www.uckg.org\/pt\/contact\/","title":{"rendered":"Fale Conosco"},"content":{"rendered":"<p>[vc_row][vc_column][wander_title_block title=&#8221;Fale Conosco&#8221; title_size=&#8221;h2&#8243; title_align=&#8221;text-center&#8221; is_seperator=&#8221;true&#8221;][vc_wp_text]<a title=\"Fale Conosco\" href=\"https:\/\/www.uckg.org\/pt\/wp-content\/uploads\/2009\/07\/get-touch_port.jpg\" rel=\"\"><img fetchpriority=\"high\" decoding=\"async\" class=\"aligncenter size-full wp-image-69465\" src=\"https:\/\/www.uckg.org\/pt\/wp-content\/uploads\/2009\/07\/get-touch_port.jpg\" width=\"1280\" height=\"436\" alt=\"get-touch_port\" title=\"\" srcset=\"https:\/\/www.uckg.org\/pt\/wp-content\/uploads\/2009\/07\/get-touch_port.jpg 1280w, https:\/\/www.uckg.org\/pt\/wp-content\/uploads\/2009\/07\/get-touch_port-300x102.jpg 300w, https:\/\/www.uckg.org\/pt\/wp-content\/uploads\/2009\/07\/get-touch_port-768x262.jpg 768w, https:\/\/www.uckg.org\/pt\/wp-content\/uploads\/2009\/07\/get-touch_port-1024x349.jpg 1024w, https:\/\/www.uckg.org\/pt\/wp-content\/uploads\/2009\/07\/get-touch_port-500x170.jpg 500w\" sizes=\"(max-width: 1280px) 100vw, 1280px\" \/><\/a>[\/vc_wp_text][vc_column_text]Suas perguntas e coment\u00e1rios s\u00e3o importantes para n\u00f3s. Envie-nos um email utilizando o formul\u00e1rio abaixo e entraremos em contato assim que poss\u00edvel.<\/p>\n<p>&nbsp;<\/p>\n<p><strong>N\u00f3s ouvimos, compreendemos e aconselhamos!<\/strong><\/p>\n\n<div class=\"wpcf7 no-js\" id=\"wpcf7-f63646-o1\" lang=\"en-US\" dir=\"ltr\" data-wpcf7-id=\"63646\">\n<div class=\"screen-reader-response\"><p role=\"status\" aria-live=\"polite\" aria-atomic=\"true\"><\/p> <ul><\/ul><\/div>\n<form action=\"\/pt\/wp-json\/wp\/v2\/pages\/68530#wpcf7-f63646-o1\" method=\"post\" class=\"wpcf7-form init\" aria-label=\"Contact form\" novalidate=\"novalidate\" data-status=\"init\">\n<fieldset class=\"hidden-fields-container\"><input type=\"hidden\" name=\"_wpcf7\" value=\"63646\" \/><input type=\"hidden\" name=\"_wpcf7_version\" value=\"6.1.5\" \/><input type=\"hidden\" name=\"_wpcf7_locale\" value=\"en_US\" \/><input type=\"hidden\" name=\"_wpcf7_unit_tag\" value=\"wpcf7-f63646-o1\" \/><input type=\"hidden\" name=\"_wpcf7_container_post\" value=\"0\" \/><input type=\"hidden\" name=\"_wpcf7_posted_data_hash\" value=\"\" \/>\n<\/fieldset>\n<p>Nome (requerido)\n<\/p>\n<p><span class=\"wpcf7-form-control-wrap\" data-name=\"your-name\"><input size=\"40\" maxlength=\"400\" class=\"wpcf7-form-control wpcf7-text wpcf7-validates-as-required\" aria-required=\"true\" aria-invalid=\"false\" value=\"\" type=\"text\" name=\"your-name\" \/><\/span>\n<\/p>\n<p>Email (requerido)\n<\/p>\n<p><span class=\"wpcf7-form-control-wrap\" data-name=\"your-email\"><input size=\"40\" maxlength=\"400\" class=\"wpcf7-form-control wpcf7-email wpcf7-validates-as-required wpcf7-text wpcf7-validates-as-email\" aria-required=\"true\" aria-invalid=\"false\" value=\"\" type=\"email\" name=\"your-email\" \/><\/span>\n<\/p>\n<p>Assunto\n<\/p>\n<p><span class=\"wpcf7-form-control-wrap\" data-name=\"assunto\"><select class=\"wpcf7-form-control wpcf7-select wpcf7-validates-as-required\" aria-required=\"true\" aria-invalid=\"false\" name=\"assunto\"><option value=\"\">Selecione sua consulta<\/option><option value=\"Vida Espiritual\">Vida Espiritual<\/option><option value=\"Fam\u00edlia\">Fam\u00edlia<\/option><option value=\"Vida sentimental\">Vida sentimental<\/option><option value=\"Sa\u00fade\">Sa\u00fade<\/option><option value=\"Financeiro\">Financeiro<\/option><option value=\"Outro\">Outro<\/option><\/select><\/span>\n<\/p>\n<p>Sua Mensagem\n<\/p>\n<p><span class=\"wpcf7-form-control-wrap\" data-name=\"your-message\"><textarea cols=\"40\" rows=\"10\" maxlength=\"2000\" class=\"wpcf7-form-control wpcf7-textarea\" aria-invalid=\"false\" name=\"your-message\"><\/textarea><\/span>\n<\/p>\n<p><input class=\"wpcf7-form-control wpcf7-submit has-spinner\" type=\"submit\" value=\"Enviar\" \/>\n<\/p><p style=\"display: none !important;\" class=\"akismet-fields-container\" data-prefix=\"_wpcf7_ak_\"><label>&#916;<textarea name=\"_wpcf7_ak_hp_textarea\" cols=\"45\" rows=\"8\" maxlength=\"100\"><\/textarea><\/label><input type=\"hidden\" id=\"ak_js_1\" name=\"_wpcf7_ak_js\" value=\"242\"\/><script>document.getElementById( \"ak_js_1\" ).setAttribute( \"value\", ( new Date() ).getTime() );<\/script><\/p><div class=\"wpcf7-response-output\" aria-hidden=\"true\"><\/div>\n<\/form>\n<\/div>\n\n<p><strong>UTILIZE ESTE FORMUL\u00c1RIO PARA NOS CONTACTAR<\/strong><\/p>\n<p>Se preferir, voc\u00ea tamb\u00e9m pode ligar para nossa Linha de Ajuda 24h: 020 7272 1010, ou nos enviar um email diretamente para <span style=\"text-decoration: underline; color: #0cb4ce;\"><a style=\"color: #0cb4ce; text-decoration: underline;\" href=\"&#x6d;&#x61;&#x69;&#108;to:&#x69;&#x6e;&#x66;&#111;&#64;uc&#x6b;&#x67;&#x2e;&#111;rg\">&#105;&#x6e;f&#x6f;&#64;&#x75;c&#107;&#x67;&#46;&#x6f;r&#x67;<\/a><\/span>.<\/p>\n<p><strong>Sede<\/strong><\/p>\n<p>Teatro Rainbow<br \/>\n232 Seven Sisters Road<br \/>\nFinsbury Park, London<br \/>\nN4 3NX[\/vc_column_text][\/vc_column][\/vc_row]<\/p>\n","protected":false},"excerpt":{"rendered":"<p>[vc_row][vc_column][wander_title_block title=&#8221;Fale Conosco&#8221; title_size=&#8221;h2&#8243; title_align=&#8221;text-center&#8221; is_seperator=&#8221;true&#8221;][vc_wp_text][\/vc_wp_text][vc_column_text]Suas perguntas e coment\u00e1rios s\u00e3o importantes para n\u00f3s. Envie-nos um email utilizando o formul\u00e1rio abaixo e entraremos em contato assim que poss\u00edvel. &nbsp; N\u00f3s ouvimos, [&hellip;]<\/p>\n","protected":false},"author":1,"featured_media":0,"parent":0,"menu_order":102,"comment_status":"closed","ping_status":"closed","template":"","meta":{"give_campaign_id":0,"_monsterinsights_skip_tracking":false,"_monsterinsights_sitenote_active":false,"_monsterinsights_sitenote_note":"","_monsterinsights_sitenote_category":0,"footnotes":""},"class_list":["post-68530","page","type-page","status-publish","hentry"],"campaignId":"","_links":{"self":[{"href":"https:\/\/www.uckg.org\/pt\/wp-json\/wp\/v2\/pages\/68530","targetHints":{"allow":["GET"]}}],"collection":[{"href":"https:\/\/www.uckg.org\/pt\/wp-json\/wp\/v2\/pages"}],"about":[{"href":"https:\/\/www.uckg.org\/pt\/wp-json\/wp\/v2\/types\/page"}],"author":[{"embeddable":true,"href":"https:\/\/www.uckg.org\/pt\/wp-json\/wp\/v2\/users\/1"}],"replies":[{"embeddable":true,"href":"https:\/\/www.uckg.org\/pt\/wp-json\/wp\/v2\/comments?post=68530"}],"version-history":[{"count":1,"href":"https:\/\/www.uckg.org\/pt\/wp-json\/wp\/v2\/pages\/68530\/revisions"}],"predecessor-version":[{"id":90188,"href":"https:\/\/www.uckg.org\/pt\/wp-json\/wp\/v2\/pages\/68530\/revisions\/90188"}],"wp:attachment":[{"href":"https:\/\/www.uckg.org\/pt\/wp-json\/wp\/v2\/media?parent=68530"}],"curies":[{"name":"wp","href":"https:\/\/api.w.org\/{rel}","templated":true}]}}