{"id":63413,"date":"2015-11-23T17:36:52","date_gmt":"2015-11-23T17:36:52","guid":{"rendered":"http:\/\/www.uckg.org\/pt\/?page_id=63413"},"modified":"2015-11-23T17:36:52","modified_gmt":"2015-11-23T17:36:52","slug":"o-que-e-a-fogueira-santa","status":"publish","type":"page","link":"https:\/\/www.uckg.org\/pt\/o-que-e-a-fogueira-santa\/","title":{"rendered":"O QUE \u00c9 A FOGUEIRA SANTA?"},"content":{"rendered":"<p><iframe width=\"827\" height=\"382\" src=\"https:\/\/www.youtube.com\/embed\/jzmYBmgkYfE\" frameborder=\"0\" allowfullscreen><\/iframe><\/p>\n<p>A Fogueira Santa surgiu para aqueles que creem que nada \u00e9 imposs\u00edvel; que creem nas promessas de Deus, e por isso lutam para ser um vencedor neste mundo.<\/p>\n<p>O Centro de Ajuda realiza esse prop\u00f3sito especial, geralmente duas vezes ao ano, com o objetivo de fazer as pessoas terem a vida transformada em todas as \u00e1reas da vida.<\/p>\n<p>Bispos e pastores do mundo todo re\u00fanem os pedidos feitos pelo povo e os levam a lugares sagrados, cen\u00e1rios b\u00edblicos das grandes manifesta\u00e7\u00f5es do poder do Alt\u00edssimo na vida do povo de Israel. Os pedidos, queimados \u2013 da\u00ed o nome de Fogueira Santa \u2013, ser\u00e3o apresentados a Deus. Porque assim como no passado Israel alcan\u00e7ou Suas grandes maravilhas, o mesmo tem ocorrido nos dias atuais na vida de todos os que creem, por meio da Fogueira Santa.<\/p>\n<p>Esse prop\u00f3sito de f\u00e9 n\u00e3o se trata de uma mudan\u00e7a ou uma melhora de vida, apenas, mas uma transforma\u00e7\u00e3o radical em todos os sentidos. Isso porque a pessoa pode chegar aonde jamais imaginou e alcan\u00e7ar a t\u00e3o esperada realiza\u00e7\u00e3o dos sonhos por meio da f\u00e9, determina\u00e7\u00e3o e sacrif\u00edcio.<\/p>\n<p>Durante o per\u00edodo da campanha, quem participa concretiza a f\u00e9, aplicando toda a for\u00e7a em oferecer a Deus um excelente sacrif\u00edcio \u2013 tanto espiritual como material \u2013, para que, da mesma forma, haja a manifesta\u00e7\u00e3o das promessas Divinas em sua vida.<\/p>\n<p>Assim como algu\u00e9m se sacrifica para ser um profissional bem-sucedido, quem almeja fazer a diferen\u00e7a em todas as \u00e1reas da vida tamb\u00e9m deve sacrificar-se.<\/p>\n<p>A Fogueira Santa \u00e9 para as pessoas dispostas a fazer o verdadeiro sacrif\u00edcio, entregando a Deus a vida por inteiro. \u00c9 uma troca. Deus nos d\u00e1 a Sua plenitude, e n\u00f3s O entregamos tudo o que somos. Em outras palavras, somos o pr\u00f3prio sacrif\u00edcio.<\/p>\n<p>Se voc\u00ea n\u00e3o aceita continuar vivendo da mesma forma h\u00e1 anos, sem nenhum sinal de mudan\u00e7a, mas quer tomar uma atitude em rela\u00e7\u00e3o ao momento em que est\u00e1 vivendo, requerendo as promessas que Ele promete em Sua Palavra, ent\u00e3o a Fogueira Santa \u00e9 para voc\u00ea.<\/p>\n<p>Independentemente de sua religi\u00e3o ou credo, manifeste a f\u00e9 no \u00danico que \u00e9 capaz de transformar a sua vida por inteiro!<\/p>\n","protected":false},"excerpt":{"rendered":"<p>A Fogueira Santa surgiu para aqueles que creem que nada \u00e9 imposs\u00edvel; que creem nas promessas de Deus, e por isso lutam para ser um vencedor neste mundo. O Centro [&hellip;]<\/p>\n","protected":false},"author":1,"featured_media":0,"parent":0,"menu_order":152,"comment_status":"closed","ping_status":"closed","template":"","meta":{"give_campaign_id":0,"_monsterinsights_skip_tracking":false,"_monsterinsights_sitenote_active":false,"_monsterinsights_sitenote_note":"","_monsterinsights_sitenote_category":0,"footnotes":""},"class_list":["post-63413","page","type-page","status-publish","hentry"],"campaignId":"","_links":{"self":[{"href":"https:\/\/www.uckg.org\/pt\/wp-json\/wp\/v2\/pages\/63413","targetHints":{"allow":["GET"]}}],"collection":[{"href":"https:\/\/www.uckg.org\/pt\/wp-json\/wp\/v2\/pages"}],"about":[{"href":"https:\/\/www.uckg.org\/pt\/wp-json\/wp\/v2\/types\/page"}],"author":[{"embeddable":true,"href":"https:\/\/www.uckg.org\/pt\/wp-json\/wp\/v2\/users\/1"}],"replies":[{"embeddable":true,"href":"https:\/\/www.uckg.org\/pt\/wp-json\/wp\/v2\/comments?post=63413"}],"version-history":[{"count":0,"href":"https:\/\/www.uckg.org\/pt\/wp-json\/wp\/v2\/pages\/63413\/revisions"}],"wp:attachment":[{"href":"https:\/\/www.uckg.org\/pt\/wp-json\/wp\/v2\/media?parent=63413"}],"curies":[{"name":"wp","href":"https:\/\/api.w.org\/{rel}","templated":true}]}}