{"id":61308,"date":"2015-08-06T12:53:55","date_gmt":"2015-08-06T11:53:55","guid":{"rendered":"http:\/\/www.uckg.org\/pt\/?page_id=61308"},"modified":"2017-09-06T15:44:24","modified_gmt":"2017-09-06T13:44:24","slug":"perguntas-e-respostas","status":"publish","type":"page","link":"https:\/\/www.uckg.org\/pt\/perguntas-e-respostas\/","title":{"rendered":"Perguntas e Respostas"},"content":{"rendered":"<h1 class=\"p2\" style=\"text-align: justify;\"><span style=\"color: #3366ff;\"><b><span style=\"color: #0000ff;\"><img fetchpriority=\"high\" decoding=\"async\" class=\" size-full wp-image-61276 alignright\" src=\"http:\/\/www.uckg.org\/pt\/wp-content\/uploads\/2015\/08\/11.png\" alt=\"11\" width=\"350\" height=\"234\" title=\"\">P&amp;R<\/span><br \/>\n<\/b><\/span><\/h1>\n<p class=\"p2\" style=\"text-align: justify;\"><span class=\"s1\" style=\"color: #3366ff;\"><b>Por que pedir? <\/b><\/span>Porque se voc\u00ea n\u00e3o pedir, voc\u00ea nunca vai saber. Se voc\u00ea n\u00e3o pedir, voc\u00ea sempre se perguntar\u00e1. Se voc\u00ea n\u00e3o pedir, voc\u00ea n\u00e3o vai receber! Se voc\u00ea n\u00e3o perguntar, a resposta sempre ser\u00e1, n\u00e3o.<\/p>\n<p class=\"p2\" style=\"text-align: justify;\">Acreditamos que as pessoas devem viver uma vida plena e realizada e esta habilidade \u00e9 uma das habilidades fundamentais.<\/p>\n<p style=\"text-align: justify;\"><span class=\"s1\"><b><span style=\"color: #3366ff;\">&#8211;<\/span> <span style=\"color: #3366ff;\">Para quem \u00e9?<br \/>\n<\/span><\/b><\/span>Para qualquer um que &#8230;<br \/>\n<strong>&#8211;\u00a0<\/strong>Quer melhorar a sua vida;<br \/>\n<strong>&#8211;\u00a0<\/strong>Sente que a sua vida \u00e9 incompleta;<br \/>\n<strong>&#8211;\u00a0<\/strong>Est\u00e1 cansado de pedir e n\u00e3o ter nenhuma resposta;<br \/>\n<strong>&#8211;\u00a0<\/strong>Cujos sonhos nunca parecem se tornar realidade;<br \/>\n<strong>&#8211;\u00a0<\/strong>Precisam que novas portas se abram.<\/p>\n<p class=\"p2\" style=\"text-align: justify;\"><span class=\"s1\" style=\"color: #3366ff;\"><b>Quando?<br \/>\n<\/b><\/span>O <b>evento ASK <\/b>vai acontecer no dia <b>27 de Setembro<\/b>. Ser\u00e1 \u00e0s <b>15h.<\/b><\/p>\n<p class=\"p2\" style=\"text-align: justify;\"><span class=\"s1\" style=\"color: #3366ff;\"><b>Onde?<br \/>\n<\/b><\/span>Arena Copper Box<br \/>\nQueen Elizabeth Olympic Park,<br \/>\nLondres, E20 3HB<\/p>\n<p class=\"p6\" style=\"text-align: justify;\"><span style=\"color: #3366ff;\"><b>Quanto \u00e9 que ir\u00e1 custar?<br \/>\n<\/b><\/span>Nada. Mas n\u00f3s n\u00e3o estamos prometendo uma mudan\u00e7a sem esfor\u00e7o. Este evento \u00e9 gratuito, mas, se voc\u00ea quer ver os resultados, voc\u00ea ter\u00e1 que fazer a sua parte.<\/p>\n<p class=\"p6\" style=\"text-align: justify;\"><img decoding=\"async\" class=\"aligncenter size-full wp-image-62119\" src=\"http:\/\/www.uckg.org\/pt\/wp-content\/uploads\/2015\/08\/221.png\" alt=\"22\" width=\"882\" height=\"86\" title=\"\"><\/p>\n<p class=\"p6\" style=\"text-align: justify;\"><strong><a href=\"http:\/\/www.uckg.org\/pt\/?p=61254\" title=\"Perguntas e Respostas\" rel=\"\">&lt;&lt; Voltar para\u00a0p\u00e1gina<\/a><\/strong><\/p>\n","protected":false},"excerpt":{"rendered":"<p>P&amp;R Por que pedir? Porque se voc\u00ea n\u00e3o pedir, voc\u00ea nunca vai saber. Se voc\u00ea n\u00e3o pedir, voc\u00ea sempre se perguntar\u00e1. Se voc\u00ea n\u00e3o pedir, voc\u00ea n\u00e3o vai receber! Se [&hellip;]<\/p>\n","protected":false},"author":1,"featured_media":0,"parent":0,"menu_order":156,"comment_status":"open","ping_status":"open","template":"","meta":{"give_campaign_id":0,"_monsterinsights_skip_tracking":false,"_monsterinsights_sitenote_active":false,"_monsterinsights_sitenote_note":"","_monsterinsights_sitenote_category":0,"footnotes":""},"class_list":["post-61308","page","type-page","status-publish","hentry"],"campaignId":"","_links":{"self":[{"href":"https:\/\/www.uckg.org\/pt\/wp-json\/wp\/v2\/pages\/61308","targetHints":{"allow":["GET"]}}],"collection":[{"href":"https:\/\/www.uckg.org\/pt\/wp-json\/wp\/v2\/pages"}],"about":[{"href":"https:\/\/www.uckg.org\/pt\/wp-json\/wp\/v2\/types\/page"}],"author":[{"embeddable":true,"href":"https:\/\/www.uckg.org\/pt\/wp-json\/wp\/v2\/users\/1"}],"replies":[{"embeddable":true,"href":"https:\/\/www.uckg.org\/pt\/wp-json\/wp\/v2\/comments?post=61308"}],"version-history":[{"count":0,"href":"https:\/\/www.uckg.org\/pt\/wp-json\/wp\/v2\/pages\/61308\/revisions"}],"wp:attachment":[{"href":"https:\/\/www.uckg.org\/pt\/wp-json\/wp\/v2\/media?parent=61308"}],"curies":[{"name":"wp","href":"https:\/\/api.w.org\/{rel}","templated":true}]}}