{"id":57648,"date":"2015-05-11T17:18:18","date_gmt":"2015-05-11T16:18:18","guid":{"rendered":"http:\/\/www.uckg.org\/pt\/?page_id=57648"},"modified":"2023-08-15T18:34:21","modified_gmt":"2023-08-15T17:34:21","slug":"enderecos","status":"publish","type":"page","link":"https:\/\/www.uckg.org\/pt\/enderecos\/","title":{"rendered":"Endere\u00e7os"},"content":{"rendered":"<h3>Endere\u00e7os<\/h3>\n<p><img fetchpriority=\"high\" decoding=\"async\" class=\"aligncenter size-full wp-image-57649\" src=\"https:\/\/www.uckg.org\/pt\/wp-content\/uploads\/2017\/01\/fpk.png\" alt=\"fpk\" width=\"878\" height=\"413\" title=\"\"><\/p>\n<table border=\"0\" width=\"679\">\n<tbody>\n<tr>\n<td valign=\"top\" width=\"220\"><span style=\"color: #0cb4ce;\"><strong>Sede Nacional:<\/strong><\/span><br \/>\n<span style=\"color: #000000;\">Teatro Rainbow,<\/span><br \/>\n<span style=\"color: #000000;\"> 232 Seven Sisters Road,<\/span><br \/>\n<span style=\"color: #000000;\"> Finsbury Park, Londres,<\/span><br \/>\n<span style=\"color: #000000;\"> N4 3NX<\/span><a href=\"http:\/\/maps.google.co.uk\/maps?q=232 Seven Sisters Road,\u00a0London N4 3NX&amp;hl=en&amp;ie=UTF8&amp;ll=51.562985,-0.107718&amp;spn=0.021983,0.079737&amp;sll=51.562954,-0.107829&amp;sspn=0.000857,0.001955&amp;z=14&amp;vpsrc=0&amp;layer=c&amp;cbll=51.562991,-0.107691&amp;panoid=BgBiLknL4DJNb-_0TbYrAw&amp;cbp=11,246.36,,0,-12.5\" target=\"_blank\" rel=\"noopener\"><span style=\"color: #993300;\" data-mce-mark=\"1\"><strong><br \/>\n<span style=\"text-decoration: underline; color: #0cb4ce;\">Veja o mapa<\/span><\/strong><\/span><\/a><\/td>\n<td width=\"10\"><\/td>\n<td valign=\"top\" width=\"250\"><span style=\"color: #0cb4ce;\"><strong>Reuni\u00f5es em Ingl\u00eas:<\/strong><\/span><br \/>\n<span style=\"color: #000000;\"><strong>Segunda \u00e0 Sexta:<\/strong> 7am, 10am, 3pm &amp; 7.30pm<br \/>\n<strong>Quinta-feira:<br \/>\n<\/strong>8pm (Love Therapy)<\/span><br \/>\n<span style=\"color: #000000;\"><strong>S\u00e1bado:<\/strong><\/span> <span style=\"color: #000000;\">7am, 10am <em>(Batalh\u00e3o)<\/em>, 3pm\u00a0<\/span><br \/>\n<span style=\"color: #000000;\"><strong>Domingo:\u00a0<\/strong>7.30am, 10am &amp; 4pm <em>(Addiction Cleansing Therapy)<\/em><\/span><br \/>\n<span style=\"color: #000000;\"><br \/>\n<\/span><strong><span style=\"color: #d93838;\"><span style=\"color: #0cb4ce;\">Reuni\u00f5es em Portugu\u00eas:<\/span><br \/>\n<\/span><\/strong><span style=\"color: #000000;\"><strong>Segunda \u00e0 Sexta: <\/strong>10am, 12pm, 3pm &amp; 7.30pm<strong><br \/>\nQuinta-feira:<br \/>\n<\/strong>8pm <em>(Terapia do Amor)<\/em><strong><br \/>\n<\/strong><\/span><strong style=\"font-family: inherit; font-size: inherit; line-height: 1.5;\"><span style=\"color: #000000;\">S\u00e1bado:\u00a0<\/span><\/strong><span style=\"color: #000000;\">10am<em>\u00a0(Batalh\u00e3o)<\/em><\/span><span style=\"color: #000000;\"> <em>&amp;<\/em><br \/>\n7am (<\/span><span style=\"color: #000000;\"><em>Jejum das Causas Imposs\u00edveis)<\/em><em><br \/>\n<\/em><\/span><strong style=\"font-family: inherit; font-size: inherit; line-height: 1.5;\"><span style=\"color: #000000;\">Domingo:<\/span> <\/strong><span style=\"color: #000000;\">7.30am 10am<em>\u00a0<\/em><\/span><span style=\"color: #000000;\">&amp; 6pm<br \/>\n<em>3pm (Vida a Cores)<\/em><br \/>\n<\/span><strong><span style=\"color: #d93838;\"><br \/>\n<span style=\"color: #0cb4ce;\">Reuni\u00f5es em Espanhol:<\/span><br \/>\n<\/span><\/strong><strong style=\"font-family: inherit; font-size: inherit; line-height: 1.5;\"><span style=\"color: #000000;\">Seg, Qua, Sex:<\/span> <\/strong><span style=\"color: #000000;\">7am, 12pm4.30pm &amp; 7.30pm<br \/>\n<\/span><strong style=\"font-family: inherit; font-size: inherit; line-height: 1.5;\"><span style=\"color: #000000;\"><strong>Domingo:<\/strong><\/span>\u00a0<\/strong>8.30am &amp;<strong style=\"font-family: inherit; font-size: inherit; line-height: 1.5;\">\u00a0<\/strong><span style=\"color: #000000;\">12pm<\/span><\/td>\n<\/tr>\n<\/tbody>\n<\/table>\n<h3><span style=\"color: #0cb4ce;\">Outras Localiza\u00e7\u00f5es:<\/span><\/h3>\n\n<h1><a href=\"https:\/\/www.uckg.org\/pt\/worldwide-addresses\/\" target=\"_blank\" rel=\"noopener\"><img decoding=\"async\" class=\"aligncenter size-full wp-image-62235\" src=\"https:\/\/www.uckg.org\/pt\/wp-content\/uploads\/2017\/01\/endereco.png\" alt=\"endereco\" width=\"882\" height=\"73\" title=\"\"><\/a><\/h1>\n","protected":false},"excerpt":{"rendered":"<p>Endere\u00e7os Sede Nacional: Teatro Rainbow, 232 Seven Sisters Road, Finsbury Park, Londres, N4 3NX Veja o mapa Reuni\u00f5es em Ingl\u00eas: Segunda \u00e0 Sexta: 7am, 10am, 3pm &amp; 7.30pm Quinta-feira: 8pm [&hellip;]<\/p>\n","protected":false},"author":1,"featured_media":0,"parent":0,"menu_order":93,"comment_status":"open","ping_status":"open","template":"","meta":{"give_campaign_id":0,"_monsterinsights_skip_tracking":false,"_monsterinsights_sitenote_active":false,"_monsterinsights_sitenote_note":"","_monsterinsights_sitenote_category":0,"footnotes":""},"class_list":["post-57648","page","type-page","status-publish","hentry"],"campaignId":"","_links":{"self":[{"href":"https:\/\/www.uckg.org\/pt\/wp-json\/wp\/v2\/pages\/57648","targetHints":{"allow":["GET"]}}],"collection":[{"href":"https:\/\/www.uckg.org\/pt\/wp-json\/wp\/v2\/pages"}],"about":[{"href":"https:\/\/www.uckg.org\/pt\/wp-json\/wp\/v2\/types\/page"}],"author":[{"embeddable":true,"href":"https:\/\/www.uckg.org\/pt\/wp-json\/wp\/v2\/users\/1"}],"replies":[{"embeddable":true,"href":"https:\/\/www.uckg.org\/pt\/wp-json\/wp\/v2\/comments?post=57648"}],"version-history":[{"count":2,"href":"https:\/\/www.uckg.org\/pt\/wp-json\/wp\/v2\/pages\/57648\/revisions"}],"predecessor-version":[{"id":108157,"href":"https:\/\/www.uckg.org\/pt\/wp-json\/wp\/v2\/pages\/57648\/revisions\/108157"}],"wp:attachment":[{"href":"https:\/\/www.uckg.org\/pt\/wp-json\/wp\/v2\/media?parent=57648"}],"curies":[{"name":"wp","href":"https:\/\/api.w.org\/{rel}","templated":true}]}}