{"id":41234,"date":"2012-04-03T12:13:25","date_gmt":"2012-04-03T11:13:25","guid":{"rendered":"http:\/\/www.uckg.org\/pt\/?page_id=41234"},"modified":"2012-04-03T12:13:25","modified_gmt":"2012-04-03T11:13:25","slug":"dicas-de-como-ganhar-almas-para-pessoas-ocupadas","status":"publish","type":"page","link":"https:\/\/www.uckg.org\/pt\/dicas-de-como-ganhar-almas-para-pessoas-ocupadas\/","title":{"rendered":"Dicas de como ganhar almas para pessoas ocupadas"},"content":{"rendered":"<p><img decoding=\"async\" class=\"alignright\" style=\"margin-left: 15px;\" alt=\"\" src=\"http:\/\/www.uckg.org\/uk\/wp-content\/uploads\/2012\/03\/hands.png\" width=\"220\" height=\"220\" title=\"\">&#8220;N\u00e3o tenho tempo para evangelizar. Tenho muito trabalho a fazer&#8230;\u201d \u201cGostaria de me dedicar a ganhar almas, mas n\u00e3o disponho de tempo&#8230;\u201d \u201cQueria poder fazer mais, mas n\u00e3o encontro tempo para evangelizar&#8230;&#8221; Estas frases lhe soam familiar?<\/p>\n<p>&nbsp;<\/p>\n<p>Caso a resposta seja afirmativa voc\u00ea \u00e9 mais um daqueles que est\u00e3o super ocupados no momento. Voc\u00ea tem os afazeres da casa, um marido (mulher) e filhos para cuidar, um trabalho que lhe exige tanta dedica\u00e7\u00e3o, que muitas vezes, o obriga a fazer horas extras a fim de cumprir sua agenda, e al\u00e9m disso tudo tamb\u00e9m procura freq\u00fcentar regularmente a igreja. Voc\u00ea tem tanta coisa para fazer em t\u00e3o pouco tempo que parece imposs\u00edvel arranjar um tempinho a mais para ganhar almas para Deus, n\u00e3o \u00e9 mesmo?<\/p>\n<p>&nbsp;<\/p>\n<p>Mas, apesar disso um pensamento insiste em povoar a sua mente: &#8220;Voc\u00ea pode fazer mais, deveria estar fazendo a sua parte para o Reino de Deus,\u201d e ainda assim voc\u00ea n\u00e3o consegue encaixar isso dentro de sua rotina di\u00e1ria. Bem, este artigo n\u00e3o \u00e9 destinado a ajud\u00e1-lo a organizar o seu tempo. In\u00fameros livros e artigos j\u00e1 foram escritos a este respeito, e n\u00f3s n\u00e3o queremos ser mais um. O objetivo aqui \u00e9 mostrar como voc\u00ea pode ganhar almas, ainda que a sua agenda seja lotada. Vamos mostrar aqui que independentemente de voc\u00ea ser um empregado, dono de um neg\u00f3cio, uma m\u00e3e repleta de afazeres dom\u00e9sticos ou um jovem que est\u00e1 estudando para entrar na universidade, voc\u00ea pode aplicar as dicas a seguir em seu dia a dia e cumprir uma das principais raz\u00f5es pelas quais Deus o salvou: para que tamb\u00e9m possa salvar outras almas.<\/p>\n<p>&nbsp;<\/p>\n<ol>\n<li>Se voc\u00ea faz uso do transporte p\u00fablico para trabalhar ou estudar, uma boa id\u00e9ia \u00e9 inserir folhetos da Igreja dentro de jornais como o Metro. Como Milhares de pessoas l\u00eaem esse exemplar diariamente, sucessivamente elas ir\u00e3o ver o folheto que voc\u00ea colocou ali tamb\u00e9m.<\/li>\n<\/ol>\n<p>&nbsp;<\/p>\n<ol>\n<li>J\u00e1 se voc\u00ea usa seu autom\u00f3vel para ir trabalhar, eis aqui mais uma dica: quando estiver parado no tr\u00e2nsito e algum vendedor de flores, jornais, etc, se aproximar de voc\u00ea, abaixe o vidro e seja cordial com essa pessoa. No final do bate papo r\u00e1pido, entregue-lhe um folheto convidando-o a conhecer a Deus. Al\u00e9m de estar ganhando almas, esse ato vai ajud\u00e1-lo a enfrentar as longas horas no tr\u00e2nsito com mais disposi\u00e7\u00e3o.<\/li>\n<\/ol>\n<p>&nbsp;<\/p>\n<p>3. Se o seu caso \u00e9 o de ir \u00e0 escola ou ao trabalho a p\u00e9, saia de casa 15 minutos mais cedo e coloque alguns panfletos embaixo da porta de algumas casas. Voc\u00ea pode ainda &#8220;adotar&#8221; uma rua ou algumas casas e orar pelas pessoas que moram ali. Dessa forma, cada vez que temos um folheto novo na igreja, voc\u00ea pode post\u00e1-lo nessas casas.<\/p>\n<p>&nbsp;<\/p>\n<p>4. Al\u00e9m disso, se voc\u00ea passar por alguma loja pelo caminho, pode aproveitar para entrar na mesma e pedir permiss\u00e3o ao propriet\u00e1rio para colocar n\u00e3o somente os folhetos em seu estabelecimento comercial, como tamb\u00e9m cartazes que muitas vezes temos na Igreja.<\/p>\n<p>&nbsp;<\/p>\n<p>5. No tocante ao seu local de trabalho, n\u00f3s n\u00e3o o encorajamos a evangelizar ali, pois este \u00e9 um ambiente onde voc\u00ea est\u00e1 sendo pago para desenvolver suas tarefas profissionais. No entanto, h\u00e1 algo que voc\u00ea pode fazer ali que n\u00e3o ir\u00e1 prejudicar o seu desempenho no trabalho. Comece a orar por cinco colegas que voc\u00ea gostaria de ajudar a conhecer a Deus. Escolha pessoas que t\u00eam problemas. Ao orar diariamente por elas, as mesmas se tornar\u00e3o automaticamente de grande import\u00e2ncia \u00e0 voc\u00ea, e quando aparecer uma oportunidade para convid\u00e1-las para uma reuni\u00e3o, voc\u00ea estar\u00e1 pronto para faz\u00ea-lo sem titubear. Temos ouvido falar de muitos casos em que membros da igreja foram abordados por colegas de trabalho e se tornaram ass\u00edduos na Igreja.<\/p>\n<p>&nbsp;<\/p>\n<p>6. N\u00e3o se esque\u00e7a de usar suas habilidades para ganhar almas tamb\u00e9m atrav\u00e9s da tela do seu computador. J\u00e1 que uma imagem diz mais que mil palavras, uma boa id\u00e9ia \u00e9 usar a sua tela para evangelizar, atrav\u00e9s de um an\u00fancio dos muitos servi\u00e7os oferecidos pelo Centro de Ajuda. Dessa forma, quando seus colegas passarem diante da sua mesa, eles poder\u00e3o visualizar o an\u00fancio, e quem sabe, se identificar com o que est\u00e3o vendo ali.<\/p>\n<p>&nbsp;<\/p>\n<p>Tenha em mente que Deus conhece todas as tarefas que voc\u00ea tem que realizar no seu dia a dia. No entanto, se voc\u00ea ainda assim se empenhar em ganhar almas, Ele ir\u00e1 ajud\u00e1-lo a conseguir lidar com todos os seus afazeres de uma forma mais f\u00e1cil e prazerosa. Deus cuida de quem cuida das almas. Experimente e comprove!<\/p>\n","protected":false},"excerpt":{"rendered":"<p>&#8220;N\u00e3o tenho tempo para evangelizar. Tenho muito trabalho a fazer&#8230;\u201d \u201cGostaria de me dedicar a ganhar almas, mas n\u00e3o disponho de tempo&#8230;\u201d \u201cQueria poder fazer mais, mas n\u00e3o encontro tempo [&hellip;]<\/p>\n","protected":false},"author":1,"featured_media":0,"parent":0,"menu_order":72,"comment_status":"open","ping_status":"open","template":"","meta":{"give_campaign_id":0,"_monsterinsights_skip_tracking":false,"_monsterinsights_sitenote_active":false,"_monsterinsights_sitenote_note":"","_monsterinsights_sitenote_category":0,"footnotes":""},"class_list":["post-41234","page","type-page","status-publish","hentry"],"campaignId":"","_links":{"self":[{"href":"https:\/\/www.uckg.org\/pt\/wp-json\/wp\/v2\/pages\/41234","targetHints":{"allow":["GET"]}}],"collection":[{"href":"https:\/\/www.uckg.org\/pt\/wp-json\/wp\/v2\/pages"}],"about":[{"href":"https:\/\/www.uckg.org\/pt\/wp-json\/wp\/v2\/types\/page"}],"author":[{"embeddable":true,"href":"https:\/\/www.uckg.org\/pt\/wp-json\/wp\/v2\/users\/1"}],"replies":[{"embeddable":true,"href":"https:\/\/www.uckg.org\/pt\/wp-json\/wp\/v2\/comments?post=41234"}],"version-history":[{"count":0,"href":"https:\/\/www.uckg.org\/pt\/wp-json\/wp\/v2\/pages\/41234\/revisions"}],"wp:attachment":[{"href":"https:\/\/www.uckg.org\/pt\/wp-json\/wp\/v2\/media?parent=41234"}],"curies":[{"name":"wp","href":"https:\/\/api.w.org\/{rel}","templated":true}]}}