{"id":38,"date":"2009-08-04T15:19:49","date_gmt":"2009-08-04T15:19:49","guid":{"rendered":"http:\/\/iurd.pt\/?page_id=38"},"modified":"2009-08-04T15:19:49","modified_gmt":"2009-08-04T15:19:49","slug":"bp-macedo-biography","status":"publish","type":"page","link":"https:\/\/www.uckg.org\/pt\/bp-macedo-biography\/","title":{"rendered":"BIOGRAFIA DO BP MACEDO"},"content":{"rendered":"<p style=\"text-align: justify;\"><img fetchpriority=\"high\" decoding=\"async\" class=\" wp-image-62497 alignright\" src=\"http:\/\/www.uckg.org\/pt\/wp-content\/uploads\/2009\/08\/Screen-Shot-2015-10-08-at-11.43.50.png\" alt=\"Screen Shot 2015-10-08 at 11.43.50\" width=\"299\" height=\"216\" title=\"\">O fundador da Igreja Universal do Reino de Deus, bispo Edir Macedo, 70\u00a0anos, nasceu no Rio de Janeiro. Em 1963, iniciou a carreira no funcionalismo p\u00fablico: tornou-se cont\u00ednuo na Loteria do Estado do Rio de Janeiro, a Loterj, e trabalhou no Instituto Brasileiro de Geografia e Estat\u00edstica, o IBGE, como pesquisador no censo econ\u00f4mico de 1970. Chegou a completar 16 anos de carreira como funcion\u00e1rio p\u00fablico. Deixou o cargo para se dedicar \u00e0 Obra de Deus, o que na \u00e9poca foi considerado por algumas pessoas uma loucura.<\/p>\n<p>Casado com Ester Bezerra h\u00e1 44 anos, com quem teve duas filhas, Cristiane, Viviane e Moises, filho adotivo. Edir Macedo sempre faz quest\u00e3o de falar sobre o apoio de sua esposa. Ele diz que a mulher desempenha um papel importante na fam\u00edlia. Ela educa os filhos para serem pessoas de f\u00e9, cuida do marido, da casa, enfim, vive um dia-a-dia agitado. Por\u00e9m, o diferencial da mulher de Deus \u00e9 que ela faz tudo com a dire\u00e7\u00e3o do Senhor.<\/p>\n<p>Ele tem uma vasta forma\u00e7\u00e3o acad\u00eamica: \u00e9 graduado em Teologia, pela Faculdade Evang\u00e9lica de Teologia &#8220;Semin\u00e1rio Unido&#8221;, e pela Faculdade de Educa\u00e7\u00e3o Teol\u00f3gica no Estado de S\u00e3o Paulo (Fatebom). Fez doutorado em Teologia, Filosofia Crist\u00e3 e Honoris Causa em Divindade, al\u00e9m do mestrado em Ci\u00eancias Teol\u00f3gicas na Federaci\u00f3n Evang\u00e9lica Espa\u00f1ola de Entidades Religiosas &#8220;F.E.E.D.E.R&#8221; (MADRID, ESPA\u00d1A).<\/p>\n<p>Como escritor evang\u00e9lico, Edir Macedo se destaca com mais de 10 milh\u00f5es de livros vendidos, divididos em 34 t\u00edtulos, sobressaindo-se os best-sellers &#8220;Orix\u00e1s, caboclos e guias&#8221; e &#8220;Nos Passos de Jesus&#8221;. Ambos atingiram a marca de mais de tr\u00eas milh\u00f5es de exemplares vendidos no Brasil.<\/p>\n<p>Hoje reconhecido como um dos l\u00edderes evang\u00e9licos mais conceituados no mundo, Edir Macedo j\u00e1 realizou concentra\u00e7\u00f5es evang\u00e9licas que reuniram mais de um milh\u00e3o de pessoas. Entre as v\u00e1rias obras sociais realizadas, se destaca a arrecada\u00e7\u00e3o de 700 toneladas de alimentos n\u00e3o-perec\u00edveis para as comunidades carentes, em um evento realizado no Vale do Anhangaba\u00fa, S\u00e3o Paulo.<\/p>\n<p>&nbsp;<\/p>\n<p>&nbsp;<\/p>\n<p>&nbsp;<\/p>\n","protected":false},"excerpt":{"rendered":"<p>O fundador da Igreja Universal do Reino de Deus, bispo Edir Macedo, 70\u00a0anos, nasceu no Rio de Janeiro. Em 1963, iniciou a carreira no funcionalismo p\u00fablico: tornou-se cont\u00ednuo na Loteria [&hellip;]<\/p>\n","protected":false},"author":1,"featured_media":0,"parent":0,"menu_order":54,"comment_status":"closed","ping_status":"closed","template":"","meta":{"give_campaign_id":0,"_monsterinsights_skip_tracking":false,"_monsterinsights_sitenote_active":false,"_monsterinsights_sitenote_note":"","_monsterinsights_sitenote_category":0,"footnotes":""},"class_list":["post-38","page","type-page","status-publish","hentry"],"campaignId":"","_links":{"self":[{"href":"https:\/\/www.uckg.org\/pt\/wp-json\/wp\/v2\/pages\/38","targetHints":{"allow":["GET"]}}],"collection":[{"href":"https:\/\/www.uckg.org\/pt\/wp-json\/wp\/v2\/pages"}],"about":[{"href":"https:\/\/www.uckg.org\/pt\/wp-json\/wp\/v2\/types\/page"}],"author":[{"embeddable":true,"href":"https:\/\/www.uckg.org\/pt\/wp-json\/wp\/v2\/users\/1"}],"replies":[{"embeddable":true,"href":"https:\/\/www.uckg.org\/pt\/wp-json\/wp\/v2\/comments?post=38"}],"version-history":[{"count":0,"href":"https:\/\/www.uckg.org\/pt\/wp-json\/wp\/v2\/pages\/38\/revisions"}],"wp:attachment":[{"href":"https:\/\/www.uckg.org\/pt\/wp-json\/wp\/v2\/media?parent=38"}],"curies":[{"name":"wp","href":"https:\/\/api.w.org\/{rel}","templated":true}]}}