{"id":37391,"date":"2011-10-14T11:20:22","date_gmt":"2011-10-14T10:20:22","guid":{"rendered":"http:\/\/www.uckg.org\/br\/?page_id=37391"},"modified":"2018-09-26T17:16:07","modified_gmt":"2018-09-26T15:16:07","slug":"envie-seu-pedido-de-oracao-ao-bispo","status":"publish","type":"page","link":"https:\/\/www.uckg.org\/pt\/envie-seu-pedido-de-oracao-ao-bispo\/","title":{"rendered":"Entre em Contato"},"content":{"rendered":"<p>[vc_row][vc_column][wander_title_block title=&#8221;Pedido de Ora\u00e7\u00e3o&#8221; title_size=&#8221;h2&#8243; title_align=&#8221;text-center&#8221; is_seperator=&#8221;true&#8221;][vc_column_text]<\/p>\n<p style=\"text-align: justify;\">\u00a0<a href=\"https:\/\/www.uckg.org\/pt\/wp-content\/uploads\/2011\/10\/prayer_Port.jpg\" title=\"Entre em Contato\" rel=\"\"><img fetchpriority=\"high\" decoding=\"async\" class=\"alignnone wp-image-69877 size-full\" src=\"https:\/\/www.uckg.org\/pt\/wp-content\/uploads\/2011\/10\/prayer_Port.jpg\" width=\"1280\" height=\"436\" alt=\"prayer_Port\" title=\"\" srcset=\"https:\/\/www.uckg.org\/pt\/wp-content\/uploads\/2011\/10\/prayer_Port.jpg 1280w, https:\/\/www.uckg.org\/pt\/wp-content\/uploads\/2011\/10\/prayer_Port-300x102.jpg 300w, https:\/\/www.uckg.org\/pt\/wp-content\/uploads\/2011\/10\/prayer_Port-768x262.jpg 768w, https:\/\/www.uckg.org\/pt\/wp-content\/uploads\/2011\/10\/prayer_Port-1024x349.jpg 1024w, https:\/\/www.uckg.org\/pt\/wp-content\/uploads\/2011\/10\/prayer_Port-500x170.jpg 500w\" sizes=\"(max-width: 1280px) 100vw, 1280px\" \/><\/a><\/p>\n<p>&nbsp;<\/p>\n<p style=\"text-align: justify;\"><em><strong>Porque onde estiverem dois ou tr\u00eas reunidos em meu nome, a\u00ed estou eu no meio deles. <\/strong><\/em><strong>(Mateus 18.20)<\/strong><\/p>\n<p style=\"text-align: justify;\">Acreditamos que uma ora\u00e7\u00e3o pode fazer toda a diferen\u00e7a na vida de uma pessoa. Saiba que voc\u00ea nunca estar\u00e1 sozinho (a), n\u00e3o importa o problema pelo qual esteja passando.<\/p>\n<p style=\"text-align: justify;\">Envie-nos seu pedido de ora\u00e7\u00e3o atrav\u00e9s do box abaixo. Nossos bispos e pastores ir\u00e3o orar por voc\u00ea.<\/p>\n<p style=\"text-align: justify;\">Os pedidos enviados permanecem confidencial entre voc\u00ea e aqueles que est\u00e3o orando por voc\u00ea. A solicita\u00e7\u00e3o \u00e9 enviada diretamente para o pispo respons\u00e1vel.<\/p>\n<div class=\"wpcf7 no-js\" id=\"wpcf7-f63636-o1\" lang=\"en-US\" dir=\"ltr\" data-wpcf7-id=\"63636\">\n<div class=\"screen-reader-response\"><p role=\"status\" aria-live=\"polite\" aria-atomic=\"true\"><\/p> <ul><\/ul><\/div>\n<form action=\"\/pt\/wp-json\/wp\/v2\/pages\/37391#wpcf7-f63636-o1\" method=\"post\" class=\"wpcf7-form init\" aria-label=\"Contact form\" novalidate=\"novalidate\" data-status=\"init\">\n<fieldset class=\"hidden-fields-container\"><input type=\"hidden\" name=\"_wpcf7\" value=\"63636\" \/><input type=\"hidden\" name=\"_wpcf7_version\" value=\"6.1.5\" \/><input type=\"hidden\" name=\"_wpcf7_locale\" value=\"en_US\" \/><input type=\"hidden\" name=\"_wpcf7_unit_tag\" value=\"wpcf7-f63636-o1\" \/><input type=\"hidden\" name=\"_wpcf7_container_post\" value=\"0\" \/><input type=\"hidden\" name=\"_wpcf7_posted_data_hash\" value=\"\" \/>\n<\/fieldset>\n<p>Nome (requerido)<br \/>\n<span class=\"wpcf7-form-control-wrap\" data-name=\"your-name\"><input size=\"40\" maxlength=\"400\" class=\"wpcf7-form-control wpcf7-text wpcf7-validates-as-required\" aria-required=\"true\" aria-invalid=\"false\" value=\"\" type=\"text\" name=\"your-name\" \/><\/span>\n<\/p>\n<p>Email (requerido)<br \/>\n<span class=\"wpcf7-form-control-wrap\" data-name=\"your-email\"><input size=\"40\" maxlength=\"400\" class=\"wpcf7-form-control wpcf7-email wpcf7-validates-as-required wpcf7-text wpcf7-validates-as-email\" aria-required=\"true\" aria-invalid=\"false\" value=\"\" type=\"email\" name=\"your-email\" \/><\/span>\n<\/p>\n<p>Cidade (requerido)<br \/>\n<span class=\"wpcf7-form-control-wrap\" data-name=\"City\"><input size=\"40\" maxlength=\"400\" class=\"wpcf7-form-control wpcf7-text wpcf7-validates-as-required\" aria-required=\"true\" aria-invalid=\"false\" value=\"\" type=\"text\" name=\"City\" \/><\/span>\n<\/p>\n<p>Pa\u00eds (requerido)<br \/>\n<span class=\"wpcf7-form-control-wrap\" data-name=\"Country\"><input size=\"40\" maxlength=\"400\" class=\"wpcf7-form-control wpcf7-text wpcf7-validates-as-required\" aria-required=\"true\" aria-invalid=\"false\" value=\"\" type=\"text\" name=\"Country\" \/><\/span>\n<\/p>\n<p>Pedido de Ora\u00e7\u00e3o\n<\/p>\n<p><span class=\"wpcf7-form-control-wrap\" data-name=\"your-message\"><textarea cols=\"40\" rows=\"10\" maxlength=\"2000\" class=\"wpcf7-form-control wpcf7-textarea\" aria-invalid=\"false\" name=\"your-message\"><\/textarea><\/span>\n<\/p>\n<p>Voc\u00ea \u00e9 um(a) membro(a) do Centro de Ajuda?<br \/>\n<span class=\"wpcf7-form-control-wrap\" data-name=\"AreyouaUCKGChurchMember\"><span class=\"wpcf7-form-control wpcf7-checkbox\"><span class=\"wpcf7-list-item first\"><input type=\"checkbox\" name=\"AreyouaUCKGChurchMember[]\" value=\"Sim\" \/><span class=\"wpcf7-list-item-label\">Sim<\/span><\/span><span class=\"wpcf7-list-item last\"><input type=\"checkbox\" name=\"AreyouaUCKGChurchMember[]\" value=\"N\u00e3o\" \/><span class=\"wpcf7-list-item-label\">N\u00e3o<\/span><\/span><\/span><\/span>\n<\/p>\n<p>[recaptcha]\n<\/p>\n<p><input class=\"wpcf7-form-control wpcf7-submit has-spinner\" type=\"submit\" value=\"Enviar\" \/>\n<\/p><p style=\"display: none !important;\" class=\"akismet-fields-container\" data-prefix=\"_wpcf7_ak_\"><label>&#916;<textarea name=\"_wpcf7_ak_hp_textarea\" cols=\"45\" rows=\"8\" maxlength=\"100\"><\/textarea><\/label><input type=\"hidden\" id=\"ak_js_1\" name=\"_wpcf7_ak_js\" value=\"126\"\/><script>document.getElementById( \"ak_js_1\" ).setAttribute( \"value\", ( new Date() ).getTime() );<\/script><\/p><div class=\"wpcf7-response-output\" aria-hidden=\"true\"><\/div>\n<\/form>\n<\/div>\n[\/vc_column_text][\/vc_column][\/vc_row]<\/p>\n","protected":false},"excerpt":{"rendered":"<p>[vc_row][vc_column][wander_title_block title=&#8221;Pedido de Ora\u00e7\u00e3o&#8221; title_size=&#8221;h2&#8243; title_align=&#8221;text-center&#8221; is_seperator=&#8221;true&#8221;][vc_column_text] \u00a0 &nbsp; Porque onde estiverem dois ou tr\u00eas reunidos em meu nome, a\u00ed estou eu no meio deles. (Mateus 18.20) Acreditamos que uma [&hellip;]<\/p>\n","protected":false},"author":1,"featured_media":0,"parent":0,"menu_order":96,"comment_status":"closed","ping_status":"closed","template":"","meta":{"give_campaign_id":0,"_monsterinsights_skip_tracking":false,"_monsterinsights_sitenote_active":false,"_monsterinsights_sitenote_note":"","_monsterinsights_sitenote_category":0,"footnotes":""},"class_list":["post-37391","page","type-page","status-publish","hentry"],"campaignId":"","_links":{"self":[{"href":"https:\/\/www.uckg.org\/pt\/wp-json\/wp\/v2\/pages\/37391","targetHints":{"allow":["GET"]}}],"collection":[{"href":"https:\/\/www.uckg.org\/pt\/wp-json\/wp\/v2\/pages"}],"about":[{"href":"https:\/\/www.uckg.org\/pt\/wp-json\/wp\/v2\/types\/page"}],"author":[{"embeddable":true,"href":"https:\/\/www.uckg.org\/pt\/wp-json\/wp\/v2\/users\/1"}],"replies":[{"embeddable":true,"href":"https:\/\/www.uckg.org\/pt\/wp-json\/wp\/v2\/comments?post=37391"}],"version-history":[{"count":0,"href":"https:\/\/www.uckg.org\/pt\/wp-json\/wp\/v2\/pages\/37391\/revisions"}],"wp:attachment":[{"href":"https:\/\/www.uckg.org\/pt\/wp-json\/wp\/v2\/media?parent=37391"}],"curies":[{"name":"wp","href":"https:\/\/api.w.org\/{rel}","templated":true}]}}