{"id":36153,"date":"2011-08-17T16:37:07","date_gmt":"2011-08-17T15:37:07","guid":{"rendered":"http:\/\/www.uckg.org\/uk\/?page_id=36153"},"modified":"2024-04-24T16:53:55","modified_gmt":"2024-04-24T14:53:55","slug":"timetable-2","status":"publish","type":"page","link":"https:\/\/www.uckg.org\/pt\/timetable-2\/","title":{"rendered":"Sete Dias Por Semana"},"content":{"rendered":"<h3>Sete Dias Por Semana<\/h3>\n<p>Um de nossos membros resumiu nosso trabalho muito bem quando disse: \u201cA Universal pode mudar a sua vida!\u201d Ajudar as pessoas \u00e9 o que nos move. Por\u00e9m, n\u00f3s entendemos que a melhor e mais permanente forma de ajudar uma pessoa \u00e9 fortalec\u00ea-la, ensinando-a como ajudar a si pr\u00f3pria. Esse objetivo norteia tudo o que fazemos. Em termos pr\u00e1ticos, nosso maior foco s\u00e3o as reuni\u00f5es que realizamos.<\/p>\n<p>S\u00e3o reuni\u00f5es curtas \u2013 durando normalmente entre 45-90 minutos \u2013 onde damos conselhos pr\u00e1ticos e ensinamos como uma pessoa pode mudar e melhorar v\u00e1rios aspectos de sua vida. Essas sess\u00f5es incluem ora\u00e7\u00f5es para aquelas coisas que apenas Deus pode realizar. Confira nossa agenda de reuni\u00f5es e leia uma breve descri\u00e7\u00e3o de cada uma. Muitas pessoas podem chegar \u00e0 conclus\u00e3o de que precisam de tudo o que est\u00e1 listado abaixo, enquanto algumas se idenfiticar\u00e3o com um ou dois dias. Seja qual for o seu caso, tudo o que voc\u00ea precisa fazer \u00e9 se conectar no dia e hor\u00e1rio da reuni\u00e3o em quest\u00e3o.<\/p>\n<p>Se voc\u00ea gostaria de mais informa\u00e7\u00f5es, nos ligue:<\/p>\n<p>Linha de Ajuda 24h ou envie uma mensagem para o nosso WhatsApp: <strong><span style=\"color: #00ccff;\">020 7272 1010 (custo de uma liga\u00e7\u00e3o local)<\/span><\/strong><\/p>\n<p style=\"text-align: justify;\"><strong>Reuni\u00f5es diariamente:<\/strong><\/p>\n<p style=\"text-align: justify;\"><a href=\"https:\/\/www.uckg.org\/pt\/wp-content\/uploads\/2024\/04\/sunday.jpg\"><img fetchpriority=\"high\" decoding=\"async\" class=\"alignnone size-full wp-image-2706170\" src=\"https:\/\/www.uckg.org\/pt\/wp-content\/uploads\/2024\/04\/sunday.jpg\" alt=\"\" width=\"883\" height=\"217\" title=\"\" srcset=\"https:\/\/www.uckg.org\/pt\/wp-content\/uploads\/2024\/04\/sunday.jpg 883w, https:\/\/www.uckg.org\/pt\/wp-content\/uploads\/2024\/04\/sunday-300x74.jpg 300w, https:\/\/www.uckg.org\/pt\/wp-content\/uploads\/2024\/04\/sunday-768x189.jpg 768w, https:\/\/www.uckg.org\/pt\/wp-content\/uploads\/2024\/04\/sunday-500x123.jpg 500w\" sizes=\"(max-width: 883px) 100vw, 883px\" \/><\/a><a href=\"https:\/\/www.uckg.org\/pt\/wp-content\/uploads\/2024\/04\/Tuesday.jpg\"><img decoding=\"async\" class=\"alignnone size-full wp-image-2706169\" src=\"https:\/\/www.uckg.org\/pt\/wp-content\/uploads\/2024\/04\/Tuesday.jpg\" alt=\"\" width=\"883\" height=\"217\" title=\"\" srcset=\"https:\/\/www.uckg.org\/pt\/wp-content\/uploads\/2024\/04\/Tuesday.jpg 883w, https:\/\/www.uckg.org\/pt\/wp-content\/uploads\/2024\/04\/Tuesday-300x74.jpg 300w, https:\/\/www.uckg.org\/pt\/wp-content\/uploads\/2024\/04\/Tuesday-768x189.jpg 768w, https:\/\/www.uckg.org\/pt\/wp-content\/uploads\/2024\/04\/Tuesday-500x123.jpg 500w\" sizes=\"(max-width: 883px) 100vw, 883px\" \/><\/a><\/p>\n<p style=\"text-align: justify;\"><a href=\"https:\/\/www.uckg.org\/pt\/wp-content\/uploads\/2024\/04\/Wednesday.jpg\"><img decoding=\"async\" class=\"alignnone size-full wp-image-2706172\" src=\"https:\/\/www.uckg.org\/pt\/wp-content\/uploads\/2024\/04\/Wednesday.jpg\" alt=\"\" width=\"883\" height=\"217\" title=\"\" srcset=\"https:\/\/www.uckg.org\/pt\/wp-content\/uploads\/2024\/04\/Wednesday.jpg 883w, https:\/\/www.uckg.org\/pt\/wp-content\/uploads\/2024\/04\/Wednesday-300x74.jpg 300w, https:\/\/www.uckg.org\/pt\/wp-content\/uploads\/2024\/04\/Wednesday-768x189.jpg 768w, https:\/\/www.uckg.org\/pt\/wp-content\/uploads\/2024\/04\/Wednesday-500x123.jpg 500w\" sizes=\"(max-width: 883px) 100vw, 883px\" \/><\/a><\/p>\n<p style=\"text-align: justify;\"><a href=\"https:\/\/www.uckg.org\/pt\/wp-content\/uploads\/2024\/04\/Thursday-Love.jpg\"><img loading=\"lazy\" decoding=\"async\" class=\"alignnone size-full wp-image-2706174\" src=\"https:\/\/www.uckg.org\/pt\/wp-content\/uploads\/2024\/04\/Thursday-Love.jpg\" alt=\"\" width=\"883\" height=\"217\" title=\"\" srcset=\"https:\/\/www.uckg.org\/pt\/wp-content\/uploads\/2024\/04\/Thursday-Love.jpg 883w, https:\/\/www.uckg.org\/pt\/wp-content\/uploads\/2024\/04\/Thursday-Love-300x74.jpg 300w, https:\/\/www.uckg.org\/pt\/wp-content\/uploads\/2024\/04\/Thursday-Love-768x189.jpg 768w, https:\/\/www.uckg.org\/pt\/wp-content\/uploads\/2024\/04\/Thursday-Love-500x123.jpg 500w\" sizes=\"(max-width: 883px) 100vw, 883px\" \/><\/a><a href=\"https:\/\/www.uckg.org\/pt\/wp-content\/uploads\/2024\/04\/Saturday.png\"><img loading=\"lazy\" decoding=\"async\" class=\"alignnone size-full wp-image-2706166\" src=\"https:\/\/www.uckg.org\/pt\/wp-content\/uploads\/2024\/04\/Saturday.png\" alt=\"\" width=\"883\" height=\"217\" title=\"\" srcset=\"https:\/\/www.uckg.org\/pt\/wp-content\/uploads\/2024\/04\/Saturday.png 883w, https:\/\/www.uckg.org\/pt\/wp-content\/uploads\/2024\/04\/Saturday-300x74.png 300w, https:\/\/www.uckg.org\/pt\/wp-content\/uploads\/2024\/04\/Saturday-768x189.png 768w, https:\/\/www.uckg.org\/pt\/wp-content\/uploads\/2024\/04\/Saturday-500x123.png 500w\" sizes=\"(max-width: 883px) 100vw, 883px\" \/><\/a><a href=\"https:\/\/www.uckg.org\/pt\/wp-content\/uploads\/2022\/03\/sunday-10am.jpg\"><img loading=\"lazy\" decoding=\"async\" class=\"size-full wp-image-100615 alignleft\" src=\"https:\/\/www.uckg.org\/pt\/wp-content\/uploads\/2022\/03\/sunday-10am.jpg\" alt=\"\" width=\"883\" height=\"217\" title=\"\" srcset=\"https:\/\/www.uckg.org\/pt\/wp-content\/uploads\/2022\/03\/sunday-10am.jpg 883w, https:\/\/www.uckg.org\/pt\/wp-content\/uploads\/2022\/03\/sunday-10am-300x74.jpg 300w, https:\/\/www.uckg.org\/pt\/wp-content\/uploads\/2022\/03\/sunday-10am-768x189.jpg 768w, https:\/\/www.uckg.org\/pt\/wp-content\/uploads\/2022\/03\/sunday-10am-500x123.jpg 500w\" sizes=\"(max-width: 883px) 100vw, 883px\" \/><\/a><a href=\"https:\/\/www.uckg.org\/pt\/wp-content\/uploads\/2023\/07\/sunday.jpg\"><img loading=\"lazy\" decoding=\"async\" class=\"size-full wp-image-107275 alignleft\" src=\"https:\/\/www.uckg.org\/pt\/wp-content\/uploads\/2023\/07\/sunday.jpg\" alt=\"\" width=\"883\" height=\"217\" title=\"\"><\/a><a href=\"https:\/\/www.uckg.org\/pt\/wp-content\/uploads\/2022\/03\/sunday-6pm.jpg\"><img loading=\"lazy\" decoding=\"async\" class=\"size-full wp-image-100617\" src=\"https:\/\/www.uckg.org\/pt\/wp-content\/uploads\/2022\/03\/sunday-6pm.jpg\" alt=\"\" width=\"883\" height=\"217\" title=\"\" srcset=\"https:\/\/www.uckg.org\/pt\/wp-content\/uploads\/2022\/03\/sunday-6pm.jpg 883w, https:\/\/www.uckg.org\/pt\/wp-content\/uploads\/2022\/03\/sunday-6pm-300x74.jpg 300w, https:\/\/www.uckg.org\/pt\/wp-content\/uploads\/2022\/03\/sunday-6pm-768x189.jpg 768w, https:\/\/www.uckg.org\/pt\/wp-content\/uploads\/2022\/03\/sunday-6pm-500x123.jpg 500w\" sizes=\"(max-width: 883px) 100vw, 883px\" \/><\/a><\/p>\n","protected":false},"excerpt":{"rendered":"<p>Sete Dias Por Semana Um de nossos membros resumiu nosso trabalho muito bem quando disse: \u201cA Universal pode mudar a sua vida!\u201d Ajudar as pessoas \u00e9 o que nos move. [&hellip;]<\/p>\n","protected":false},"author":1,"featured_media":0,"parent":0,"menu_order":185,"comment_status":"closed","ping_status":"closed","template":"","meta":{"give_campaign_id":0,"_monsterinsights_skip_tracking":false,"_monsterinsights_sitenote_active":false,"_monsterinsights_sitenote_note":"","_monsterinsights_sitenote_category":0,"footnotes":""},"class_list":["post-36153","page","type-page","status-publish","hentry"],"campaignId":"","_links":{"self":[{"href":"https:\/\/www.uckg.org\/pt\/wp-json\/wp\/v2\/pages\/36153","targetHints":{"allow":["GET"]}}],"collection":[{"href":"https:\/\/www.uckg.org\/pt\/wp-json\/wp\/v2\/pages"}],"about":[{"href":"https:\/\/www.uckg.org\/pt\/wp-json\/wp\/v2\/types\/page"}],"author":[{"embeddable":true,"href":"https:\/\/www.uckg.org\/pt\/wp-json\/wp\/v2\/users\/1"}],"replies":[{"embeddable":true,"href":"https:\/\/www.uckg.org\/pt\/wp-json\/wp\/v2\/comments?post=36153"}],"version-history":[{"count":17,"href":"https:\/\/www.uckg.org\/pt\/wp-json\/wp\/v2\/pages\/36153\/revisions"}],"predecessor-version":[{"id":2706175,"href":"https:\/\/www.uckg.org\/pt\/wp-json\/wp\/v2\/pages\/36153\/revisions\/2706175"}],"wp:attachment":[{"href":"https:\/\/www.uckg.org\/pt\/wp-json\/wp\/v2\/media?parent=36153"}],"curies":[{"name":"wp","href":"https:\/\/api.w.org\/{rel}","templated":true}]}}