{"id":34753,"date":"2011-08-05T15:20:52","date_gmt":"2011-08-05T14:20:52","guid":{"rendered":"http:\/\/www.uckg.org\/uk\/?page_id=34753"},"modified":"2017-09-06T15:43:25","modified_gmt":"2017-09-06T13:43:25","slug":"how-to-read-your-bible","status":"publish","type":"page","link":"https:\/\/www.uckg.org\/pt\/how-to-read-your-bible\/","title":{"rendered":"Como ler a sua B\u00edblia"},"content":{"rendered":"<p style=\"text-align: justify;\"><strong><strong><a href=\"http:\/\/www.uckg.org\/pt\/wp-content\/uploads\/2011\/08\/ds.png\" title=\"Como ler a sua B\u00edblia\" rel=\"\"><img decoding=\"async\" class=\"size-full wp-image-47589 alignright\" style=\"margin-left: 6px; margin-right: 6px;\" alt=\"ds\" src=\"http:\/\/www.uckg.org\/pt\/wp-content\/uploads\/2011\/08\/ds.png\" width=\"220\" height=\"220\" title=\"\"><\/a>Voc\u00ea at\u00e9 pode ser algu\u00e9m que se interessa em ler a B\u00edblia e de fato querer faz\u00ea-lo, mas uma vez ou outra algum obst\u00e1culo ir\u00e1\u00a0 surgir para imped\u00ed-lo de ver o quanto \u00e9 fundamental alimentar o seu esp\u00edrito. Assim como nosso corpo n\u00e3o sobrevive sem comida, o mesmo acontece com nosso esp\u00edrito. A B\u00edblia, \u00e9 nosso alimento espiritual, sem ela n\u00f3s nos tornamos espiritualmente fracos.<\/strong><\/strong><\/p>\n<p style=\"text-align: justify;\">Os sintomas abaixo revelam quando algu\u00e9m n\u00e3o tem se alimentado da Palavra de Deus:<br \/>\n&#8211; N\u00e3o encontra palavras para orar<br \/>\n&#8211; N\u00e3o tem id\u00e9ia de como agir em determinadas situa\u00e7\u00f5es<br \/>\n&#8211; N\u00e3o compreende a prega\u00e7\u00e3o do pastor<br \/>\n&#8211; Se deixa enganar facilmente por falsas doutrinas<br \/>\n&#8211; N\u00e3o tem argumentos para falar sobre Jesus e evangelizar.<br \/>\n&#8211; N\u00e3o tem for\u00e7as para lutar<br \/>\n&#8211; Encontra-se fraco diante do pecado<\/p>\n<p><strong>Vers\u00f5es<\/strong><br \/>\nExistem vers\u00f5es populares da B\u00edblia que omitem alguns versos cruciais da mesma, portanto, na Igreja Universal recomenda-se a\u00a0 B\u00edblia de Estudos Almeida &#8211;\u00a0 Revista e Atualizada\u00a0 Ela \u00e9 a mais fiel do original que encontramos at\u00e9 agora.<\/p>\n<p><strong>Preparo<\/strong><br \/>\nA B\u00edblia n\u00e3o \u00e9 apenas mais um livro. \u00c9 a Palavra de Deus e, apesar de ter sido escrita por v\u00e1rias pessoas h\u00e1 muitos anos atr\u00e1s, \u00e9 o livro mais atualizado que algu\u00e9m j\u00e1 leu. Ela fala sobre todas as \u00e1reas da vida de uma pessoa, dando orienta\u00e7\u00f5es ao leitor jamais encontradas\u00a0 em nenhum outro lugar . Sendo assim, para que voc\u00ea possa tirar o m\u00e1ximo proveito de sua leitura, fa\u00e7a uma ora\u00e7\u00e3o toda vez\u00a0 que for ler a B\u00edblia, permitindo assim que Deus possa falar com voc\u00ea atrav\u00e9s da leitura.<\/p>\n<p><strong>Onde<\/strong><br \/>\nPara que voc\u00ea absorva o m\u00e1ximo de sua leitura, n\u00e3o deve faz\u00ea-lo em locais ou momentos em que achar dif\u00edcil se concentrar. A B\u00edblia precisa ser lida devagar, absorvendo-se cada palavra que se l\u00ea dela. Encontre um local adequado e tempo para digerir lentamente o que est\u00e1 lendo nas Sagradas Escrituras.<\/p>\n<p><strong>Come\u00e7ar<\/strong><br \/>\nVoc\u00ea n\u00e3o tem que come\u00e7ar a ler a B\u00edblia de G\u00eanesis, mas talvez\u00a0 queira saber um pouco sobre a cria\u00e7\u00e3o de Deus e como surgiu a f\u00e9 neste mundo. Mas, como um novato total, recomendamos que voc\u00ea comece a partir dos Evangelhos, ou seja, Mateus, Marcos, Lucas e Jo\u00e3o. Estes quatro livros falam sobre o momento em que nosso Senhor Jesus veio a Terra e revelou a verdadeira identidade do Pai.<\/p>\n<p><strong>Compreens\u00e3o<br \/>\n<\/strong>Ningu\u00e9m compreende toda a B\u00edblia. Seja paciente com voc\u00ea mesmo e continue com a sua leitura de qualquer forma. Se voc\u00ea se deparar com uma passagem que\u00a0 n\u00e3o entende, n\u00e3o se preocupe, com o tempo ir\u00e1 compreend\u00ea-la.\u00c9 assim com todos que l\u00eaem a B\u00edblia. Deus sempre fala sobre o que \u00e9 relevante para voc\u00ea no momento em que est\u00e1 lendo as Sagradas Escrituras. Sendo assim, medite sobre o que est\u00e1 lendo e abra seus ouvidos para ouvir a voz dEle. Quando Ele n\u00e3o fala, \u00e9 porque n\u00e3o \u00e9 relevante a voc\u00ea.<\/p>\n<p style=\"text-align: justify;\">\n","protected":false},"excerpt":{"rendered":"<p>Voc\u00ea at\u00e9 pode ser algu\u00e9m que se interessa em ler a B\u00edblia e de fato querer faz\u00ea-lo, mas uma vez ou outra algum obst\u00e1culo ir\u00e1\u00a0 surgir para imped\u00ed-lo de ver [&hellip;]<\/p>\n","protected":false},"author":1,"featured_media":0,"parent":0,"menu_order":64,"comment_status":"open","ping_status":"closed","template":"","meta":{"give_campaign_id":0,"_monsterinsights_skip_tracking":false,"_monsterinsights_sitenote_active":false,"_monsterinsights_sitenote_note":"","_monsterinsights_sitenote_category":0,"footnotes":""},"class_list":["post-34753","page","type-page","status-publish","hentry"],"campaignId":"","_links":{"self":[{"href":"https:\/\/www.uckg.org\/pt\/wp-json\/wp\/v2\/pages\/34753","targetHints":{"allow":["GET"]}}],"collection":[{"href":"https:\/\/www.uckg.org\/pt\/wp-json\/wp\/v2\/pages"}],"about":[{"href":"https:\/\/www.uckg.org\/pt\/wp-json\/wp\/v2\/types\/page"}],"author":[{"embeddable":true,"href":"https:\/\/www.uckg.org\/pt\/wp-json\/wp\/v2\/users\/1"}],"replies":[{"embeddable":true,"href":"https:\/\/www.uckg.org\/pt\/wp-json\/wp\/v2\/comments?post=34753"}],"version-history":[{"count":0,"href":"https:\/\/www.uckg.org\/pt\/wp-json\/wp\/v2\/pages\/34753\/revisions"}],"wp:attachment":[{"href":"https:\/\/www.uckg.org\/pt\/wp-json\/wp\/v2\/media?parent=34753"}],"curies":[{"name":"wp","href":"https:\/\/api.w.org\/{rel}","templated":true}]}}