{"id":34750,"date":"2011-08-05T12:44:51","date_gmt":"2011-08-05T11:44:51","guid":{"rendered":"http:\/\/www.uckg.org\/uk\/?page_id=34750"},"modified":"2018-10-10T10:54:46","modified_gmt":"2018-10-10T08:54:46","slug":"quem-somos","status":"publish","type":"page","link":"https:\/\/www.uckg.org\/pt\/quem-somos\/","title":{"rendered":"Quem somos"},"content":{"rendered":"<p>[vc_row][vc_column][wander_title_block title=&#8221;Quem somos&#8221; title_size=&#8221;h2&#8243; title_align=&#8221;text-center&#8221; is_seperator=&#8221;true&#8221;][vc_column_text]<\/p>\n<p style=\"text-align: justify;\"><a href=\"https:\/\/www.uckg.org\/pt\/wp-content\/uploads\/2017\/01\/1.png\" title=\"Quem somos\" rel=\"\"><img decoding=\"async\" class=\"size-full wp-image-68768 alignright\" src=\"https:\/\/www.uckg.org\/pt\/wp-content\/uploads\/2017\/01\/1.png\" width=\"220\" height=\"220\" alt=\"1\" title=\"\" srcset=\"https:\/\/www.uckg.org\/pt\/wp-content\/uploads\/2017\/01\/1.png 220w, https:\/\/www.uckg.org\/pt\/wp-content\/uploads\/2017\/01\/1-150x150.png 150w\" sizes=\"(max-width: 220px) 100vw, 220px\" \/><\/a><\/p>\n<p>O Centro de Ajuda \u00e9 uma institui\u00e7\u00e3o de caridade crist\u00e3, registrada no Reino Unido, que proporciona reuni\u00f5es, eventos e sess\u00f5es particulares para membros e o p\u00fablico em geral. Todos os servi\u00e7os s\u00e3o realizados com um \u00fanico objetivo: ajudar, resolver ou melhorar a vida de um indiv\u00edduo. Todos s\u00e3o bem-vindos a participar das atividades da igreja n\u00e3o importa a afilia\u00e7\u00e3o religiosa.<\/p>\n<p>O C entro de Ajuda foi fundado em 1977 no Brasil e deve sua origem ao bem-sucedido programa de evangelismo conduzido pelo Bispo Robert McAlister, um mission\u00e1rio canadense de tradi\u00e7\u00e3o Pentecostal. Edir Macedo \u2013 fundador do Centro de Ajuda \u2013 foi um dos primeiros convertidos. Com a ben\u00e7\u00e3o do Bispo McAlister, ele come\u00e7ou a organizar cultos sob um pequeno coreto no M\u00e9ier, bairro da Zona Norte no Rio de Janeiro. Como os cultos do Pastor Macedo se popularizaram, o Centro de Ajuda teve condi\u00e7\u00f5es para inaugurar sua primeira igreja no bairro da Aboli\u00e7\u00e3o, em um local que antes havia sido uma casa funer\u00e1ria.<\/p>\n<p>Mais inaugura\u00e7\u00f5es de igrejas seguiram e o movimento se expandiu nacionalmente. Hoje existem mais de 5.000 Centros de Ajuda em todo o Brasil, com sede no Rio de Janeiro. Depois de uma visita de reconhecimento nos EUA, o Centro de Ajuda foi estabelecido em Nova Iorque no ano de 1986. Hoje existem igrejas no Brooklyn, Manhattan, Miami, Los Angeles e em muitas outras cidades americanas. O Centro de Ajuda tamb\u00e9m est\u00e1\u00a0presente no Canad\u00e1, M\u00e9xico, Argentina, Paraguai, Venezuela, Col\u00f4mbia, Bol\u00edvia, Guatemala e Equador. Existem tamb\u00e9m igrejas na Jamaica, Trinidad e Guiana.<\/p>\n<p>Na Europa, a igreja est\u00e1 estabelecida na Inglaterra, Portugal, Espanha, Fran\u00e7a, Holanda, B\u00e9lgica, Luxemburgo, It\u00e1lia, Su\u00ed\u00e7a, Pol\u00f4nia, Alemanha, R\u00fassia e Rom\u00eania. A primeira igreja na \u00c1frica foi aberta em Angola no ano de 1992, e logo depois iniciou suas atividades na \u00c1frica do Sul, Mo\u00e7ambique, Cabo Verde, Qu\u00eania, Lesoto, Costa do Marfim, Malaui, Uganda e muitos outros pa\u00edses. Na \u00c1sia, o Centro de Ajuda est\u00e1 estabelecido na \u00cdndia, Filipinas e Jap\u00e3o, onde podemos encontrar a primeira igreja 24 horas.<\/p>\n<p>O Centro de Ajuda est\u00e1 atualmente em mais de 100 pa\u00edses e continua em expans\u00e3o.<\/p>\n<p><span style=\"text-decoration: underline;\"><span style=\"color: #0cb4ce; text-decoration: underline;\"><strong>*Reino Unido<\/strong><strong>\u2028\u2028<\/strong><\/span><\/span><\/p>\n<p>O Pastor Renato Cardoso \u2013 agora Bispo \u2013 chegou ao Reino Unido em 1995 para iniciar o trabalho do Centro de Ajuda neste pa\u00eds. Inicialmente, ele organizava duas sess\u00f5es por semana, mas o interesse cresceu e a participa\u00e7\u00e3o aumentou tanto que no mesmo ano o primeiro Centro de Ajuda foi aberto em Brixton. Em 1996, o Centro de Ajuda adquiriu o abandonado Teatro Rainbow em Finsbury Park, hoje a principal sede em todo pa\u00eds. O Centro de Ajuda ent\u00e3o embarcou em um grande programa de renova\u00e7\u00e3o e arrecada\u00e7\u00e3o de fundos para restaurar o cinema dos anos 30,\u00a0 listado como patrim\u00f4nio de Grau II* \u00e0 sua antiga gl\u00f3ria.<\/p>\n<p>O Centro de Ajuda continua expandindo suas atividades no Reino Unido sob a lideran\u00e7a do Bispo Alvaro Lima. Atualmente, os espa\u00e7os contam com 10 mil membros ativos.[\/vc_column_text][\/vc_column][\/vc_row]<\/p>\n","protected":false},"excerpt":{"rendered":"<p>[vc_row][vc_column][wander_title_block title=&#8221;Quem somos&#8221; title_size=&#8221;h2&#8243; title_align=&#8221;text-center&#8221; is_seperator=&#8221;true&#8221;][vc_column_text] O Centro de Ajuda \u00e9 uma institui\u00e7\u00e3o de caridade crist\u00e3, registrada no Reino Unido, que proporciona reuni\u00f5es, eventos e sess\u00f5es particulares para membros e [&hellip;]<\/p>\n","protected":false},"author":1,"featured_media":0,"parent":0,"menu_order":173,"comment_status":"closed","ping_status":"closed","template":"","meta":{"give_campaign_id":0,"_monsterinsights_skip_tracking":false,"_monsterinsights_sitenote_active":false,"_monsterinsights_sitenote_note":"","_monsterinsights_sitenote_category":0,"footnotes":""},"class_list":["post-34750","page","type-page","status-publish","hentry"],"campaignId":"","_links":{"self":[{"href":"https:\/\/www.uckg.org\/pt\/wp-json\/wp\/v2\/pages\/34750","targetHints":{"allow":["GET"]}}],"collection":[{"href":"https:\/\/www.uckg.org\/pt\/wp-json\/wp\/v2\/pages"}],"about":[{"href":"https:\/\/www.uckg.org\/pt\/wp-json\/wp\/v2\/types\/page"}],"author":[{"embeddable":true,"href":"https:\/\/www.uckg.org\/pt\/wp-json\/wp\/v2\/users\/1"}],"replies":[{"embeddable":true,"href":"https:\/\/www.uckg.org\/pt\/wp-json\/wp\/v2\/comments?post=34750"}],"version-history":[{"count":0,"href":"https:\/\/www.uckg.org\/pt\/wp-json\/wp\/v2\/pages\/34750\/revisions"}],"wp:attachment":[{"href":"https:\/\/www.uckg.org\/pt\/wp-json\/wp\/v2\/media?parent=34750"}],"curies":[{"name":"wp","href":"https:\/\/api.w.org\/{rel}","templated":true}]}}