{"id":33399,"date":"2011-07-18T23:35:57","date_gmt":"2011-07-18T22:35:57","guid":{"rendered":"http:\/\/www.uckg.org\/uk\/?page_id=33399"},"modified":"2011-07-18T23:35:57","modified_gmt":"2011-07-18T22:35:57","slug":"giving","status":"publish","type":"page","link":"https:\/\/www.uckg.org\/pt\/giving\/","title":{"rendered":"DOA\u00c7\u00c3O"},"content":{"rendered":"<p style=\"text-align: left;\"><strong>O QUE \u00c9 GIFT AID?<\/strong><\/p>\n<p>O Gift Aid \u00e9 um esquema do Governo que visa ajudar associa\u00e7\u00f5es de caridade, que t\u00eam o direito de reclamar uma certa porcentagem sobre a sua doa\u00e7\u00e3o, sem nenhum custo adicional para voc\u00ea.\u00a0 Funciona assim: Digamos que voc\u00ea tenha doado \u00a310 \u00e0 sua institui\u00e7\u00e3o de caridade. Por que voc\u00ea \u00e9 pagador de impostos, a intitui\u00e7\u00e3o tem direito de receber do governo o valor extra de \u00a32.80, o que maximiza sua doa\u00e7\u00e3o para \u00a312.80!<\/p>\n<h3><strong>O Gift Aid ajuda a igreja<\/strong><\/h3>\n<p>Voc\u00ea sabia que poderia estar ajudando a\u00a0 igreja ainda mais caso seja pagante de qualquer imposto de renda? \u00a0Para cada \u00a31 que voc\u00ea doa, a igreja receber\u00e1 28p como reembolso de sua taxa, custo adicional para voc\u00ea! Isso significa que se voc\u00ea paga taxa, a igreja tem o direito de requerer do governo a taxa sobre cada uma das doa\u00e7\u00f5es que voc\u00ea faz, o que aumenta as doa\u00e7\u00f5es em quase um ter\u00e7o sobre o valor arrecadado. Para isso, n\u00e3o importa se as doa\u00e7\u00f5es s\u00e3o regulares ou n\u00e3o, mesmo que o pagante fa\u00e7a apenas uma doa\u00e7\u00e3o, o Centro de Ajuda ainda poder\u00e1 se beneficiar do Gift Aid.<\/p>\n<p>Ent\u00e3o, vamos dizer que voc\u00ea fa\u00e7a uma doa\u00e7\u00e3o regular de \u00a32 por semana, isso seria \u00a3104 no ano, provenientes de um sal\u00e1rio cujo imposto de renda foi deduzido. Se voc\u00ea paga imposto na tarifa b\u00e1sica de 22%, isso significa \u00a329.33 foram pagos sob forma de taxa, e a Igreja tem o direito de requerer do Governo este valor de volta. Ou digamos que uma \u00fanica doa\u00e7\u00e3o no valor de \u00a350 tenha sido feita por um pagante de imposto de renda. A Igreja tem o direito de requerer do governo \u00a314.10, equivalentes ao valor do imposto que voc\u00ea pagou.<\/p>\n<p>Esta regra se aplica a imposto de renda ou imposto sobre ganhos de capital, de acordo com a tarifa (porcentagem) de impostos que voc\u00ea paga, contanto que voc\u00ea tenha pago impostos suficientes para cobrir o valor a ser requerido ao governo. Se voc\u00ea paga impostos na tatifa mais alta, voc\u00ea ainda poder\u00e1 ter o valor de suas taxas reduzido.<\/p>\n<p>Veja abaixo exemplos de como a Igreja pode se beneficiar atrav\u00e9s dos Pagadores de Impostos no Reino Unido no espa\u00e7o de 1 ano.<\/p>\n<h3><strong>Contribua<\/strong><\/h3>\n<p>A Igreja Universal do Reino de Deus, ou UCKG, como \u00e9 conhecida no Reino Unido, \u00e9 mais que uma igreja \u2013 \u00e9 tamb\u00e9m um Centro de Ajuda. Nos comprometemos a ajudar pessoas a superarem as adversidades da vida atrav\u00e9s da f\u00e9 e de a\u00e7\u00e3o. Temos uma abordagem simples e pr\u00e1tica, em todas as nossas iniciativas.<\/p>\n<p>Para que possamos continuar o trabalho e financiar novos projetos precisamos de sua colabora\u00e7\u00e3o. Se voc\u00ea deseja efetuar uma doa\u00e7\u00e3o, voc\u00ea poder\u00e1 faz\u00ea\u2013lo online.<\/p>\n<p>\u00e9 pol\u00edtica do Centro de Ajuda ( UCKG HelpCentre) usar todas as doa\u00e7\u00f5es para o fim a qual foram designadas.\u00a0 No entanto, caso algum projeto adquira as doa\u00e7\u00f5es suficientes, sua doa\u00e7\u00e3o ser\u00e1 aplicada na \u00e1rea de maior necessidade.<\/p>\n<p>&nbsp;<\/p>\n<h3><strong>M\u00c9TODOS DE DOA\u00c7\u00c3O<\/strong><\/h3>\n<p>Para fazer uma doa\u00e7\u00e3o online.<\/p>\n<p>Transa\u00e7\u00e3o segura providenciada pelo Banco Barclays<\/p>\n<p><strong>Cheques<br \/>\n<\/strong>O cheque deve ser feito em favor de \u201cUCKG HelpCentre\u201d e enviados para o seguinte endere\u00e7o:,<\/p>\n<p><strong>Donations<br \/>\n<\/strong>\u00a0232 Seven Sisters Road, London, N4 3NX<br \/>\n(Por favor, n\u00e3o envie dinheiro)<\/p>\n<p><strong>Telefone<\/strong><br \/>\nLigando para 020 7686 6000, voc\u00ea poder\u00e1 efetuar uma doa\u00e7\u00e3o atrav\u00e9s de seu cart\u00e3o de cr\u00e9dito ou d\u00e9bito.<\/p>\n<p>&nbsp;<\/p>\n","protected":false},"excerpt":{"rendered":"<p>O QUE \u00c9 GIFT AID? O Gift Aid \u00e9 um esquema do Governo que visa ajudar associa\u00e7\u00f5es de caridade, que t\u00eam o direito de reclamar uma certa porcentagem sobre a [&hellip;]<\/p>\n","protected":false},"author":1,"featured_media":0,"parent":0,"menu_order":76,"comment_status":"open","ping_status":"open","template":"","meta":{"give_campaign_id":0,"_monsterinsights_skip_tracking":false,"_monsterinsights_sitenote_active":false,"_monsterinsights_sitenote_note":"","_monsterinsights_sitenote_category":0,"footnotes":""},"class_list":["post-33399","page","type-page","status-publish","hentry"],"campaignId":"","_links":{"self":[{"href":"https:\/\/www.uckg.org\/pt\/wp-json\/wp\/v2\/pages\/33399","targetHints":{"allow":["GET"]}}],"collection":[{"href":"https:\/\/www.uckg.org\/pt\/wp-json\/wp\/v2\/pages"}],"about":[{"href":"https:\/\/www.uckg.org\/pt\/wp-json\/wp\/v2\/types\/page"}],"author":[{"embeddable":true,"href":"https:\/\/www.uckg.org\/pt\/wp-json\/wp\/v2\/users\/1"}],"replies":[{"embeddable":true,"href":"https:\/\/www.uckg.org\/pt\/wp-json\/wp\/v2\/comments?post=33399"}],"version-history":[{"count":0,"href":"https:\/\/www.uckg.org\/pt\/wp-json\/wp\/v2\/pages\/33399\/revisions"}],"wp:attachment":[{"href":"https:\/\/www.uckg.org\/pt\/wp-json\/wp\/v2\/media?parent=33399"}],"curies":[{"name":"wp","href":"https:\/\/api.w.org\/{rel}","templated":true}]}}