{"id":32250,"date":"2011-07-08T12:23:15","date_gmt":"2011-07-08T11:23:15","guid":{"rendered":"http:\/\/uckg.net\/?page_id=32250"},"modified":"2021-05-19T19:13:01","modified_gmt":"2021-05-19T17:13:01","slug":"privacy-policy","status":"publish","type":"page","link":"https:\/\/www.uckg.org\/pt\/privacy-policy\/","title":{"rendered":"Pol\u00edtica de Privacidade"},"content":{"rendered":"<p>[vc_row][vc_column][wander_title_block title=&#8221;Pol\u00edtica de Privacidade&#8221; title_size=&#8221;h2&#8243; title_align=&#8221;text-center&#8221; is_seperator=&#8221;true&#8221;][vc_column_text]<\/p>\n<p style=\"text-align: justify;\"><strong>Pol\u00edtica de Privacidade<\/strong><\/p>\n<p style=\"text-align: justify;\">Sua privacidade \u00e9 importante para a Igreja Universal do Reino de Deus (IURD). Criamos esta Pol\u00edtica de Privacidade em uma linguagem clara e acess\u00edvel para te ajudar a entender quem somos, quais dados pessoais coletamos, por que os coletamos e o que fazemos com eles. Tenha em mente que o termo \u201cdados pessoais\u201d (tamb\u00e9m tratado neste texto como \u201cdados\u201d ou \u201cseus dados\u201d) significa qualquer informa\u00e7\u00e3o que possibilite sua identifica\u00e7\u00e3o pessoal (direta ou indiretamente) e, principalmente, fazendo refer\u00eancia a um identificador (por exemplo, seu primeiro ou \u00faltimo nome, endere\u00e7o de e-mail, n\u00famero de telefone, etc.)<\/p>\n<p style=\"text-align: justify;\">Recomendamos fortemente que voc\u00ea tire um tempo para ler esta Pol\u00edtica de Privacidade por completo.<\/p>\n<p style=\"text-align: justify;\"><strong>O que esta Pol\u00edtica de Privacidade de Dados cobre?<\/strong><\/p>\n<p style=\"text-align: justify;\">Esta Pol\u00edtica de Privacidade aborda a forma como coletamos e usamos seus dados quando voc\u00ea, por exemplo:<\/p>\n<p style=\"text-align: justify;\">Acessa esse website ou usa nossas redes sociais, apps ou canais;<br \/>\nPreenche formul\u00e1rios, entra em grupos do Telegram ou WhatsApp;<br \/>\nParticipa de qualquer atividade, grupo ou evento em uma de nossas igrejas;<br \/>\nEntra em contato conosco por telefone ou e-mail;<br \/>\nInterage conosco de qualquer outra maneira, seja como membro ou visitante.<\/p>\n<p style=\"text-align: justify;\">Quem \u00e9 a IURD?<\/p>\n<p style=\"text-align: justify;\">A Igreja Universal do Reino de Deus (IURD) \u00e9 uma institui\u00e7\u00e3o de caridade registrada (1043985) no Reino Unido cuja principal miss\u00e3o \u00e9 pregar o evangelho e a Palavra de Jesus Cristo pelo mundo. A IURD \u00e9 formada por bispos, pastores, obreiros, funcion\u00e1rios e outras pessoas que auxiliam espiritualmente ou administrativamente o trabalho da igreja.<\/p>\n<p style=\"text-align: justify;\">Quem \u00e9 respons\u00e1vel pelo processamento dos dados pessoais?<\/p>\n<p style=\"text-align: justify;\">A IURD \u00e9 respons\u00e1vel pelo processamento dos seus dados pessoais (ver o artigo 4, par\u00e1grafo 7 do GDPR).<\/p>\n<p style=\"text-align: justify;\">Sobre os dados pessoais<\/p>\n<p style=\"text-align: justify;\"><strong>\u201cDados pessoais\u201d<\/strong> s\u00e3o informa\u00e7\u00f5es sobre um indiv\u00edduo que permitem sua identifica\u00e7\u00e3o, como nome, fotos, v\u00eddeos, e-mail ou endere\u00e7o. A identifica\u00e7\u00e3o pode ser feita por meio de informa\u00e7\u00f5es isoladas ou em um contexto, juntamente com outras informa\u00e7\u00f5es (ver o artigo 4, par\u00e1grafo 1 do GDPR).<\/p>\n<p style=\"text-align: justify;\"><strong>\u201cDados pessoais sens\u00edveis&#8221;<\/strong> s\u00e3o dados pessoais que revelem ra\u00e7a ou origem \u00e9tnica, opini\u00f5es pol\u00edticas e cren\u00e7as religiosas ou filos\u00f3ficas, bem como filia\u00e7\u00f5es sindicais, dados gen\u00e9ticos, biom\u00e9tricos ou relacionados \u00e0 sa\u00fade, vida e orienta\u00e7\u00e3o sexual do indiv\u00edduo (ver artigo 9 do GDPR).<\/p>\n<p style=\"text-align: justify;\"><strong>Quem processa os dados?<\/strong><\/p>\n<p style=\"text-align: justify;\">Os subcontratados, ou seja, volunt\u00e1rios, funcion\u00e1rios e prestadores de servi\u00e7o da IURD, estando todos eles cobertos pelo dever de confidencialidade e sigilo, bem como a Pol\u00edtica Interna de Seguran\u00e7a Inform\u00e1tica.<\/p>\n<p style=\"text-align: justify;\"><strong>Que tipos de dados s\u00e3o coletados?<\/strong><\/p>\n<p style=\"text-align: justify;\">Podemos coletar seus dados quando voc\u00ea visita nossa igreja, participa de um evento ou usa nossas instala\u00e7\u00f5es, nos contacta por telefone ou interage conosco de alguma outra forma. A lista abaixo d\u00e1 uma vis\u00e3o geral sobre os tipos de dados que coletamos.<\/p>\n<p style=\"text-align: justify;\">Informa\u00e7\u00f5es que voc\u00ea nos passa diretamente:<\/p>\n<p style=\"text-align: justify;\">Categorias de informa\u00e7\u00f5es<\/p>\n<p style=\"text-align: justify;\">Detalhes de identifica\u00e7\u00e3o<br \/>\nDados de contato<br \/>\nInforma\u00e7\u00f5es profissionais<br \/>\nInforma\u00e7\u00f5es f\u00edsicas e emocionais<br \/>\nDados criminais ou de infra\u00e7\u00e3o de lei<br \/>\nDados financeiros<br \/>\nOutros tipos de dados que voc\u00ea optar por compartilhar<\/p>\n<p style=\"text-align: justify;\"><strong>Exemplos de dados<\/strong><\/p>\n<p style=\"text-align: justify;\">Nome, sobrenome, t\u00edtulo, foto, data de nascimento, etc.<br \/>\nEndere\u00e7o, postcode, e-mail, n\u00famero de telefone, etc.<br \/>\nHist\u00f3rico escolar, cargo, habilidades, forma\u00e7\u00e3o, etc.<br \/>\nStatus marital, dados familiares, certificado de sa\u00fade, etc.<br \/>\nVerifica\u00e7\u00e3o de DBS ou de penalidades, entre outras coisas<br \/>\nDados banc\u00e1rios de fornecedores e patrocinadores<br \/>\nFeedback, mensagens, e-mails, etc.<\/p>\n<p style=\"text-align: justify;\">Al\u00e9m disso, quando voc\u00ea visita nossas instala\u00e7\u00f5es, tamb\u00e9m podemos registrar seus dados atrav\u00e9s do nosso circuito interno de vigil\u00e2ncia (CCTV).<\/p>\n<p style=\"text-align: justify;\">Informa\u00e7\u00f5es que coletamos automaticamente<\/p>\n<p style=\"text-align: justify;\">Quando voc\u00ea acessa nossos sites, podemos coletar informa\u00e7\u00f5es atrav\u00e9s de cookies enviados por seu computador, smartphone, entre outros dispositivos. Isso pode facilitar seu pr\u00f3ximo acesso e tornar o website mais \u00fatil para si.<\/p>\n<p style=\"text-align: justify;\">Como usamos seus dados?<\/p>\n<p style=\"text-align: justify;\">Podemos usar seus dados para diferentes fins leg\u00edtimos. Confira abaixo uma vis\u00e3o geral dos prop\u00f3sitos pelos quais podemos processar seus dados:<\/p>\n<p style=\"text-align: justify;\"><strong>Objetivos<\/strong><\/p>\n<p style=\"text-align: justify;\">Realizar procedimentos abrangentes e salvaguardar o bem-estar de todos os titulares dos dados.<br \/>\nOferecer apoio espiritual, emocional e social.<br \/>\nTe notificar sobre eventos, reuni\u00f5es especiais e atividades organizadas pela institui\u00e7\u00e3o de caridade.<br \/>\nCelebra\u00e7\u00f5es, certificados e documentos.<\/p>\n<p style=\"text-align: justify;\"><strong>Exemplo<\/strong><\/p>\n<p style=\"text-align: justify;\">Garantir um ambiente seguro a todos os nossos membros e volunt\u00e1rios, incluindo crian\u00e7as e adultos vulner\u00e1veis.<br \/>\nVisitar pessoas em hospitais, pris\u00f5es e outros locais, bem como fornecer gratuitamente servi\u00e7os como batismos, funerais, casamentos, etc.<br \/>\nEnviar cartas, e-mails, SMS, mensagens de Telegram, WhatsApp, realizar liga\u00e7\u00f5es, etc.<br \/>\nProduzir certificados de casamento, notifica\u00e7\u00f5es de servi\u00e7o, contratos, acordos legais, etc.<\/p>\n<p style=\"text-align: justify;\">Como usamos dados de marketing?<\/p>\n<p style=\"text-align: justify;\">A IURD pode enviar regularmente materiais de comunica\u00e7\u00e3o promocional sobre eventos e reuni\u00f5es de nossas igrejas.<br \/>\nEsses materiais promocionais podem usar os logotipos da IURD ou Centro de Ajuda e podem ser enviados por diferentes canais, como e-mail, telefone, SMS, cartas, redes sociais, etc.<br \/>\nQuando necess\u00e1rio (de acordo com a lei), pediremos seu consentimento previamente \u00e0 realiza\u00e7\u00e3o das atividades listadas acima.<\/p>\n<p style=\"text-align: justify;\">Al\u00e9m disso, te damos a oportunidade de retirar (cancelar) seu consentimento a qualquer momento atrav\u00e9s do e-mail &#x64;&#x70;&#x6f;&#x40;&#x75;&#99;&#107;g.org.<\/p>\n<p style=\"text-align: justify;\">Note que voc\u00ea tamb\u00e9m pode optar por deixar de receber e-mails de marketing seguindo as instru\u00e7\u00f5es de cancelamento de subscri\u00e7\u00e3o fornecidas nos e-mail que enviamos.<\/p>\n<p style=\"text-align: justify;\">Por favor, note que mesmo se voc\u00ea optar por deixar de receber comunica\u00e7\u00f5es de marketing, voc\u00ea ainda pode receber comunica\u00e7\u00f5es administrativas, como atualiza\u00e7\u00f5es, confirma\u00e7\u00f5es de pedidos, notifica\u00e7\u00f5es de atividades, entre outras comunica\u00e7\u00f5es importantes.<\/p>\n<p style=\"text-align: justify;\">Qual \u00e9 a base legal do processamento dos seus dados?<\/p>\n<p style=\"text-align: justify;\">H\u00e1 v\u00e1rias maneiras pelas quais podemos certificar a legalidade do uso dos seus dados, incluindo:<\/p>\n<p style=\"text-align: justify;\">Seu consentimento (somente quando necess\u00e1rio ou permitido legalmente). Se usarmos seu consentimento como base legal para o processamento dos seus dados, voc\u00ea pode cancel\u00e1-lo a qualquer momento;<br \/>\nA necessidade de estabelecer um relacionamento contratual com voc\u00ea e a necessidade de cumprirmos com nossas obriga\u00e7\u00f5es sob contrato;<br \/>\nA necessidade de cumprimos nossas obriga\u00e7\u00f5es legais para instituirmos ou nos defendermos de a\u00e7\u00f5es judiciais;<br \/>\nNos certificarmos de que nossas redes e informa\u00e7\u00f5es estejam seguras;<br \/>\nPrevenirmos ou investigarmos quebras de lei suspeitas ou concretas que n\u00e3o est\u00e3o em conformidade com as pol\u00edticas da IURD;<br \/>\nA necessidade de responder \u00e0s suas solicita\u00e7\u00f5es;<br \/>\nA necessidade de proteger os interesses vitais de qualquer pessoa.<\/p>\n<p style=\"text-align: justify;\">Compartilhamento dos seus dados pessoais com terceiros<\/p>\n<p style=\"text-align: justify;\">N\u00f3s n\u00e3o compartilhamos seus dados, exceto para fins espec\u00edficos listados a seguir. Caso seja necess\u00e1rio, para que os objetivos descritos neste documento sejam cumpridos, podemos compartilhar seus dados com as seguintes institui\u00e7\u00f5es:<\/p>\n<p style=\"text-align: justify;\"><strong>A IURD em outros pa\u00edses:<\/strong> Devido a nossa natureza global, certos dados seus (como testemunhos, por exemplo) podem ser compartilhados com filiais de outros pa\u00edses.<br \/>\n<strong>Prestadores de servi\u00e7o:<\/strong> Podemos terceirizar certas atividades de processamentos de dados para prestadores de servi\u00e7o de confian\u00e7a, como t\u00e9cnicos de TI, consultores e transportadoras (por exemplo, ag\u00eancias de viagem do Brasil, de Israel, entre outras.)<br \/>\n<strong>Autoridades p\u00fablicas e governamentais:<\/strong> Quando requerido por lei, ou caso seja necess\u00e1rio para proteger seus direitos, podemos compartilhar seus dados com entidades que regulam ou t\u00eam jurisdi\u00e7\u00e3o sobre a IURD.<br \/>\n<strong>Profissionais e outros servi\u00e7os:<\/strong> Podemos compartilhar seus dados com terceiros, incluindo prestadores de servi\u00e7o como bancos, companhias de seguro, auditores, advogados, contadores, entre outros profissionais.<\/p>\n<p style=\"text-align: justify;\">A transfer\u00eancia de qualquer tipo de dado que voc\u00ea n\u00e3o tenha autorizado n\u00e3o ser\u00e1 realizada sem que antes seu consentimento seja solicitado.<\/p>\n<p style=\"text-align: justify;\">Transfer\u00eancia internacional dos seus dados pessoais<br \/>\nDevido a nossa natureza global, os dados que voc\u00ea fornece podem ser transferidos (ou acessados) pelas filiais da IURD em pa\u00edses variados. Como resultado, seus dados podem ser processados fora do pa\u00eds onde voc\u00ea reside, caso necess\u00e1rio, para o cumprimento das metas descritas nesta notifica\u00e7\u00e3o. Se voc\u00ea vive em um pa\u00eds membro do Espa\u00e7o Econ\u00f4mico Europeu, podemos transferir seus dados a pa\u00edses localizados fora do Espa\u00e7o Econ\u00f4mico Europeu. Alguns desses pa\u00edses s\u00e3o reconhecidos pela Comiss\u00e3o Europeia por terem um n\u00edvel adequado de prote\u00e7\u00e3o. No que diz respeito \u00e0 transfer\u00eancia de informa\u00e7\u00f5es do Espa\u00e7o Econ\u00f4mico Europeu a outros pa\u00edses que n\u00e3o s\u00e3o reconhecidos pela Comiss\u00e3o Europeia por terem n\u00edveis adequados de prote\u00e7\u00e3o, devemos implementar as medidas apropriadas para proteger seus dados, como medidas organizacionais e legais. Buscaremos seu consentimento expl\u00edcito antes de enviarmos seus dados para fora do EEE.<\/p>\n<p style=\"text-align: justify;\">Retendo e deletando dados pessoais<\/p>\n<p style=\"text-align: justify;\">Os dados pessoais que processamos para qualquer prop\u00f3sito n\u00e3o devem ser retidos por mais tempo do que o necess\u00e1rio para aquele prop\u00f3sito espec\u00edfico.<\/p>\n<p style=\"text-align: justify;\">Retemos seus dados pessoais da seguinte forma:<\/p>\n<p style=\"text-align: justify;\">Dados pessoais fornecidos por seus dispositivos ser\u00e3o retidos por no m\u00e1ximo 2 anos.<br \/>\nPodemos reter seus dados pessoais quando necess\u00e1rio para cumprirmos as obriga\u00e7\u00f5es legais \u00e0s quais estamos sujeitos. O per\u00edodo de reten\u00e7\u00e3o para este tipo de dados \u00e9 de 6 anos.<\/p>\n<p style=\"text-align: justify;\">Como manteremos seus dados seguros?<\/p>\n<p style=\"text-align: justify;\">Para proteger seus dados, tomaremos as atitudes apropriadas condizentes com as leis e regula\u00e7\u00f5es aplic\u00e1veis de prote\u00e7\u00e3o e seguran\u00e7a de dados, inclusive requerendo que nossos prestadores de servi\u00e7o tomem as medidas apropriadas para proteger a confidencialidade e seguran\u00e7a dos seus dados. Dependendo do n\u00edvel de tecnologia necess\u00e1rio, bem como a implementa\u00e7\u00e3o de custos e a natureza dos dados a serem protegidos, implementaremos medidas t\u00e9cnicas e organizacionais para prevenir riscos como, por exemplo, o da destrui\u00e7\u00e3o, perda, altera\u00e7\u00e3o, divulga\u00e7\u00e3o ou acesso n\u00e3o-autorizado aos seus dados.<\/p>\n<p style=\"text-align: justify;\">Suas responsabilidades<\/p>\n<p style=\"text-align: justify;\">Gostar\u00edamos de lembrar que \u00e9 sua responsabilidade se certificar ao m\u00e1ximo de que os dados que voc\u00ea fornece s\u00e3o corretos, completos e atuais. Al\u00e9m disso, se voc\u00ea decidir compartilhar dados de terceiros conosco, \u00e9 sua responsabilidade coletar esses dados de acordo com os requerimentos locais. Por exemplo, voc\u00ea deve informar a pessoa cuja informa\u00e7\u00e3o est\u00e1 fornecendo sobre o conte\u00fado deste documento e obter consentimento expl\u00edcito desta pessoa.<\/p>\n<p style=\"text-align: justify;\">Seus direitos<\/p>\n<p style=\"text-align: justify;\">Sempre tentaremos te dar acesso aos seus dados. Caso deseje, voc\u00ea pode contactar nosso escrit\u00f3rio para:<\/p>\n<p style=\"text-align: justify;\">Revisar, retificar ou deletar dados que voc\u00ea tenha nos fornecido (contanto que n\u00e3o tenhamos permiss\u00e3o ou obriga\u00e7\u00e3o legal de manter esses dados);<br \/>\nSolicitar determinadas opera\u00e7\u00f5es de processamento de dados, por exemplo, optar por parar de receber comunica\u00e7\u00f5es de marketing;<br \/>\nReceber uma c\u00f3pia de seus dados (em formul\u00e1rios leg\u00edveis por m\u00e1quina, na medida exigida pela legisla\u00e7\u00e3o aplic\u00e1vel);<br \/>\nFazer qualquer pergunta referente \u00e0 prote\u00e7\u00e3o dos seus dados.<br \/>\nCaso necess\u00e1rio, nos contate atrav\u00e9s do e-mail: dpo&#64;&#x75;&#x63;&#x6b;g.o&#114;&#x67;.<\/p>\n<p style=\"text-align: justify;\">Faremos o nosso melhor para responder seu requerimento o mais r\u00e1pido poss\u00edvel. Em alguns casos, voc\u00ea pode precisar confirmar sua identidade antes que possamos responder ao seu pedido. Se voc\u00ea n\u00e3o ficar satisfeito com a resposta que receber, pode encaminhar uma reclama\u00e7\u00e3o \u00e0 autoridade regulat\u00f3ria competente de sua jurisdi\u00e7\u00e3o.<\/p>\n<p style=\"text-align: justify;\">Dados de crian\u00e7as<\/p>\n<p style=\"text-align: justify;\">N\u00f3s n\u00e3o coletamos informa\u00e7\u00f5es de crian\u00e7as abaixo de 13 anos sem autoriza\u00e7\u00e3o expl\u00edcita dos pais.<\/p>\n<p style=\"text-align: justify;\"><strong>Nota especial para crian\u00e7as abaixo de 13 anos:<\/strong> Se voc\u00ea tem menos de 13 anos, lhe aconselhamos a conversar e pedir autoriza\u00e7\u00e3o a seus pais ou respons\u00e1veis antes de compartilhar seus dados conosco;<br \/>\n<strong>Nota especial para pais de crian\u00e7as abaixo de 13 anos:<\/strong> Recomendamos que voc\u00eas verifiquem e monitorem o uso dos nossos servi\u00e7os (incluindo websites e outros canais digitais) por seus filhos, para se certificar de que eles n\u00e3o compartilhem dados pessoais conosco sem sua permiss\u00e3o.<\/p>\n<p style=\"text-align: justify;\">Sobre os cookies deste website<\/p>\n<p style=\"text-align: justify;\">Cookie \u00e9 um arquivo contendo um identificador que \u00e9 enviado por um servidor a um navegador, e \u00e9 guardado por este navegador. Ent\u00e3o, este identificador \u00e9 enviado de volta ao servidor a cada vez que o navegador solicita a p\u00e1gina do servidor.<\/p>\n<p style=\"text-align: justify;\">Eles podem ser classificados como cookies \u201cpersistentes\u201d ou cookies \u201cde sess\u00e3o.\u201d Um cookie persistente ser\u00e1 guardado pelo navegador e continuar\u00e1 v\u00e1lido at\u00e9 sua data de expira\u00e7\u00e3o, a menos que seja deletado pelo usu\u00e1rio antes desta data. Por outro lado, um cookie de sess\u00e3o ir\u00e1 expirar ao final da sess\u00e3o do usu\u00e1rio, quando o navegador for fechado.<\/p>\n<p style=\"text-align: justify;\">Normalmente, os cookies n\u00e3o cont\u00eam quaisquer informa\u00e7\u00f5es que possam identificar um usu\u00e1rio pessoalmente, mas se combinados com outras informa\u00e7\u00f5es, podem identific\u00e1-lo.<\/p>\n<p style=\"text-align: justify;\"><strong>Cookies usados por nossos provedores de servi\u00e7os<\/strong><\/p>\n<p style=\"text-align: justify;\"><strong>Google Analytics:<\/strong> A identifica\u00e7\u00e3o do dispositivo, o endere\u00e7o de IP e os cookies s\u00e3o compartilhados com o Google para gerar as estat\u00edsticas deste website, e ser\u00e3o retidos por um per\u00edodo de 2 anos.<\/p>\n<p style=\"text-align: justify;\">Gerenciamento de cookies<\/p>\n<p style=\"text-align: justify;\">Todos os cookies gerenciados pela IURD ser\u00e3o retidos pelo tempo em que voc\u00ea estiver acessando este website.<\/p>\n<p style=\"text-align: justify;\">Emendas<\/p>\n<p style=\"text-align: justify;\">Se necess\u00e1rio, podemos atualizar esta pol\u00edtica, publicando a nova vers\u00e3o em nosso website.<\/p>\n<p style=\"text-align: justify;\">Voc\u00ea deve checar esta p\u00e1gina ocasionalmente para certificar-se de que concorda com qualquer mudan\u00e7a que haja nesta pol\u00edtica.<\/p>\n<p style=\"text-align: justify;\">A \u00faltima atualiza\u00e7\u00e3o desta pol\u00edtica foi feita em 25 de maio de 2018.<\/p>\n<p style=\"text-align: justify;\">Contato e solicita\u00e7\u00f5es<\/p>\n<p style=\"text-align: justify;\">Este website \u00e9 propriedade da Igreja Universal do Reino de Deus, institui\u00e7\u00e3o de caridade registrada com o n\u00famero 1043985, e nosso escrit\u00f3rio registrado localiza-se em: 24 Coleridge Road, Finsbury Park, Londres, N4 3NP.<\/p>\n<p style=\"text-align: justify;\">Se voc\u00ea tem qualquer d\u00favida ou preocupa\u00e7\u00e3o em rela\u00e7\u00e3o a esta pol\u00edtica e deseja exercitar seus direitos, por favor, contate nosso Oficial de Prote\u00e7\u00e3o de Dados pelo e-mail &#x64;p&#x6f;&#64;&#x75;&#x63;k&#x67;&#46;&#x6f;&#x72;g ou pelo n\u00famero de telefone 020 7686 6044.<\/p>\n<p style=\"text-align: justify;\">Nosso regulador \u00e9 o ICO \u2013 Gabinete do Comiss\u00e1rio de Informa\u00e7\u00e3o (https:\/\/ico.org.uk).<\/p>\n<p style=\"text-align: justify;\">Esta pol\u00edtica est\u00e1 em vigor desde 25 de maio de 2018.<\/p>\n<p>[\/vc_column_text][\/vc_column][\/vc_row]<\/p>\n","protected":false},"excerpt":{"rendered":"<p>[vc_row][vc_column][wander_title_block title=&#8221;Pol\u00edtica de Privacidade&#8221; title_size=&#8221;h2&#8243; title_align=&#8221;text-center&#8221; is_seperator=&#8221;true&#8221;][vc_column_text] Pol\u00edtica de Privacidade Sua privacidade \u00e9 importante para a Igreja Universal do Reino de Deus (IURD). Criamos esta Pol\u00edtica de Privacidade em uma [&hellip;]<\/p>\n","protected":false},"author":1,"featured_media":0,"parent":0,"menu_order":159,"comment_status":"closed","ping_status":"closed","template":"","meta":{"give_campaign_id":0,"_monsterinsights_skip_tracking":false,"_monsterinsights_sitenote_active":false,"_monsterinsights_sitenote_note":"","_monsterinsights_sitenote_category":0,"footnotes":""},"class_list":["post-32250","page","type-page","status-publish","hentry"],"campaignId":"","_links":{"self":[{"href":"https:\/\/www.uckg.org\/pt\/wp-json\/wp\/v2\/pages\/32250","targetHints":{"allow":["GET"]}}],"collection":[{"href":"https:\/\/www.uckg.org\/pt\/wp-json\/wp\/v2\/pages"}],"about":[{"href":"https:\/\/www.uckg.org\/pt\/wp-json\/wp\/v2\/types\/page"}],"author":[{"embeddable":true,"href":"https:\/\/www.uckg.org\/pt\/wp-json\/wp\/v2\/users\/1"}],"replies":[{"embeddable":true,"href":"https:\/\/www.uckg.org\/pt\/wp-json\/wp\/v2\/comments?post=32250"}],"version-history":[{"count":3,"href":"https:\/\/www.uckg.org\/pt\/wp-json\/wp\/v2\/pages\/32250\/revisions"}],"predecessor-version":[{"id":96019,"href":"https:\/\/www.uckg.org\/pt\/wp-json\/wp\/v2\/pages\/32250\/revisions\/96019"}],"wp:attachment":[{"href":"https:\/\/www.uckg.org\/pt\/wp-json\/wp\/v2\/media?parent=32250"}],"curies":[{"name":"wp","href":"https:\/\/api.w.org\/{rel}","templated":true}]}}