{"id":103234,"date":"2022-11-08T13:23:50","date_gmt":"2022-11-08T12:23:50","guid":{"rendered":"https:\/\/www.uckg.org\/pt\/?page_id=103234"},"modified":"2022-11-10T17:04:09","modified_gmt":"2022-11-10T16:04:09","slug":"mega-help-project","status":"publish","type":"page","link":"https:\/\/www.uckg.org\/pt\/mega-help-project\/","title":{"rendered":"Mega Help Project"},"content":{"rendered":"\t\t<div data-elementor-type=\"wp-page\" data-elementor-id=\"103234\" class=\"elementor elementor-103234\" data-elementor-post-type=\"page\">\n\t\t\t\t\t\t<section class=\"elementor-section elementor-top-section elementor-element elementor-element-3af469ab elementor-section-full_width elementor-section-height-min-height elementor-section-content-top elementor-section-stretched elementor-section-height-default elementor-section-items-middle\" data-id=\"3af469ab\" data-element_type=\"section\" data-e-type=\"section\" data-settings=\"{&quot;stretch_section&quot;:&quot;section-stretched&quot;}\">\n\t\t\t\t\t\t<div class=\"elementor-container elementor-column-gap-no\">\n\t\t\t\t\t<div class=\"elementor-column elementor-col-100 elementor-top-column elementor-element elementor-element-48bc5b1a\" data-id=\"48bc5b1a\" data-element_type=\"column\" data-e-type=\"column\">\n\t\t\t<div class=\"elementor-widget-wrap elementor-element-populated\">\n\t\t\t\t\t\t<div class=\"elementor-element elementor-element-2b77075c elementor-widget elementor-widget-video\" data-id=\"2b77075c\" data-element_type=\"widget\" data-e-type=\"widget\" data-settings=\"{&quot;youtube_url&quot;:&quot;https:\\\/\\\/www.youtube.com\\\/watch?v=l4WoJ8ohnPI&quot;,&quot;autoplay&quot;:&quot;yes&quot;,&quot;loop&quot;:&quot;yes&quot;,&quot;video_type&quot;:&quot;youtube&quot;}\" data-widget_type=\"video.default\">\n\t\t\t\t<div class=\"elementor-widget-container\">\n\t\t\t\t\t\t\t<div class=\"elementor-wrapper elementor-open-inline\">\n\t\t\t<div class=\"elementor-video\"><\/div>\t\t<\/div>\n\t\t\t\t\t\t<\/div>\n\t\t\t\t<\/div>\n\t\t\t\t\t<\/div>\n\t\t<\/div>\n\t\t\t\t\t<\/div>\n\t\t<\/section>\n\t\t\t\t<section class=\"elementor-section elementor-top-section elementor-element elementor-element-78a617d2 elementor-section-boxed elementor-section-height-default elementor-section-height-default\" data-id=\"78a617d2\" data-element_type=\"section\" data-e-type=\"section\">\n\t\t\t\t\t\t<div class=\"elementor-container elementor-column-gap-default\">\n\t\t\t\t\t<div class=\"elementor-column elementor-col-100 elementor-top-column elementor-element elementor-element-4a7f336d\" data-id=\"4a7f336d\" data-element_type=\"column\" data-e-type=\"column\">\n\t\t\t<div class=\"elementor-widget-wrap elementor-element-populated\">\n\t\t\t\t\t\t<div class=\"elementor-element elementor-element-6783cfc5 elementor-widget elementor-widget-spacer\" data-id=\"6783cfc5\" data-element_type=\"widget\" data-e-type=\"widget\" data-widget_type=\"spacer.default\">\n\t\t\t\t<div class=\"elementor-widget-container\">\n\t\t\t\t\t\t\t<div class=\"elementor-spacer\">\n\t\t\t<div class=\"elementor-spacer-inner\"><\/div>\n\t\t<\/div>\n\t\t\t\t\t\t<\/div>\n\t\t\t\t<\/div>\n\t\t\t\t\t<\/div>\n\t\t<\/div>\n\t\t\t\t\t<\/div>\n\t\t<\/section>\n\t\t\t\t<section class=\"elementor-section elementor-top-section elementor-element elementor-element-39b6d32f elementor-section-content-middle elementor-section-boxed elementor-section-height-default elementor-section-height-default\" data-id=\"39b6d32f\" data-element_type=\"section\" data-e-type=\"section\">\n\t\t\t\t\t\t<div class=\"elementor-container elementor-column-gap-default\">\n\t\t\t\t\t<div class=\"elementor-column elementor-col-100 elementor-top-column elementor-element elementor-element-651332b5\" data-id=\"651332b5\" data-element_type=\"column\" data-e-type=\"column\">\n\t\t\t<div class=\"elementor-widget-wrap elementor-element-populated\">\n\t\t\t\t\t\t<div class=\"elementor-element elementor-element-7e0aa223 elementor-widget elementor-widget-heading\" data-id=\"7e0aa223\" data-element_type=\"widget\" data-e-type=\"widget\" data-widget_type=\"heading.default\">\n\t\t\t\t<div class=\"elementor-widget-container\">\n\t\t\t\t\t<h2 class=\"elementor-heading-title elementor-size-default\">Evento MEGA HELP | DOMINGO 13 DE NOVEMBRO<\/h2>\t\t\t\t<\/div>\n\t\t\t\t<\/div>\n\t\t\t\t<div class=\"elementor-element elementor-element-487d7cf0 elementor-widget elementor-widget-heading\" data-id=\"487d7cf0\" data-element_type=\"widget\" data-e-type=\"widget\" data-widget_type=\"heading.default\">\n\t\t\t\t<div class=\"elementor-widget-container\">\n\t\t\t\t\t<h2 class=\"elementor-heading-title elementor-size-default\">DO QUE SE TRATA ESTE EVENTO<\/h2>\t\t\t\t<\/div>\n\t\t\t\t<\/div>\n\t\t\t\t<div class=\"elementor-element elementor-element-3abfe747 elementor-widget elementor-widget-text-editor\" data-id=\"3abfe747\" data-element_type=\"widget\" data-e-type=\"widget\" data-widget_type=\"text-editor.default\">\n\t\t\t\t<div class=\"elementor-widget-container\">\n\t\t\t\t\t\t\t\t\t<p class=\"MsoNormal\" style=\"margin: 0cm 0cm 0.0001pt; font-size: 12pt; font-family: 'Times New Roman', serif; color: #000000;\"><span lang=\"PT-BR\" style=\"font-family: Calibri, sans-serif;\">Voc\u00ea sabia que no Reino Unido, um quarto dos jovens de 11 a 16 anos e quase metade dos de 17 a 19 anos (46,8%), se encontram com transtorno mental, relataram ter se automutilado ou tentado suic\u00eddio em algum momento da vida deles?<br \/><br \/>O projeto Mega Help visa reduzir as estat\u00edsticas negativas e preservar a vida entre os jovens, espalhando uma mensagem de esperan\u00e7a: <strong><i>\u201cEstamos aqui para ajudar e n\u00e3o para julgar voc\u00ea\u201d.<\/i><\/strong><\/span><\/p><p class=\"MsoNormal\" style=\"margin: 0cm 0cm 0.0001pt; font-size: 12pt; font-family: 'Times New Roman', serif; color: #000000;\"><span lang=\"PT-BR\" style=\"font-family: Calibri, sans-serif;\">Nosso objetivo \u00e9 divulgar essa mensagem positiva em nosso evento Mega Help no torneio amistoso de Futsal deste ano, que ser\u00e1 realizado pela Igreja Universal e pelo Grupo Jovem. Acontecer\u00e1 no <strong>domingo, 13 de Novembro, em<span style=\"text-decoration: underline;\"> dois locais diferentes<\/span><\/strong> (consulte as informa\u00e7\u00f5es abaixo).<\/span><\/p><p class=\"MsoNormal\" style=\"margin: 0cm 0cm 0.0001pt; font-size: 12pt; font-family: 'Times New Roman', serif; color: #000000;\"><span lang=\"PT-BR\" style=\"font-family: Calibri, sans-serif;\">Ajude-nos a reduzir as estat\u00edsticas negativas divulgando este evento amig\u00e1vel e \u00fatil. No dia, voc\u00ea far\u00e1 parte de um ambiente familiar e acolhedor e <\/span><span lang=\"PT-BR\" style=\"font-family: Calibri, sans-serif;\">ouvir\u00e1 relatos inspiradores e positivos, baseados na vida real.\u201d<\/span><\/p><p class=\"MsoNormal\" style=\"margin: 0cm 0cm 0.0001pt; font-size: 12pt; font-family: 'Times New Roman', serif; color: #000000;\"><span lang=\"PT-BR\" style=\"font-family: Calibri, sans-serif;\">Parece algo que voc\u00ea est\u00e1 interessado?<\/span><\/p><p class=\"MsoNormal\" style=\"margin: 0cm 0cm 0.0001pt; font-size: 12pt; font-family: 'Times New Roman', serif; color: #000000;\"><span lang=\"PT-BR\" style=\"font-family: Calibri, sans-serif;\">Voc\u00ea pode entrar em contato conosco hoje na nossa Linha de Ajuda 24h: <strong>020 7272 1010<\/strong> para reservar seu ingresso de \u00a310 que vem com uma camiseta Mega Help. Fa\u00e7a parte desta campanha especial \u2013 Mega Help.<\/span><\/p>\t\t\t\t\t\t\t\t<\/div>\n\t\t\t\t<\/div>\n\t\t\t\t\t<\/div>\n\t\t<\/div>\n\t\t\t\t\t<\/div>\n\t\t<\/section>\n\t\t\t\t<section class=\"elementor-section elementor-top-section elementor-element elementor-element-502fdf6d elementor-section-boxed elementor-section-height-default elementor-section-height-default\" data-id=\"502fdf6d\" data-element_type=\"section\" data-e-type=\"section\">\n\t\t\t\t\t\t<div class=\"elementor-container elementor-column-gap-default\">\n\t\t\t\t\t<div class=\"elementor-column elementor-col-50 elementor-top-column elementor-element elementor-element-34b704eb\" data-id=\"34b704eb\" data-element_type=\"column\" data-e-type=\"column\">\n\t\t\t<div class=\"elementor-widget-wrap elementor-element-populated\">\n\t\t\t\t\t\t<div class=\"elementor-element elementor-element-27fcd16f elementor-invisible elementor-widget elementor-widget-image\" data-id=\"27fcd16f\" data-element_type=\"widget\" data-e-type=\"widget\" data-settings=\"{&quot;_animation&quot;:&quot;slideInLeft&quot;}\" data-widget_type=\"image.default\">\n\t\t\t\t<div class=\"elementor-widget-container\">\n\t\t\t\t\t\t\t\t\t\t\t\t\t\t\t<img fetchpriority=\"high\" decoding=\"async\" width=\"768\" height=\"768\" src=\"https:\/\/www.uckg.org\/pt\/wp-content\/uploads\/2022\/11\/Mark.-768x768.jpg\" class=\"attachment-ug_big size-ug_big wp-image-103291\" alt=\"\" srcset=\"https:\/\/www.uckg.org\/pt\/wp-content\/uploads\/2022\/11\/Mark.-768x768.jpg 768w, https:\/\/www.uckg.org\/pt\/wp-content\/uploads\/2022\/11\/Mark.-300x300.jpg 300w, https:\/\/www.uckg.org\/pt\/wp-content\/uploads\/2022\/11\/Mark.-1024x1024.jpg 1024w, https:\/\/www.uckg.org\/pt\/wp-content\/uploads\/2022\/11\/Mark.-150x150.jpg 150w, https:\/\/www.uckg.org\/pt\/wp-content\/uploads\/2022\/11\/Mark.-50x50.jpg 50w, https:\/\/www.uckg.org\/pt\/wp-content\/uploads\/2022\/11\/Mark.-500x500.jpg 500w, https:\/\/www.uckg.org\/pt\/wp-content\/uploads\/2022\/11\/Mark..jpg 1080w\" sizes=\"(max-width: 768px) 100vw, 768px\" title=\"\">\t\t\t\t\t\t\t\t\t\t\t\t\t\t\t<\/div>\n\t\t\t\t<\/div>\n\t\t\t\t\t<\/div>\n\t\t<\/div>\n\t\t\t\t<div class=\"elementor-column elementor-col-50 elementor-top-column elementor-element elementor-element-4113d6e8\" data-id=\"4113d6e8\" data-element_type=\"column\" data-e-type=\"column\">\n\t\t\t<div class=\"elementor-widget-wrap elementor-element-populated\">\n\t\t\t\t\t\t<div class=\"elementor-element elementor-element-7d0c59cf elementor-invisible elementor-widget elementor-widget-image\" data-id=\"7d0c59cf\" data-element_type=\"widget\" data-e-type=\"widget\" data-settings=\"{&quot;_animation&quot;:&quot;fadeInRight&quot;}\" data-widget_type=\"image.default\">\n\t\t\t\t<div class=\"elementor-widget-container\">\n\t\t\t\t\t\t\t\t\t\t\t\t\t\t\t<img decoding=\"async\" width=\"768\" height=\"768\" src=\"https:\/\/www.uckg.org\/pt\/wp-content\/uploads\/2022\/11\/Irena-768x768.jpg\" class=\"attachment-ug_big size-ug_big wp-image-103295\" alt=\"\" srcset=\"https:\/\/www.uckg.org\/pt\/wp-content\/uploads\/2022\/11\/Irena-768x768.jpg 768w, https:\/\/www.uckg.org\/pt\/wp-content\/uploads\/2022\/11\/Irena-300x300.jpg 300w, https:\/\/www.uckg.org\/pt\/wp-content\/uploads\/2022\/11\/Irena-1024x1024.jpg 1024w, https:\/\/www.uckg.org\/pt\/wp-content\/uploads\/2022\/11\/Irena-150x150.jpg 150w, https:\/\/www.uckg.org\/pt\/wp-content\/uploads\/2022\/11\/Irena-50x50.jpg 50w, https:\/\/www.uckg.org\/pt\/wp-content\/uploads\/2022\/11\/Irena-500x500.jpg 500w, https:\/\/www.uckg.org\/pt\/wp-content\/uploads\/2022\/11\/Irena.jpg 1080w\" sizes=\"(max-width: 768px) 100vw, 768px\" title=\"\">\t\t\t\t\t\t\t\t\t\t\t\t\t\t\t<\/div>\n\t\t\t\t<\/div>\n\t\t\t\t<div class=\"elementor-element elementor-element-39fc9218 animated-slow elementor-invisible elementor-widget elementor-widget-image\" data-id=\"39fc9218\" data-element_type=\"widget\" data-e-type=\"widget\" data-settings=\"{&quot;_animation&quot;:&quot;slideInRight&quot;}\" data-widget_type=\"image.default\">\n\t\t\t\t<div class=\"elementor-widget-container\">\n\t\t\t\t\t\t\t\t\t\t\t\t\t\t\t<img decoding=\"async\" width=\"768\" height=\"264\" src=\"https:\/\/www.uckg.org\/pt\/wp-content\/uploads\/2022\/11\/Help-Logo-Black-logo-768x264.png\" class=\"attachment-ug_big size-ug_big wp-image-103299\" alt=\"\" srcset=\"https:\/\/www.uckg.org\/pt\/wp-content\/uploads\/2022\/11\/Help-Logo-Black-logo-768x264.png 768w, https:\/\/www.uckg.org\/pt\/wp-content\/uploads\/2022\/11\/Help-Logo-Black-logo-300x103.png 300w, https:\/\/www.uckg.org\/pt\/wp-content\/uploads\/2022\/11\/Help-Logo-Black-logo-1024x351.png 1024w, https:\/\/www.uckg.org\/pt\/wp-content\/uploads\/2022\/11\/Help-Logo-Black-logo-1536x527.png 1536w, https:\/\/www.uckg.org\/pt\/wp-content\/uploads\/2022\/11\/Help-Logo-Black-logo-2048x703.png 2048w, https:\/\/www.uckg.org\/pt\/wp-content\/uploads\/2022\/11\/Help-Logo-Black-logo-500x172.png 500w\" sizes=\"(max-width: 768px) 100vw, 768px\" title=\"\">\t\t\t\t\t\t\t\t\t\t\t\t\t\t\t<\/div>\n\t\t\t\t<\/div>\n\t\t\t\t\t<\/div>\n\t\t<\/div>\n\t\t\t\t\t<\/div>\n\t\t<\/section>\n\t\t\t\t<section class=\"elementor-section elementor-top-section elementor-element elementor-element-3b853ad1 elementor-section-boxed elementor-section-height-default elementor-section-height-default\" data-id=\"3b853ad1\" data-element_type=\"section\" data-e-type=\"section\">\n\t\t\t\t\t\t<div class=\"elementor-container elementor-column-gap-default\">\n\t\t\t\t\t<div class=\"elementor-column elementor-col-100 elementor-top-column elementor-element elementor-element-35777e0b\" data-id=\"35777e0b\" data-element_type=\"column\" data-e-type=\"column\">\n\t\t\t<div class=\"elementor-widget-wrap elementor-element-populated\">\n\t\t\t\t\t\t<div class=\"elementor-element elementor-element-2bfa8fba elementor-widget elementor-widget-spacer\" data-id=\"2bfa8fba\" data-element_type=\"widget\" data-e-type=\"widget\" data-widget_type=\"spacer.default\">\n\t\t\t\t<div class=\"elementor-widget-container\">\n\t\t\t\t\t\t\t<div class=\"elementor-spacer\">\n\t\t\t<div class=\"elementor-spacer-inner\"><\/div>\n\t\t<\/div>\n\t\t\t\t\t\t<\/div>\n\t\t\t\t<\/div>\n\t\t\t\t<div class=\"elementor-element elementor-element-7c0f6687 elementor-widget elementor-widget-menu-anchor\" data-id=\"7c0f6687\" data-element_type=\"widget\" data-e-type=\"widget\" data-widget_type=\"menu-anchor.default\">\n\t\t\t\t<div class=\"elementor-widget-container\">\n\t\t\t\t\t\t\t<div class=\"elementor-menu-anchor\" id=\"location\"><\/div>\n\t\t\t\t\t\t<\/div>\n\t\t\t\t<\/div>\n\t\t\t\t\t<\/div>\n\t\t<\/div>\n\t\t\t\t\t<\/div>\n\t\t<\/section>\n\t\t\t\t<section class=\"elementor-section elementor-top-section elementor-element elementor-element-2e9cd9ce elementor-section-full_width elementor-section-height-min-height elementor-section-stretched elementor-section-height-default elementor-section-items-middle\" data-id=\"2e9cd9ce\" data-element_type=\"section\" data-e-type=\"section\" data-settings=\"{&quot;stretch_section&quot;:&quot;section-stretched&quot;,&quot;background_background&quot;:&quot;slideshow&quot;,&quot;background_slideshow_gallery&quot;:[{&quot;id&quot;:103240,&quot;url&quot;:&quot;https:\\\/\\\/www.uckg.org\\\/pt\\\/wp-content\\\/uploads\\\/2022\\\/11\\\/shutterstock_1984104710-scaled-1.jpg&quot;}],&quot;background_slideshow_loop&quot;:&quot;yes&quot;,&quot;background_slideshow_slide_duration&quot;:5000,&quot;background_slideshow_slide_transition&quot;:&quot;fade&quot;,&quot;background_slideshow_transition_duration&quot;:500}\">\n\t\t\t\t\t\t\t<div class=\"elementor-background-overlay\"><\/div>\n\t\t\t\t\t\t\t<div class=\"elementor-container elementor-column-gap-default\">\n\t\t\t\t\t<div class=\"elementor-column elementor-col-100 elementor-top-column elementor-element elementor-element-19cdcab2\" data-id=\"19cdcab2\" data-element_type=\"column\" data-e-type=\"column\">\n\t\t\t<div class=\"elementor-widget-wrap elementor-element-populated\">\n\t\t\t\t\t\t<div class=\"elementor-element elementor-element-18f86412 elementor-widget elementor-widget-heading\" data-id=\"18f86412\" data-element_type=\"widget\" data-e-type=\"widget\" data-widget_type=\"heading.default\">\n\t\t\t\t<div class=\"elementor-widget-container\">\n\t\t\t\t\t<h2 class=\"elementor-heading-title elementor-size-default\">TORNEIO DE FUTSAL<\/h2>\t\t\t\t<\/div>\n\t\t\t\t<\/div>\n\t\t\t\t<div class=\"elementor-element elementor-element-65596c93 elementor-widget elementor-widget-heading\" data-id=\"65596c93\" data-element_type=\"widget\" data-e-type=\"widget\" data-widget_type=\"heading.default\">\n\t\t\t\t<div class=\"elementor-widget-container\">\n\t\t\t\t\t<h2 class=\"elementor-heading-title elementor-size-default\">Londres<\/h2>\t\t\t\t<\/div>\n\t\t\t\t<\/div>\n\t\t\t\t<div class=\"elementor-element elementor-element-3d00322c elementor-widget__width-initial elementor-widget elementor-widget-text-editor\" data-id=\"3d00322c\" data-element_type=\"widget\" data-e-type=\"widget\" data-widget_type=\"text-editor.default\">\n\t\t\t\t<div class=\"elementor-widget-container\">\n\t\t\t\t\t\t\t\t\t<p><span style=\"color: #ffffff;\">Crystal Palace National Sports Centre, London SE20 8DT<br \/><\/span><\/p><p><span style=\"color: #ffffff;\">Domingo, 13 de Novembro<\/span><br \/><span style=\"color: #ffffff;\">As portas abrem \u00e0s 2pm, come\u00e7a \u00e0s 3pm<\/span><\/p>\t\t\t\t\t\t\t\t<\/div>\n\t\t\t\t<\/div>\n\t\t\t\t<div class=\"elementor-element elementor-element-3aeab084 elementor-shape-rounded elementor-grid-0 e-grid-align-center elementor-widget elementor-widget-social-icons\" data-id=\"3aeab084\" data-element_type=\"widget\" data-e-type=\"widget\" data-widget_type=\"social-icons.default\">\n\t\t\t\t<div class=\"elementor-widget-container\">\n\t\t\t\t\t\t\t<div class=\"elementor-social-icons-wrapper elementor-grid\">\n\t\t\t\t\t\t\t<span class=\"elementor-grid-item\">\n\t\t\t\t\t<a class=\"elementor-icon elementor-social-icon elementor-social-icon-whatsapp elementor-repeater-item-9ea0467\" href=\"https:\/\/www.instagram.com\/help.vyguk\/\" target=\"_blank\" rel=\"noopener\">\n\t\t\t\t\t\t<span class=\"elementor-screen-only\">Whatsapp<\/span>\n\t\t\t\t\t\t<i aria-hidden=\"true\" class=\"fab fa-whatsapp\"><\/i>\t\t\t\t\t<\/a>\n\t\t\t\t<\/span>\n\t\t\t\t\t<\/div>\n\t\t\t\t\t\t<\/div>\n\t\t\t\t<\/div>\n\t\t\t\t\t<\/div>\n\t\t<\/div>\n\t\t\t\t\t<\/div>\n\t\t<\/section>\n\t\t\t\t<section class=\"elementor-section elementor-top-section elementor-element elementor-element-3c174566 elementor-section-full_width elementor-section-height-min-height elementor-section-stretched elementor-section-height-default elementor-section-items-middle\" data-id=\"3c174566\" data-element_type=\"section\" data-e-type=\"section\" data-settings=\"{&quot;stretch_section&quot;:&quot;section-stretched&quot;,&quot;background_background&quot;:&quot;slideshow&quot;,&quot;background_slideshow_gallery&quot;:[{&quot;id&quot;:103241,&quot;url&quot;:&quot;https:\\\/\\\/www.uckg.org\\\/pt\\\/wp-content\\\/uploads\\\/2022\\\/11\\\/ManchesterMetropolitanUniversityPlattLaneComplex.jpg&quot;}],&quot;background_slideshow_loop&quot;:&quot;yes&quot;,&quot;background_slideshow_slide_duration&quot;:5000,&quot;background_slideshow_slide_transition&quot;:&quot;fade&quot;,&quot;background_slideshow_transition_duration&quot;:500}\">\n\t\t\t\t\t\t\t<div class=\"elementor-background-overlay\"><\/div>\n\t\t\t\t\t\t\t<div class=\"elementor-container elementor-column-gap-default\">\n\t\t\t\t\t<div class=\"elementor-column elementor-col-100 elementor-top-column elementor-element elementor-element-fb8dffc\" data-id=\"fb8dffc\" data-element_type=\"column\" data-e-type=\"column\">\n\t\t\t<div class=\"elementor-widget-wrap elementor-element-populated\">\n\t\t\t\t\t\t<div class=\"elementor-element elementor-element-1e2ed16e elementor-widget elementor-widget-heading\" data-id=\"1e2ed16e\" data-element_type=\"widget\" data-e-type=\"widget\" data-widget_type=\"heading.default\">\n\t\t\t\t<div class=\"elementor-widget-container\">\n\t\t\t\t\t<h2 class=\"elementor-heading-title elementor-size-default\">TORNEIO DE FUTSAL<\/h2>\t\t\t\t<\/div>\n\t\t\t\t<\/div>\n\t\t\t\t<div class=\"elementor-element elementor-element-385bf553 elementor-widget elementor-widget-heading\" data-id=\"385bf553\" data-element_type=\"widget\" data-e-type=\"widget\" data-widget_type=\"heading.default\">\n\t\t\t\t<div class=\"elementor-widget-container\">\n\t\t\t\t\t<h2 class=\"elementor-heading-title elementor-size-default\">Manchester<\/h2>\t\t\t\t<\/div>\n\t\t\t\t<\/div>\n\t\t\t\t<div class=\"elementor-element elementor-element-4a67d63b elementor-widget__width-initial elementor-widget elementor-widget-text-editor\" data-id=\"4a67d63b\" data-element_type=\"widget\" data-e-type=\"widget\" data-widget_type=\"text-editor.default\">\n\t\t\t\t<div class=\"elementor-widget-container\">\n\t\t\t\t\t\t\t\t\t<p><span style=\"color: #ffffff;\"><span style=\"color: #000000;\">Platt Lane Sports Complex, Manchester, M14 7UU<br \/><\/span><\/span><\/p><p>Domingo, 13 de Novembro<br \/>As portas abrem \u00e0s 2pm, come\u00e7a \u00e0s 3pm<\/p><p><span style=\"color: #ffffff;\"><span style=\"color: #000000;\">\u00a0<\/span><\/span><\/p>\t\t\t\t\t\t\t\t<\/div>\n\t\t\t\t<\/div>\n\t\t\t\t<div class=\"elementor-element elementor-element-5685d0b9 elementor-shape-rounded elementor-grid-0 e-grid-align-center elementor-widget elementor-widget-social-icons\" data-id=\"5685d0b9\" data-element_type=\"widget\" data-e-type=\"widget\" data-widget_type=\"social-icons.default\">\n\t\t\t\t<div class=\"elementor-widget-container\">\n\t\t\t\t\t\t\t<div class=\"elementor-social-icons-wrapper elementor-grid\">\n\t\t\t\t\t\t\t<span class=\"elementor-grid-item\">\n\t\t\t\t\t<a class=\"elementor-icon elementor-social-icon elementor-social-icon-whatsapp elementor-repeater-item-9ea0467\" href=\"https:\/\/www.instagram.com\/help.vyguk\/\" target=\"_blank\" rel=\"noopener\">\n\t\t\t\t\t\t<span class=\"elementor-screen-only\">Whatsapp<\/span>\n\t\t\t\t\t\t<i aria-hidden=\"true\" class=\"fab fa-whatsapp\"><\/i>\t\t\t\t\t<\/a>\n\t\t\t\t<\/span>\n\t\t\t\t\t<\/div>\n\t\t\t\t\t\t<\/div>\n\t\t\t\t<\/div>\n\t\t\t\t\t<\/div>\n\t\t<\/div>\n\t\t\t\t\t<\/div>\n\t\t<\/section>\n\t\t\t\t<\/div>\n\t\t","protected":false},"excerpt":{"rendered":"<p>Evento MEGA HELP | DOMINGO 13 DE NOVEMBRO DO QUE SE TRATA ESTE EVENTO Voc\u00ea sabia que no Reino Unido, um quarto dos jovens de 11 a 16 anos e [&hellip;]<\/p>\n","protected":false},"author":18,"featured_media":0,"parent":0,"menu_order":137,"comment_status":"closed","ping_status":"closed","template":"","meta":{"give_campaign_id":0,"_monsterinsights_skip_tracking":false,"_monsterinsights_sitenote_active":false,"_monsterinsights_sitenote_note":"","_monsterinsights_sitenote_category":0,"footnotes":""},"class_list":["post-103234","page","type-page","status-publish","hentry"],"campaignId":"","_links":{"self":[{"href":"https:\/\/www.uckg.org\/pt\/wp-json\/wp\/v2\/pages\/103234","targetHints":{"allow":["GET"]}}],"collection":[{"href":"https:\/\/www.uckg.org\/pt\/wp-json\/wp\/v2\/pages"}],"about":[{"href":"https:\/\/www.uckg.org\/pt\/wp-json\/wp\/v2\/types\/page"}],"author":[{"embeddable":true,"href":"https:\/\/www.uckg.org\/pt\/wp-json\/wp\/v2\/users\/18"}],"replies":[{"embeddable":true,"href":"https:\/\/www.uckg.org\/pt\/wp-json\/wp\/v2\/comments?post=103234"}],"version-history":[{"count":5,"href":"https:\/\/www.uckg.org\/pt\/wp-json\/wp\/v2\/pages\/103234\/revisions"}],"predecessor-version":[{"id":103302,"href":"https:\/\/www.uckg.org\/pt\/wp-json\/wp\/v2\/pages\/103234\/revisions\/103302"}],"wp:attachment":[{"href":"https:\/\/www.uckg.org\/pt\/wp-json\/wp\/v2\/media?parent=103234"}],"curies":[{"name":"wp","href":"https:\/\/api.w.org\/{rel}","templated":true}]}}