{"id":100419,"date":"2022-03-05T02:23:07","date_gmt":"2022-03-05T01:23:07","guid":{"rendered":"https:\/\/www.uckg.org\/pt\/?page_id=100419"},"modified":"2022-03-05T10:41:07","modified_gmt":"2022-03-05T09:41:07","slug":"esta-consumado","status":"publish","type":"page","link":"https:\/\/www.uckg.org\/pt\/esta-consumado\/","title":{"rendered":"\u2018Est\u00e1 Consumado\u2019"},"content":{"rendered":"<p>[vc_row][vc_column][vc_single_image image=&#8221;100349&#8243; img_size=&#8221;full&#8221; alignment=&#8221;center&#8221;][vc_empty_space height=&#8221;20px&#8221;][vc_empty_space height=&#8221;20px&#8221;][\/vc_column][\/vc_row][vc_row][vc_column][vc_empty_space height=&#8221;5px&#8221;][vc_single_image image=&#8221;100350&#8243; img_size=&#8221;full&#8221; alignment=&#8221;center&#8221; onclick=&#8221;custom_link&#8221; img_link_target=&#8221;_blank&#8221; link=&#8221;http:\/\/www.uckg.org\/pt\/reino-unido-locais\/&#8221;][vc_empty_space][vc_empty_space height=&#8221;5px&#8221;][vc_column_text]<\/p>\n<p style=\"text-align: justify;\"><strong><span style=\"color: #9b1921;\">Hoje em dia, muitas pessoas buscam a liberdade, a igualdade e um senso de justi\u00e7a, mas acabam se deparando com um desafio sem fim.<\/span><\/strong><\/p>\n<p style=\"text-align: justify;\">Elas passam horas lutando por seus direitos, mas sempre voltam ao ponto de onde partiram. No fim, apenas se cansam e acabam criando ainda mais divis\u00e3o com aqueles ao seu redor.<\/p>\n<p>[\/vc_column_text][\/vc_column][\/vc_row][vc_row][vc_column][vc_column_text]<\/p>\n<p style=\"text-align: justify;\">Al\u00e9m dos problemas globais que temos enfrentado, n\u00f3s tamb\u00e9m temos os nossos pr\u00f3prios problemas, que n\u00e3o d\u00e3o tr\u00e9gua. Como ter paz e alegria em tempos dif\u00edceis, onde muitos sentem-se sem esperan\u00e7a e sobrecarregados por situa\u00e7\u00f5es que n\u00e3o podem controlar?<\/p>\n<p style=\"text-align: justify;\">Por qu\u00ea muitos, embora sejam livres fisicamente, ainda se sentem aprisionados? Ser\u00e1 que h\u00e1 alguma esperan\u00e7a em meio a tanta escurid\u00e3o?<\/p>\n<p style=\"text-align: justify;\">A resposta \u00e9: sim!<\/p>\n<p style=\"text-align: justify;\">Foi em um dia sombrio que o Salvador de toda a humanidade precisou trilhar o caminho do Monte Calv\u00e1rio e enfrentar a morte de uma das maneiras mais vergonhosas, reservada aos criminosos: a crucifica\u00e7\u00e3o.<\/p>\n<p style=\"text-align: justify;\"><span style=\"color: #9b1921;\"><strong><em>\u201cMas ele foi ferido por causa das nossas transgress\u00f5es, e mo\u00eddo por causa das nossas iniq\u00fcidades; o castigo que nos traz a paz estava sobre ele, e pelas suas pisaduras fomos sarados.\u201d<\/em><\/strong>\u00a0(Isa\u00edas 53:5).<\/span><\/p>\n<p>[\/vc_column_text][vc_empty_space][\/vc_column][\/vc_row][vc_row][vc_column][vc_video link=&#8221;https:\/\/youtu.be\/laPw6vRcvB8&#8243; el_aspect=&#8221;43&#8243; align=&#8221;center&#8221;][vc_empty_space height=&#8221;20px&#8221;][vc_empty_space height=&#8221;20px&#8221;][vc_video link=&#8221;https:\/\/youtu.be\/tFKSVqVB2z8&#8243; el_aspect=&#8221;43&#8243; align=&#8221;center&#8221;][vc_empty_space height=&#8221;20px&#8221;][\/vc_column][\/vc_row][vc_row][vc_column][vc_empty_space][vc_separator color=&#8221;custom&#8221; border_width=&#8221;2&#8243; el_width=&#8221;90&#8243;][\/vc_column][\/vc_row][vc_row][vc_column][vc_empty_space][vc_single_image image=&#8221;100453&#8243; img_size=&#8221;full&#8221; alignment=&#8221;center&#8221;][vc_empty_space][vc_single_image image=&#8221;100352&#8243; img_size=&#8221;full&#8221; alignment=&#8221;center&#8221;][vc_empty_space][vc_column_text]Embora este sacrif\u00edcio tenha sido feito em nome de todos, ele se torna v\u00e1lido apenas aos que O aceitarem.<\/p>\n<p>Naquele dia, Jesus enfrentou dor, vergonha, falsas acusa\u00e7\u00f5es, perdas, condena\u00e7\u00e3o, chacotas, agress\u00f5es, abandono e sofrimento, tudo isso para n\u00e3o precisarmos sofrer com todas estas coisas nos dias de hoje.[\/vc_column_text][vc_empty_space][\/vc_column][\/vc_row][vc_row][vc_column][vc_empty_space height=&#8221;8px&#8221;][vc_column_text]<\/p>\n<p style=\"text-align: justify;\">Ent\u00e3o, independentemente da sua origem, de voc\u00ea ter crescido em meio \u00e0 f\u00e9 ou n\u00e3o, de ter algum conhecimento sobre Jesus ou n\u00e3o, este dia \u00e9 para si!<\/p>\n<p>Junte-se a n\u00f3s na Sexta-Feira Santa, dia 15 de abril, \u00e0s 3pm, para tomar a decis\u00e3o de dar um basta aos seus problemas, uma vez que eles j\u00e1 foram saldados por nosso Salvador!<\/p>\n<p style=\"text-align: justify;\">No dia, voc\u00ea tamb\u00e9m aprender\u00e1 como usar a f\u00e9 com intelig\u00eancia, para lutar contra os problemas que possam estar oprimindo a si e a sua fam\u00edlia e super\u00e1-los, como um testemunho de vit\u00f3ria. O Senhor Jesus deu uma nova esperan\u00e7a \u00e0 humanidade: a salva\u00e7\u00e3o. N\u00e3o devemos viver oprimidos espiritualmente, pois Ele pagou um alto pre\u00e7o pela nossa liberdade!<\/p>\n<p>[\/vc_column_text][vc_empty_space height=&#8221;20px&#8221;][vc_empty_space height=&#8221;20px&#8221;][vc_single_image image=&#8221;100399&#8243; img_size=&#8221;full&#8221; alignment=&#8221;center&#8221;][\/vc_column][\/vc_row]<\/p>\n","protected":false},"excerpt":{"rendered":"<p>[vc_row][vc_column][vc_single_image image=&#8221;100349&#8243; img_size=&#8221;full&#8221; alignment=&#8221;center&#8221;][vc_empty_space height=&#8221;20px&#8221;][vc_empty_space height=&#8221;20px&#8221;][\/vc_column][\/vc_row][vc_row][vc_column][vc_empty_space height=&#8221;5px&#8221;][vc_single_image image=&#8221;100350&#8243; img_size=&#8221;full&#8221; alignment=&#8221;center&#8221; onclick=&#8221;custom_link&#8221; img_link_target=&#8221;_blank&#8221; link=&#8221;http:\/\/www.uckg.org\/pt\/reino-unido-locais\/&#8221;][vc_empty_space][vc_empty_space height=&#8221;5px&#8221;][vc_column_text] Hoje em dia, muitas pessoas buscam a liberdade, a igualdade e um senso de justi\u00e7a, mas [&hellip;]<\/p>\n","protected":false},"author":18,"featured_media":0,"parent":0,"menu_order":212,"comment_status":"closed","ping_status":"closed","template":"","meta":{"give_campaign_id":0,"_monsterinsights_skip_tracking":false,"_monsterinsights_sitenote_active":false,"_monsterinsights_sitenote_note":"","_monsterinsights_sitenote_category":0,"footnotes":""},"class_list":["post-100419","page","type-page","status-publish","hentry"],"campaignId":"","_links":{"self":[{"href":"https:\/\/www.uckg.org\/pt\/wp-json\/wp\/v2\/pages\/100419","targetHints":{"allow":["GET"]}}],"collection":[{"href":"https:\/\/www.uckg.org\/pt\/wp-json\/wp\/v2\/pages"}],"about":[{"href":"https:\/\/www.uckg.org\/pt\/wp-json\/wp\/v2\/types\/page"}],"author":[{"embeddable":true,"href":"https:\/\/www.uckg.org\/pt\/wp-json\/wp\/v2\/users\/18"}],"replies":[{"embeddable":true,"href":"https:\/\/www.uckg.org\/pt\/wp-json\/wp\/v2\/comments?post=100419"}],"version-history":[{"count":4,"href":"https:\/\/www.uckg.org\/pt\/wp-json\/wp\/v2\/pages\/100419\/revisions"}],"predecessor-version":[{"id":100466,"href":"https:\/\/www.uckg.org\/pt\/wp-json\/wp\/v2\/pages\/100419\/revisions\/100466"}],"wp:attachment":[{"href":"https:\/\/www.uckg.org\/pt\/wp-json\/wp\/v2\/media?parent=100419"}],"curies":[{"name":"wp","href":"https:\/\/api.w.org\/{rel}","templated":true}]}}