{"id":67,"date":"2019-04-09T15:04:25","date_gmt":"2019-04-09T15:04:25","guid":{"rendered":"http:\/\/uckgorgfastofdaniel.local\/?page_id=67"},"modified":"2025-07-04T14:55:14","modified_gmt":"2025-07-04T14:55:14","slug":"books","status":"publish","type":"page","link":"https:\/\/www.uckg.org\/jejumdedaniel\/books\/","title":{"rendered":"Books"},"content":{"rendered":"<p><div class=\"fusion-fullwidth fullwidth-box fusion-builder-row-1 nonhundred-percent-fullwidth non-hundred-percent-height-scrolling\" style=\"--awb-border-radius-top-left:0px;--awb-border-radius-top-right:0px;--awb-border-radius-bottom-right:0px;--awb-border-radius-bottom-left:0px;--awb-flex-wrap:wrap;\" ><div class=\"fusion-builder-row fusion-row\"><div class=\"fusion-layout-column fusion_builder_column fusion-builder-column-0 fusion_builder_column_1_1 1_1 fusion-one-full fusion-column-first fusion-column-last\" style=\"--awb-bg-size:cover;\"><div class=\"fusion-column-wrapper fusion-column-has-shadow fusion-flex-column-wrapper-legacy\"><div class=\"fusion-image-element fusion-image-align-center in-legacy-container\" style=\"text-align:center;--awb-caption-title-font-family:var(--h2_typography-font-family);--awb-caption-title-font-weight:var(--h2_typography-font-weight);--awb-caption-title-font-style:var(--h2_typography-font-style);--awb-caption-title-size:var(--h2_typography-font-size);--awb-caption-title-transform:var(--h2_typography-text-transform);--awb-caption-title-line-height:var(--h2_typography-line-height);--awb-caption-title-letter-spacing:var(--h2_typography-letter-spacing);\"><div class=\"imageframe-align-center\"><span class=\" fusion-imageframe imageframe-none imageframe-1 hover-type-none\"><img decoding=\"async\" width=\"1280\" height=\"288\" title=\"Books to read\" src=\"https:\/\/www.uckg.org\/jejumdedaniel\/wp-content\/uploads\/2025\/07\/Books-to-read.jpg\" alt class=\"img-responsive wp-image-1879\" srcset=\"https:\/\/www.uckg.org\/jejumdedaniel\/wp-content\/uploads\/2025\/07\/Books-to-read-200x45.jpg 200w, https:\/\/www.uckg.org\/jejumdedaniel\/wp-content\/uploads\/2025\/07\/Books-to-read-400x90.jpg 400w, https:\/\/www.uckg.org\/jejumdedaniel\/wp-content\/uploads\/2025\/07\/Books-to-read-600x135.jpg 600w, https:\/\/www.uckg.org\/jejumdedaniel\/wp-content\/uploads\/2025\/07\/Books-to-read-800x180.jpg 800w, https:\/\/www.uckg.org\/jejumdedaniel\/wp-content\/uploads\/2025\/07\/Books-to-read-1200x270.jpg 1200w, https:\/\/www.uckg.org\/jejumdedaniel\/wp-content\/uploads\/2025\/07\/Books-to-read.jpg 1280w\" sizes=\"(max-width: 800px) 100vw, 1200px\" \/><\/span><\/div><\/div><div class=\"fusion-text fusion-text-1\"><p style=\"text-align: center;\">Visite uma de nossas <span style=\"color: var(--awb-custom_color_1);\"><b><a style=\"color: var(--awb-custom_color_1);\" href=\"https:\/\/www.uckg.org\/pt\/reino-unido-locais\/\">Livrarias locais <\/a><\/b><\/span>para encontrar um livro que ir\u00e1 ajud\u00e1-lo a desenvolver sua f\u00e9 durante os 21 dias de Jejum de Daniel.<\/p>\n<\/div><div class=\"fusion-clearfix\"><\/div><\/div><\/div><\/div><\/div><div class=\"fusion-fullwidth fullwidth-box fusion-builder-row-2 nonhundred-percent-fullwidth non-hundred-percent-height-scrolling\" style=\"--awb-border-radius-top-left:0px;--awb-border-radius-top-right:0px;--awb-border-radius-bottom-right:0px;--awb-border-radius-bottom-left:0px;--awb-flex-wrap:wrap;\" ><div class=\"fusion-builder-row fusion-row\"><div class=\"fusion-layout-column fusion_builder_column fusion-builder-column-1 fusion_builder_column_1_3 1_3 fusion-one-third fusion-column-first\" style=\"--awb-bg-size:cover;width:33.333333333333%;width:calc(33.333333333333% - ( ( 4% + 4% ) * 0.33333333333333 ) );margin-right: 4%;\"><div class=\"fusion-column-wrapper fusion-column-has-shadow fusion-flex-column-wrapper-legacy\"><div class=\"fusion-text fusion-text-2\"><p class=\"product_title entry-title\" style=\"text-align: center;\"><span style=\"color: #000080;\"><b style=\"color: var(--awb-custom_color_1);\">O Prazer da Vingan\u00e7a<\/b><\/span><\/p>\n<p><img decoding=\"async\" class=\"alignnone size-full wp-image-1423\" src=\"https:\/\/www.uckg.org\/jejumdedaniel\/wp-content\/uploads\/2024\/07\/O-prazer-da-vinganca.jpg\" alt=\"\" width=\"450\" height=\"500\" srcset=\"https:\/\/www.uckg.org\/jejumdedaniel\/wp-content\/uploads\/2024\/07\/O-prazer-da-vinganca-66x73.jpg 66w, https:\/\/www.uckg.org\/jejumdedaniel\/wp-content\/uploads\/2024\/07\/O-prazer-da-vinganca-177x197.jpg 177w, https:\/\/www.uckg.org\/jejumdedaniel\/wp-content\/uploads\/2024\/07\/O-prazer-da-vinganca-200x222.jpg 200w, https:\/\/www.uckg.org\/jejumdedaniel\/wp-content\/uploads\/2024\/07\/O-prazer-da-vinganca-270x300.jpg 270w, https:\/\/www.uckg.org\/jejumdedaniel\/wp-content\/uploads\/2024\/07\/O-prazer-da-vinganca-300x333.jpg 300w, https:\/\/www.uckg.org\/jejumdedaniel\/wp-content\/uploads\/2024\/07\/O-prazer-da-vinganca-320x356.jpg 320w, https:\/\/www.uckg.org\/jejumdedaniel\/wp-content\/uploads\/2024\/07\/O-prazer-da-vinganca-400x444.jpg 400w, https:\/\/www.uckg.org\/jejumdedaniel\/wp-content\/uploads\/2024\/07\/O-prazer-da-vinganca.jpg 450w\" sizes=\"(max-width: 450px) 100vw, 450px\" \/><\/p>\n<\/div><div class=\"fusion-clearfix\"><\/div><\/div><\/div><div class=\"fusion-layout-column fusion_builder_column fusion-builder-column-2 fusion_builder_column_1_3 1_3 fusion-one-third\" style=\"--awb-bg-size:cover;width:33.333333333333%;width:calc(33.333333333333% - ( ( 4% + 4% ) * 0.33333333333333 ) );margin-right: 4%;\"><div class=\"fusion-column-wrapper fusion-column-has-shadow fusion-flex-column-wrapper-legacy\"><div class=\"fusion-text fusion-text-3\"><p class=\"product_title entry-title\" style=\"padding-left: 40px; text-align: center;\"><strong><span style=\"color: #1d305e;\"><a href=\"https:\/\/christianbooks-plus.com\/product-category\/christian-books\/portuguese\/\"> <span style=\"color: var(--awb-custom_color_1);\">O Minist\u00e9rio do Esp\u00edrito Santo<\/span><\/a><\/span><\/strong><\/p>\n<p><img decoding=\"async\" class=\"alignnone size-full wp-image-1422\" src=\"https:\/\/www.uckg.org\/jejumdedaniel\/wp-content\/uploads\/2024\/07\/O-Ministerio-do-Espirito-Santo-livro.jpg\" alt=\"\" width=\"450\" height=\"500\" srcset=\"https:\/\/www.uckg.org\/jejumdedaniel\/wp-content\/uploads\/2024\/07\/O-Ministerio-do-Espirito-Santo-livro-66x73.jpg 66w, https:\/\/www.uckg.org\/jejumdedaniel\/wp-content\/uploads\/2024\/07\/O-Ministerio-do-Espirito-Santo-livro-177x197.jpg 177w, https:\/\/www.uckg.org\/jejumdedaniel\/wp-content\/uploads\/2024\/07\/O-Ministerio-do-Espirito-Santo-livro-200x222.jpg 200w, https:\/\/www.uckg.org\/jejumdedaniel\/wp-content\/uploads\/2024\/07\/O-Ministerio-do-Espirito-Santo-livro-270x300.jpg 270w, https:\/\/www.uckg.org\/jejumdedaniel\/wp-content\/uploads\/2024\/07\/O-Ministerio-do-Espirito-Santo-livro-300x333.jpg 300w, https:\/\/www.uckg.org\/jejumdedaniel\/wp-content\/uploads\/2024\/07\/O-Ministerio-do-Espirito-Santo-livro-320x356.jpg 320w, https:\/\/www.uckg.org\/jejumdedaniel\/wp-content\/uploads\/2024\/07\/O-Ministerio-do-Espirito-Santo-livro-400x444.jpg 400w, https:\/\/www.uckg.org\/jejumdedaniel\/wp-content\/uploads\/2024\/07\/O-Ministerio-do-Espirito-Santo-livro.jpg 450w\" sizes=\"(max-width: 450px) 100vw, 450px\" \/><\/p>\n<\/div><div class=\"fusion-clearfix\"><\/div><\/div><\/div><div class=\"fusion-layout-column fusion_builder_column fusion-builder-column-3 fusion_builder_column_1_3 1_3 fusion-one-third fusion-column-last\" style=\"--awb-bg-size:cover;width:33.333333333333%;width:calc(33.333333333333% - ( ( 4% + 4% ) * 0.33333333333333 ) );\"><div class=\"fusion-column-wrapper fusion-column-has-shadow fusion-flex-column-wrapper-legacy\"><div class=\"fusion-text fusion-text-4\"><p class=\"product_title entry-title\" style=\"text-align: center;\"><a href=\"https:\/\/christianbooks-plus.com\/product-category\/christian-books\/portuguese\/\"><span style=\"color: #000080;\"><b style=\"color: var(--awb-custom_color_1);\">21 dias que mudar\u00e3o sua vida<\/b><\/span><\/a><\/p>\n<p><img decoding=\"async\" class=\"alignnone size-full wp-image-1417\" src=\"https:\/\/www.uckg.org\/jejumdedaniel\/wp-content\/uploads\/2024\/07\/21-Days-book.jpg\" alt=\"\" width=\"450\" height=\"500\" srcset=\"https:\/\/www.uckg.org\/jejumdedaniel\/wp-content\/uploads\/2024\/07\/21-Days-book-66x73.jpg 66w, https:\/\/www.uckg.org\/jejumdedaniel\/wp-content\/uploads\/2024\/07\/21-Days-book-177x197.jpg 177w, https:\/\/www.uckg.org\/jejumdedaniel\/wp-content\/uploads\/2024\/07\/21-Days-book-200x222.jpg 200w, https:\/\/www.uckg.org\/jejumdedaniel\/wp-content\/uploads\/2024\/07\/21-Days-book-270x300.jpg 270w, https:\/\/www.uckg.org\/jejumdedaniel\/wp-content\/uploads\/2024\/07\/21-Days-book-300x333.jpg 300w, https:\/\/www.uckg.org\/jejumdedaniel\/wp-content\/uploads\/2024\/07\/21-Days-book-320x356.jpg 320w, https:\/\/www.uckg.org\/jejumdedaniel\/wp-content\/uploads\/2024\/07\/21-Days-book-400x444.jpg 400w, https:\/\/www.uckg.org\/jejumdedaniel\/wp-content\/uploads\/2024\/07\/21-Days-book.jpg 450w\" sizes=\"(max-width: 450px) 100vw, 450px\" \/><\/p>\n<\/div><div class=\"fusion-clearfix\"><\/div><\/div><\/div><div class=\"fusion-layout-column fusion_builder_column fusion-builder-column-4 fusion_builder_column_1_3 1_3 fusion-one-third fusion-column-first\" style=\"--awb-bg-size:cover;width:33.333333333333%;width:calc(33.333333333333% - ( ( 4% + 4% ) * 0.33333333333333 ) );margin-right: 4%;\"><div class=\"fusion-column-wrapper fusion-column-has-shadow fusion-flex-column-wrapper-legacy\"><div class=\"fusion-text fusion-text-5\"><p class=\"product_title entry-title\" style=\"text-align: center;\"><a title=\"\" href=\"https:\/\/christianbooks-plus.com\/product-category\/christian-books\/portuguese\/\" target=\"_blank\" rel=\"noopener noreferrer\"><strong><span style=\"color: #1d305e;\">Os segredos e mist\u00e9rios da alma<\/span><\/strong><\/a><\/p>\n<p><img decoding=\"async\" class=\"alignnone size-full wp-image-1420\" src=\"https:\/\/www.uckg.org\/jejumdedaniel\/wp-content\/uploads\/2024\/07\/Segredos.jpg\" alt=\"\" width=\"450\" height=\"500\" srcset=\"https:\/\/www.uckg.org\/jejumdedaniel\/wp-content\/uploads\/2024\/07\/Segredos-66x73.jpg 66w, https:\/\/www.uckg.org\/jejumdedaniel\/wp-content\/uploads\/2024\/07\/Segredos-177x197.jpg 177w, https:\/\/www.uckg.org\/jejumdedaniel\/wp-content\/uploads\/2024\/07\/Segredos-200x222.jpg 200w, https:\/\/www.uckg.org\/jejumdedaniel\/wp-content\/uploads\/2024\/07\/Segredos-270x300.jpg 270w, https:\/\/www.uckg.org\/jejumdedaniel\/wp-content\/uploads\/2024\/07\/Segredos-300x333.jpg 300w, https:\/\/www.uckg.org\/jejumdedaniel\/wp-content\/uploads\/2024\/07\/Segredos-320x356.jpg 320w, https:\/\/www.uckg.org\/jejumdedaniel\/wp-content\/uploads\/2024\/07\/Segredos-400x444.jpg 400w, https:\/\/www.uckg.org\/jejumdedaniel\/wp-content\/uploads\/2024\/07\/Segredos.jpg 450w\" sizes=\"(max-width: 450px) 100vw, 450px\" \/><\/p>\n<\/div><div class=\"fusion-clearfix\"><\/div><\/div><\/div><div class=\"fusion-layout-column fusion_builder_column fusion-builder-column-5 fusion_builder_column_1_3 1_3 fusion-one-third\" style=\"--awb-bg-size:cover;width:33.333333333333%;width:calc(33.333333333333% - ( ( 4% + 4% ) * 0.33333333333333 ) );margin-right: 4%;\"><div class=\"fusion-column-wrapper fusion-column-has-shadow fusion-flex-column-wrapper-legacy\"><div class=\"fusion-text fusion-text-6\"><p class=\"product_title entry-title\" style=\"padding-left: 40px; text-align: center;\"><span style=\"color: #1d305e;\"><strong><a style=\"color: #1d305e;\" title=\"\" href=\"https:\/\/christianbooks-plus.com\/product-category\/christian-books\/portuguese\/\" target=\"_blank\" rel=\"noopener noreferrer\">Nos passos de Jesus<\/a><\/strong><\/span><\/p>\n<p><img decoding=\"async\" class=\"alignnone size-full wp-image-1425\" src=\"https:\/\/www.uckg.org\/jejumdedaniel\/wp-content\/uploads\/2024\/07\/Nos-passos-de-Jesus.jpg\" alt=\"\" width=\"450\" height=\"500\" srcset=\"https:\/\/www.uckg.org\/jejumdedaniel\/wp-content\/uploads\/2024\/07\/Nos-passos-de-Jesus-66x73.jpg 66w, https:\/\/www.uckg.org\/jejumdedaniel\/wp-content\/uploads\/2024\/07\/Nos-passos-de-Jesus-177x197.jpg 177w, https:\/\/www.uckg.org\/jejumdedaniel\/wp-content\/uploads\/2024\/07\/Nos-passos-de-Jesus-200x222.jpg 200w, https:\/\/www.uckg.org\/jejumdedaniel\/wp-content\/uploads\/2024\/07\/Nos-passos-de-Jesus-270x300.jpg 270w, https:\/\/www.uckg.org\/jejumdedaniel\/wp-content\/uploads\/2024\/07\/Nos-passos-de-Jesus-300x333.jpg 300w, https:\/\/www.uckg.org\/jejumdedaniel\/wp-content\/uploads\/2024\/07\/Nos-passos-de-Jesus-320x356.jpg 320w, https:\/\/www.uckg.org\/jejumdedaniel\/wp-content\/uploads\/2024\/07\/Nos-passos-de-Jesus-400x444.jpg 400w, https:\/\/www.uckg.org\/jejumdedaniel\/wp-content\/uploads\/2024\/07\/Nos-passos-de-Jesus.jpg 450w\" sizes=\"(max-width: 450px) 100vw, 450px\" \/><\/p>\n<\/div><div class=\"fusion-clearfix\"><\/div><\/div><\/div><div class=\"fusion-layout-column fusion_builder_column fusion-builder-column-6 fusion_builder_column_1_3 1_3 fusion-one-third fusion-column-last\" style=\"--awb-bg-size:cover;width:33.333333333333%;width:calc(33.333333333333% - ( ( 4% + 4% ) * 0.33333333333333 ) );\"><div class=\"fusion-column-wrapper fusion-column-has-shadow fusion-flex-column-wrapper-legacy\"><div class=\"fusion-text fusion-text-7\"><p class=\"product_title entry-title\" style=\"padding-left: 40px; text-align: center;\"><a href=\"https:\/\/christianbooks-plus.com\/product-category\/christian-books\/portuguese\/\"><strong><span style=\"color: #1d305e;\"> Eis-me aqui, Senhor!<\/span><\/strong><\/a><\/p>\n<p><img decoding=\"async\" class=\"alignnone size-full wp-image-1426\" src=\"https:\/\/www.uckg.org\/jejumdedaniel\/wp-content\/uploads\/2024\/07\/Eis-me-aqui-Senhor.jpg\" alt=\"\" width=\"450\" height=\"500\" srcset=\"https:\/\/www.uckg.org\/jejumdedaniel\/wp-content\/uploads\/2024\/07\/Eis-me-aqui-Senhor-66x73.jpg 66w, https:\/\/www.uckg.org\/jejumdedaniel\/wp-content\/uploads\/2024\/07\/Eis-me-aqui-Senhor-177x197.jpg 177w, https:\/\/www.uckg.org\/jejumdedaniel\/wp-content\/uploads\/2024\/07\/Eis-me-aqui-Senhor-200x222.jpg 200w, https:\/\/www.uckg.org\/jejumdedaniel\/wp-content\/uploads\/2024\/07\/Eis-me-aqui-Senhor-270x300.jpg 270w, https:\/\/www.uckg.org\/jejumdedaniel\/wp-content\/uploads\/2024\/07\/Eis-me-aqui-Senhor-300x333.jpg 300w, https:\/\/www.uckg.org\/jejumdedaniel\/wp-content\/uploads\/2024\/07\/Eis-me-aqui-Senhor-320x356.jpg 320w, https:\/\/www.uckg.org\/jejumdedaniel\/wp-content\/uploads\/2024\/07\/Eis-me-aqui-Senhor-400x444.jpg 400w, https:\/\/www.uckg.org\/jejumdedaniel\/wp-content\/uploads\/2024\/07\/Eis-me-aqui-Senhor.jpg 450w\" sizes=\"(max-width: 450px) 100vw, 450px\" \/><\/p>\n<\/div><div class=\"fusion-clearfix\"><\/div><\/div><\/div><div class=\"fusion-layout-column fusion_builder_column fusion-builder-column-7 fusion_builder_column_1_3 1_3 fusion-one-third fusion-column-first\" style=\"--awb-bg-size:cover;width:33.333333333333%;width:calc(33.333333333333% - ( ( 4% + 4% ) * 0.33333333333333 ) );margin-right: 4%;\"><div class=\"fusion-column-wrapper fusion-column-has-shadow fusion-flex-column-wrapper-legacy\"><div class=\"fusion-text fusion-text-8\"><p class=\"product_title entry-title\" style=\"padding-left: 40px; text-align: center;\"><span style=\"color: #1d305e;\"><strong><a href=\"https:\/\/christianbooks-plus.com\/product-category\/christian-books\/portuguese\/\" style=\"color: var(--awb-custom_color_1);\">Como vencer suas guerras pela f\u00e9<\/a><\/strong><\/span><\/p>\n<p><img decoding=\"async\" class=\"alignnone size-full wp-image-1427\" src=\"https:\/\/www.uckg.org\/jejumdedaniel\/wp-content\/uploads\/2024\/07\/Livro-como-vencer-suas-guerras.jpg\" alt=\"\" width=\"450\" height=\"500\" srcset=\"https:\/\/www.uckg.org\/jejumdedaniel\/wp-content\/uploads\/2024\/07\/Livro-como-vencer-suas-guerras-66x73.jpg 66w, https:\/\/www.uckg.org\/jejumdedaniel\/wp-content\/uploads\/2024\/07\/Livro-como-vencer-suas-guerras-177x197.jpg 177w, https:\/\/www.uckg.org\/jejumdedaniel\/wp-content\/uploads\/2024\/07\/Livro-como-vencer-suas-guerras-200x222.jpg 200w, https:\/\/www.uckg.org\/jejumdedaniel\/wp-content\/uploads\/2024\/07\/Livro-como-vencer-suas-guerras-270x300.jpg 270w, https:\/\/www.uckg.org\/jejumdedaniel\/wp-content\/uploads\/2024\/07\/Livro-como-vencer-suas-guerras-300x333.jpg 300w, https:\/\/www.uckg.org\/jejumdedaniel\/wp-content\/uploads\/2024\/07\/Livro-como-vencer-suas-guerras-320x356.jpg 320w, https:\/\/www.uckg.org\/jejumdedaniel\/wp-content\/uploads\/2024\/07\/Livro-como-vencer-suas-guerras-400x444.jpg 400w, https:\/\/www.uckg.org\/jejumdedaniel\/wp-content\/uploads\/2024\/07\/Livro-como-vencer-suas-guerras.jpg 450w\" sizes=\"(max-width: 450px) 100vw, 450px\" \/><\/p>\n<\/div><div class=\"fusion-clearfix\"><\/div><\/div><\/div><div class=\"fusion-layout-column fusion_builder_column fusion-builder-column-8 fusion_builder_column_1_3 1_3 fusion-one-third\" style=\"--awb-bg-size:cover;width:33.333333333333%;width:calc(33.333333333333% - ( ( 4% + 4% ) * 0.33333333333333 ) );margin-right: 4%;\"><div class=\"fusion-column-wrapper fusion-column-has-shadow fusion-flex-column-wrapper-legacy\"><div class=\"fusion-text fusion-text-9\"><p style=\"text-align: center;\"><strong><span style=\"color: #1d305e;\"><a href=\"https:\/\/christianbooks-plus.com\/product-category\/christian-books\/portuguese\/\" style=\"color: var(--awb-custom_color_1);\">Gide\u00e3o e os 300<\/a><\/span><\/strong><\/p>\n<p><img decoding=\"async\" class=\"alignnone size-full wp-image-1430\" src=\"https:\/\/www.uckg.org\/jejumdedaniel\/wp-content\/uploads\/2024\/07\/Gidea\u0303o-e-os-300-1.jpg\" alt=\"\" width=\"450\" height=\"500\" srcset=\"https:\/\/www.uckg.org\/jejumdedaniel\/wp-content\/uploads\/2024\/07\/Gidea\u0303o-e-os-300-1-66x73.jpg 66w, https:\/\/www.uckg.org\/jejumdedaniel\/wp-content\/uploads\/2024\/07\/Gidea\u0303o-e-os-300-1-177x197.jpg 177w, https:\/\/www.uckg.org\/jejumdedaniel\/wp-content\/uploads\/2024\/07\/Gidea\u0303o-e-os-300-1-200x222.jpg 200w, https:\/\/www.uckg.org\/jejumdedaniel\/wp-content\/uploads\/2024\/07\/Gidea\u0303o-e-os-300-1-270x300.jpg 270w, https:\/\/www.uckg.org\/jejumdedaniel\/wp-content\/uploads\/2024\/07\/Gidea\u0303o-e-os-300-1-300x333.jpg 300w, https:\/\/www.uckg.org\/jejumdedaniel\/wp-content\/uploads\/2024\/07\/Gidea\u0303o-e-os-300-1-320x356.jpg 320w, https:\/\/www.uckg.org\/jejumdedaniel\/wp-content\/uploads\/2024\/07\/Gidea\u0303o-e-os-300-1-400x444.jpg 400w, https:\/\/www.uckg.org\/jejumdedaniel\/wp-content\/uploads\/2024\/07\/Gidea\u0303o-e-os-300-1.jpg 450w\" sizes=\"(max-width: 450px) 100vw, 450px\" \/><\/p>\n<\/div><div class=\"fusion-clearfix\"><\/div><\/div><\/div><div class=\"fusion-layout-column fusion_builder_column fusion-builder-column-9 fusion_builder_column_1_3 1_3 fusion-one-third fusion-column-last\" style=\"--awb-bg-size:cover;width:33.333333333333%;width:calc(33.333333333333% - ( ( 4% + 4% ) * 0.33333333333333 ) );\"><div class=\"fusion-column-wrapper fusion-column-has-shadow fusion-flex-column-wrapper-legacy\"><div class=\"fusion-text fusion-text-10\"><p style=\"text-align: center;\"><strong><span style=\"color: #1d305e;\"><a href=\"https:\/\/christianbooks-plus.com\/product-category\/christian-books\/portuguese\/\" style=\"color: var(--awb-custom_color_1);\">O ouro e o altar<\/a><\/span><\/strong><\/p>\n<p><img decoding=\"async\" class=\"alignnone size-full wp-image-1431\" src=\"https:\/\/www.uckg.org\/jejumdedaniel\/wp-content\/uploads\/2024\/07\/O-outro-e-o-altar.jpg\" alt=\"\" width=\"450\" height=\"500\" srcset=\"https:\/\/www.uckg.org\/jejumdedaniel\/wp-content\/uploads\/2024\/07\/O-outro-e-o-altar-66x73.jpg 66w, https:\/\/www.uckg.org\/jejumdedaniel\/wp-content\/uploads\/2024\/07\/O-outro-e-o-altar-177x197.jpg 177w, https:\/\/www.uckg.org\/jejumdedaniel\/wp-content\/uploads\/2024\/07\/O-outro-e-o-altar-200x222.jpg 200w, https:\/\/www.uckg.org\/jejumdedaniel\/wp-content\/uploads\/2024\/07\/O-outro-e-o-altar-270x300.jpg 270w, https:\/\/www.uckg.org\/jejumdedaniel\/wp-content\/uploads\/2024\/07\/O-outro-e-o-altar-300x333.jpg 300w, https:\/\/www.uckg.org\/jejumdedaniel\/wp-content\/uploads\/2024\/07\/O-outro-e-o-altar-320x356.jpg 320w, https:\/\/www.uckg.org\/jejumdedaniel\/wp-content\/uploads\/2024\/07\/O-outro-e-o-altar-400x444.jpg 400w, https:\/\/www.uckg.org\/jejumdedaniel\/wp-content\/uploads\/2024\/07\/O-outro-e-o-altar.jpg 450w\" sizes=\"(max-width: 450px) 100vw, 450px\" \/><\/p>\n<\/div><div class=\"fusion-clearfix\"><\/div><\/div><\/div><\/div><\/div><\/p>\n","protected":false},"excerpt":{"rendered":"","protected":false},"author":1,"featured_media":0,"parent":0,"menu_order":0,"comment_status":"closed","ping_status":"closed","template":"","meta":{"footnotes":""},"class_list":["post-67","page","type-page","status-publish","hentry"],"_links":{"self":[{"href":"https:\/\/www.uckg.org\/jejumdedaniel\/wp-json\/wp\/v2\/pages\/67","targetHints":{"allow":["GET"]}}],"collection":[{"href":"https:\/\/www.uckg.org\/jejumdedaniel\/wp-json\/wp\/v2\/pages"}],"about":[{"href":"https:\/\/www.uckg.org\/jejumdedaniel\/wp-json\/wp\/v2\/types\/page"}],"author":[{"embeddable":true,"href":"https:\/\/www.uckg.org\/jejumdedaniel\/wp-json\/wp\/v2\/users\/1"}],"replies":[{"embeddable":true,"href":"https:\/\/www.uckg.org\/jejumdedaniel\/wp-json\/wp\/v2\/comments?post=67"}],"version-history":[{"count":64,"href":"https:\/\/www.uckg.org\/jejumdedaniel\/wp-json\/wp\/v2\/pages\/67\/revisions"}],"predecessor-version":[{"id":1880,"href":"https:\/\/www.uckg.org\/jejumdedaniel\/wp-json\/wp\/v2\/pages\/67\/revisions\/1880"}],"wp:attachment":[{"href":"https:\/\/www.uckg.org\/jejumdedaniel\/wp-json\/wp\/v2\/media?parent=67"}],"curies":[{"name":"wp","href":"https:\/\/api.w.org\/{rel}","templated":true}]}}