{"id":1501,"date":"2025-06-18T11:19:47","date_gmt":"2025-06-18T11:19:47","guid":{"rendered":"https:\/\/www.uckg.org\/fastofdaniel\/?page_id=1501"},"modified":"2025-07-04T15:52:42","modified_gmt":"2025-07-04T15:52:42","slug":"reacenda-sua-fe","status":"publish","type":"page","link":"https:\/\/www.uckg.org\/jejumdedaniel\/reacenda-sua-fe\/","title":{"rendered":"Reacenda sua f\u00e9 com o Jejum de Daniel"},"content":{"rendered":"<p><div class=\"fusion-fullwidth fullwidth-box fusion-builder-row-1 fusion-flex-container has-pattern-background has-mask-background fusion-parallax-none nonhundred-percent-fullwidth non-hundred-percent-height-scrolling\" style=\"--awb-border-radius-top-left:0px;--awb-border-radius-top-right:0px;--awb-border-radius-bottom-right:0px;--awb-border-radius-bottom-left:0px;--awb-padding-top:9vw;--awb-margin-bottom:120px;--awb-background-image:linear-gradient(152deg, var(--awb-custom_color_2) 0%,hsla(var(--awb-custom_color_2-h),var(--awb-custom_color_2-s),var(--awb-custom_color_2-l),calc(var(--awb-custom_color_2-a) - 85%)) 70%),url(https:\/\/www.uckg.org\/fastofdaniel\/wp-content\/uploads\/2025\/06\/shutterstock_2345705621-scaled.jpg);;--awb-background-size:cover;--awb-flex-wrap:wrap;\" ><div class=\"fusion-builder-row fusion-row fusion-flex-align-items-stretch fusion-flex-justify-content-center fusion-flex-content-wrap\" style=\"max-width:1144px;margin-left: calc(-4% \/ 2 );margin-right: calc(-4% \/ 2 );\"><div class=\"fusion-layout-column fusion_builder_column fusion-builder-column-0 fusion_builder_column_1_1 1_1 fusion-flex-column\" style=\"--awb-bg-size:cover;--awb-width-large:100%;--awb-margin-top-large:0px;--awb-spacing-right-large:1.92%;--awb-margin-bottom-large:85px;--awb-spacing-left-large:1.92%;--awb-width-medium:100%;--awb-order-medium:0;--awb-spacing-right-medium:1.92%;--awb-spacing-left-medium:1.92%;--awb-width-small:100%;--awb-order-small:0;--awb-spacing-right-small:1.92%;--awb-spacing-left-small:1.92%;\"><div class=\"fusion-column-wrapper fusion-column-has-shadow fusion-flex-justify-content-flex-start fusion-content-layout-column\"><div class=\"fusion-text fusion-text-1\" style=\"--awb-font-size:80px;--awb-line-height:1;--awb-text-color:var(--awb-color1);--awb-text-font-family:&quot;Allura&quot;;--awb-text-font-style:normal;--awb-text-font-weight:400;\"><p style=\"text-align: center;\">Reacenda sua f\u00e9 com o<\/p>\n<p style=\"text-align: center;\"> Jejum de Daniel<\/p>\n<\/div><\/div><\/div><\/div><\/div><div class=\"fusion-fullwidth fullwidth-box fusion-builder-row-2 fusion-flex-container has-pattern-background has-mask-background nonhundred-percent-fullwidth non-hundred-percent-height-scrolling\" style=\"--awb-border-radius-top-left:0px;--awb-border-radius-top-right:0px;--awb-border-radius-bottom-right:0px;--awb-border-radius-bottom-left:0px;--awb-flex-wrap:wrap;\" ><div class=\"fusion-builder-row fusion-row fusion-flex-align-items-flex-start fusion-flex-content-wrap\" style=\"max-width:1144px;margin-left: calc(-4% \/ 2 );margin-right: calc(-4% \/ 2 );\"><div class=\"fusion-layout-column fusion_builder_column fusion-builder-column-1 fusion_builder_column_1_1 1_1 fusion-flex-column\" style=\"--awb-bg-size:cover;--awb-width-large:100%;--awb-margin-top-large:0px;--awb-spacing-right-large:1.92%;--awb-margin-bottom-large:20px;--awb-spacing-left-large:1.92%;--awb-width-medium:100%;--awb-order-medium:0;--awb-spacing-right-medium:1.92%;--awb-spacing-left-medium:1.92%;--awb-width-small:100%;--awb-order-small:0;--awb-spacing-right-small:1.92%;--awb-spacing-left-small:1.92%;\"><div class=\"fusion-column-wrapper fusion-column-has-shadow fusion-flex-justify-content-flex-start fusion-content-layout-column\"><div class=\"fusion-text fusion-text-2\" style=\"--awb-margin-top:-70px;\"><p><!-- Main Content --><\/p>\n<section style=\"padding: 40px 20px; max-width: 900px; margin: 0 auto; line-height: 1.6;\">\n<h3 class=\"fusion-responsive-typography-calculated\" style=\"text-align: justify; --fontsize: 22; line-height: 1.91; --minfontsize: 22;\" data-fontsize=\"22\" data-lineheight=\"42.02px\"><span style=\"color: #07747d;\">Como est\u00e1 sua vida espiritual?<\/span><\/h3>\n<p>Voc\u00ea j\u00e1 olhou para sua vida espiritual e pensou: &#8220;Eu costumava ser muito mais pr\u00f3ximo de Deus&#8221;? Talvez voc\u00ea ainda frequente a igreja, ore e creia nEle, mas, no fundo, se sinta distante, preso ou espiritualmente seco.<\/p>\n<p><span style=\"color: #07747d; font-family: var(--h3_typography-font-family); font-size: var(--h3_typography-font-size); font-style: var(--h3_typography-font-style,normal); font-weight: var(--h3_typography-font-weight); letter-spacing: var(--h3_typography-letter-spacing); text-align: justify; text-transform: var(--h3_typography-text-transform); background-color: var(--awb-bg-color-hover);\">Porque fazer o Jejum de Daniel?<\/span><\/p>\n<p style=\"text-align: justify;\">Voc\u00ea j\u00e1 olhou para sua vida espiritual e pensou: &#8220;Eu costumava ser muito mais pr\u00f3ximo de Deus&#8221;? Talvez voc\u00ea ainda frequente a igreja, ore e creia nEle, mas, no fundo, se sinta distante, preso ou espiritualmente seco.<\/p>\n<p style=\"text-align: justify;\">O Jejum de Daniel \u00e9 a sua chance de retornar ao seu primeiro amor. Por 21 dias, voc\u00ea se afastar\u00e1 das distra\u00e7\u00f5es mundanas e mergulhar\u00e1 completamente na presen\u00e7a de Deus. \u00c9 hora de reacender sua f\u00e9, renovar seu relacionamento com o Esp\u00edrito Santo e se libertar da mornid\u00e3o espiritual que o impede.<\/p>\n<p style=\"text-align: justify;\">N\u00e3o se esque\u00e7a de onde Ele o tirou. N\u00e3o se contente com uma f\u00e9 estagnada. O mesmo Deus que um dia o encheu de paz e prop\u00f3sito est\u00e1 esperando que voc\u00ea retorne de todo o cora\u00e7\u00e3o. Use este Jejum de Daniel para examinar sua condi\u00e7\u00e3o espiritual, reconectar-se por meio da ora\u00e7\u00e3o sincera e da medita\u00e7\u00e3o em Sua Palavra e buscar a renova\u00e7\u00e3o espiritual que s\u00f3 Ele pode lhe dar.<\/p>\n<p style=\"text-align: center;\"><strong><em><br \/>\u201cTornai-vos para mim, diz o Senhor dos Ex\u00e9rcitos, e eu me tornarei para v\u00f3s.\u201d<\/em><\/strong> <strong>(Zacarias 1:3)<\/strong><\/p>\n<\/section>\n<\/div><\/div><\/div><\/div><\/div><\/p>\n","protected":false},"excerpt":{"rendered":"","protected":false},"author":10,"featured_media":0,"parent":0,"menu_order":0,"comment_status":"closed","ping_status":"closed","template":"","meta":{"footnotes":""},"class_list":["post-1501","page","type-page","status-publish","hentry"],"_links":{"self":[{"href":"https:\/\/www.uckg.org\/jejumdedaniel\/wp-json\/wp\/v2\/pages\/1501","targetHints":{"allow":["GET"]}}],"collection":[{"href":"https:\/\/www.uckg.org\/jejumdedaniel\/wp-json\/wp\/v2\/pages"}],"about":[{"href":"https:\/\/www.uckg.org\/jejumdedaniel\/wp-json\/wp\/v2\/types\/page"}],"author":[{"embeddable":true,"href":"https:\/\/www.uckg.org\/jejumdedaniel\/wp-json\/wp\/v2\/users\/10"}],"replies":[{"embeddable":true,"href":"https:\/\/www.uckg.org\/jejumdedaniel\/wp-json\/wp\/v2\/comments?post=1501"}],"version-history":[{"count":2,"href":"https:\/\/www.uckg.org\/jejumdedaniel\/wp-json\/wp\/v2\/pages\/1501\/revisions"}],"predecessor-version":[{"id":1886,"href":"https:\/\/www.uckg.org\/jejumdedaniel\/wp-json\/wp\/v2\/pages\/1501\/revisions\/1886"}],"wp:attachment":[{"href":"https:\/\/www.uckg.org\/jejumdedaniel\/wp-json\/wp\/v2\/media?parent=1501"}],"curies":[{"name":"wp","href":"https:\/\/api.w.org\/{rel}","templated":true}]}}