{"id":1442,"date":"2024-07-11T16:26:59","date_gmt":"2024-07-11T16:26:59","guid":{"rendered":"https:\/\/www.uckg.org\/jejumdedaniel\/?page_id=1442"},"modified":"2025-07-04T14:27:11","modified_gmt":"2025-07-04T14:27:11","slug":"o-que-e-o-espiritosanto-2","status":"publish","type":"page","link":"https:\/\/www.uckg.org\/jejumdedaniel\/o-que-e-o-espiritosanto-2\/","title":{"rendered":"O Que \u00e9 o Esp\u00edrito Santo?"},"content":{"rendered":"<p><div class=\"fusion-fullwidth fullwidth-box fusion-builder-row-1 fusion-parallax-none nonhundred-percent-fullwidth non-hundred-percent-height-scrolling\" style=\"--awb-border-radius-top-left:0px;--awb-border-radius-top-right:0px;--awb-border-radius-bottom-right:0px;--awb-border-radius-bottom-left:0px;--awb-padding-top:130px;--awb-padding-right:15px;--awb-padding-bottom:120px;--awb-padding-left:15px;--awb-background-image:url(&quot;https:\/\/www.uckg.org\/jejumdedaniel\/wp-content\/uploads\/2025\/06\/Dove-scaled-1.png&quot;);--awb-background-size:cover;--awb-flex-wrap:wrap;\" ><div class=\"fusion-builder-row fusion-row\"><div class=\"fusion-layout-column fusion_builder_column fusion-builder-column-0 fusion_builder_column_1_1 1_1 fusion-one-full fusion-column-first fusion-column-last\" style=\"--awb-padding-top:-110px;--awb-bg-blend:overlay;--awb-bg-size:cover;--awb-margin-top:-110px;\"><div class=\"fusion-column-wrapper fusion-column-has-shadow fusion-flex-column-wrapper-legacy\"><div class=\"fusion-text fusion-text-1\"><h1 class=\"fusion-responsive-typography-calculated\" style=\"text-align: center; --fontsize: 34; line-height: 1.12;\" data-fontsize=\"34\" data-lineheight=\"38.08px\"><span style=\"color: var(--awb-color1); font-family: Allura; font-weight: 400; font-size: 60px;\" data-fusion-font=\"true\" data-fusion-google-font=\"Allura\" data-fusion-google-variant=\"400\">O Esp\u00edrito Santo<\/span><\/h1>\n<\/div><div class=\"fusion-text fusion-text-2\"><h4 class=\"fusion-responsive-typography-calculated\" style=\"--fontsize: 18; line-height: 2.11; --minfontsize: 18;\" data-fontsize=\"18\" data-lineheight=\"37.98px\"><\/h4>\n<h4 class=\"fusion-responsive-typography-calculated\" style=\"text-align: center; --fontsize: 18; line-height: 2.11; --minfontsize: 18; color: var(--awb-color1);\" data-fontsize=\"18\" data-lineheight=\"37.98px\">A obra do Esp\u00edrito Santo permaneceu em grande parte desconhecida nos pa\u00edses, ap\u00f3s Sua maravilhosa manifesta\u00e7\u00e3o na Igreja Primitiva. Mas gra\u00e7as ao movimento pentecostal, que come\u00e7ou no in\u00edcio de 1900, as na\u00e7\u00f5es do mundo s\u00e3o novamente capazes de saber mais sobre o Esp\u00edrito Santo. Como terceira Pessoa da Sant\u00edssima Trindade, o Esp\u00edrito Santo n\u00e3o \u00e9 menos importante que as outras Pessoas. Na verdade, o Pai, o Filho (Jesus Cristo) e o Esp\u00edrito Santo s\u00e3o o mesmo. Eles s\u00e3o distintos, mas formam apenas um Deus. \u00c9 um mist\u00e9rio insol\u00favel. \u00c9 como se diss\u00e9ssemos 1+1+1=1.<\/h4>\n<\/div><div class=\"fusion-clearfix\"><\/div><\/div><\/div><\/div><\/div><div class=\"fusion-fullwidth fullwidth-box fusion-builder-row-2 nonhundred-percent-fullwidth non-hundred-percent-height-scrolling\" style=\"--awb-border-radius-top-left:0px;--awb-border-radius-top-right:0px;--awb-border-radius-bottom-right:0px;--awb-border-radius-bottom-left:0px;--awb-padding-top:130px;--awb-padding-right:15px;--awb-padding-bottom:15px;--awb-padding-left:15px;--awb-flex-wrap:wrap;\" ><div class=\"fusion-builder-row fusion-row\"><div class=\"fusion-layout-column fusion_builder_column fusion-builder-column-1 fusion_builder_column_1_1 1_1 fusion-one-full fusion-column-first fusion-column-last\" style=\"--awb-bg-blend:overlay;--awb-bg-size:cover;\"><div class=\"fusion-column-wrapper fusion-flex-column-wrapper-legacy\"><div class=\"fusion-image-element fusion-image-align-center in-legacy-container\" style=\"text-align:center;--awb-caption-title-font-family:var(--h2_typography-font-family);--awb-caption-title-font-weight:var(--h2_typography-font-weight);--awb-caption-title-font-style:var(--h2_typography-font-style);--awb-caption-title-size:var(--h2_typography-font-size);--awb-caption-title-transform:var(--h2_typography-text-transform);--awb-caption-title-line-height:var(--h2_typography-line-height);--awb-caption-title-letter-spacing:var(--h2_typography-letter-spacing);\"><div class=\"imageframe-align-center\"><span class=\" fusion-imageframe imageframe-none imageframe-1 hover-type-none\"><img decoding=\"async\" width=\"1280\" height=\"288\" title=\"What does the baptism with the Holy Spirit mean_\" src=\"https:\/\/www.uckg.org\/jejumdedaniel\/wp-content\/uploads\/2025\/07\/What-does-the-baptism-with-the-Holy-Spirit-mean_.jpg\" alt class=\"img-responsive wp-image-1866\" srcset=\"https:\/\/www.uckg.org\/jejumdedaniel\/wp-content\/uploads\/2025\/07\/What-does-the-baptism-with-the-Holy-Spirit-mean_-200x45.jpg 200w, https:\/\/www.uckg.org\/jejumdedaniel\/wp-content\/uploads\/2025\/07\/What-does-the-baptism-with-the-Holy-Spirit-mean_-400x90.jpg 400w, https:\/\/www.uckg.org\/jejumdedaniel\/wp-content\/uploads\/2025\/07\/What-does-the-baptism-with-the-Holy-Spirit-mean_-600x135.jpg 600w, https:\/\/www.uckg.org\/jejumdedaniel\/wp-content\/uploads\/2025\/07\/What-does-the-baptism-with-the-Holy-Spirit-mean_-800x180.jpg 800w, https:\/\/www.uckg.org\/jejumdedaniel\/wp-content\/uploads\/2025\/07\/What-does-the-baptism-with-the-Holy-Spirit-mean_-1200x270.jpg 1200w, https:\/\/www.uckg.org\/jejumdedaniel\/wp-content\/uploads\/2025\/07\/What-does-the-baptism-with-the-Holy-Spirit-mean_.jpg 1280w\" sizes=\"(max-width: 800px) 100vw, 1200px\" \/><\/span><\/div><\/div><div class=\"fusion-text fusion-text-3\"><p>O batismo no Esp\u00edrito Santo \u00e9 um termo usado para descrever a plenitude de Deus habitando dentro de uma pessoa. Significa ter poder, for\u00e7a, coragem e bravura para viver na terra como o Senhor Jesus viveu.<\/p>\n<div class=\"fusion-sep-clear\"><\/div>\n<\/div><div class=\"fusion-clearfix\"><\/div><\/div><\/div><\/div><\/div><div class=\"fusion-fullwidth fullwidth-box fusion-builder-row-3 fusion-parallax-fixed nonhundred-percent-fullwidth non-hundred-percent-height-scrolling\" style=\"--awb-border-radius-top-left:0px;--awb-border-radius-top-right:0px;--awb-border-radius-bottom-right:0px;--awb-border-radius-bottom-left:0px;--awb-padding-top:130px;--awb-padding-right:15px;--awb-padding-bottom:120px;--awb-padding-left:15px;--awb-background-image:linear-gradient(180deg, var(--awb-color6) 0%,hsla(var(--awb-color6-h),var(--awb-color6-s),var(--awb-color6-l),calc(var(--awb-color6-a) - 85%)) 100%),url(https:\/\/www.uckg.org\/jejumdedaniel\/wp-content\/uploads\/2025\/06\/shutterstock_2150092361-scaled-1.jpg);;--awb-background-size:cover;--awb-flex-wrap:wrap;background-attachment:fixed;\" ><div class=\"fusion-builder-row fusion-row\"><div class=\"fusion-layout-column fusion_builder_column fusion-builder-column-2 fusion_builder_column_1_1 1_1 fusion-one-full fusion-column-first fusion-column-last\" style=\"--awb-bg-blend:overlay;--awb-bg-size:cover;\"><div class=\"fusion-column-wrapper fusion-column-has-shadow fusion-flex-column-wrapper-legacy\"><div class=\"fusion-text fusion-text-4\"><h3 class=\"fusion-responsive-typography-calculated\" style=\"--fontsize: 22; line-height: 1.91; --minfontsize: 22; text-align: center;\" data-fontsize=\"22\" data-lineheight=\"42.02px\"><span style=\"color: #ffffff; font-size: 60px; font-family: Allura; font-weight: 400;\" data-fusion-font=\"true\" data-fusion-google-font=\"Allura\" data-fusion-google-variant=\"400\">O Autor da Vida<\/span><\/h3>\n<h3 class=\"fusion-responsive-typography-calculated\" style=\"text-align: center; --fontsize: 22; line-height: 1.91; --minfontsize: 22;\" data-fontsize=\"22\" data-lineheight=\"42.02px\"><\/h3>\n<\/div><div class=\"fusion-clearfix\"><\/div><\/div><\/div><\/div><\/div><div class=\"fusion-fullwidth fullwidth-box fusion-builder-row-4 fusion-flex-container has-pattern-background has-mask-background nonhundred-percent-fullwidth non-hundred-percent-height-scrolling\" style=\"--awb-border-radius-top-left:0px;--awb-border-radius-top-right:0px;--awb-border-radius-bottom-right:0px;--awb-border-radius-bottom-left:0px;--awb-flex-wrap:wrap;\" ><div class=\"fusion-builder-row fusion-row fusion-flex-align-items-flex-start fusion-flex-content-wrap\" style=\"max-width:1144px;margin-left: calc(-4% \/ 2 );margin-right: calc(-4% \/ 2 );\"><div class=\"fusion-layout-column fusion_builder_column fusion-builder-column-3 fusion_builder_column_1_1 1_1 fusion-flex-column\" style=\"--awb-bg-size:cover;--awb-width-large:100%;--awb-margin-top-large:0px;--awb-spacing-right-large:1.92%;--awb-margin-bottom-large:20px;--awb-spacing-left-large:1.92%;--awb-width-medium:100%;--awb-order-medium:0;--awb-spacing-right-medium:1.92%;--awb-spacing-left-medium:1.92%;--awb-width-small:100%;--awb-order-small:0;--awb-spacing-right-small:1.92%;--awb-spacing-left-small:1.92%;\"><div class=\"fusion-column-wrapper fusion-column-has-shadow fusion-flex-justify-content-flex-start fusion-content-layout-column\"><div class=\"fusion-image-element \" style=\"text-align:center;--awb-caption-title-font-family:var(--h2_typography-font-family);--awb-caption-title-font-weight:var(--h2_typography-font-weight);--awb-caption-title-font-style:var(--h2_typography-font-style);--awb-caption-title-size:var(--h2_typography-font-size);--awb-caption-title-transform:var(--h2_typography-text-transform);--awb-caption-title-line-height:var(--h2_typography-line-height);--awb-caption-title-letter-spacing:var(--h2_typography-letter-spacing);\"><span class=\" fusion-imageframe imageframe-none imageframe-2 hover-type-none\"><img decoding=\"async\" width=\"1280\" height=\"288\" title=\"The_Holy_Spirit_is_the_Lord_Jesus_Christ\u2019s_greatest_gift_to_His\" src=\"https:\/\/www.uckg.org\/jejumdedaniel\/wp-content\/uploads\/2025\/07\/The_Holy_Spirit_is_the_Lord_Jesus_Christs_greatest_gift_to_His-1.jpg\" alt class=\"img-responsive wp-image-1870\" srcset=\"https:\/\/www.uckg.org\/jejumdedaniel\/wp-content\/uploads\/2025\/07\/The_Holy_Spirit_is_the_Lord_Jesus_Christs_greatest_gift_to_His-1-200x45.jpg 200w, https:\/\/www.uckg.org\/jejumdedaniel\/wp-content\/uploads\/2025\/07\/The_Holy_Spirit_is_the_Lord_Jesus_Christs_greatest_gift_to_His-1-400x90.jpg 400w, https:\/\/www.uckg.org\/jejumdedaniel\/wp-content\/uploads\/2025\/07\/The_Holy_Spirit_is_the_Lord_Jesus_Christs_greatest_gift_to_His-1-600x135.jpg 600w, https:\/\/www.uckg.org\/jejumdedaniel\/wp-content\/uploads\/2025\/07\/The_Holy_Spirit_is_the_Lord_Jesus_Christs_greatest_gift_to_His-1-800x180.jpg 800w, https:\/\/www.uckg.org\/jejumdedaniel\/wp-content\/uploads\/2025\/07\/The_Holy_Spirit_is_the_Lord_Jesus_Christs_greatest_gift_to_His-1-1200x270.jpg 1200w, https:\/\/www.uckg.org\/jejumdedaniel\/wp-content\/uploads\/2025\/07\/The_Holy_Spirit_is_the_Lord_Jesus_Christs_greatest_gift_to_His-1.jpg 1280w\" sizes=\"(max-width: 1024px) 100vw, (max-width: 640px) 100vw, 1200px\" \/><\/span><\/div><\/div><\/div><\/div><\/div><div class=\"fusion-fullwidth fullwidth-box fusion-builder-row-5 nonhundred-percent-fullwidth non-hundred-percent-height-scrolling\" style=\"--awb-border-radius-top-left:0px;--awb-border-radius-top-right:0px;--awb-border-radius-bottom-right:0px;--awb-border-radius-bottom-left:0px;--awb-flex-wrap:wrap;\" ><div class=\"fusion-builder-row fusion-row\"><div class=\"fusion-layout-column fusion_builder_column fusion-builder-column-4 fusion_builder_column_3_5 3_5 fusion-three-fifth fusion-column-first\" style=\"--awb-bg-blend:overlay;--awb-bg-size:cover;width:60%;width:calc(60% - ( ( 4% ) * 0.6 ) );margin-right: 4%;\"><div class=\"fusion-column-wrapper fusion-flex-column-wrapper-legacy\"><div class=\"fusion-text fusion-text-5\"><h4 class=\"fusion-responsive-typography-calculated\" style=\"text-align: justify; --fontsize: 18; line-height: 2.11; --minfontsize: 18; color: var(--awb-custom_color_1);\" data-fontsize=\"18\" data-lineheight=\"37.98px\">Quais s\u00e3o os requisitos para o batismo com o Esp\u00edrito Santo?<\/h4>\n<p style=\"text-align: justify;\">Ningu\u00e9m coloca \u00e1gua limpa em copo sujo. Da mesma forma, uma pessoa n\u00e3o pode receber o Esp\u00edrito Santo quando h\u00e1 outros esp\u00edritos habitando em seu corpo, como o esp\u00edrito de inveja, dissens\u00e3o, raiva, gan\u00e2ncia, fofoca, etc.<\/p>\n<p style=\"text-align: justify;\">\u2022 Ningu\u00e9m recebe o Esp\u00edrito de Deus enquanto guarda rancor de outra pessoa. O maior perd\u00e3o de Deus s\u00f3 pode ser desfrutado depois que a pessoa perdoa sinceramente aqueles que a magoaram. S\u00f3 ent\u00e3o o Esp\u00edrito Santo encontrar\u00e1 um lugar para habitar em seus cora\u00e7\u00f5es.<\/p>\n<p style=\"text-align: justify;\">\u2022 A nenhum mentiroso \u00e9 dado o Esp\u00edrito da Verdade. Nosso sim deve ser \u2018sim\u2019 e nosso n\u00e3o, \u2018n\u00e3o\u2019. Temos que dizer a verdade, porque \u00e9 a nossa sinceridade que nos mant\u00e9m limpos.<\/p>\n<p style=\"text-align: justify;\">\u2022 Ningu\u00e9m pode receber o Esp\u00edrito Santo enquanto se ainda estiver apegado \u00e0s coisas do mundo.<\/p>\n<p style=\"text-align: justify;\">\u2022 Quando uma pessoa busca o batismo no Esp\u00edrito Santo ela n\u00e3o deve deixar que nada a acuse diante de Deus. Se houver algo acusando a pessoa, ela dever\u00e1 confessar imediatamente ao Senhor Jesus e pedir Seu perd\u00e3o.<\/p>\n<p style=\"text-align: justify;\">\u2022 Voc\u00ea n\u00e3o deve pensar na sua fam\u00edlia, nas suas contas, em voc\u00ea mesmo ou em qualquer outra coisa ao buscar o Esp\u00edrito Santo. Em vez de fazer uma ora\u00e7\u00e3o silenciosa em sua mente, voc\u00ea deve adorar o Senhor Jesus com a boca, dizendo-Lhe que voc\u00ea O ama, que Ele \u00e9 a Pessoa mais importante em sua vida e que voc\u00ea est\u00e1 pronto para fazer Sua santa vontade.<\/p>\n<p style=\"text-align: justify;\">\u2022 Se voc\u00ea sentir algo tentando distra\u00ed-lo, saiba que voc\u00ea est\u00e1 prestes a receber o batismo no Esp\u00edrito Santo. Obviamente, muitas coisas acontecer\u00e3o para desviar a sua aten\u00e7\u00e3o e fazer com que voc\u00ea perca esta grande b\u00ean\u00e7\u00e3o.<\/p>\n<\/div><div class=\"fusion-clearfix\"><\/div><\/div><\/div><div class=\"fusion-layout-column fusion_builder_column fusion-builder-column-5 fusion_builder_column_2_5 2_5 fusion-two-fifth fusion-column-last\" style=\"--awb-bg-blend:overlay;--awb-bg-size:cover;width:40%;width:calc(40% - ( ( 4% ) * 0.4 ) );\"><div class=\"fusion-column-wrapper fusion-flex-column-wrapper-legacy\"><div class=\"fusion-text fusion-text-6\"><h4 class=\"p2 fusion-responsive-typography-calculated\" style=\"text-align: justify; --fontsize: 18; line-height: 2.11; --minfontsize: 18;\" data-lineheight=\"37.98px\" data-fontsize=\"18\"><span style=\"color: #1d305e;\"><strong>10 <\/strong><\/span> <span style=\"color: var(--awb-custom_color_1);\">Dicas essenciais para o Jejum de Daniel<\/span><\/h4>\n<ol>\n<li style=\"text-align: justify;\">N\u00e3o odeie ou machuque ningu\u00e9m.<\/li>\n<li style=\"text-align: justify;\">Seja obediente a Deus mesmo que isso signifique ir contra a sua vontade e a dos outros tamb\u00e9m.<\/li>\n<li style=\"text-align: justify;\">Seja calmo e pac\u00edfico e trate a todos com cortesia e respeito.<\/li>\n<li style=\"text-align: justify;\">Tenha a consci\u00eancia limpa.<\/li>\n<li style=\"text-align: justify;\">N\u00e3o fique preso ao passado.<\/li>\n<li style=\"text-align: justify;\">Fique longe daqueles que tentam contaminar ou destruir a sua f\u00e9 inteligente.<\/li>\n<li style=\"text-align: justify;\">Ajude outros a desenvolver sua f\u00e9.<\/li>\n<li style=\"text-align: justify;\">Revolte-se contra o mal, o pecado, os maus h\u00e1bitos e comportamentos que tentam<br \/>\nseparar voc\u00ea de Deus.<\/li>\n<li style=\"text-align: justify;\">Invista na sua comunh\u00e3o com Deus.<\/li>\n<li style=\"text-align: justify;\">Busque o Esp\u00edrito Santo com fervor.<\/li>\n<\/ol>\n<\/div><div class=\"fusion-image-element fusion-image-align-center in-legacy-container\" style=\"text-align:center;--awb-caption-title-font-family:var(--h2_typography-font-family);--awb-caption-title-font-weight:var(--h2_typography-font-weight);--awb-caption-title-font-style:var(--h2_typography-font-style);--awb-caption-title-size:var(--h2_typography-font-size);--awb-caption-title-transform:var(--h2_typography-text-transform);--awb-caption-title-line-height:var(--h2_typography-line-height);--awb-caption-title-letter-spacing:var(--h2_typography-letter-spacing);\"><div class=\"imageframe-align-center\"><span class=\" fusion-imageframe imageframe-none imageframe-3 hover-type-none\"><img decoding=\"async\" width=\"260\" height=\"300\" title=\"The Holy Spirit\" src=\"https:\/\/www.uckg.org\/jejumdedaniel\/wp-content\/uploads\/2025\/06\/The-Holy-Spirit.jpg\" alt class=\"img-responsive wp-image-1536\" srcset=\"https:\/\/www.uckg.org\/jejumdedaniel\/wp-content\/uploads\/2025\/06\/The-Holy-Spirit-200x231.jpg 200w, https:\/\/www.uckg.org\/jejumdedaniel\/wp-content\/uploads\/2025\/06\/The-Holy-Spirit.jpg 260w\" sizes=\"(max-width: 800px) 100vw, 260px\" \/><\/span><\/div><\/div><div class=\"fusion-clearfix\"><\/div><\/div><\/div><\/div><\/div><\/p>\n","protected":false},"excerpt":{"rendered":"","protected":false},"author":7,"featured_media":0,"parent":0,"menu_order":0,"comment_status":"closed","ping_status":"closed","template":"","meta":{"footnotes":""},"class_list":["post-1442","page","type-page","status-publish","hentry"],"_links":{"self":[{"href":"https:\/\/www.uckg.org\/jejumdedaniel\/wp-json\/wp\/v2\/pages\/1442","targetHints":{"allow":["GET"]}}],"collection":[{"href":"https:\/\/www.uckg.org\/jejumdedaniel\/wp-json\/wp\/v2\/pages"}],"about":[{"href":"https:\/\/www.uckg.org\/jejumdedaniel\/wp-json\/wp\/v2\/types\/page"}],"author":[{"embeddable":true,"href":"https:\/\/www.uckg.org\/jejumdedaniel\/wp-json\/wp\/v2\/users\/7"}],"replies":[{"embeddable":true,"href":"https:\/\/www.uckg.org\/jejumdedaniel\/wp-json\/wp\/v2\/comments?post=1442"}],"version-history":[{"count":11,"href":"https:\/\/www.uckg.org\/jejumdedaniel\/wp-json\/wp\/v2\/pages\/1442\/revisions"}],"predecessor-version":[{"id":1871,"href":"https:\/\/www.uckg.org\/jejumdedaniel\/wp-json\/wp\/v2\/pages\/1442\/revisions\/1871"}],"wp:attachment":[{"href":"https:\/\/www.uckg.org\/jejumdedaniel\/wp-json\/wp\/v2\/media?parent=1442"}],"curies":[{"name":"wp","href":"https:\/\/api.w.org\/{rel}","templated":true}]}}