{"id":1435,"date":"2025-07-04T13:57:54","date_gmt":"2025-07-04T13:57:54","guid":{"rendered":"https:\/\/www.uckg.org\/jejumdedaniel\/?page_id=1435"},"modified":"2025-07-04T14:08:51","modified_gmt":"2025-07-04T14:08:51","slug":"entendendo-o-jejum-de-daniel","status":"publish","type":"page","link":"https:\/\/www.uckg.org\/jejumdedaniel\/entendendo-o-jejum-de-daniel\/","title":{"rendered":"Entendendo o Jejum de Daniel"},"content":{"rendered":"<div class=\"fusion-fullwidth fullwidth-box fusion-builder-row-1 nonhundred-percent-fullwidth non-hundred-percent-height-scrolling\" style=\"--awb-border-radius-top-left:0px;--awb-border-radius-top-right:0px;--awb-border-radius-bottom-right:0px;--awb-border-radius-bottom-left:0px;--awb-flex-wrap:wrap;\" ><div class=\"fusion-builder-row fusion-row\"><div class=\"fusion-layout-column fusion_builder_column fusion-builder-column-0 fusion_builder_column_1_2 1_2 fusion-one-half fusion-column-first\" style=\"--awb-bg-blend:overlay;--awb-bg-size:cover;width:50%;width:calc(50% - ( ( 4% ) * 0.5 ) );margin-right: 4%;\"><div class=\"fusion-column-wrapper fusion-flex-column-wrapper-legacy\"><div class=\"fusion-image-element in-legacy-container\" style=\"--awb-caption-title-font-family:var(--h2_typography-font-family);--awb-caption-title-font-weight:var(--h2_typography-font-weight);--awb-caption-title-font-style:var(--h2_typography-font-style);--awb-caption-title-size:var(--h2_typography-font-size);--awb-caption-title-transform:var(--h2_typography-text-transform);--awb-caption-title-line-height:var(--h2_typography-line-height);--awb-caption-title-letter-spacing:var(--h2_typography-letter-spacing);\"><span class=\" fusion-imageframe imageframe-none imageframe-1 hover-type-none\"><img decoding=\"async\" width=\"1280\" height=\"288\" title=\"Understanding Fasting\" src=\"https:\/\/www.uckg.org\/jejumdedaniel\/wp-content\/uploads\/2025\/07\/Understanding-Fasting.jpg\" alt class=\"img-responsive wp-image-1860\" srcset=\"https:\/\/www.uckg.org\/jejumdedaniel\/wp-content\/uploads\/2025\/07\/Understanding-Fasting-200x45.jpg 200w, https:\/\/www.uckg.org\/jejumdedaniel\/wp-content\/uploads\/2025\/07\/Understanding-Fasting-400x90.jpg 400w, https:\/\/www.uckg.org\/jejumdedaniel\/wp-content\/uploads\/2025\/07\/Understanding-Fasting-600x135.jpg 600w, https:\/\/www.uckg.org\/jejumdedaniel\/wp-content\/uploads\/2025\/07\/Understanding-Fasting-800x180.jpg 800w, https:\/\/www.uckg.org\/jejumdedaniel\/wp-content\/uploads\/2025\/07\/Understanding-Fasting-1200x270.jpg 1200w, https:\/\/www.uckg.org\/jejumdedaniel\/wp-content\/uploads\/2025\/07\/Understanding-Fasting.jpg 1280w\" sizes=\"(max-width: 800px) 100vw, 600px\" \/><\/span><\/div><div class=\"fusion-sep-clear\"><\/div><div class=\"fusion-separator fusion-clearfix\" style=\"float:left;margin-bottom:30px;width:100%;max-width:170px;\"><div class=\"fusion-separator-border sep-single sep-solid\" style=\"--awb-height:20px;--awb-amount:20px;border-color:#e0dede;border-top-width:3px;\"><\/div><\/div><div class=\"fusion-sep-clear\"><\/div><div class=\"fusion-sep-clear\"><\/div><div class=\"fusion-separator fusion-full-width-sep\" style=\"margin-left: auto;margin-right: auto;margin-bottom:30px;width:100%;\"><\/div><div class=\"fusion-sep-clear\"><\/div><div class=\"fusion-text fusion-text-1\"><p>O jejum, como descrito na B\u00edblia, \u00e9 uma pr\u00e1tica de abstin\u00eancia alimentar para fins espirituais. N\u00e3o \u00e9 apenas um ato de abnega\u00e7\u00e3o, mas uma maneira pela qual as pessoas buscam se aproximar e aprofundar seu relacionamento com Deus.<\/p>\n<p>O jejum pode envolver a abstin\u00eancia parcial ou total de alimentos. Por exemplo, Jesus ficou sem comer por 40 dias no deserto (Lucas 4:2). O jejum permite que o esp\u00edrito da pessoa se desapegue dos desejos f\u00edsicos e se concentre mais plenamente em um relacionamento pessoal com Deus, que \u00e9 Esp\u00edrito.<\/p>\n<p>A B\u00edblia tamb\u00e9m registra exemplos de jejuns totais \u2014 ocasi\u00f5es em que as pessoas se abstinham de tudo (comida e bebida). Um exemplo not\u00e1vel pode ser visto na vida de Mois\u00e9s. Enquanto estava no Monte Sinai, ele permaneceu com o Senhor por 40 dias e 40 noites, sem comer p\u00e3o nem beber \u00e1gua. Durante esse tempo, ele recebeu e escreveu os Dez Mandamentos (\u00caxodo 34:28).<\/p>\n<p>De acordo com a B\u00edblia, o jejum \u00e9 significativo por v\u00e1rios motivos:<\/p>\n<p><b style=\"color: rgb(7, 116, 125);\">1. Humildade e Depend\u00eancia:<\/b> O jejum nos ajuda a nos humilhar diante de Deus, reconhecendo nossa total depend\u00eancia dEle para todas as coisas e nossa necessidade de Sua provis\u00e3o.<\/p>\n<p><b style=\"color: rgb(7, 116, 125);\">2. Buscando Orienta\u00e7\u00e3o e Dire\u00e7\u00e3o:<\/b> Em tempos de incerteza ou quando buscamos a vontade de Deus, o jejum pode ser uma maneira de buscar clareza e dire\u00e7\u00e3o. Ao deixarmos de lado as necessidades f\u00edsicas, podemos nos concentrar mais intensamente na voz de Deus.<\/p>\n<p><b style=\"color: rgb(7, 116, 125);\">3. Expressando Arrependimento e Tristeza:<\/b> O jejum pode ser uma resposta natural \u00e0 tristeza. Tamb\u00e9m pode ser uma maneira de expressar arrependimento pelos pecados, demonstrando um desejo sincero de voltar para Deus.<\/p>\n<p><b style=\"color: rgb(7, 116, 125);\">4. Batalha Espiritual: <\/b>O jejum pode ser uma maneira de se engajar na batalha espiritual, buscando o poder de Deus para vencer o mal.<\/p>\n<p><b style=\"color: rgb(7, 116, 125);\">5. Resistindo \u00e0 Tenta\u00e7\u00e3o: <\/b>O jejum pode ajudar as pessoas a resistir \u00e0 tenta\u00e7\u00e3o, enfraquecendo o dom\u00ednio dos desejos f\u00edsicos e alinhando sua vontade com a de Deus. <\/p>\n<p>O pr\u00f3prio Jesus jejuou por 40 dias no deserto, preparando-se para o Seu minist\u00e9rio e resistindo \u00e0s tenta\u00e7\u00f5es de L\u00facifer.<\/p>\n<p><b style=\"color: rgb(7, 116, 125);\">6. Buscando Liberta\u00e7\u00e3o e Prote\u00e7\u00e3o:<\/b> O jejum pode ser um meio de buscar a interven\u00e7\u00e3o de Deus em circunst\u00e2ncias dif\u00edceis, seja para liberta\u00e7\u00e3o pessoal ou para a prote\u00e7\u00e3o de outros.<\/p>\n<p><span style=\"color: rgb(7, 116, 125);\"><b>7. Fortalecendo nossa Vida Espiritual:<\/b><\/span> Praticar o jejum e a ora\u00e7\u00e3o agu\u00e7a nosso foco espiritual. Ao combinar abnega\u00e7\u00e3o com a ora\u00e7\u00e3o, podemos experimentar uma conex\u00e3o mais profunda com Deus.<\/p>\n<\/p>\n<div class=\"fusion-one-half fusion-layout-column fusion-column-last fusion-spacing-yes\" style=\"text-align: justify;\"><\/div>\n<\/div><div class=\"fusion-clearfix\"><\/div><\/div><\/div><div class=\"fusion-layout-column fusion_builder_column fusion-builder-column-1 fusion_builder_column_1_2 1_2 fusion-one-half fusion-column-last\" style=\"--awb-bg-blend:overlay;--awb-bg-size:cover;width:50%;width:calc(50% - ( ( 4% ) * 0.5 ) );\"><div class=\"fusion-column-wrapper fusion-flex-column-wrapper-legacy\"><div class=\"fusion-image-element in-legacy-container\" style=\"--awb-caption-title-font-family:var(--h2_typography-font-family);--awb-caption-title-font-weight:var(--h2_typography-font-weight);--awb-caption-title-font-style:var(--h2_typography-font-style);--awb-caption-title-size:var(--h2_typography-font-size);--awb-caption-title-transform:var(--h2_typography-text-transform);--awb-caption-title-line-height:var(--h2_typography-line-height);--awb-caption-title-letter-spacing:var(--h2_typography-letter-spacing);\"><span class=\" fusion-imageframe imageframe-none imageframe-2 hover-type-zoomin\"><a href=\"https:\/\/www.uckg.org\/jejumdedaniel\/wp-content\/uploads\/2025\/07\/plate-clock.jpeg\" class=\"fusion-lightbox\" data-rel=\"iLightbox[2216d8a9c16c9a2e5ae]\" data-title=\"plate-clock\" title=\"plate-clock\"><img decoding=\"async\" width=\"550\" height=\"600\" src=\"https:\/\/www.uckg.org\/jejumdedaniel\/wp-content\/uploads\/2025\/07\/plate-clock.jpeg\" alt class=\"img-responsive wp-image-1862\" srcset=\"https:\/\/www.uckg.org\/jejumdedaniel\/wp-content\/uploads\/2025\/07\/plate-clock-200x218.jpeg 200w, https:\/\/www.uckg.org\/jejumdedaniel\/wp-content\/uploads\/2025\/07\/plate-clock-400x436.jpeg 400w, https:\/\/www.uckg.org\/jejumdedaniel\/wp-content\/uploads\/2025\/07\/plate-clock.jpeg 550w\" sizes=\"(max-width: 800px) 100vw, 550px\" \/><\/a><\/span><\/div><div class=\"fusion-sep-clear\"><\/div><div class=\"fusion-separator fusion-full-width-sep\" style=\"margin-left: auto;margin-right: auto;margin-bottom:30px;width:100%;\"><\/div><div class=\"fusion-sep-clear\"><\/div><div class=\"fusion-text fusion-text-2\"><p style=\"text-align: justify;\">Daniel foi outro exemplo de algu\u00e9m que jejuou com inten\u00e7\u00e3o. O jejum de Daniel era uma forma de se humilhar diante de Deus e buscar Sua orienta\u00e7\u00e3o e interven\u00e7\u00e3o. O livro de Daniel descreve esse per\u00edodo como de luto e ora\u00e7\u00e3o, destacando a profunda preocupa\u00e7\u00e3o de Daniel por seu povo e seu desejo de compreender o plano de Deus para eles. Por tr\u00eas semanas (21 dias), ele se absteve de comidas agrad\u00e1veis, carne e vinho, em um ato deliberado de buscar a Deus por meio da ora\u00e7\u00e3o e do jejum.<\/p>\n<p style=\"text-align: justify;\"><strong style=\"color: #07747d;\">O Papel do Jejum e da Ora\u00e7\u00e3o<\/strong><\/p>\n<p style=\"text-align: justify;\">Quando oramos, falamos com Deus. Ora\u00e7\u00e3o e jejum andam de m\u00e3os dadas.<\/p>\n<p style=\"text-align: justify;\">Aqui est\u00e3o alguns exemplos de pessoas na B\u00edblia que jejuaram e oraram. O primeiro cap\u00edtulo de Neemias descreve Neemias orando e jejuando, devido \u00e0 sua profunda ang\u00fastia com a not\u00edcia de que Jerusal\u00e9m havia sido deixada em ru\u00ednas. Davi orou e jejuou por seu filho doente (2 Samuel 12:16), chorando diante do Senhor em intercess\u00e3o (vv. 21-22). Ester instou Mordecai e os judeus a jejuarem por ela, pois planejava comparecer perante o rei (Ester 4:16). Em Marcos, cap\u00edtulo 9, Jesus libertou um menino de um esp\u00edrito imundo. Os disc\u00edpulos tentaram, sem sucesso, libert\u00e1-lo, apesar de j\u00e1 terem recebido autoridade sobre tais esp\u00edritos (Marcos 6:7). Mais tarde, perguntaram a Jesus por que n\u00e3o conseguiam faz\u00ea-lo, e Ele respondeu: <strong>&#8220;<\/strong> <strong>Esta casta n\u00e3o pode sair com coisa alguma, a n\u00e3o ser com ora\u00e7\u00e3o e jejum.&#8221; <\/strong>(Marcos 9:29). Isso mostra que nem todas as situa\u00e7\u00f5es da vida podem ser tratadas com a mesma abordagem \u2014 algumas exigem um grau maior de ora\u00e7\u00e3o e humildade.<\/p>\n<p style=\"text-align: justify;\">&nbsp;<\/p>\n<\/div><div class=\"fusion-clearfix\"><\/div><\/div><\/div><\/div><\/div>\n","protected":false},"excerpt":{"rendered":"","protected":false},"author":7,"featured_media":0,"parent":0,"menu_order":0,"comment_status":"closed","ping_status":"closed","template":"","meta":{"footnotes":""},"class_list":["post-1435","page","type-page","status-publish","hentry"],"_links":{"self":[{"href":"https:\/\/www.uckg.org\/jejumdedaniel\/wp-json\/wp\/v2\/pages\/1435","targetHints":{"allow":["GET"]}}],"collection":[{"href":"https:\/\/www.uckg.org\/jejumdedaniel\/wp-json\/wp\/v2\/pages"}],"about":[{"href":"https:\/\/www.uckg.org\/jejumdedaniel\/wp-json\/wp\/v2\/types\/page"}],"author":[{"embeddable":true,"href":"https:\/\/www.uckg.org\/jejumdedaniel\/wp-json\/wp\/v2\/users\/7"}],"replies":[{"embeddable":true,"href":"https:\/\/www.uckg.org\/jejumdedaniel\/wp-json\/wp\/v2\/comments?post=1435"}],"version-history":[{"count":2,"href":"https:\/\/www.uckg.org\/jejumdedaniel\/wp-json\/wp\/v2\/pages\/1435\/revisions"}],"predecessor-version":[{"id":1863,"href":"https:\/\/www.uckg.org\/jejumdedaniel\/wp-json\/wp\/v2\/pages\/1435\/revisions\/1863"}],"wp:attachment":[{"href":"https:\/\/www.uckg.org\/jejumdedaniel\/wp-json\/wp\/v2\/media?parent=1435"}],"curies":[{"name":"wp","href":"https:\/\/api.w.org\/{rel}","templated":true}]}}