{"id":1399,"date":"2024-07-11T11:26:06","date_gmt":"2024-07-11T11:26:06","guid":{"rendered":"https:\/\/www.uckg.org\/jejumdedaniel\/?page_id=1399"},"modified":"2025-07-04T13:55:08","modified_gmt":"2025-07-04T13:55:08","slug":"o-que-e-o-jejum-de-daniel-4","status":"publish","type":"page","link":"https:\/\/www.uckg.org\/jejumdedaniel\/o-que-e-o-jejum-de-daniel-4\/","title":{"rendered":"O que \u00e9 o Jejum de Daniel?"},"content":{"rendered":"<div class=\"fusion-fullwidth fullwidth-box fusion-builder-row-1 nonhundred-percent-fullwidth non-hundred-percent-height-scrolling\" style=\"--awb-border-radius-top-left:0px;--awb-border-radius-top-right:0px;--awb-border-radius-bottom-right:0px;--awb-border-radius-bottom-left:0px;--awb-flex-wrap:wrap;\" ><div class=\"fusion-builder-row fusion-row\"><div class=\"fusion-layout-column fusion_builder_column fusion-builder-column-0 fusion_builder_column_1_2 1_2 fusion-one-half fusion-column-first\" style=\"--awb-bg-blend:overlay;--awb-bg-size:cover;width:50%;width:calc(50% - ( ( 4% ) * 0.5 ) );margin-right: 4%;\"><div class=\"fusion-column-wrapper fusion-flex-column-wrapper-legacy\"><div class=\"fusion-image-element in-legacy-container\" style=\"--awb-caption-title-font-family:var(--h2_typography-font-family);--awb-caption-title-font-weight:var(--h2_typography-font-weight);--awb-caption-title-font-style:var(--h2_typography-font-style);--awb-caption-title-size:var(--h2_typography-font-size);--awb-caption-title-transform:var(--h2_typography-text-transform);--awb-caption-title-line-height:var(--h2_typography-line-height);--awb-caption-title-letter-spacing:var(--h2_typography-letter-spacing);\"><span class=\" fusion-imageframe imageframe-none imageframe-1 hover-type-none\"><img decoding=\"async\" width=\"1280\" height=\"288\" title=\"What is the Fast of Daniel\" src=\"https:\/\/www.uckg.org\/jejumdedaniel\/wp-content\/uploads\/2025\/07\/What-is-the-Fast-of-Daniel.jpg\" alt class=\"img-responsive wp-image-1853\" srcset=\"https:\/\/www.uckg.org\/jejumdedaniel\/wp-content\/uploads\/2025\/07\/What-is-the-Fast-of-Daniel-200x45.jpg 200w, https:\/\/www.uckg.org\/jejumdedaniel\/wp-content\/uploads\/2025\/07\/What-is-the-Fast-of-Daniel-400x90.jpg 400w, https:\/\/www.uckg.org\/jejumdedaniel\/wp-content\/uploads\/2025\/07\/What-is-the-Fast-of-Daniel-600x135.jpg 600w, https:\/\/www.uckg.org\/jejumdedaniel\/wp-content\/uploads\/2025\/07\/What-is-the-Fast-of-Daniel-800x180.jpg 800w, https:\/\/www.uckg.org\/jejumdedaniel\/wp-content\/uploads\/2025\/07\/What-is-the-Fast-of-Daniel-1200x270.jpg 1200w, https:\/\/www.uckg.org\/jejumdedaniel\/wp-content\/uploads\/2025\/07\/What-is-the-Fast-of-Daniel.jpg 1280w\" sizes=\"(max-width: 800px) 100vw, 600px\" \/><\/span><\/div><div class=\"fusion-sep-clear\"><\/div><div class=\"fusion-separator fusion-clearfix\" style=\"float:left;margin-bottom:30px;width:100%;max-width:170px;\"><div class=\"fusion-separator-border sep-single sep-solid\" style=\"--awb-height:20px;--awb-amount:20px;border-color:#e0dede;border-top-width:3px;\"><\/div><\/div><div class=\"fusion-sep-clear\"><\/div><div class=\"fusion-sep-clear\"><\/div><div class=\"fusion-separator fusion-full-width-sep\" style=\"margin-left: auto;margin-right: auto;margin-bottom:30px;width:100%;\"><\/div><div class=\"fusion-sep-clear\"><\/div><div class=\"fusion-text fusion-text-1\"><p style=\"text-align: justify;\">O Jejum de Daniel se inspira no livro de Daniel, cap\u00edtulo 10, quando Daniel jejuou por 21 dias para buscar a sabedoria e o entendimento de Deus.<\/p>\n<p style=\"text-align: justify;\">No mundo de hoje, muitas pessoas lutam para ter um relacionamento mais pr\u00f3ximo com Deus. Mas, devido a muitas distra\u00e7\u00f5es, como m\u00eddias sociais, filmes, programas de TV e diversas formas de entretenimento, alegam n\u00e3o ter tempo. O Jejum de Daniel oferece uma oportunidade \u00fanica para deixar de lado essas distra\u00e7\u00f5es e dedicar esse tempo para investir em sua comunh\u00e3o pessoal com Deus.<\/p>\n<p style=\"text-align: justify;\"><strong style=\"color: #07747d;\">Por que participar deste prop\u00f3sito?<\/strong><\/p>\n<p style=\"text-align: justify;\">O prop\u00f3sito final do Jejum de Daniel \u00e9 receber o Esp\u00edrito Santo, que \u00e9 o pr\u00f3prio Deus vivendo em n\u00f3s. Mas como pode um Deus Santo habitar em seres humanos imperfeitos? Embora Ele n\u00e3o espere perfei\u00e7\u00e3o, Ele deseja um cora\u00e7\u00e3o disposto. Assim como ningu\u00e9m derramaria \u00e1gua limpa em um copo sujo, devemos primeiro nos esvaziar de coisas como raiva, gan\u00e2ncia, fofoca, inveja, orgulho e rancor, e de tudo o que nos separa de Deus. S\u00f3 ent\u00e3o podemos realmente abrir espa\u00e7o para que Ele entre e habite em n\u00f3s.<\/p>\n<p style=\"text-align: justify;\">Agora que voc\u00ea entende o prop\u00f3sito e o significado por tr\u00e1s do Jejum de Daniel, o pr\u00f3ximo passo \u00e9 saber como participar. Pronto para come\u00e7ar?<\/p>\n<p style=\"text-align: justify;\">Veja como voc\u00ea pode participar do jejum.<\/p>\n<p style=\"text-align: justify;\">Iniciar o Jejum de Daniel n\u00e3o significa apenas ficar longe das m\u00eddias sociais, not\u00edcias e entretenimento. Trata-se de reservar intencionalmente um tempo para buscar a Deus. Antes de come\u00e7ar os 21 dias de jejum, considere estes 3 passos:<\/p>\n<p style=\"text-align: justify;\"><strong style=\"color: #07747d;\">Passo 1: Apresente seu Jejum a Deus em Ora\u00e7\u00e3o<\/strong><\/p>\n<p style=\"text-align: justify;\">Este \u00e9 um passo crucial \u2014 n\u00e3o o pule.<\/p>\n<p style=\"text-align: justify;\"><span style=\"color: var(--awb-text-color); font-family: var(--awb-text-font-family); font-size: var(--awb-font-size); font-style: var(--awb-text-font-style); font-weight: var(--awb-text-font-weight); letter-spacing: var(--awb-letter-spacing); text-align: var(--awb-content-alignment); text-transform: var(--awb-text-transform); background-color: var(--awb-bg-color-hover);\">Reserve um tempo para orar e:<\/span><\/p>\n<ul style=\"text-align: justify;\">\n<li>Ofere\u00e7a os pr\u00f3ximos 21 dias a Deus.<\/li>\n<li>Pergunte a Ele o que Ele quer que voc\u00ea fa\u00e7a durante esses 21 dias.<\/li>\n<\/ul>\n<p style=\"text-align: justify;\">Lembre-se: devemos nos esvaziar de tudo o que nos separa dEle.<\/p>\n<p style=\"text-align: justify;\"><strong style=\"color: #07747d; font-family: var(--awb-text-font-family); font-size: var(--awb-font-size); font-style: var(--awb-text-font-style); letter-spacing: var(--awb-letter-spacing); text-align: var(--awb-content-alignment); text-transform: var(--awb-text-transform); background-color: var(--awb-bg-color-hover);\">Passo 2: Seja Espec\u00edfico com Suas Inten\u00e7\u00f5es<\/strong><\/p>\n<p style=\"text-align: justify;\">Anote o que voc\u00ea est\u00e1 pedindo em ora\u00e7\u00e3o durante o jejum:<\/p>\n<ul>\n<li>A prioridade \u00e9 o Esp\u00edrito Santo.<\/li>\n<li>Se voc\u00ea j\u00e1 tem o Esp\u00edrito Santo, talvez esteja buscando um relacionamento mais profundo com Deus.<\/li>\n<\/ul>\n<\/div><div class=\"fusion-clearfix\"><\/div><\/div><\/div><div class=\"fusion-layout-column fusion_builder_column fusion-builder-column-1 fusion_builder_column_1_2 1_2 fusion-one-half fusion-column-last\" style=\"--awb-bg-blend:overlay;--awb-bg-size:cover;width:50%;width:calc(50% - ( ( 4% ) * 0.5 ) );\"><div class=\"fusion-column-wrapper fusion-flex-column-wrapper-legacy\"><div class=\"fusion-image-element in-legacy-container\" style=\"--awb-caption-title-font-family:var(--h2_typography-font-family);--awb-caption-title-font-weight:var(--h2_typography-font-weight);--awb-caption-title-font-style:var(--h2_typography-font-style);--awb-caption-title-size:var(--h2_typography-font-size);--awb-caption-title-transform:var(--h2_typography-text-transform);--awb-caption-title-line-height:var(--h2_typography-line-height);--awb-caption-title-letter-spacing:var(--h2_typography-letter-spacing);\"><span class=\" fusion-imageframe imageframe-none imageframe-2 hover-type-zoomin\"><a href=\"https:\/\/www.uckg.org\/jejumdedaniel\/wp-content\/uploads\/2025\/07\/Screenshot-2025-07-04-at-14.47.01.png\" class=\"fusion-lightbox\" data-rel=\"iLightbox[4afbeeba9698cd95c82]\" data-title=\"Screenshot 2025-07-04 at 14.47.01\" title=\"Screenshot 2025-07-04 at 14.47.01\"><img decoding=\"async\" width=\"399\" height=\"270\" src=\"https:\/\/www.uckg.org\/jejumdedaniel\/wp-content\/uploads\/2025\/07\/Screenshot-2025-07-04-at-14.47.01.png\" alt class=\"img-responsive wp-image-1854\" srcset=\"https:\/\/www.uckg.org\/jejumdedaniel\/wp-content\/uploads\/2025\/07\/Screenshot-2025-07-04-at-14.47.01-200x135.png 200w, https:\/\/www.uckg.org\/jejumdedaniel\/wp-content\/uploads\/2025\/07\/Screenshot-2025-07-04-at-14.47.01.png 399w\" sizes=\"(max-width: 800px) 100vw, 399px\" \/><\/a><\/span><\/div><div class=\"fusion-sep-clear\"><\/div><div class=\"fusion-separator fusion-full-width-sep\" style=\"margin-left: auto;margin-right: auto;margin-bottom:30px;width:100%;\"><\/div><div class=\"fusion-sep-clear\"><\/div><div class=\"fusion-text fusion-text-2\"><p>Ter uma inten\u00e7\u00e3o clara ajudar\u00e1 voc\u00ea a manter o foco quando o jejum se tornar claro.<\/p>\n<p>A ora\u00e7\u00e3o de Daniel foi atendida porque ele perseverou na busca pelo conhecimento e pela compreens\u00e3o da vontade de Deus. Sua f\u00e9 estava firmemente alicer\u00e7ada na Palavra de Deus, o que o impediu de desanimar ou permitir que a d\u00favida tomasse conta de sua mente. Muitos crist\u00e3os desanimam na ora\u00e7\u00e3o e no jejum, porque sua f\u00e9 se baseia na emo\u00e7\u00e3o e depende do que podem ver. Mas aqueles que creem, como dizem as Escrituras, n\u00e3o desistem em tempos de dificuldades.<\/p>\n<p>Em Daniel, cap\u00edtulo 10, um anjo revelou a Daniel que uma grande batalha espiritual havia ocorrido. A ora\u00e7\u00e3o de Daniel foi ouvida no primeiro dia, mas houve resist\u00eancia das for\u00e7as malignas, que s\u00f3 foi vencida com a ajuda do arcanjo Miguel. Tamb\u00e9m enfrentamos batalhas espirituais semelhantes em nossa vida di\u00e1ria e, para vencer, precisamos perseverar em ora\u00e7\u00e3o.<\/p>\n<p><b style=\"color: rgb(7, 116, 125);\">Passo 3: Comece com um Prop\u00f3sito<\/b><\/p>\n<p>Depois de orar e anotar seu foco, comece seu jejum. Isso pode significar:<\/p>\n<p>\u2022 Definir um hor\u00e1rio espec\u00edfico todos os dias para ler a B\u00edblia<\/p>\n<p>\u2022 Dedicar tempo \u00e0 ora\u00e7\u00e3o<\/p>\n<p>\u2022 Colocar seu celular no modo &#8220;N\u00e3o Perturbe&#8221; pela manh\u00e3 para priorizar a busca por Deus<\/p>\n<p>Em vez de pegar o celular logo de manh\u00e3, que tal come\u00e7armos o dia de forma diferente? <\/p>\n<p>Ao remover as distra\u00e7\u00f5es, criamos espa\u00e7o para focar nas coisas de Deus. Como a B\u00edblia diz: &#8221; Pensai nas coisas que s\u00e3o de cima, e n\u00e3o nas que s\u00e3o da terra.&#8221; (Colossenses 3:2)<\/p>\n<p>Que tal come\u00e7ar o dia com um prop\u00f3sito, definindo o tom para tudo o que se segue? Durante o Jejum de Daniel, voc\u00ea pode come\u00e7ar suas manh\u00e3s sintonizando o programa <\/p>\n<p>\u201c Be Inspired &#8221; \u00e0s 7.30am, de segunda a sexta-feira. \u00c9 um momento para alinhar seus pensamentos com a Palavra de Deus. Baixe o aplicativo Liberty Radio na App Store ou no Google Play para sintonizar.<\/p>\n<p>Quando meditamos em Sua Palavra, come\u00e7amos a trocar nossos pensamentos pelos dEle.<\/p>\n<p>A B\u00edblia \u00e9 o nosso guia de vida \u2014 ela nos ensina como viver. Quando lemos a B\u00edblia, permitimos que Deus fale conosco.<\/p>\n<p><a href=\"https:\/\/apps.apple.com\/gb\/app\/apple-store\/id375380948\"><img decoding=\"async\" class=\"alignnone size-full wp-image-1063\" src=\"https:\/\/www.uckg.org\/jejumdedaniel\/wp-content\/uploads\/2022\/12\/Apple-icon.png\" alt=\"\" width=\"179\" height=\"63\" srcset=\"https:\/\/www.uckg.org\/jejumdedaniel\/wp-content\/uploads\/2022\/12\/Apple-icon-177x63.png 177w, https:\/\/www.uckg.org\/jejumdedaniel\/wp-content\/uploads\/2022\/12\/Apple-icon.png 179w\" sizes=\"(max-width: 179px) 100vw, 179px\" \/><\/a> <a href=\"https:\/\/play.google.com\/store\/apps?\"><img decoding=\"async\" class=\"alignnone size-medium wp-image-1062\" src=\"https:\/\/www.uckg.org\/jejumdedaniel\/wp-content\/uploads\/2022\/12\/Google-play-icon-final.png\" alt=\"\" width=\"179\" height=\"63\" srcset=\"https:\/\/www.uckg.org\/jejumdedaniel\/wp-content\/uploads\/2022\/12\/Google-play-icon-final-177x63.png 177w, https:\/\/www.uckg.org\/jejumdedaniel\/wp-content\/uploads\/2022\/12\/Google-play-icon-final.png 179w\" sizes=\"(max-width: 179px) 100vw, 179px\" \/><\/a><\/p>\n<p><img decoding=\"async\" class=\"size-medium wp-image-1045 alignright\" src=\"https:\/\/www.uckg.org\/jejumdedaniel\/wp-content\/uploads\/2022\/12\/templeHS1-copy-600x406-copy-2-300x203.png\" alt=\"\" width=\"300\" height=\"203\" srcset=\"https:\/\/www.uckg.org\/jejumdedaniel\/wp-content\/uploads\/2022\/12\/templeHS1-copy-600x406-copy-2-200x135.png 200w, https:\/\/www.uckg.org\/jejumdedaniel\/wp-content\/uploads\/2022\/12\/templeHS1-copy-600x406-copy-2-300x203.png 300w, https:\/\/www.uckg.org\/jejumdedaniel\/wp-content\/uploads\/2022\/12\/templeHS1-copy-600x406-copy-2-400x271.png 400w, https:\/\/www.uckg.org\/jejumdedaniel\/wp-content\/uploads\/2022\/12\/templeHS1-copy-600x406-copy-2.png 600w\" sizes=\"(max-width: 300px) 100vw, 300px\" \/><\/p>\n<\/div><div class=\"fusion-clearfix\"><\/div><\/div><\/div><\/div><\/div>\n","protected":false},"excerpt":{"rendered":"","protected":false},"author":7,"featured_media":0,"parent":0,"menu_order":0,"comment_status":"closed","ping_status":"closed","template":"","meta":{"footnotes":""},"class_list":["post-1399","page","type-page","status-publish","hentry"],"_links":{"self":[{"href":"https:\/\/www.uckg.org\/jejumdedaniel\/wp-json\/wp\/v2\/pages\/1399","targetHints":{"allow":["GET"]}}],"collection":[{"href":"https:\/\/www.uckg.org\/jejumdedaniel\/wp-json\/wp\/v2\/pages"}],"about":[{"href":"https:\/\/www.uckg.org\/jejumdedaniel\/wp-json\/wp\/v2\/types\/page"}],"author":[{"embeddable":true,"href":"https:\/\/www.uckg.org\/jejumdedaniel\/wp-json\/wp\/v2\/users\/7"}],"replies":[{"embeddable":true,"href":"https:\/\/www.uckg.org\/jejumdedaniel\/wp-json\/wp\/v2\/comments?post=1399"}],"version-history":[{"count":8,"href":"https:\/\/www.uckg.org\/jejumdedaniel\/wp-json\/wp\/v2\/pages\/1399\/revisions"}],"predecessor-version":[{"id":1858,"href":"https:\/\/www.uckg.org\/jejumdedaniel\/wp-json\/wp\/v2\/pages\/1399\/revisions\/1858"}],"wp:attachment":[{"href":"https:\/\/www.uckg.org\/jejumdedaniel\/wp-json\/wp\/v2\/media?parent=1399"}],"curies":[{"name":"wp","href":"https:\/\/api.w.org\/{rel}","templated":true}]}}