{"id":1393,"date":"2024-07-11T11:13:57","date_gmt":"2024-07-11T11:13:57","guid":{"rendered":"https:\/\/www.uckg.org\/jejumdedaniel\/?page_id=1393"},"modified":"2025-07-04T14:36:05","modified_gmt":"2025-07-04T14:36:05","slug":"porque-necessary-steps-to-receive-the-holy-spirit-4","status":"publish","type":"page","link":"https:\/\/www.uckg.org\/jejumdedaniel\/porque-necessary-steps-to-receive-the-holy-spirit-4\/","title":{"rendered":"Por que ainda n\u00e3o recebi o Esp\u00edrito Santo"},"content":{"rendered":"<p><div class=\"fusion-fullwidth fullwidth-box fusion-builder-row-1 nonhundred-percent-fullwidth non-hundred-percent-height-scrolling\" style=\"--awb-border-radius-top-left:0px;--awb-border-radius-top-right:0px;--awb-border-radius-bottom-right:0px;--awb-border-radius-bottom-left:0px;--awb-flex-wrap:wrap;\" ><div class=\"fusion-builder-row fusion-row\"><div class=\"fusion-layout-column fusion_builder_column fusion-builder-column-0 fusion_builder_column_1_2 1_2 fusion-one-half fusion-column-first\" style=\"--awb-bg-blend:overlay;--awb-bg-size:cover;width:50%;width:calc(50% - ( ( 4% ) * 0.5 ) );margin-right: 4%;\"><div class=\"fusion-column-wrapper fusion-flex-column-wrapper-legacy\"><div class=\"fusion-image-element in-legacy-container\" style=\"--awb-caption-title-font-family:var(--h2_typography-font-family);--awb-caption-title-font-weight:var(--h2_typography-font-weight);--awb-caption-title-font-style:var(--h2_typography-font-style);--awb-caption-title-size:var(--h2_typography-font-size);--awb-caption-title-transform:var(--h2_typography-text-transform);--awb-caption-title-line-height:var(--h2_typography-line-height);--awb-caption-title-letter-spacing:var(--h2_typography-letter-spacing);\"><span class=\" fusion-imageframe imageframe-none imageframe-1 hover-type-none\"><img decoding=\"async\" width=\"810\" height=\"288\" title=\"Why haven&#8217;t I recived the Holy Spirit\" src=\"https:\/\/www.uckg.org\/jejumdedaniel\/wp-content\/uploads\/2025\/07\/Why-havent-I-recived-the-Holy-Spirit.jpg\" alt class=\"img-responsive wp-image-1872\" srcset=\"https:\/\/www.uckg.org\/jejumdedaniel\/wp-content\/uploads\/2025\/07\/Why-havent-I-recived-the-Holy-Spirit-200x71.jpg 200w, https:\/\/www.uckg.org\/jejumdedaniel\/wp-content\/uploads\/2025\/07\/Why-havent-I-recived-the-Holy-Spirit-400x142.jpg 400w, https:\/\/www.uckg.org\/jejumdedaniel\/wp-content\/uploads\/2025\/07\/Why-havent-I-recived-the-Holy-Spirit-600x213.jpg 600w, https:\/\/www.uckg.org\/jejumdedaniel\/wp-content\/uploads\/2025\/07\/Why-havent-I-recived-the-Holy-Spirit-800x284.jpg 800w, https:\/\/www.uckg.org\/jejumdedaniel\/wp-content\/uploads\/2025\/07\/Why-havent-I-recived-the-Holy-Spirit.jpg 810w\" sizes=\"(max-width: 800px) 100vw, 600px\" \/><\/span><\/div><div class=\"fusion-sep-clear\"><\/div><div class=\"fusion-separator fusion-clearfix\" style=\"float:left;margin-bottom:30px;width:100%;max-width:170px;\"><div class=\"fusion-separator-border sep-single sep-solid\" style=\"--awb-height:20px;--awb-amount:20px;border-color:#e0dede;border-top-width:3px;\"><\/div><\/div><div class=\"fusion-sep-clear\"><\/div><div class=\"fusion-sep-clear\"><\/div><div class=\"fusion-separator fusion-full-width-sep\" style=\"margin-left: auto;margin-right: auto;margin-bottom:30px;width:100%;\"><\/div><div class=\"fusion-sep-clear\"><\/div><div class=\"fusion-clearfix\"><\/div><\/div><\/div><div class=\"fusion-layout-column fusion_builder_column fusion-builder-column-1 fusion_builder_column_1_2 1_2 fusion-one-half fusion-column-last\" style=\"--awb-bg-blend:overlay;--awb-bg-size:cover;width:50%;width:calc(50% - ( ( 4% ) * 0.5 ) );\"><div class=\"fusion-column-wrapper fusion-flex-column-wrapper-legacy\"><div class=\"fusion-image-element in-legacy-container\" style=\"--awb-caption-title-font-family:var(--h2_typography-font-family);--awb-caption-title-font-weight:var(--h2_typography-font-weight);--awb-caption-title-font-style:var(--h2_typography-font-style);--awb-caption-title-size:var(--h2_typography-font-size);--awb-caption-title-transform:var(--h2_typography-text-transform);--awb-caption-title-line-height:var(--h2_typography-line-height);--awb-caption-title-letter-spacing:var(--h2_typography-letter-spacing);\"><span class=\" fusion-imageframe imageframe-none imageframe-2 hover-type-zoomin\"><a href=\"https:\/\/www.uckg.org\/jejumdedaniel\/wp-content\/uploads\/2025\/06\/Why-Havent-I-received-the-holy-sprit.jpg\" class=\"fusion-lightbox\" data-rel=\"iLightbox[edd894a6dabc64d5867]\" data-title=\"Why Havent I received the holy sprit\" title=\"Why Havent I received the holy sprit\"><img decoding=\"async\" width=\"260\" height=\"300\" src=\"https:\/\/www.uckg.org\/jejumdedaniel\/wp-content\/uploads\/2025\/06\/Why-Havent-I-received-the-holy-sprit.jpg\" alt class=\"img-responsive wp-image-1535\" srcset=\"https:\/\/www.uckg.org\/jejumdedaniel\/wp-content\/uploads\/2025\/06\/Why-Havent-I-received-the-holy-sprit-200x231.jpg 200w, https:\/\/www.uckg.org\/jejumdedaniel\/wp-content\/uploads\/2025\/06\/Why-Havent-I-received-the-holy-sprit.jpg 260w\" sizes=\"(max-width: 800px) 100vw, 260px\" \/><\/a><\/span><\/div><div class=\"fusion-clearfix\"><\/div><\/div><\/div><\/div><\/div><div class=\"fusion-fullwidth fullwidth-box fusion-builder-row-2 fusion-flex-container has-pattern-background has-mask-background nonhundred-percent-fullwidth non-hundred-percent-height-scrolling\" style=\"--awb-border-radius-top-left:0px;--awb-border-radius-top-right:0px;--awb-border-radius-bottom-right:0px;--awb-border-radius-bottom-left:0px;--awb-flex-wrap:wrap;\" ><div class=\"fusion-builder-row fusion-row fusion-flex-align-items-flex-start fusion-flex-content-wrap\" style=\"max-width:1144px;margin-left: calc(-4% \/ 2 );margin-right: calc(-4% \/ 2 );\"><div class=\"fusion-layout-column fusion_builder_column fusion-builder-column-2 fusion_builder_column_1_1 1_1 fusion-flex-column\" style=\"--awb-bg-size:cover;--awb-width-large:100%;--awb-margin-top-large:0px;--awb-spacing-right-large:1.92%;--awb-margin-bottom-large:20px;--awb-spacing-left-large:1.92%;--awb-width-medium:100%;--awb-order-medium:0;--awb-spacing-right-medium:1.92%;--awb-spacing-left-medium:1.92%;--awb-width-small:100%;--awb-order-small:0;--awb-spacing-right-small:1.92%;--awb-spacing-left-small:1.92%;\"><div class=\"fusion-column-wrapper fusion-column-has-shadow fusion-flex-justify-content-flex-start fusion-content-layout-column\"><div class=\"fusion-text fusion-text-1\"><p style=\"text-align: justify;\">Por que ainda n\u00e3o recebi O Esp\u00edrito Santo?<\/p>\n<p style=\"text-align: justify;\">Tenho orado, jejuado, buscado e louvado a Deus\u2026 tenho feito tudo o que me ensinaram. Ent\u00e3o, por que n\u00e3o fui batizado com o Esp\u00edrito Santo?<\/p>\n<p style=\"text-align: justify;\">A resposta a esta pergunta exige que voc\u00ea fa\u00e7a uma autoan\u00e1lise profunda e sincera, que olhe profundamente para dentro de si e para a sua f\u00e9:<\/p>\n<p style=\"text-align: justify;\"><b style=\"color: rgb(7, 116, 125);\">\u2022 Viver no passado<\/b><span style=\"color: rgb(7, 116, 125);\">,<\/span> culpar o que aconteceu no seu passado, usar isso como desculpa para tudo o que acontece no seu presente.<\/p>\n<p style=\"text-align: justify;\"><b style=\"color: rgb(7, 116, 125);\">\u2022 Voc\u00ea n\u00e3o pode perdoar algu\u00e9m<\/b> por algo que ele disse ou fez a voc\u00ea.<\/p>\n<p style=\"text-align: justify;\"><b style=\"color: rgb(7, 116, 125);\">\u2022 Voc\u00ea n\u00e3o prioriza o que \u00e9 mais importante<\/b><span style=\"color: rgb(7, 116, 125);\">,<\/span> ou seja, Deus. Voc\u00ea sempre tem algu\u00e9m ou alguma coisa em primeiro lugar.<\/p>\n<p style=\"text-align: justify;\"><b style=\"color: rgb(7, 116, 125);\">\u2022 Voc\u00ea faz tudo do seu jeito<\/b><span style=\"color: rgb(7, 116, 125);\">, <\/span>n\u00e3o importa quantas vezes voc\u00ea fale que vai obedecer ao que a Palavra de Deus diz. Voc\u00ea sempre acaba fazendo as coisas de acordo com sua vontade.<\/p>\n<p style=\"text-align: justify;\"><b><span style=\"color: rgb(7, 116, 125);\">\u2022 Voc\u00ea vive focado apenas em si mesm<\/span>o<\/b>. Voc\u00ea s\u00f3 vive e luta pelo que vai te satisfazer.<\/p>\n<p style=\"text-align: justify;\"><b style=\"color: rgb(7, 116, 125);\">\u2022 Voc\u00ea n\u00e3o \u00e9 um bom exemplo para os outros<\/b><span style=\"color: rgb(7, 116, 125);\">,<\/span> seja em casa, no trabalho, entre amigos, porque n\u00e3o aplica fora o que aprende na Igreja.<\/p>\n<p style=\"text-align: justify;\">Voc\u00ea consegue se identificar com algum desses? Se voc\u00ea disser \u201csim\u201d, o Jejum de Daniel pode ser exatamente o que voc\u00ea precisa. <\/p>\n<\/div><\/div><\/div><\/div><\/div><\/p>\n","protected":false},"excerpt":{"rendered":"","protected":false},"author":7,"featured_media":0,"parent":0,"menu_order":0,"comment_status":"closed","ping_status":"closed","template":"","meta":{"footnotes":""},"class_list":["post-1393","page","type-page","status-publish","hentry"],"_links":{"self":[{"href":"https:\/\/www.uckg.org\/jejumdedaniel\/wp-json\/wp\/v2\/pages\/1393","targetHints":{"allow":["GET"]}}],"collection":[{"href":"https:\/\/www.uckg.org\/jejumdedaniel\/wp-json\/wp\/v2\/pages"}],"about":[{"href":"https:\/\/www.uckg.org\/jejumdedaniel\/wp-json\/wp\/v2\/types\/page"}],"author":[{"embeddable":true,"href":"https:\/\/www.uckg.org\/jejumdedaniel\/wp-json\/wp\/v2\/users\/7"}],"replies":[{"embeddable":true,"href":"https:\/\/www.uckg.org\/jejumdedaniel\/wp-json\/wp\/v2\/comments?post=1393"}],"version-history":[{"count":3,"href":"https:\/\/www.uckg.org\/jejumdedaniel\/wp-json\/wp\/v2\/pages\/1393\/revisions"}],"predecessor-version":[{"id":1873,"href":"https:\/\/www.uckg.org\/jejumdedaniel\/wp-json\/wp\/v2\/pages\/1393\/revisions\/1873"}],"wp:attachment":[{"href":"https:\/\/www.uckg.org\/jejumdedaniel\/wp-json\/wp\/v2\/media?parent=1393"}],"curies":[{"name":"wp","href":"https:\/\/api.w.org\/{rel}","templated":true}]}}