{"id":1375,"date":"2024-07-11T10:05:08","date_gmt":"2024-07-11T10:05:08","guid":{"rendered":"https:\/\/www.uckg.org\/jejumdedaniel\/?page_id=1375"},"modified":"2025-07-04T14:37:38","modified_gmt":"2025-07-04T14:37:38","slug":"3-passos-necessarios-para-receber-o-espirito-santo-4","status":"publish","type":"page","link":"https:\/\/www.uckg.org\/jejumdedaniel\/3-passos-necessarios-para-receber-o-espirito-santo-4\/","title":{"rendered":"3 passos necess\u00e1rios para receber o Esp\u00edrito Santo"},"content":{"rendered":"<div class=\"fusion-fullwidth fullwidth-box fusion-builder-row-1 nonhundred-percent-fullwidth non-hundred-percent-height-scrolling\" style=\"--awb-border-radius-top-left:0px;--awb-border-radius-top-right:0px;--awb-border-radius-bottom-right:0px;--awb-border-radius-bottom-left:0px;--awb-flex-wrap:wrap;\" ><div class=\"fusion-builder-row fusion-row\"><div class=\"fusion-layout-column fusion_builder_column fusion-builder-column-0 fusion_builder_column_1_2 1_2 fusion-one-half fusion-column-first\" style=\"--awb-bg-blend:overlay;--awb-bg-size:cover;width:50%;width:calc(50% - ( ( 4% ) * 0.5 ) );margin-right: 4%;\"><div class=\"fusion-column-wrapper fusion-flex-column-wrapper-legacy\"><div class=\"fusion-image-element in-legacy-container\" style=\"--awb-caption-title-font-family:var(--h2_typography-font-family);--awb-caption-title-font-weight:var(--h2_typography-font-weight);--awb-caption-title-font-style:var(--h2_typography-font-style);--awb-caption-title-size:var(--h2_typography-font-size);--awb-caption-title-transform:var(--h2_typography-text-transform);--awb-caption-title-line-height:var(--h2_typography-line-height);--awb-caption-title-letter-spacing:var(--h2_typography-letter-spacing);\"><span class=\" fusion-imageframe imageframe-none imageframe-1 hover-type-none\"><img decoding=\"async\" width=\"810\" height=\"288\" title=\"3 Necessary steps to receive the Holy Spirit\" src=\"https:\/\/www.uckg.org\/jejumdedaniel\/wp-content\/uploads\/2025\/07\/3-Necessary-steps-to-receive-the-Holy-Spirit.jpg\" alt class=\"img-responsive wp-image-1874\" srcset=\"https:\/\/www.uckg.org\/jejumdedaniel\/wp-content\/uploads\/2025\/07\/3-Necessary-steps-to-receive-the-Holy-Spirit-200x71.jpg 200w, https:\/\/www.uckg.org\/jejumdedaniel\/wp-content\/uploads\/2025\/07\/3-Necessary-steps-to-receive-the-Holy-Spirit-400x142.jpg 400w, https:\/\/www.uckg.org\/jejumdedaniel\/wp-content\/uploads\/2025\/07\/3-Necessary-steps-to-receive-the-Holy-Spirit-600x213.jpg 600w, https:\/\/www.uckg.org\/jejumdedaniel\/wp-content\/uploads\/2025\/07\/3-Necessary-steps-to-receive-the-Holy-Spirit-800x284.jpg 800w, https:\/\/www.uckg.org\/jejumdedaniel\/wp-content\/uploads\/2025\/07\/3-Necessary-steps-to-receive-the-Holy-Spirit.jpg 810w\" sizes=\"(max-width: 800px) 100vw, 600px\" \/><\/span><\/div><div class=\"fusion-sep-clear\"><\/div><div class=\"fusion-separator fusion-clearfix\" style=\"float:left;margin-bottom:30px;width:100%;max-width:170px;\"><div class=\"fusion-separator-border sep-single sep-solid\" style=\"--awb-height:20px;--awb-amount:20px;border-color:#e0dede;border-top-width:3px;\"><\/div><\/div><div class=\"fusion-sep-clear\"><\/div><div class=\"fusion-sep-clear\"><\/div><div class=\"fusion-separator fusion-full-width-sep\" style=\"margin-left: auto;margin-right: auto;margin-bottom:30px;width:100%;\"><\/div><div class=\"fusion-sep-clear\"><\/div><div class=\"fusion-text fusion-text-1\"><p style=\"text-align: justify;\">Para entender os tr\u00eas passos necess\u00e1rios para receber o Esp\u00edrito Santo, vamos meditar no que Pedro disse aos primeiros convertidos ap\u00f3s a vinda do Esp\u00edrito Santo no Dia de Pentecostes<strong>: \u201cE, ouvindo eles isto, compungiram-se em seu cora\u00e7\u00e3o, e perguntaram a Pedro e aos demais ap\u00f3stolos: Que faremos, homens irm\u00e3os? E disse-lhes Pedro: Arrependei-vos, e cada um de v\u00f3s seja batizado em nome de Jesus Cristo, para perd\u00e3o dos pecados; e recebereis o dom do Esp\u00edrito Santo.\u201d<\/strong> (Atos 2:37-38).<\/p>\n<p style=\"text-align: justify;\">Vale destacar a import\u00e2ncia da pergunta \u201cque faremos?\u201d quando uma pessoa aceita a mensagem de Jesus. Esta pergunta mostra a intensidade daquela entrega e abre as portas para o pr\u00f3ximo est\u00e1gio, que \u00e9 o arrependimento.<\/p>\n<p style=\"text-align: justify;\"><span style=\"color: #1d305e;\"><strong style=\"color: var(--awb-custom_color_1);\">1. <\/strong><\/span><strong style=\"color: var(--awb-custom_color_1);\">O arrependimento \u00e9 um sentimento profundo de tristeza em rela\u00e7\u00e3o \u00e0s coisas ruins que foram feitas. Envolve o seguinte processo:<\/strong><\/p>\n<p style=\"text-align: justify;\">a) O pecador precisa reconhecer o seu pecado. Esse \u00e9 o primeiro \u2013 e mais importante \u2013 passo para um arrependimento sincero. Ningu\u00e9m pode se arrepender de algo que n\u00e3o reconhece.<\/p>\n<p style=\"text-align: justify;\">b) O pecador precisa odiar o pecado. Se uma pessoa n\u00e3o odeia o pecado ir\u00e1, sem d\u00favida, pecar novamente, e com o tempo se acostumar\u00e1 com aquilo.<\/p>\n<p style=\"text-align: justify;\">c) O pecador precisa abandonar o pecado. Se uma pessoa n\u00e3o virar as costas imediatamente para o pecado, nunca ser\u00e1 capaz de larg\u00e1-lo. Por exemplo, quando uma pessoa aceita convites para passar tempo com pessoas que n\u00e3o compartilham da mesma f\u00e9, acabar\u00e1 cedendo \u00e0s tentativas de persuadi-la a fazer o que \u00e9 errado.<\/p>\n<p style=\"text-align: justify;\">d) O pecador precisa esquecer completamente do seu passado, tratando-o como se nunca tivesse existido.<\/p>\n<p style=\"text-align: justify;\"><span style=\"color: #1d305e;\"><strong style=\"color: var(--awb-custom_color_1);\">2. <\/strong><\/span><strong style=\"color: var(--awb-custom_color_1);\">O passo seguinte ao arrependimento \u00e9 o batismo nas \u00e1guas, que \u00e9 um ponto de virada para aqueles que realmente querem come\u00e7ar uma vida nova com o Senhor Jesus.<\/strong><\/p>\n<p style=\"text-align: justify;\">Ap\u00f3s Sua ressurrei\u00e7\u00e3o, o Senhor Jesus ensinou aos disc\u00edpulos sobre a import\u00e2ncia desta pr\u00e1tica dando-lhes uma ordem clara: <b><i>\u201cE disse-lhes: Ide por todo o mundo, pregai o evangelho a toda criatura. Quem crer e for batizado ser\u00e1 salvo; mas quem n\u00e3o crer ser\u00e1 condenado.\u201d<\/i><\/b> (Marcos 16:15-16)<\/p>\n<p style=\"text-align: justify;\">O significado do batismo nas \u00e1guas: do mesmo modo que uma cerim\u00f4nia de sepultamento marca a quebra do \u00faltimo la\u00e7o entre o homem e sua vida, o batismo nas \u00e1guas \u00e9 uma declara\u00e7\u00e3o p\u00fablica de que aquele que cr\u00ea est\u00e1 cortando todos os la\u00e7os com sua vida natural. Nosso eu interior \u00e9 morto e o pecado deixa de ter dom\u00ednio sobre n\u00f3s.<\/p>\n<p style=\"text-align: justify;\"><span style=\"color: #1d305e;\"><strong style=\"color: rgb(7, 116, 125);\">3.<\/strong><span style=\"color: rgb(7, 116, 125);\"> <\/span><\/span><span style=\"color: var(--awb-custom_color_1); font-family: var(--awb-text-font-family); font-size: var(--awb-font-size); font-style: var(--awb-text-font-style); letter-spacing: var(--awb-letter-spacing); text-align: var(--awb-content-alignment); text-transform: var(--awb-text-transform); background-color: var(--awb-bg-color-hover);\"><b>O \u00faltimo est\u00e1gio \u00e9 o Batismo com o Esp\u00edrito Santo, que \u00e9 um termo usado para descrever a plenitude de Deus habitando em uma pessoa. Por\u00e9m, para que isso aconte\u00e7a h\u00e1 certos passos que precisam ser seguidos.<\/b><\/span><\/p>\n<p style=\"text-align: justify;\">\u2022 Ningu\u00e9m despeja \u00e1gua limpa em um copo sujo. Do mesmo modo, uma pessoa n\u00e3o pode receber o Esp\u00edrito Santo se houver outros esp\u00edritos habitando em seu corpo, como o esp\u00edrito da inveja, disc\u00f3rdia, raiva, gan\u00e2ncia, fofoca, etc.<\/p>\n<p style=\"text-align: justify;\">\u2022 Ningu\u00e9m recebe o Esp\u00edrito Santo enquanto guardar m\u00e1goas contra outra pessoa. O maior perd\u00e3o de Deus pode ser usufru\u00eddo apenas ap\u00f3s a pessoa perdoar sinceramente aqueles que a magoaram. Somente ent\u00e3o \u00e9 que o Esp\u00edrito Santo encontrar\u00e1 morada em seu cora\u00e7\u00e3o.<\/p>\n<div class=\"fusion-one-half fusion-layout-column fusion-column-last fusion-spacing-yes\" style=\"text-align: justify;\"><\/div>\n<\/div><div class=\"fusion-clearfix\"><\/div><\/div><\/div><div class=\"fusion-layout-column fusion_builder_column fusion-builder-column-1 fusion_builder_column_1_2 1_2 fusion-one-half fusion-column-last\" style=\"--awb-bg-blend:overlay;--awb-bg-size:cover;width:50%;width:calc(50% - ( ( 4% ) * 0.5 ) );\"><div class=\"fusion-column-wrapper fusion-flex-column-wrapper-legacy\"><div class=\"fusion-image-element in-legacy-container\" style=\"--awb-caption-title-font-family:var(--h2_typography-font-family);--awb-caption-title-font-weight:var(--h2_typography-font-weight);--awb-caption-title-font-style:var(--h2_typography-font-style);--awb-caption-title-size:var(--h2_typography-font-size);--awb-caption-title-transform:var(--h2_typography-text-transform);--awb-caption-title-line-height:var(--h2_typography-line-height);--awb-caption-title-letter-spacing:var(--h2_typography-letter-spacing);\"><span class=\" fusion-imageframe imageframe-none imageframe-2 hover-type-zoomin\"><a href=\"https:\/\/www.uckg.org\/jejumdedaniel\/wp-content\/uploads\/2025\/06\/3-steps.jpg\" class=\"fusion-lightbox\" data-rel=\"iLightbox[a5b5307a105eb290dcb]\" data-title=\"3 steps\" title=\"3 steps\"><img decoding=\"async\" width=\"550\" height=\"600\" src=\"https:\/\/www.uckg.org\/jejumdedaniel\/wp-content\/uploads\/2025\/06\/3-steps.jpg\" alt class=\"img-responsive wp-image-1538\" srcset=\"https:\/\/www.uckg.org\/jejumdedaniel\/wp-content\/uploads\/2025\/06\/3-steps-200x218.jpg 200w, https:\/\/www.uckg.org\/jejumdedaniel\/wp-content\/uploads\/2025\/06\/3-steps-400x436.jpg 400w, https:\/\/www.uckg.org\/jejumdedaniel\/wp-content\/uploads\/2025\/06\/3-steps.jpg 550w\" sizes=\"(max-width: 800px) 100vw, 550px\" \/><\/a><\/span><\/div><div class=\"fusion-sep-clear\"><\/div><div class=\"fusion-separator fusion-full-width-sep\" style=\"margin-left: auto;margin-right: auto;margin-bottom:30px;width:100%;\"><\/div><div class=\"fusion-sep-clear\"><\/div><div class=\"fusion-text fusion-text-2\"><ul>\n<li style=\"text-align: justify;\">Nenhum mentiroso pode receber o Esp\u00edrito da Verdade. Nosso sim deve ser \u201csim\u201d e nosso n\u00e3o deve ser \u201cn\u00e3o.\u201d Temos que falar a verdade, pois \u00e9 nossa sinceridade que nos mant\u00e9m limpos.<\/li>\n<\/ul>\n<ul style=\"text-align: justify;\">\n<li>Ningu\u00e9m pode receber o Esp\u00edrito Santo enquanto ainda estiver preso(a) \u00e0s coisas mundanas.<\/li>\n<\/ul>\n<ul style=\"text-align: justify;\">\n<li>Quando voc\u00ea busca o batismo com o Esp\u00edrito Santo, n\u00e3o pode permitir que nada lhe acuse diante de Deus. Se algo te acusa, voc\u00ea deve imediatamente confessar aquilo ao Senhor Jesus e pedir Seu perd\u00e3o.<\/li>\n<\/ul>\n<ul style=\"text-align: justify;\">\n<li>Voc\u00ea n\u00e3o deve pensar sobre sua fam\u00edlia, suas contas, voc\u00ea mesmo(a) ou qualquer outra coisa enquanto estiver buscando o Esp\u00edrito Santo. Ao inv\u00e9s de fazer uma ora\u00e7\u00e3o silenciosa apenas em sua mente, deve adorar o Senhor Jesus com a sua boca, dizendo que O ama, que Ele \u00e9 o que h\u00e1 de mais importante na sua vida e que voc\u00ea est\u00e1 pronto(a) para fazer a Sua santa vontade. N\u00e3o interrompa a sua adora\u00e7\u00e3o para pedir outras coisas, como cura ou liberta\u00e7\u00e3o. Se force a continuar louvando-O e lembre-se: fa\u00e7a isso de modo aud\u00edvel.<\/li>\n<\/ul>\n<ul style=\"text-align: justify;\">\n<li>Se voc\u00ea sente que algo est\u00e1 tentando lhe distrair, saiba que est\u00e1 prestes a receber o batismo com o Esp\u00edrito Santo. Obviamente, o diabo ir\u00e1 tentar fazer tudo o que puder para desviar a sua aten\u00e7\u00e3o e faz\u00ea-lo perder esta grande b\u00ean\u00e7\u00e3o, mas continue louvando-O de todo o cora\u00e7\u00e3o, sabendo que Jesus recebe a sua adora\u00e7\u00e3o como um doce perfume. Na verdade, Deus se alimenta do nosso louvor.<\/li>\n<\/ul>\n<ul style=\"text-align: justify;\">\n<li>Se voc\u00ea de repente sentir uma alegria que vai aumentando gradualmente at\u00e9 o seu corpo todo ser dominado por um sentimento incompreens\u00edvel de gozo, neste momento voc\u00ea ser\u00e1 batizado(a) e selado(a) com o Esp\u00edrito Santo! Voc\u00ea come\u00e7ar\u00e1 a falar em uma l\u00edngua completamente diferente e, apesar de n\u00e3o poder entend\u00ea-la, n\u00e3o vai querer parar.<\/li>\n<\/ul>\n<p style=\"text-align: justify;\"><span style=\"color: var(--awb-text-color); font-family: var(--awb-text-font-family); font-size: var(--awb-font-size); font-style: var(--awb-text-font-style); font-weight: var(--awb-text-font-weight); letter-spacing: var(--awb-letter-spacing); text-transform: var(--awb-text-transform); background-color: var(--awb-bg-color-hover);\">N\u00e3o tenha medo. O pr\u00f3prio Senhor Jesus disse que se um filho pede ao seu pai p\u00e3o, n\u00e3o receber\u00e1 uma pedra (Lucas 11.9-13). Da mesma maneira, se n\u00f3s, que somos filhos de Deus, Lhe pedirmos o Esp\u00edrito Santo, Ele n\u00e3o permitir\u00e1 que um esp\u00edrito diferente entre em n\u00f3s.<\/span><\/p>\n<p style=\"text-align: justify;\"><span style=\"color: var(--awb-text-color); font-family: var(--awb-text-font-family); font-size: var(--awb-font-size); font-style: var(--awb-text-font-style); font-weight: var(--awb-text-font-weight); letter-spacing: var(--awb-letter-spacing); text-transform: var(--awb-text-transform); background-color: var(--awb-bg-color-hover);\">Quando uma pessoa \u00e9 batizada com o Esp\u00edrito Santo, imediatamente recebe uma for\u00e7a de Deus que lhe tornar\u00e1 apta a lutar e vencer qualquer batalha. O Esp\u00edrito Santo nos ajuda a fechar qualquer brecha que o diabo possa ter usado para entrar e nos atacar. Como resultado, nos tornamos totalmente capazes de realizar a Sua vontade.<\/span><\/p>\n<\/div><div class=\"fusion-clearfix\"><\/div><\/div><\/div><\/div><\/div>\n","protected":false},"excerpt":{"rendered":"","protected":false},"author":7,"featured_media":0,"parent":0,"menu_order":0,"comment_status":"closed","ping_status":"closed","template":"","meta":{"footnotes":""},"class_list":["post-1375","page","type-page","status-publish","hentry"],"_links":{"self":[{"href":"https:\/\/www.uckg.org\/jejumdedaniel\/wp-json\/wp\/v2\/pages\/1375","targetHints":{"allow":["GET"]}}],"collection":[{"href":"https:\/\/www.uckg.org\/jejumdedaniel\/wp-json\/wp\/v2\/pages"}],"about":[{"href":"https:\/\/www.uckg.org\/jejumdedaniel\/wp-json\/wp\/v2\/types\/page"}],"author":[{"embeddable":true,"href":"https:\/\/www.uckg.org\/jejumdedaniel\/wp-json\/wp\/v2\/users\/7"}],"replies":[{"embeddable":true,"href":"https:\/\/www.uckg.org\/jejumdedaniel\/wp-json\/wp\/v2\/comments?post=1375"}],"version-history":[{"count":4,"href":"https:\/\/www.uckg.org\/jejumdedaniel\/wp-json\/wp\/v2\/pages\/1375\/revisions"}],"predecessor-version":[{"id":1875,"href":"https:\/\/www.uckg.org\/jejumdedaniel\/wp-json\/wp\/v2\/pages\/1375\/revisions\/1875"}],"wp:attachment":[{"href":"https:\/\/www.uckg.org\/jejumdedaniel\/wp-json\/wp\/v2\/media?parent=1375"}],"curies":[{"name":"wp","href":"https:\/\/api.w.org\/{rel}","templated":true}]}}