{"id":71675,"date":"2022-05-14T12:47:30","date_gmt":"2022-05-14T10:47:30","guid":{"rendered":"https:\/\/www.uckg.org\/es\/?page_id=71675"},"modified":"2022-05-14T13:51:46","modified_gmt":"2022-05-14T11:51:46","slug":"asistencia-humanitaria-para-ucrania","status":"publish","type":"page","link":"https:\/\/www.uckg.org\/es\/asistencia-humanitaria-para-ucrania\/","title":{"rendered":"Asitencia Humanitaria para Ucrania"},"content":{"rendered":"<p>[vc_row][vc_column][vc_single_image image=&#8221;71692&#8243; img_size=&#8221;970\u00d7358&#8243; alignment=&#8221;center&#8221;][\/vc_column][\/vc_row][vc_row][vc_column][vc_empty_space][vc_empty_space][\/vc_column][\/vc_row][vc_row][vc_column width=&#8221;2\/3&#8243;][vc_empty_space][vc_column_text]<\/p>\n<p style=\"text-align: left;\">Mientras el mundo parece estar saliendo de una pandemia, la vida en Ucrania no volvi\u00f3 a la normalidad, ya que muchos han sufrido p\u00e9rdidas indescriptibles debido a la guerra.<\/p>\n<p style=\"text-align: left;\">Como no podemos controlar esta situaci\u00f3n y estas circunstancias pueden hacer que uno se sienta impotente o impotente, hay algo que todos podemos hacer.<\/p>\n<p>[\/vc_column_text][vc_empty_space height=&#8221;15px&#8221;][vc_single_image image=&#8221;71683&#8243; onclick=&#8221;custom_link&#8221; link=&#8221;https:\/\/www.justgiving.com\/fundraising\/uckg-outreach&#8221;][vc_empty_space height=&#8221;15px&#8221;][vc_separator color=&#8221;custom&#8221; align=&#8221;align_right&#8221; el_width=&#8221;70&#8243; accent_color=&#8221;#fed502&#8243;][\/vc_column][vc_column width=&#8221;1\/3&#8243;][vc_single_image image=&#8221;71682&#8243; img_size=&#8221;460&#215;400&#8243; alignment=&#8221;center&#8221;][\/vc_column][\/vc_row][vc_row][vc_column][vc_empty_space height=&#8221;15px&#8221;][vc_column_text]<\/p>\n<p style=\"text-align: center;\">En esos momentos, un peque\u00f1o gesto puede tener un gran impacto y buscamos hacer todo lo posible para ayudar a los necesitados. Hace poco menos de dos meses, enviamos 2,5 toneladas de asistencia humanitaria a Ucrania y <span style=\"color: #00ccff;\"><strong><a style=\"color: #00ccff;\" href=\"https:\/\/www.uckg.org\/es\/actualizacion-del-llamamiento-de-asistencia-humanitaria-para-ucrania\/\">se entreg\u00f3 con \u00e9xito<\/a><\/strong><\/span>. Por favor, vea el video de los momentos m\u00e1s destacados a continuaci\u00f3n:<\/p>\n<p>[\/vc_column_text][vc_empty_space height=&#8221;15px&#8221;][\/vc_column][\/vc_row][vc_row][vc_column][vc_video link=&#8221;https:\/\/youtu.be\/oWjewaKb15s&#8221;][vc_empty_space][vc_separator color=&#8221;custom&#8221; align=&#8221;align_right&#8221; el_width=&#8221;70&#8243; accent_color=&#8221;#fed502&#8243;][vc_empty_space][\/vc_column][\/vc_row][vc_row][vc_column width=&#8221;1\/2&#8243;][vc_column_text]<\/p>\n<p style=\"text-align: justify;\">Pero como la devastadora situaci\u00f3n en Ucrania contin\u00faa, tambi\u00e9n lo hace la necesidad de ayuda. Por esta raz\u00f3n, tendremos otro llamado Humanitario para recolectar productos que ayuden a las personas de Ucrania que en este momento no tienen la posibilidad de salir con seguridad y atender sus necesidades b\u00e1sicas.<\/p>\n<p style=\"text-align: justify;\">Esta vez nuestro objetivo es hacer un esfuerzo adicional y recoger y enviar 25 toneladas de productos a Ucrania, actuando de acuerdo con las palabras del Se\u00f1or Jes\u00fas:<\/p>\n<p>[\/vc_column_text][vc_column_text]<\/p>\n<p style=\"text-align: justify;\"><strong>\u201cPorque tuve hambre, y me disteis de comer; tuve sed, y me disteis de beber; fui forastero, y me recibisteis\u201d<\/strong>\u00a0(Mateo 25:35)<\/p>\n<p>[\/vc_column_text][vc_empty_space height=&#8221;15px&#8221;][vc_single_image image=&#8221;71683&#8243; onclick=&#8221;custom_link&#8221; link=&#8221;https:\/\/www.justgiving.com\/fundraising\/uckg-outreach&#8221;][\/vc_column][vc_column width=&#8221;1\/2&#8243;][vc_gallery type=&#8221;flexslider_slide&#8221; interval=&#8221;10&#8243; images=&#8221;71681,71680,71679,71678,71687,71688&#8243; img_size=&#8221;medium&#8221; css=&#8221;.vc_custom_1652527929567{margin-left: 60px !important;border-left-width: 4px !important;border-radius: 4px !important;}&#8221;][\/vc_column][\/vc_row][vc_row][vc_column width=&#8221;2\/3&#8243;][vc_single_image image=&#8221;71685&#8243; img_size=&#8221;899&#215;487&#8243;][\/vc_column][vc_column width=&#8221;1\/3&#8243;][vc_empty_space][\/vc_column][\/vc_row][vc_row][vc_column][vc_empty_space height=&#8221;20px&#8221;][vc_separator color=&#8221;custom&#8221; align=&#8221;align_right&#8221; el_width=&#8221;80&#8243; accent_color=&#8221;#fed502&#8243;][vc_empty_space][vc_column_text]Cualquier persona que desee ayudar a los necesitados est\u00e1 invitada a contribuir con esta causa. A continuaci\u00f3n puede encontrar una lista de los art\u00edculos solicitados y le invitamos a traer cualquiera de estos art\u00edculos a<span style=\"color: #00ccff;\"><strong> <a style=\"color: #00ccff;\" href=\"https:\/\/www.uckg.org\/es\/direcciones\/\">su Iglesia Universal m\u00e1s cercana.<\/a><\/strong><\/span>[\/vc_column_text][vc_empty_space][vc_single_image image=&#8221;71676&#8243; img_size=&#8221;899&#215;487&#8243; alignment=&#8221;center&#8221;][vc_empty_space][\/vc_column][\/vc_row][vc_row][vc_column][vc_column_text]<\/p>\n<p style=\"text-align: justify;\">Los productos donados se pueden llevar a su Iglesia Universal m\u00e1s cercana hasta el 20 de mayo.<\/p>\n<p style=\"text-align: justify;\">Despu\u00e9s de esta fecha, todos los productos ser\u00e1n cuidadosamente embalados y preparados para su salida a Ucrania el 24 de mayo.<\/p>\n<p style=\"text-align: justify;\">Todas las donaciones llegar\u00e1n al establecimiento que tenemos en el centro de Kiev, para que puedan distribuirse a quienes m\u00e1s las necesitan.<\/p>\n<p style=\"text-align: justify;\">Est\u00e9n atentos a esta p\u00e1gina para obtener actualizaciones sobre este gran proyecto.<\/p>\n<p style=\"text-align: justify;\">Si tiene alguna pregunta o si se ha visto afectado por esta desafortunada y tr\u00e1gica situaci\u00f3n, ll\u00e1menos a nuestra l\u00ednea de ayuda las 24 horas al 020 7686 6048.<\/p>\n<p>[\/vc_column_text][\/vc_column][\/vc_row]<\/p>\n","protected":false},"excerpt":{"rendered":"<p>[vc_row][vc_column][vc_single_image image=&#8221;71692&#8243; img_size=&#8221;970\u00d7358&#8243; alignment=&#8221;center&#8221;][\/vc_column][\/vc_row][vc_row][vc_column][vc_empty_space][vc_empty_space][\/vc_column][\/vc_row][vc_row][vc_column width=&#8221;2\/3&#8243;][vc_empty_space][vc_column_text] Mientras el mundo parece estar saliendo de una pandemia, la vida en Ucrania no volvi\u00f3 a la normalidad, ya que muchos han sufrido p\u00e9rdidas indescriptibles debido a la guerra. Como no podemos controlar esta situaci\u00f3n y estas circunstancias pueden hacer que uno se sienta impotente o impotente, hay algo que [&hellip;]<\/p>\n","protected":false},"author":15,"featured_media":0,"parent":0,"menu_order":0,"comment_status":"closed","ping_status":"closed","template":"","meta":{"give_campaign_id":0,"_monsterinsights_skip_tracking":false,"_monsterinsights_sitenote_active":false,"_monsterinsights_sitenote_note":"","_monsterinsights_sitenote_category":0,"footnotes":""},"class_list":["post-71675","page","type-page","status-publish","hentry"],"campaignId":"","_links":{"self":[{"href":"https:\/\/www.uckg.org\/es\/wp-json\/wp\/v2\/pages\/71675","targetHints":{"allow":["GET"]}}],"collection":[{"href":"https:\/\/www.uckg.org\/es\/wp-json\/wp\/v2\/pages"}],"about":[{"href":"https:\/\/www.uckg.org\/es\/wp-json\/wp\/v2\/types\/page"}],"author":[{"embeddable":true,"href":"https:\/\/www.uckg.org\/es\/wp-json\/wp\/v2\/users\/15"}],"replies":[{"embeddable":true,"href":"https:\/\/www.uckg.org\/es\/wp-json\/wp\/v2\/comments?post=71675"}],"version-history":[{"count":5,"href":"https:\/\/www.uckg.org\/es\/wp-json\/wp\/v2\/pages\/71675\/revisions"}],"predecessor-version":[{"id":71725,"href":"https:\/\/www.uckg.org\/es\/wp-json\/wp\/v2\/pages\/71675\/revisions\/71725"}],"wp:attachment":[{"href":"https:\/\/www.uckg.org\/es\/wp-json\/wp\/v2\/media?parent=71675"}],"curies":[{"name":"wp","href":"https:\/\/api.w.org\/{rel}","templated":true}]}}