{"id":70993,"date":"2022-03-05T02:52:29","date_gmt":"2022-03-05T01:52:29","guid":{"rendered":"https:\/\/www.uckg.org\/es\/?page_id=70993"},"modified":"2022-03-17T01:01:54","modified_gmt":"2022-03-17T00:01:54","slug":"consumado-es","status":"publish","type":"page","link":"https:\/\/www.uckg.org\/es\/consumado-es\/","title":{"rendered":"It is finished"},"content":{"rendered":"<p>[vc_row][vc_column][vc_empty_space height=&#8221;20px&#8221;][vc_empty_space height=&#8221;20px&#8221;][vc_single_image image=&#8221;71070&#8243; img_size=&#8221;full&#8221; alignment=&#8221;center&#8221;][vc_empty_space height=&#8221;20px&#8221;][\/vc_column][\/vc_row][vc_row gap=&#8221;30&#8243; css=&#8221;.vc_custom_1646471683768{padding-right: 30px !important;padding-left: 30px !important;border-radius: 30px !important;}&#8221; is_vertical_align=&#8221;true&#8221; no_padding_margin=&#8221;true&#8221;][vc_column css=&#8221;.vc_custom_1646471343166{border-radius: 2px !important;}&#8221;][vc_single_image image=&#8221;71083&#8243; img_size=&#8221;full&#8221; alignment=&#8221;center&#8221; css=&#8221;.vc_custom_1646476051123{padding-right: 30px !important;padding-left: 30px !important;border-radius: 30px !important;}&#8221;][vc_empty_space][vc_column_text]<\/p>\n<p style=\"text-align: justify;\"><strong><span style=\"color: #9b1921;\">Hoy en d\u00eda, muchas personas buscan la libertad, la igualdad y la justicia, pero terminan enfrent\u00e1ndose a un desaf\u00edo interminable.<\/span><\/strong><\/p>\n<p style=\"text-align: justify;\">Pasan horas luchando por sus derechos, pero siempre regresan al punto de partida. Al final, simplemente se cansan y terminan creando a\u00fan m\u00e1s divisi\u00f3n con quienes los rodean.<\/p>\n<p style=\"text-align: justify;\">Adem\u00e1s de los problemas globales a los que nos hemos venido enfrentando, tambi\u00e9n tenemos nuestros propios problemas, que no dan tregua. \u00bfC\u00f3mo tener paz y alegr\u00eda en tiempos dif\u00edciles, donde muchos se sienten desesperanzados y abrumados por situaciones que no pueden controlar?\u00bfPor qu\u00e9 muchos, aunque f\u00edsicamente libres, todav\u00eda se sienten encarcelados?<\/p>\n<p style=\"text-align: justify;\">\u00bfHay alguna esperanza en medio de tanta oscuridad?<\/p>\n<p style=\"text-align: justify;\"><strong>\u00a1La respuesta es s\u00ed!<\/strong><\/p>\n<p style=\"text-align: justify;\">Fue en un d\u00eda oscuro que el Salvador de toda la humanidad tuvo que recorrer el camino del Monte Calvario y enfrentarse a la muerte de una de las formas m\u00e1s vergonzosas, reservada a los criminales: la crucifixi\u00f3n.<\/p>\n<p style=\"text-align: justify;\"><span style=\"color: #9b1921;\"><strong><i>\u201cMas \u00c9l fue herido\u00a0por nuestras transgresiones, molido por nuestras iniquidades. El castigo, por nuestra paz, cay\u00f3\u00a0sobre \u00c9l, y por sus heridas hemos sido sanados.\u201d <\/i><\/strong>(Isa\u00edas 53:5).<\/span><\/p>\n<p>[\/vc_column_text][\/vc_column][\/vc_row][vc_row css=&#8221;.vc_custom_1646471773244{padding-right: 30px !important;padding-left: 30px !important;border-radius: 30px !important;}&#8221; is_vertical_align=&#8221;true&#8221; no_padding_margin=&#8221;true&#8221;][vc_column css=&#8221;.vc_custom_1646471729254{padding-right: 30px !important;padding-left: 30px !important;border-radius: 30px !important;}&#8221;][vc_empty_space][vc_video link=&#8221;https:\/\/www.youtube.com\/watch?v=ZQCrXS7yucY&#8221; align=&#8221;center&#8221;][vc_empty_space][vc_video link=&#8221;https:\/\/www.youtube.com\/watch?v=PLBOSK5AVr4&amp;t=8s&#8221; align=&#8221;center&#8221;][vc_empty_space][vc_separator color=&#8221;custom&#8221; border_width=&#8221;2&#8243; el_width=&#8221;90&#8243;][\/vc_column][\/vc_row][vc_row gap=&#8221;30&#8243; css=&#8221;.vc_custom_1646472256957{border-radius: 30px !important;}&#8221; is_vertical_align=&#8221;true&#8221; no_padding_margin=&#8221;true&#8221;][vc_column css=&#8221;.vc_custom_1646472220036{padding-right: 30px !important;padding-left: 30px !important;border-radius: 30px !important;}&#8221;][vc_empty_space][vc_single_image image=&#8221;71074&#8243; img_size=&#8221;full&#8221; alignment=&#8221;center&#8221; css=&#8221;.vc_custom_1646475524721{padding-top: 30px !important;padding-right: 30px !important;padding-bottom: 30px !important;padding-left: 30px !important;border-radius: 30px !important;}&#8221;][vc_single_image image=&#8221;71065&#8243; img_size=&#8221;full&#8221; alignment=&#8221;center&#8221; css=&#8221;.vc_custom_1646475559563{padding-top: 30px !important;padding-right: 30px !important;padding-bottom: 30px !important;padding-left: 30px !important;border-radius: 30px !important;}&#8221;][vc_column_text]<\/p>\n<p style=\"text-align: justify;\">Aunque este sacrificio se hizo en nombre de todos, es v\u00e1lido solo para aquellos que lo aceptan.<\/p>\n<p style=\"text-align: justify;\">En ese d\u00eda, Jes\u00fas enfrent\u00f3 dolor, verg\u00fcenza, falsas acusaciones, p\u00e9rdidas, condenaci\u00f3n, burlas, agresi\u00f3n, abandono y sufrimiento, todo para que no tengamos que sufrir con todas estas cosas hoy. Entonces, independientemente de su origen, ya sea que haya crecido en la fe o no, ya sea que tenga alg\u00fan conocimiento acerca de Jes\u00fas o no, \u00a1este d\u00eda es para usted!<\/p>\n<p style=\"text-align: justify;\">\u00a1\u00danase a nosotros el Viernes Santo, 15 de abril, a las 3pm, para tomar la decisi\u00f3n de poner fin a sus problemas, ya que nuestro Salvador ya los resolvi\u00f3!<\/p>\n<p style=\"text-align: justify;\">En el d\u00eda, tambi\u00e9n aprender\u00e1 a usar la fe de manera inteligente, para combatir los problemas que puedan estar oprimi\u00e9ndole a usted y a su familia y a vencerlos, como testimonio de victoria. El Se\u00f1or Jes\u00fas le dio a la humanidad una nueva esperanza: la salvaci\u00f3n. \u00a1No debemos vivir espiritualmente oprimidos, porque \u00c9l pag\u00f3 un alto precio por nuestra libertad!<\/p>\n<p>[\/vc_column_text][vc_empty_space][\/vc_column][\/vc_row][vc_row][vc_column css=&#8221;.vc_custom_1646472362923{border-radius: 30px !important;}&#8221;][vc_single_image image=&#8221;71087&#8243; img_size=&#8221;full&#8221; alignment=&#8221;center&#8221;][\/vc_column][\/vc_row]<\/p>\n","protected":false},"excerpt":{"rendered":"<p>[vc_row][vc_column][vc_empty_space height=&#8221;20px&#8221;][vc_empty_space height=&#8221;20px&#8221;][vc_single_image image=&#8221;71070&#8243; img_size=&#8221;full&#8221; alignment=&#8221;center&#8221;][vc_empty_space height=&#8221;20px&#8221;][\/vc_column][\/vc_row][vc_row gap=&#8221;30&#8243; css=&#8221;.vc_custom_1646471683768{padding-right: 30px !important;padding-left: 30px !important;border-radius: 30px !important;}&#8221; is_vertical_align=&#8221;true&#8221; no_padding_margin=&#8221;true&#8221;][vc_column css=&#8221;.vc_custom_1646471343166{border-radius: 2px !important;}&#8221;][vc_single_image image=&#8221;71083&#8243; img_size=&#8221;full&#8221; alignment=&#8221;center&#8221; css=&#8221;.vc_custom_1646476051123{padding-right: 30px !important;padding-left: 30px !important;border-radius: 30px !important;}&#8221;][vc_empty_space][vc_column_text] Hoy en d\u00eda, muchas personas buscan la libertad, la igualdad y la justicia, pero terminan enfrent\u00e1ndose a un desaf\u00edo interminable. Pasan horas luchando por sus [&hellip;]<\/p>\n","protected":false},"author":15,"featured_media":0,"parent":0,"menu_order":0,"comment_status":"closed","ping_status":"closed","template":"","meta":{"give_campaign_id":0,"_monsterinsights_skip_tracking":false,"_monsterinsights_sitenote_active":false,"_monsterinsights_sitenote_note":"","_monsterinsights_sitenote_category":0,"footnotes":""},"class_list":["post-70993","page","type-page","status-publish","hentry"],"campaignId":"","_links":{"self":[{"href":"https:\/\/www.uckg.org\/es\/wp-json\/wp\/v2\/pages\/70993","targetHints":{"allow":["GET"]}}],"collection":[{"href":"https:\/\/www.uckg.org\/es\/wp-json\/wp\/v2\/pages"}],"about":[{"href":"https:\/\/www.uckg.org\/es\/wp-json\/wp\/v2\/types\/page"}],"author":[{"embeddable":true,"href":"https:\/\/www.uckg.org\/es\/wp-json\/wp\/v2\/users\/15"}],"replies":[{"embeddable":true,"href":"https:\/\/www.uckg.org\/es\/wp-json\/wp\/v2\/comments?post=70993"}],"version-history":[{"count":5,"href":"https:\/\/www.uckg.org\/es\/wp-json\/wp\/v2\/pages\/70993\/revisions"}],"predecessor-version":[{"id":71114,"href":"https:\/\/www.uckg.org\/es\/wp-json\/wp\/v2\/pages\/70993\/revisions\/71114"}],"wp:attachment":[{"href":"https:\/\/www.uckg.org\/es\/wp-json\/wp\/v2\/media?parent=70993"}],"curies":[{"name":"wp","href":"https:\/\/api.w.org\/{rel}","templated":true}]}}