{"id":53267,"date":"2017-02-28T13:00:37","date_gmt":"2017-02-28T12:00:37","guid":{"rendered":"https:\/\/www.uckg.org\/es\/?page_id=53267"},"modified":"2017-07-20T12:37:15","modified_gmt":"2017-07-20T10:37:15","slug":"significado-del-diezmo","status":"publish","type":"page","link":"https:\/\/www.uckg.org\/es\/significado-del-diezmo\/","title":{"rendered":"Significado del diezmo"},"content":{"rendered":"<p>[vc_row][vc_column][vc_column_text]<\/p>\n<p><strong>\u00a0<a href=\"https:\/\/www.uckg.org\/es\/wp-content\/uploads\/2017\/02\/Devuelve-tus-primicias.png\"><img fetchpriority=\"high\" decoding=\"async\" class=\"aligncenter size-full wp-image-53306\" src=\"https:\/\/www.uckg.org\/es\/wp-content\/uploads\/2017\/02\/Devuelve-tus-primicias.png\" alt=\"tithe-2sp\" width=\"1280\" height=\"436\" title=\"\" srcset=\"https:\/\/www.uckg.org\/es\/wp-content\/uploads\/2017\/02\/Devuelve-tus-primicias.png 1280w, https:\/\/www.uckg.org\/es\/wp-content\/uploads\/2017\/02\/Devuelve-tus-primicias-300x102.png 300w, https:\/\/www.uckg.org\/es\/wp-content\/uploads\/2017\/02\/Devuelve-tus-primicias-768x262.png 768w, https:\/\/www.uckg.org\/es\/wp-content\/uploads\/2017\/02\/Devuelve-tus-primicias-1024x349.png 1024w, https:\/\/www.uckg.org\/es\/wp-content\/uploads\/2017\/02\/Devuelve-tus-primicias-500x170.png 500w\" sizes=\"(max-width: 1280px) 100vw, 1280px\" \/><\/a><\/strong><\/p>\n<h3 style=\"text-align: justify;\">\u00bfCu\u00e1l es el verdadero significado del diezmo? \u00bfPor qu\u00e9 lo damos?<\/h3>\n<p>El diezmo es el reconocimiento de la autoridad de Dios sobre todas las cosas. Cuando alguien devuelve el diezmo, est\u00e1 de hecho reconociendo que Dios es el Se\u00f1or, no solo el Se\u00f1or de su vida, pero tambi\u00e9n el Se\u00f1or de todo lo que produce su vida. El significado m\u00e1s profundo del diezmo es que todo (100%) pertenece a Dios.<\/p>\n<p>Cuando Le damos el diezmo (el 10 por cien de todo), es para liberar el 90 por cien que queda para nuestro uso. En otras palabras: todo pertenece a Dios; nosotros Le damos el 10 por cien para que nosotros tengamos el privilegio de utilizar el 90 por cien que queda.<\/p>\n<p>El Se\u00f1or dijo, <em><strong>\u201cSi yo tuviera hambre, no te lo dir\u00eda a ti; porque m\u00edo es el mundo y todo lo que en \u00e9l hay. \u00bfAcaso he de comer carne de toros, o beber sangre de machos cabr\u00edos? Ofrece a Dios sacrificio de acci\u00f3n de gracias, y cumple tus votos al Alt\u00edsimo; e inv\u00f3came en el d\u00eda de la angustia; yo te librar\u00e9, y t\u00fa me honrar\u00e1s.\u201d<\/strong><\/em> (Salmo 50.12-15)<\/p>\n<p>En otras palabras, Dios nos clarifica que, si \u00c9l necesitara dinero, \u00a1no nos lo pedir\u00eda porque \u00c9l es due\u00f1o de todo! Pero si pagamos nuestros votos y Le ofrecemos acci\u00f3n de gracias, entonces \u00c9l se alegrar\u00e1 y tambi\u00e9n nos responder\u00e1 cuando clamemos a \u00c9l en el d\u00eda de la angustia.<\/p>\n<p>Entre los jud\u00edos, el diezmo significa su reconocimiento de la participaci\u00f3n de Dios en su productividad. El prop\u00f3sito del diezmo no era consagrar la cosecha, pero \u2018des-consagrarla\u2019. Puesto que todo pertenece a Dios hasta la primera porci\u00f3n, el diezmo, se ha ofrecido y aceptado en lugar del todo (100 por cien).<\/p>\n<p>Solo entonces, el hombre pod\u00eda utilizar el 90% restante para s\u00ed mismo. El diezmo representa el primog\u00e9nito de Dios, Jesucristo, el Hijo del Alt\u00edsimo, que fue entregado por Dios a la humanidad, para redimirlo para S\u00ed mismo.<\/p>\n<p>Esa es la raz\u00f3n por la que damos los diezmos. Si desea saber m\u00e1s informaci\u00f3n, lea nuestro <span style=\"text-decoration: underline; color: #0cb4ce;\"><a style=\"color: #0cb4ce; text-decoration: underline;\" href=\"\/es\/wp-content\/uploads\/2017\/02\/ES-2015-tithers-booklet.pdf\" target=\"_blank\">librito de diezmistas en l\u00ednea<\/a><\/span>.[\/vc_column_text][\/vc_column][\/vc_row]<\/p>\n","protected":false},"excerpt":{"rendered":"<p>[vc_row][vc_column][vc_column_text] \u00a0 \u00bfCu\u00e1l es el verdadero significado del diezmo? \u00bfPor qu\u00e9 lo damos? El diezmo es el reconocimiento de la autoridad de Dios sobre todas las cosas. Cuando alguien devuelve el diezmo, est\u00e1 de hecho reconociendo que Dios es el Se\u00f1or, no solo el Se\u00f1or de su vida, pero tambi\u00e9n el Se\u00f1or de todo lo [&hellip;]<\/p>\n","protected":false},"author":12,"featured_media":0,"parent":0,"menu_order":0,"comment_status":"closed","ping_status":"closed","template":"","meta":{"give_campaign_id":0,"_monsterinsights_skip_tracking":false,"_monsterinsights_sitenote_active":false,"_monsterinsights_sitenote_note":"","_monsterinsights_sitenote_category":0,"footnotes":""},"class_list":["post-53267","page","type-page","status-publish","hentry"],"campaignId":"","_links":{"self":[{"href":"https:\/\/www.uckg.org\/es\/wp-json\/wp\/v2\/pages\/53267","targetHints":{"allow":["GET"]}}],"collection":[{"href":"https:\/\/www.uckg.org\/es\/wp-json\/wp\/v2\/pages"}],"about":[{"href":"https:\/\/www.uckg.org\/es\/wp-json\/wp\/v2\/types\/page"}],"author":[{"embeddable":true,"href":"https:\/\/www.uckg.org\/es\/wp-json\/wp\/v2\/users\/12"}],"replies":[{"embeddable":true,"href":"https:\/\/www.uckg.org\/es\/wp-json\/wp\/v2\/comments?post=53267"}],"version-history":[{"count":0,"href":"https:\/\/www.uckg.org\/es\/wp-json\/wp\/v2\/pages\/53267\/revisions"}],"wp:attachment":[{"href":"https:\/\/www.uckg.org\/es\/wp-json\/wp\/v2\/media?parent=53267"}],"curies":[{"name":"wp","href":"https:\/\/api.w.org\/{rel}","templated":true}]}}