{"id":53256,"date":"2017-02-28T11:54:54","date_gmt":"2017-02-28T10:54:54","guid":{"rendered":"https:\/\/www.uckg.org\/es\/?page_id=53256"},"modified":"2017-02-28T13:15:58","modified_gmt":"2017-02-28T12:15:58","slug":"derechos-de-autor-y-terminos-de-uso","status":"publish","type":"page","link":"https:\/\/www.uckg.org\/es\/derechos-de-autor-y-terminos-de-uso\/","title":{"rendered":"Derechos de Autor y T\u00e9rminos de uso"},"content":{"rendered":"<p>[vc_row][vc_column][wander_title_block title=&#8221;Derechos de Autor y T\u00e9rminos de uso&#8221; title_size=&#8221;h2&#8243; is_seperator=&#8221;true&#8221;][vc_column_text]Estos t\u00e9rminos y condiciones de uso son aplicables al sitio web localizado en uckg.org\/es y en todos sus enlaces.<\/p>\n<p>Al utilizar el sitio, usted acepta estos t\u00e9rminos y condiciones. No puede copiar, reproducir, republicar, descargar, publicar, emitir, transmitir, poner a disposici\u00f3n del p\u00fablico, ni tampoco utilizar el contenido del uckg.org\/es de ninguna manera sin el permiso previo del UCKG por escrito.<\/p>\n<p>El Centro de Ayuda UCKG se reserva el derecho de cambiar, modificar, y a\u00f1adir o eliminar texto de los t\u00e9rminos y condiciones de uso en cualquier momento. Usted tiene la responsabilidad de revisar cualquier cambio, y el seguir utilizando el sitio significa que acepta y est\u00e1 de acuerdo con cualquier cambio.<\/p>\n<p>Aunque se ha cuidado en acumular y revisar informaci\u00f3n sobre este sitio y los enlaces, el Centro de Ayuda UCKG no ser\u00e1 responsable ni responder\u00e1 por cualquier error, inexactitud u omisiones que resulten por negligencia u otra cosa, ni por las consecuencias que pudieran derivarse de la informaci\u00f3n contenida en este y en los sitios vinculados.<\/p>\n<p>Donde se han establecido nexos con otros sitios, esto es \u00fanicamente para informaci\u00f3n y fines educativos y no deber\u00edan tenerse en cuenta para las decisiones que el usuario pueda hacer. El Centro de Ayuda UCKG no respalda ning\u00fan producto o servicio y no se hace responsable por cualquier insatisfacci\u00f3n, complicaci\u00f3n o cualquier otro incidente que surja del uso de la informaci\u00f3n contenida en este y sitios vinculados. Estos enlaces se proveen por mera conveniencia. El Centro de Ayuda UCKG no tiene control sobre ellos. El usuario debe hacer su propio juicio independiente con respecto a la utilizaci\u00f3n de estos sitios vinculados.<\/p>\n<p>Toda la informaci\u00f3n de este sitio puede cambiar en cualquier momento sin previo aviso.<\/p>\n<p>El Centro de Ayuda UCKG puede hacer cambios con respeto a cualquier producto y servicios ofrecidos en el sitio sin previo aviso, y no se compromete a actualizar el material en el sitio relacionado a dichos productos y servicios.<\/p>\n<p>El Centro de Ayuda UCKG no promete que el sitio y su contenido conduzcan a obtener los resultados deseados.<\/p>\n<p><strong>Derechos de Autor <\/strong><\/p>\n<p>Este sitio est\u00e1 disponible solo para su uso personal, no comercial. Est\u00e1 prohibido copiar, reproducir, republicar, publicar, distribuir, transmitir o modificar, de ninguna manera, todo o parte de este sitio. \u00a9 Centro de Ayuda UCKG. Todos los derechos reservados. Direcci\u00f3n registrada: 232 Seven Sisters Road. Registrada en Inglaterra y Gales. N\u00famero de registro como organizaci\u00f3n ben\u00e9fica.: 1043985 (Inglaterra y Gales).[\/vc_column_text][\/vc_column][\/vc_row][vc_row][vc_column][\/vc_column][\/vc_row]<\/p>\n","protected":false},"excerpt":{"rendered":"<p>[vc_row][vc_column][wander_title_block title=&#8221;Derechos de Autor y T\u00e9rminos de uso&#8221; title_size=&#8221;h2&#8243; is_seperator=&#8221;true&#8221;][vc_column_text]Estos t\u00e9rminos y condiciones de uso son aplicables al sitio web localizado en uckg.org\/es y en todos sus enlaces. Al utilizar el sitio, usted acepta estos t\u00e9rminos y condiciones. No puede copiar, reproducir, republicar, descargar, publicar, emitir, transmitir, poner a disposici\u00f3n del p\u00fablico, ni tampoco utilizar [&hellip;]<\/p>\n","protected":false},"author":12,"featured_media":0,"parent":0,"menu_order":0,"comment_status":"closed","ping_status":"closed","template":"","meta":{"give_campaign_id":0,"_monsterinsights_skip_tracking":false,"_monsterinsights_sitenote_active":false,"_monsterinsights_sitenote_note":"","_monsterinsights_sitenote_category":0,"footnotes":""},"class_list":["post-53256","page","type-page","status-publish","hentry"],"campaignId":"","_links":{"self":[{"href":"https:\/\/www.uckg.org\/es\/wp-json\/wp\/v2\/pages\/53256","targetHints":{"allow":["GET"]}}],"collection":[{"href":"https:\/\/www.uckg.org\/es\/wp-json\/wp\/v2\/pages"}],"about":[{"href":"https:\/\/www.uckg.org\/es\/wp-json\/wp\/v2\/types\/page"}],"author":[{"embeddable":true,"href":"https:\/\/www.uckg.org\/es\/wp-json\/wp\/v2\/users\/12"}],"replies":[{"embeddable":true,"href":"https:\/\/www.uckg.org\/es\/wp-json\/wp\/v2\/comments?post=53256"}],"version-history":[{"count":0,"href":"https:\/\/www.uckg.org\/es\/wp-json\/wp\/v2\/pages\/53256\/revisions"}],"wp:attachment":[{"href":"https:\/\/www.uckg.org\/es\/wp-json\/wp\/v2\/media?parent=53256"}],"curies":[{"name":"wp","href":"https:\/\/api.w.org\/{rel}","templated":true}]}}