{"id":53253,"date":"2017-02-28T11:28:44","date_gmt":"2017-02-28T10:28:44","guid":{"rendered":"https:\/\/www.uckg.org\/es\/?page_id=53253"},"modified":"2025-10-15T14:20:26","modified_gmt":"2025-10-15T13:20:26","slug":"politica-de-privacidad","status":"publish","type":"page","link":"https:\/\/www.uckg.org\/es\/politica-de-privacidad\/","title":{"rendered":"Aviso de privacidad"},"content":{"rendered":"\t\t<div data-elementor-type=\"wp-page\" data-elementor-id=\"53253\" class=\"elementor elementor-53253\" data-elementor-post-type=\"page\">\n\t\t\t\t\t\t<section class=\"elementor-section elementor-top-section elementor-element elementor-element-2b6135ad elementor-section-boxed elementor-section-height-default elementor-section-height-default\" data-id=\"2b6135ad\" data-element_type=\"section\" data-e-type=\"section\">\n\t\t\t\t\t\t<div class=\"elementor-container elementor-column-gap-default\">\n\t\t\t\t\t<div class=\"elementor-column elementor-col-100 elementor-top-column elementor-element elementor-element-6787b7d6\" data-id=\"6787b7d6\" data-element_type=\"column\" data-e-type=\"column\">\n\t\t\t<div class=\"elementor-widget-wrap elementor-element-populated\">\n\t\t\t\t\t\t<div class=\"elementor-element elementor-element-6068f93b elementor-widget elementor-widget-text-editor\" data-id=\"6068f93b\" data-element_type=\"widget\" data-e-type=\"widget\" data-widget_type=\"text-editor.default\">\n\t\t\t\t<div class=\"elementor-widget-container\">\n\t\t\t\t\t\t\t\t\t<p>\u00a0<\/p>\n<div class=\"s6\" style=\"text-align: justify;\"><strong>1. <span class=\"s5\">Introducci\u00f3n<\/span><\/strong><\/div>\n<p style=\"text-align: justify;\">El UCKG (IURD) respeta su privacidad y se compromete a proteger sus datos personales. Este aviso de privacidad es para las personas que han dado su consentimiento expreso para que el UCKG se comunique con ellos a trav\u00e9s de canales como correo electr\u00f3nico, mensaje de texto, WhatsApp y tel\u00e9fono. Este aviso de privacidad le informar\u00e1 sobre c\u00f3mo cuidamos sus datos personales, cu\u00e1les son sus derechos de privacidad y c\u00f3mo lo protege la ley.<\/p>\n<div class=\"s6\" style=\"text-align: justify;\"><strong>2. <span class=\"s5\">Informaci\u00f3n importante y qui\u00e9nes somos<\/span><\/strong><\/div>\n<p style=\"text-align: justify;\"><strong><span class=\"s8\">Por favor lea este aviso de privacidad<\/span><\/strong><\/p>\n<p style=\"text-align: justify;\">Es importante que lea este aviso de privacidad junto con cualquier otro aviso de privacidad o aviso de procesamiento justo que podamos proporcionar en ocasiones espec\u00edficas cuando recopilamos o procesamos datos personales sobre usted para que sepa c\u00f3mo y por qu\u00e9 estamos usando sus datos.<\/p>\n<p style=\"text-align: justify;\"><strong><span class=\"s8\">Controlador<\/span><span class=\"s8\"> de datos<\/span><\/strong><\/p>\n<p style=\"text-align: justify;\">El UCKG es el controlador y responsable de sus datos personales (denominados colectivamente como \u201cel UCKG\u201d, \u201cnosotros\u201d, \u201ca nosotros \/ nos\u201d o \u201cnuestro\u201d en este aviso de privacidad). Hemos designado un Gerente de Protecci\u00f3n de Datos que es responsable de supervisar las preguntas relacionadas con este aviso de privacidad. Si tiene alguna pregunta sobre este aviso de privacidad, comun\u00edquese con el Gerente de Protecci\u00f3n de Datos utilizando los detalles que se detallan a continuaci\u00f3n.<\/p>\n<p style=\"text-align: justify;\"><strong><span class=\"s8\">Datos<\/span><span class=\"s8\"> de contacto<\/span><\/strong><\/p>\n<p style=\"text-align: justify;\">Nuestro nombre completo: The Universal Church of the Kingdom of God (Iglesia Universal del Reino de Dios).<\/p>\n<p style=\"text-align: justify;\">Direcci\u00f3n de correo electr\u00f3nico: <span class=\"s9\">dpo@uckg.org<\/span><\/p>\n<p style=\"text-align: justify;\">Direcci\u00f3n postal: Centro de ayuda UCKG, Teatro Rainbow, 232-238 Seven Sisters Road, Londres N4 3NX<\/p>\n<p style=\"text-align: justify;\">N\u00famero de tel\u00e9fono: +44 (0) 20 7686 6006<\/p>\n<p style=\"text-align: justify;\">Tiene derecho a presentar una queja relacionada con el procesamiento de datos en cualquier momento ante la Oficina del Comisionado de Informaci\u00f3n (ICO), la autoridad supervisora \u200b\u200bdel Reino Unido para cuestiones de protecci\u00f3n de datos (www.ico.org.uk). Sin embargo, agradecer\u00edamos la oportunidad de abordar sus inquietudes antes de que se acerque a la ICO, as\u00ed que comun\u00edquese con nosotros en primera instancia escribiendo a la DPO (oficina de protecci\u00f3n de datos) en <em><strong><span class=\"s9\">https:\/\/data.uckg.org<\/span> <\/strong><\/em>de conformidad con el riesgo del GDPR del Reino Unido para que se implemente un enfoque basado en las medidas de seguridad apropiadas.<\/p>\n<p style=\"text-align: justify;\"><strong><span class=\"s8\">Cambios del<\/span><span class=\"s8\"> aviso de privacidad y su deber de informarnos de los cambios<\/span><\/strong><\/p>\n<p style=\"text-align: justify;\">Esta versi\u00f3n se actualiz\u00f3 por \u00faltima vez el 10 de septiembre de 2022 y puede cambiar en cualquier momento. Es importante que los datos personales que tenemos sobre usted sean exactos y actuales. Por favor, mant\u00e9nganos informados si sus datos personales cambian durante su relaci\u00f3n con nosotros.<\/p>\n<div class=\"s6\" style=\"text-align: justify;\">3. <span class=\"s8\">Los datos que recopilamos sobre usted<\/span><\/div>\n<p style=\"text-align: justify;\">Datos personales, o informaci\u00f3n personal, significa cualquier informaci\u00f3n sobre un individuo a partir de la cual se puede identificar a esa persona. No incluye datos en los que se ha eliminado la identidad (datos an\u00f3nimos). Podemos recopilar, usar, almacenar y transferir los siguientes tipos diferentes de datos personales sobre usted:<\/p>\n<p style=\"text-align: justify;\">\u2022 <strong>Los Datos de Identidad<\/strong> incluyen nombre y apellido.<\/p>\n<p style=\"text-align: justify;\">\u2022 <strong>Los datos de contacto<\/strong> incluyen direcci\u00f3n de correo electr\u00f3nico, domicilio y n\u00fameros de tel\u00e9fono (m\u00f3vil y fijo).<\/p>\n<div class=\"s6\" style=\"text-align: justify;\"><strong>4. <span class=\"s8\">\u00bfC\u00f3mo se recopilan sus datos personales?<\/span><\/strong><\/div>\n<p style=\"text-align: justify;\">Puede proporcionarnos su Identidad y Datos de contacto completando formularios, escribi\u00e9ndonos o brind\u00e1ndonos esta informaci\u00f3n por tel\u00e9fono.<\/p>\n<div class=\"s6\" style=\"text-align: justify;\"><strong>5. <span class=\"s8\">C\u00f3mo usamos sus datos personales<\/span><\/strong><\/div>\n<p style=\"text-align: justify;\">Solo utilizaremos sus datos personales cuando la ley nos lo permita. Por lo general, utilizaremos sus datos personales cuando sea necesario para nuestros intereses leg\u00edtimos (o los de un tercero) y sus intereses y derechos fundamentales no anulen esos intereses. En general, no confiamos en el consentimiento como base legal para procesar sus datos personales, aunque obtendremos su consentimiento antes de enviarle comunicaciones directas a terceros que promuevan nuestros objetivos por correo electr\u00f3nico o mensaje de texto. Tiene derecho a retirar el consentimiento a las comunicaciones que promueven nuestros objetivos en cualquier momento poni\u00e9ndose en contacto con nosotros.<\/p>\n<p style=\"text-align: justify;\"><strong><span class=\"s8\">Finalidades para las que utilizaremos sus datos personales<\/span><\/strong><\/p>\n<p style=\"text-align: justify;\">Hemos establecido a continuaci\u00f3n, en formato de tabla, una descripci\u00f3n de todas las formas en que planeamos utilizar sus datos personales, y en cu\u00e1les de las bases legales nos basamos para hacerlo. Tambi\u00e9n hemos identificado cu\u00e1les son nuestros intereses leg\u00edtimos en su caso.<\/p>\n<table>\n<tbody>\n<tr>\n<td class=\"s10\">\n<div>\n<p class=\"s12\"><strong><span class=\"s11\">P<\/span><span class=\"s11\">rop\u00f3sito<\/span><span class=\"s11\">\/<\/span><span class=\"s11\">Actividad<\/span><\/strong><\/p>\n<\/div>\n<\/td>\n<td class=\"s10\">\n<div>\n<p class=\"s13\"><strong><span class=\"s11\">Tipo<\/span><span class=\"s11\"> de<\/span> <span class=\"s11\">dat<\/span><span class=\"s11\">os<\/span><\/strong><\/p>\n<\/div>\n<\/td>\n<td class=\"s10\">\n<div>\n<p class=\"s14\"><strong><span class=\"s11\">Base legal del <\/span><\/strong><span class=\"s11\"><strong>procesamie<\/strong>nto<\/span><\/p>\n<\/div>\n<\/td>\n<\/tr>\n<tr>\n<td class=\"s10\">\n<div>\n<p class=\"s16\"><span class=\"s15\">Responder a <\/span><span class=\"s15\">una<\/span> <span class=\"s15\">consulta<\/span><span class=\"s15\"> que <\/span><span class=\"s15\">usted<\/span><span class=\"s15\"> ha <\/span><span class=\"s15\">enviado<\/span><\/p>\n<p class=\"s12\">\u00a0<\/p>\n<\/div>\n<\/td>\n<td class=\"s10\">\n<div>\n<p class=\"s17\"><span class=\"s15\">(a) <\/span><span class=\"s15\">Identidad<\/span><\/p>\n<p class=\"s17\"><span class=\"s15\">(b) <\/span><span class=\"s15\">Contact<\/span><span class=\"s15\">o<\/span><\/p>\n<\/div>\n<\/td>\n<td class=\"s10\">\n<div>\n<p class=\"s14\"><span class=\"s15\">Ne<\/span><span class=\"s15\">cesario<\/span><span class=\"s15\"> para <\/span><span class=\"s15\">nuestros<\/span> <span class=\"s15\">intereses<\/span><span class=\"s15\">leg\u00edtimos<\/span><span class=\"s15\"> (para <\/span><span class=\"s15\">comunicarnos<\/span><span class=\"s15\"> con <\/span><span class=\"s15\">usted<\/span><span class=\"s15\"> y <\/span><span class=\"s15\">apoyarle<\/span><span class=\"s15\">)<\/span><\/p>\n<\/div>\n<\/td>\n<\/tr>\n<tr>\n<td class=\"s10\">\n<div>\n<p class=\"s16\"><span class=\"s15\">Enviarle<\/span> <span class=\"s15\">informaci\u00f3n<\/span> <span class=\"s15\">sobre<\/span> <span class=\"s15\">los<\/span> <span class=\"s15\">eventos<\/span><span class=\"s15\"> y <\/span><span class=\"s15\">actividades<\/span><span class=\"s15\"> del UCKG<\/span><\/p>\n<\/div>\n<\/td>\n<td class=\"s10\">\n<div>\n<p class=\"s17\"><span class=\"s15\">(a) <\/span><span class=\"s15\">Identitidad<\/span><\/p>\n<p class=\"s17\"><span class=\"s15\">(b) <\/span><span class=\"s15\">Contact<\/span><span class=\"s15\">o<\/span><\/p>\n<\/div>\n<\/td>\n<td class=\"s10\">\n<div>\n<p class=\"s14\"><span class=\"s15\">Ne<\/span><span class=\"s15\">cesario<\/span><span class=\"s15\"> para <\/span><span class=\"s15\">nuestros<\/span> <span class=\"s15\">intereses<\/span><span class=\"s15\">leg\u00edtimos<\/span><span class=\"s15\"> (para <\/span><span class=\"s15\">comunicarnos<\/span><span class=\"s15\"> con <\/span><span class=\"s15\">usted<\/span><span class=\"s15\"> y <\/span><span class=\"s15\">apoyarle<\/span><span class=\"s15\">)<\/span><\/p>\n<\/div>\n<\/td>\n<\/tr>\n<tr>\n<td class=\"s10\">\n<div>\n<p class=\"s16\"><span class=\"s15\">Enviarle<\/span> <span class=\"s15\">mensajes<\/span><span class=\"s15\"> de <\/span><span class=\"s15\">apoyo<\/span><\/p>\n<\/div>\n<\/td>\n<td class=\"s10\">\n<div>\n<p class=\"s17\"><span class=\"s15\">(a) <\/span><span class=\"s15\">Identitidad<\/span><\/p>\n<p class=\"s17\"><span class=\"s15\">(b) <\/span><span class=\"s15\">Contact<\/span><span class=\"s15\">o<\/span><\/p>\n<\/div>\n<\/td>\n<td class=\"s10\">\n<div>\n<p class=\"s14\"><span class=\"s15\">Ne<\/span><span class=\"s15\">cesario<\/span><span class=\"s15\"> para <\/span><span class=\"s15\">nuestros<\/span> <span class=\"s15\">intereses<\/span><span class=\"s15\">leg\u00edtimos<\/span><span class=\"s15\"> (para <\/span><span class=\"s15\">comunicarnos<\/span><span class=\"s15\"> con <\/span><span class=\"s15\">usted<\/span><span class=\"s15\"> y <\/span><span class=\"s15\">apoyarle<\/span><span class=\"s15\">)<\/span><\/p>\n<\/div>\n<\/td>\n<\/tr>\n<tr>\n<td class=\"s18\">\n<div>\n<p class=\"s16\"><span class=\"s15\">Comprobar<\/span> <span class=\"s15\">su<\/span> <span class=\"s15\">bienestar<\/span><\/p>\n<\/div>\n<\/td>\n<td class=\"s18\">\n<div>\n<p class=\"s17\"><span class=\"s15\">(a) <\/span><span class=\"s15\">Identitidad<\/span><\/p>\n<p class=\"s17\"><span class=\"s15\">(b) <\/span><span class=\"s15\">Contact<\/span><span class=\"s15\">o<\/span><\/p>\n<\/div>\n<\/td>\n<td class=\"s18\">\n<div>\n<p class=\"s14\"><span class=\"s15\">Ne<\/span><span class=\"s15\">cesario<\/span><span class=\"s15\"> para <\/span><span class=\"s15\">nuestros<\/span> <span class=\"s15\">intereses<\/span><span class=\"s15\">leg\u00edtimos<\/span><span class=\"s15\"> (para <\/span><span class=\"s15\">comunicarnos<\/span><span class=\"s15\"> con <\/span><span class=\"s15\">usted<\/span><span class=\"s15\"> y <\/span><span class=\"s15\">apoyarle<\/span><span class=\"s15\">)<\/span><\/p>\n<\/div>\n<\/td>\n<\/tr>\n<\/tbody>\n<\/table>\n<p style=\"text-align: justify;\"><strong><span class=\"s8\">Comunicaciones<\/span><\/strong><\/p>\n<p style=\"text-align: justify;\">Nos esforzamos por brindarle opciones con respecto a ciertos usos de datos personales, particularmente en relaci\u00f3n con las comunicaciones que promueven nuestros objetivos para informarle sobre nuestras actividades. Hemos establecido los siguientes mecanismos de control de datos:<\/p>\n<p style=\"text-align: justify;\"><strong><span class=\"s8\">Promoci\u00f3n de nuestros objetivos<\/span><\/strong><\/p>\n<p style=\"text-align: justify;\">Podemos utilizar sus datos personales para formarnos una idea de lo que creemos que puede querer o necesitar, o lo que puede ser de su inter\u00e9s. No nos pondremos en contacto con usted si ha optado por no recibir dichas comunicaciones.<\/p>\n<p style=\"text-align: justify;\"><strong><span class=\"s8\">Comunicaciones de terceros<\/span><\/strong><\/p>\n<p style=\"text-align: justify;\">No compartimos sus datos personales con ninguna organizaci\u00f3n fuera de UCKG con el fin de permitirles enviarle comunicaciones de marketing.<\/p>\n<p style=\"text-align: justify;\"><strong><span class=\"s8\">Optar por no participar<\/span><\/strong><\/p>\n<p style=\"text-align: justify;\">Puede pedirnos que dejemos de enviarle comunicaciones en cualquier momento siguiendo los enlaces de exclusi\u00f3n en cualquier comunicaci\u00f3n que le enviemos o comunic\u00e1ndose con nosotros en cualquier momento.<\/p>\n<p style=\"text-align: justify;\"><strong><span class=\"s8\">Cambio de prop\u00f3sito<\/span><\/strong><\/p>\n<p style=\"text-align: justify;\">Solo utilizaremos sus datos personales para los fines para los que los recopilamos, a menos que consideremos razonablemente que necesitamos usarlos por otro motivo y que ese motivo sea compatible con el prop\u00f3sito original. Si desea una explicaci\u00f3n sobre c\u00f3mo el procesamiento para el nuevo prop\u00f3sito es compatible con el prop\u00f3sito original, cont\u00e1ctenos.<\/p>\n<p style=\"text-align: justify;\">Si necesitamos usar sus datos personales para un prop\u00f3sito no relacionado, se lo notificaremos y le explicaremos la base legal que nos permite hacerlo. Tenga en cuenta que podemos procesar sus datos personales sin su conocimiento o consentimiento, de conformidad con las reglas anteriores, cuando la ley lo exija o lo permita.<\/p>\n<div class=\"s6\" style=\"text-align: justify;\"><strong>6. <span class=\"s8\">Divulgaci\u00f3n de sus datos personales<\/span><\/strong><\/div>\n<p style=\"text-align: justify;\">Podemos compartir sus datos personales con terceros externos. Estos terceros externos pueden incluir proveedores de servicios que brindan servicios de administraci\u00f3n\/entrega de sistemas y TI, asesores profesionales que brindan, por ejemplo, servicios legales y de contabilidad y reguladores y otras autoridades que pueden requerir informes de actividades de procesamiento en ciertas circunstancias. Todos los terceros est\u00e1n obligados a respetar la seguridad de sus datos personales y a tratarlos de forma l\u00edcita.<\/p>\n<div class=\"s6\" style=\"text-align: justify;\"><strong>7. <span class=\"s8\">Transferencias internacionales<\/span><\/strong><a name=\"_GoBack\"><\/a><\/div>\n<p style=\"text-align: justify;\">No transferiremos, almacenaremos ni procesaremos sus datos personales fuera del Espacio Econ\u00f3mico Europeo.<\/p>\n<div class=\"s6\" style=\"text-align: justify;\"><strong>8. <span class=\"s8\">Seguridad de los datos<\/span><\/strong><\/div>\n<p style=\"text-align: justify;\">Hemos implementado las medidas de seguridad adecuadas para evitar que sus datos personales se pierdan, utilicen o accedan accidentalmente de forma no autorizada, se modifiquen o se divulguen. Adem\u00e1s, limitamos el acceso a sus datos personales a aquellos empleados, agentes, contratistas y otros terceros que tengan una necesidad operativa de conocerlos. Solo tratar\u00e1n sus datos personales siguiendo nuestras instrucciones y est\u00e1n sujetos a un deber de confidencialidad. Hemos implementado procedimientos para hacer frente a cualquier sospecha de violaci\u00f3n de datos personales y le notificaremos a usted y a cualquier regulador aplicable sobre una violaci\u00f3n cuando as\u00ed lo exija la ley.<\/p>\n<div class=\"s6\" style=\"text-align: justify;\"><strong>9. <span class=\"s8\">Retenci\u00f3n de datos<\/span><\/strong><\/div>\n<p style=\"text-align: justify;\">Conservaremos sus datos personales durante cinco a\u00f1os.<\/p>\n<div class=\"s6\" style=\"text-align: justify;\"><strong>10. <span class=\"s8\">Sus derechos legales<\/span><\/strong><\/div>\n<p style=\"text-align: justify;\">En determinadas circunstancias, tiene derechos en virtud de las leyes de protecci\u00f3n de datos en relaci\u00f3n con sus datos personales. Tiene derecho a:<\/p>\n<p style=\"text-align: justify;\"><span class=\"s8\">Solicitar acceso<\/span> a sus datos personales (com\u00fanmente conocido como &#8220;solicitud de acceso de sujeto de datos&#8221;). Esto le permite recibir una copia de los datos personales que tenemos sobre usted y verificar que los estamos procesando legalmente.<\/p>\n<p style=\"text-align: justify;\"><span class=\"s8\">Solicitar la correcci\u00f3n<\/span> de los datos personales que tenemos sobre usted. Esto le permite corregir cualquier dato incompleto o inexacto que tengamos sobre usted, aunque es posible que necesitemos verificar la precisi\u00f3n de los nuevos datos que nos proporciona.<\/p>\n<p style=\"text-align: justify;\"><span class=\"s8\">Solicitar la eliminaci\u00f3n de sus datos personales<\/span>. Esto le permite solicitarnos que suprimamos o eliminemos datos personales cuando no haya una buena raz\u00f3n para que continuemos proces\u00e1ndolos. Tambi\u00e9n tiene derecho a solicitarnos que suprimamos o eliminemos sus datos personales cuando haya ejercido con \u00e9xito su derecho a oponerse al procesamiento (ver a continuaci\u00f3n), cuando hayamos procesado su informaci\u00f3n ilegalmente o cuando debamos borrar sus datos personales para cumplir con la ley local. Tenga en cuenta, sin embargo, que es posible que no siempre podamos cumplir con su solicitud de eliminaci\u00f3n por razones legales espec\u00edficas que se le notificar\u00e1n, si corresponde, en el momento de su solicitud.<\/p>\n<p style=\"text-align: justify;\"><span class=\"s8\">Objetar el procesamiento <\/span>de sus datos personales cuando nos basamos en un inter\u00e9s leg\u00edtimo (o en los de un tercero) y hay algo en su situaci\u00f3n particular que le hace querer objetar el procesamiento por este motivo, ya que cree que afecta su fundamental derechos y libertades. Tambi\u00e9n tiene derecho a oponerse cuando procesamos sus datos personales con fines de marketing directo. En algunos casos, podemos demostrar que tenemos motivos leg\u00edtimos convincentes para procesar su informaci\u00f3n que anulan sus derechos y libertades.<\/p>\n<p style=\"text-align: justify;\"><span class=\"s8\">Solicitar la restricci\u00f3n del tratamiento<\/span> de sus datos personales. Esto le permite solicitarnos que suspendamos el procesamiento de sus datos personales en los siguientes escenarios: (a) si desea que establezcamos la exactitud de los datos; (b) cuando nuestro uso de los datos es ilegal pero no desea que los eliminemos; (c) cuando necesite que conservemos los datos, incluso si ya no los necesitamos, ya que los necesita para establecer, ejercer o defender reclamaciones legales; o (d) se ha opuesto a que usemos sus datos, pero necesitamos verificar si tenemos motivos leg\u00edtimos imperiosos para usarlos.<\/p>\n<p style=\"text-align: justify;\"><span class=\"s8\">Solicitar la transferencia<\/span> de sus datos personales a usted o a un tercero. Le proporcionaremos a usted, o a un tercero que haya elegido, sus datos personales en un formato estructurado, de uso com\u00fan y legible por m\u00e1quina. Tenga en cuenta que este derecho solo se aplica a la informaci\u00f3n automatizada que inicialmente nos dio su consentimiento para usar o cuando usamos la informaci\u00f3n para realizar un contrato con usted.<\/p>\n<p style=\"text-align: justify;\"><span class=\"s8\">Retirar el consentimiento en cualquier momento<\/span> en el que dependamos del consentimiento para procesar sus datos personales. Sin embargo, esto no afectar\u00e1 la legalidad de cualquier procesamiento realizado antes de que retire su consentimiento. Si retira su consentimiento, es posible que no podamos proporcionarle ciertos productos o servicios. Le informaremos si este es el caso en el momento en que retire su consentimiento.<\/p>\n<p style=\"text-align: justify;\">Si desea ejercer cualquiera de los derechos establecidos anteriormente, p\u00f3ngase en contacto con nosotros.<\/p>\n<p style=\"text-align: justify;\"><strong><span class=\"s8\">Por lo general, no se requiere una tarifa<\/span><\/strong><\/p>\n<p style=\"text-align: justify;\">No tendr\u00e1 que pagar una tarifa para acceder a sus datos personales (o para ejercer cualquiera de los otros derechos). Sin embargo, podemos cobrar una tarifa razonable si su solicitud es claramente infundada, repetitiva o excesiva. Alternativamente, podemos negarnos a cumplir con su solicitud en estas circunstancias.<\/p>\n<p style=\"text-align: justify;\"><strong><span class=\"s8\">Lo que podemos necesitar de usted<\/span><\/strong><\/p>\n<p style=\"text-align: justify;\">Es posible que necesitemos solicitarle informaci\u00f3n espec\u00edfica para ayudarnos a confirmar su identidad y garantizar su derecho a acceder a sus datos personales (o ejercer cualquiera de sus otros derechos). Esta es una medida de seguridad para garantizar que los datos personales no se revelen a ninguna persona que no tenga derecho a recibirlos. Tambi\u00e9n podemos comunicarnos con usted para solicitarle m\u00e1s informaci\u00f3n en relaci\u00f3n con su solicitud para acelerar nuestra respuesta.<\/p>\n<p style=\"text-align: justify;\"><strong><span class=\"s8\">L\u00edmite de tiempo para responder<\/span><\/strong><\/p>\n<p style=\"text-align: justify;\">Intentamos responder a todas las solicitudes leg\u00edtimas en el plazo de un mes. Ocasionalmente, podemos demorarnos m\u00e1s de un mes si su solicitud es particularmente compleja o si ha realizado varias solicitudes. En este caso, le mantendremos informado.<\/p>\n<div class=\"s6\" style=\"text-align: justify;\"><strong>11. <span class=\"s8\">Glosario<\/span><\/strong><\/div>\n<p style=\"text-align: justify;\"><span class=\"s8\">Inter\u00e9s leg\u00edtimo<\/span> significa el inter\u00e9s de nuestra organizaci\u00f3n en dirigir y administrar nuestra organizaci\u00f3n para permitirnos brindarle el apoyo y la atenci\u00f3n espiritual que se encuentra en el coraz\u00f3n de nuestra misi\u00f3n. Nos aseguramos de considerar y sopesar cualquier impacto potencial sobre usted (tanto positivo como negativo) y sus derechos antes de procesar sus datos personales para nuestros intereses leg\u00edtimos. No utilizamos sus datos personales para actividades en las que nuestros intereses se ven anulados por el impacto sobre usted (a menos que tengamos su consentimiento o la ley lo exija o lo permita). Puede obtener m\u00e1s informaci\u00f3n sobre c\u00f3mo evaluamos nuestros intereses leg\u00edtimos contra cualquier impacto potencial en usted con respecto a actividades espec\u00edficas poni\u00e9ndose en contacto con nosotros.<\/p>\n<div style=\"text-align: justify;\">\n<div class=\"s19\"><span class=\"s20\">Aviso de <\/span><span class=\"s20\">Privacidad<\/span><span class=\"s20\"> del UCKG DP Version 003 <\/span><span class=\"s20\">actualizado<\/span><span class=\"s20\"> el 15 de octubre<\/span><span class=\"s20\"> de 2025.<\/span><\/div>\n<\/div>\n<p>\u00a0<\/p>\t\t\t\t\t\t\t\t<\/div>\n\t\t\t\t<\/div>\n\t\t\t\t\t<\/div>\n\t\t<\/div>\n\t\t\t\t\t<\/div>\n\t\t<\/section>\n\t\t\t\t<\/div>\n\t\t","protected":false},"excerpt":{"rendered":"<p>\u00a0 1. Introducci\u00f3n El UCKG (IURD) respeta su privacidad y se compromete a proteger sus datos personales. Este aviso de privacidad es para las personas que han dado su consentimiento expreso para que el UCKG se comunique con ellos a trav\u00e9s de canales como correo electr\u00f3nico, mensaje de texto, WhatsApp y tel\u00e9fono. Este aviso de [&hellip;]<\/p>\n","protected":false},"author":12,"featured_media":0,"parent":0,"menu_order":0,"comment_status":"closed","ping_status":"closed","template":"","meta":{"give_campaign_id":0,"_monsterinsights_skip_tracking":false,"_monsterinsights_sitenote_active":false,"_monsterinsights_sitenote_note":"","_monsterinsights_sitenote_category":0,"footnotes":""},"class_list":["post-53253","page","type-page","status-publish","hentry"],"campaignId":"","_links":{"self":[{"href":"https:\/\/www.uckg.org\/es\/wp-json\/wp\/v2\/pages\/53253","targetHints":{"allow":["GET"]}}],"collection":[{"href":"https:\/\/www.uckg.org\/es\/wp-json\/wp\/v2\/pages"}],"about":[{"href":"https:\/\/www.uckg.org\/es\/wp-json\/wp\/v2\/types\/page"}],"author":[{"embeddable":true,"href":"https:\/\/www.uckg.org\/es\/wp-json\/wp\/v2\/users\/12"}],"replies":[{"embeddable":true,"href":"https:\/\/www.uckg.org\/es\/wp-json\/wp\/v2\/comments?post=53253"}],"version-history":[{"count":8,"href":"https:\/\/www.uckg.org\/es\/wp-json\/wp\/v2\/pages\/53253\/revisions"}],"predecessor-version":[{"id":2714652,"href":"https:\/\/www.uckg.org\/es\/wp-json\/wp\/v2\/pages\/53253\/revisions\/2714652"}],"wp:attachment":[{"href":"https:\/\/www.uckg.org\/es\/wp-json\/wp\/v2\/media?parent=53253"}],"curies":[{"name":"wp","href":"https:\/\/api.w.org\/{rel}","templated":true}]}}