{"id":53233,"date":"2017-02-27T19:54:47","date_gmt":"2017-02-27T18:54:47","guid":{"rendered":"https:\/\/www.uckg.org\/es\/?page_id=53233"},"modified":"2025-06-05T14:08:40","modified_gmt":"2025-06-05T13:08:40","slug":"reuniones-godllywood-de-auto-ayuda","status":"publish","type":"page","link":"https:\/\/www.uckg.org\/es\/reuniones-godllywood-de-auto-ayuda\/","title":{"rendered":"Reuniones Godllywood de Autoayuda"},"content":{"rendered":"<p>[vc_row][vc_column][wander_title_block title=&#8221;Reuniones Godllywood de auto ayuda&#8221; title_size=&#8221;h2&#8243; title_align=&#8221;text-center&#8221; is_seperator=&#8221;true&#8221;][vc_column_text]<\/p>\n<p><a title=\"Reuniones Godllywood de auto ayuda\" href=\"https:\/\/www.uckg.org\/es\/wp-content\/uploads\/2017\/02\/Godllywoodsp.png\" rel=\"\"><img fetchpriority=\"high\" decoding=\"async\" class=\"aligncenter size-full wp-image-53338\" src=\"https:\/\/www.uckg.org\/es\/wp-content\/uploads\/2017\/02\/Godllywoodsp.png\" alt=\"Godllywoodsp\" width=\"1280\" height=\"436\" title=\"\" srcset=\"https:\/\/www.uckg.org\/es\/wp-content\/uploads\/2017\/02\/Godllywoodsp.png 1280w, https:\/\/www.uckg.org\/es\/wp-content\/uploads\/2017\/02\/Godllywoodsp-300x102.png 300w, https:\/\/www.uckg.org\/es\/wp-content\/uploads\/2017\/02\/Godllywoodsp-768x262.png 768w, https:\/\/www.uckg.org\/es\/wp-content\/uploads\/2017\/02\/Godllywoodsp-1024x349.png 1024w, https:\/\/www.uckg.org\/es\/wp-content\/uploads\/2017\/02\/Godllywoodsp-500x170.png 500w\" sizes=\"(max-width: 1280px) 100vw, 1280px\" \/><\/a><\/p>\n<p style=\"text-align: justify;\">El papel de la mujer ha cambiado con los a\u00f1os. Hoy, tienen familia, carrera, metas, y agendas que cambian siempre. A medida que progresa la vida, las mujeres se enfrentan a situaciones desafiantes e inesperadas. Exclusivamente para las mujeres, las reuniones Godllywood de autoayuda profundizan en todos los aspectos de ser una mujer moderna. Se realiza una vez cada tres meses y se usan ejemplos eficaces y que inspiran para reforzar como una mujer moderna puede ir al m\u00e1s all\u00e1 para lograr la excelencia.<\/p>\n<p style=\"text-align: justify;\">Para comenzar un trayecto incre\u00edble en llegar a ser lo mejor que puedes ser y para desarrollar la belleza interior que espera ser desvelada, asiste a estas reuniones de auto ayuda. Aprovecha la oportunidad de ser la mujer que jam\u00e1s pensaste que podr\u00edas llegar a ser.<\/p>\n<p style=\"text-align: justify;\"><strong>Estas reuniones son \u00fanicamente para mujeres, suceden una vez cada tres meses. La pr\u00f3xima reuni\u00f3n ser\u00e1 el 1 de febrero de 2020 a las 3pm.<br \/>\n<\/strong><\/p>\n<figure id=\"attachment_58180\" aria-describedby=\"caption-attachment-58180\" style=\"width: 150px\" class=\"wp-caption alignleft\"><a href=\"https:\/\/www.uckg.org\/es\/reunion-de-godllywood-en-julio-de-2017\/\"><img decoding=\"async\" class=\"wp-image-58180 size-wpbdp-thumb\" src=\"https:\/\/www.uckg.org\/es\/wp-content\/uploads\/2017\/07\/Godllywoodcasestudies-out-150x150.png\" alt=\"Godllywoodcasestudies-out\" width=\"150\" height=\"150\" title=\"\" srcset=\"https:\/\/www.uckg.org\/es\/wp-content\/uploads\/2017\/07\/Godllywoodcasestudies-out-150x150.png 150w, https:\/\/www.uckg.org\/es\/wp-content\/uploads\/2017\/07\/Godllywoodcasestudies-out-50x50.png 50w, https:\/\/www.uckg.org\/es\/wp-content\/uploads\/2017\/07\/Godllywoodcasestudies-out.png 300w\" sizes=\"(max-width: 150px) 100vw, 150px\" \/><\/a><figcaption id=\"caption-attachment-58180\" class=\"wp-caption-text\"><span style=\"text-decoration: underline;\"><span style=\"color: #3366ff; text-decoration: underline;\">Reuni\u00f3n Godllywod en Julio 2017<\/span><\/span><\/figcaption><\/figure>\n","protected":false},"excerpt":{"rendered":"<p>[vc_row][vc_column][wander_title_block title=&#8221;Reuniones Godllywood de auto ayuda&#8221; title_size=&#8221;h2&#8243; title_align=&#8221;text-center&#8221; is_seperator=&#8221;true&#8221;][vc_column_text] El papel de la mujer ha cambiado con los a\u00f1os. Hoy, tienen familia, carrera, metas, y agendas que cambian siempre. A medida que progresa la vida, las mujeres se enfrentan a situaciones desafiantes e inesperadas. Exclusivamente para las mujeres, las reuniones Godllywood de autoayuda profundizan en [&hellip;]<\/p>\n","protected":false},"author":12,"featured_media":0,"parent":0,"menu_order":0,"comment_status":"closed","ping_status":"closed","template":"","meta":{"give_campaign_id":0,"_monsterinsights_skip_tracking":false,"_monsterinsights_sitenote_active":false,"_monsterinsights_sitenote_note":"","_monsterinsights_sitenote_category":0,"footnotes":""},"class_list":["post-53233","page","type-page","status-publish","hentry"],"campaignId":"","_links":{"self":[{"href":"https:\/\/www.uckg.org\/es\/wp-json\/wp\/v2\/pages\/53233","targetHints":{"allow":["GET"]}}],"collection":[{"href":"https:\/\/www.uckg.org\/es\/wp-json\/wp\/v2\/pages"}],"about":[{"href":"https:\/\/www.uckg.org\/es\/wp-json\/wp\/v2\/types\/page"}],"author":[{"embeddable":true,"href":"https:\/\/www.uckg.org\/es\/wp-json\/wp\/v2\/users\/12"}],"replies":[{"embeddable":true,"href":"https:\/\/www.uckg.org\/es\/wp-json\/wp\/v2\/comments?post=53233"}],"version-history":[{"count":3,"href":"https:\/\/www.uckg.org\/es\/wp-json\/wp\/v2\/pages\/53233\/revisions"}],"predecessor-version":[{"id":2713905,"href":"https:\/\/www.uckg.org\/es\/wp-json\/wp\/v2\/pages\/53233\/revisions\/2713905"}],"wp:attachment":[{"href":"https:\/\/www.uckg.org\/es\/wp-json\/wp\/v2\/media?parent=53233"}],"curies":[{"name":"wp","href":"https:\/\/api.w.org\/{rel}","templated":true}]}}