{"id":53206,"date":"2017-02-27T17:37:42","date_gmt":"2017-02-27T16:37:42","guid":{"rendered":"https:\/\/www.uckg.org\/es\/?page_id=53206"},"modified":"2020-01-17T14:58:51","modified_gmt":"2020-01-17T13:58:51","slug":"el-proyecto-intellimen","status":"publish","type":"page","link":"https:\/\/www.uckg.org\/es\/el-proyecto-intellimen\/","title":{"rendered":"El proyecto IntelliMen"},"content":{"rendered":"<p>[vc_row][vc_column][wander_title_block title=&#8221;El proyecto IntelliMen &#8221; title_size=&#8221;h2&#8243; title_align=&#8221;text-center&#8221; is_seperator=&#8221;true&#8221;][vc_column_text]<\/p>\n<p style=\"text-align: justify;\"><a title=\"El proyecto IntelliMen\" href=\"https:\/\/www.uckg.org\/es\/wp-content\/uploads\/2017\/02\/intell.png\" rel=\"\"><img fetchpriority=\"high\" decoding=\"async\" class=\"aligncenter size-full wp-image-12691\" src=\"https:\/\/www.uckg.org\/es\/wp-content\/uploads\/2017\/02\/intell.png\" alt=\"intell\" width=\"1280\" height=\"436\" title=\"\"><\/a><\/p>\n<p style=\"text-align: justify;\">El significado detr\u00e1s de lo que significa ser un hombre ha cambiado con el tiempo y, hoy en d\u00eda, se ha disuelto en una variedad de confusi\u00f3n e insultos. El proyecto IntelliMen no te dice lo que significa ser un hombre, sino que te lo demuestra, mediante desaf\u00edos reuniones. Pero atenci\u00f3n, esto no es para los d\u00e9biles. Tienes que ser determinado, corajudo y estar listo para cambiar.<\/p>\n<p style=\"text-align: justify;\">Podr\u00e1s completar los desaf\u00edos con un socio amigo y\u00a1 ambos luchar\u00e9is para ser hombres de verdad! Si quieres desarrollar las caracter\u00edsticas que cualquier hombre se enorgullecer\u00eda de tener, \u00a1\u00fanete ahora al <a style=\"color: #0cb4ce; text-decoration: underline;\" href=\"http:\/\/blogs.universal.org\/renatocardoso\/es\/intellimen\/\" rel=\"nofollow noopener\" target=\"_blank\">proyecto Intellimen<\/a>!<\/p>\n<p style=\"text-align: justify;\"><strong>Los que se comprometen a hacer el proyecto Intellimen tienen reuniones especiales solo para ellos una vez al mes. La pr\u00f3xima reuni\u00f3n ser\u00e1 el 26 de enero, 2020 a las 4pm.<br \/>\n<\/strong><\/p>\n<p>&nbsp;<\/p>\n<p><a href=\"https:\/\/www.uckg.org\/es\/usa-tu-inteligencia-cuando-te-enfades\/\"><img decoding=\"async\" class=\"alignnone wp-image-55589 size-medium\" src=\"https:\/\/www.uckg.org\/es\/wp-content\/uploads\/2017\/05\/UCKGEvent-boxes-intellimen-261x300.png\" alt=\"UCKGEvent-boxes-intellimen\" width=\"261\" height=\"300\" title=\"\" srcset=\"https:\/\/www.uckg.org\/es\/wp-content\/uploads\/2017\/05\/UCKGEvent-boxes-intellimen-261x300.png 261w, https:\/\/www.uckg.org\/es\/wp-content\/uploads\/2017\/05\/UCKGEvent-boxes-intellimen.png 350w\" sizes=\"(max-width: 261px) 100vw, 261px\" \/><\/a><a href=\"https:\/\/www.uckg.org\/es\/wp-content\/uploads\/2017\/06\/UCKGEvent-Intellimen-SPANISH.png\">\u00a0 <\/a><a href=\"https:\/\/www.uckg.org\/es\/reuniondeintellimen\/\"><img decoding=\"async\" class=\"alignnone size-medium wp-image-55922\" src=\"https:\/\/www.uckg.org\/es\/wp-content\/uploads\/2017\/06\/UCKGEvent-Intellimen-SPANISH-261x300.png\" alt=\"UCKGEvent-Intellimen-SPANISH\" width=\"261\" height=\"300\" title=\"\" srcset=\"https:\/\/www.uckg.org\/es\/wp-content\/uploads\/2017\/06\/UCKGEvent-Intellimen-SPANISH-261x300.png 261w, https:\/\/www.uckg.org\/es\/wp-content\/uploads\/2017\/06\/UCKGEvent-Intellimen-SPANISH.png 350w\" sizes=\"(max-width: 261px) 100vw, 261px\" \/><\/a><\/p>\n","protected":false},"excerpt":{"rendered":"<p>[vc_row][vc_column][wander_title_block title=&#8221;El proyecto IntelliMen &#8221; title_size=&#8221;h2&#8243; title_align=&#8221;text-center&#8221; is_seperator=&#8221;true&#8221;][vc_column_text] El significado detr\u00e1s de lo que significa ser un hombre ha cambiado con el tiempo y, hoy en d\u00eda, se ha disuelto en una variedad de confusi\u00f3n e insultos. El proyecto IntelliMen no te dice lo que significa ser un hombre, sino que te lo demuestra, mediante [&hellip;]<\/p>\n","protected":false},"author":12,"featured_media":0,"parent":0,"menu_order":0,"comment_status":"closed","ping_status":"closed","template":"","meta":{"give_campaign_id":0,"_monsterinsights_skip_tracking":false,"_monsterinsights_sitenote_active":false,"_monsterinsights_sitenote_note":"","_monsterinsights_sitenote_category":0,"footnotes":""},"class_list":["post-53206","page","type-page","status-publish","hentry"],"campaignId":"","_links":{"self":[{"href":"https:\/\/www.uckg.org\/es\/wp-json\/wp\/v2\/pages\/53206","targetHints":{"allow":["GET"]}}],"collection":[{"href":"https:\/\/www.uckg.org\/es\/wp-json\/wp\/v2\/pages"}],"about":[{"href":"https:\/\/www.uckg.org\/es\/wp-json\/wp\/v2\/types\/page"}],"author":[{"embeddable":true,"href":"https:\/\/www.uckg.org\/es\/wp-json\/wp\/v2\/users\/12"}],"replies":[{"embeddable":true,"href":"https:\/\/www.uckg.org\/es\/wp-json\/wp\/v2\/comments?post=53206"}],"version-history":[{"count":1,"href":"https:\/\/www.uckg.org\/es\/wp-json\/wp\/v2\/pages\/53206\/revisions"}],"predecessor-version":[{"id":64927,"href":"https:\/\/www.uckg.org\/es\/wp-json\/wp\/v2\/pages\/53206\/revisions\/64927"}],"wp:attachment":[{"href":"https:\/\/www.uckg.org\/es\/wp-json\/wp\/v2\/media?parent=53206"}],"curies":[{"name":"wp","href":"https:\/\/api.w.org\/{rel}","templated":true}]}}