{"id":53176,"date":"2017-02-27T16:03:13","date_gmt":"2017-02-27T15:03:13","guid":{"rendered":"https:\/\/www.uckg.org\/es\/?page_id=53176"},"modified":"2020-10-19T12:07:00","modified_gmt":"2020-10-19T10:07:00","slug":"tu-primera-vez-aqui","status":"publish","type":"page","link":"https:\/\/www.uckg.org\/es\/tu-primera-vez-aqui\/","title":{"rendered":"Tu primera vez aqu\u00ed"},"content":{"rendered":"<p>[vc_row][vc_column][wander_title_block title=&#8221;Tu primera vez aqu\u00ed&#8221; title_size=&#8221;h2&#8243; is_seperator=&#8221;true&#8221;][vc_column_text]<a title=\"Tu primera vez aqu\u00ed\" href=\"https:\/\/www.uckg.org\/es\/wp-content\/uploads\/2017\/02\/uckg-building-2.png\" rel=\"\"><img fetchpriority=\"high\" decoding=\"async\" class=\"aligncenter size-full wp-image-53331\" src=\"https:\/\/www.uckg.org\/es\/wp-content\/uploads\/2017\/02\/uckg-building-2.png\" alt=\"uckg-building\" width=\"1280\" height=\"436\" title=\"\" srcset=\"https:\/\/www.uckg.org\/es\/wp-content\/uploads\/2017\/02\/uckg-building-2.png 1280w, https:\/\/www.uckg.org\/es\/wp-content\/uploads\/2017\/02\/uckg-building-2-300x102.png 300w, https:\/\/www.uckg.org\/es\/wp-content\/uploads\/2017\/02\/uckg-building-2-768x262.png 768w, https:\/\/www.uckg.org\/es\/wp-content\/uploads\/2017\/02\/uckg-building-2-1024x349.png 1024w, https:\/\/www.uckg.org\/es\/wp-content\/uploads\/2017\/02\/uckg-building-2-500x170.png 500w\" sizes=\"(max-width: 1280px) 100vw, 1280px\" \/><\/a><\/p>\n<p>Cuando entres en la Iglesia Universal del Reino de Dios por primera vez, te dar\u00e1s cuenta de que esta caridad se dedica tan solo a una cosa: ayudar a las personas para que cambien sus vidas. Es por lo que vivimos.<\/p>\n<p>Desde los mensajes de motivaci\u00f3n en todas las reuniones, todos los d\u00edas de la semana, al consejo accesible de manera gratuita, y hasta las sonrisas que recibes de todos los que conocer\u00e1s, nunca te ir\u00e1s con las manos vac\u00edas.<\/p>\n<p>La Iglesia Universal est\u00e1 abierta siete d\u00edas a la semana, con cuatro reuniones disponibles cada d\u00eda durante la semana en ingl\u00e9s, y varias reuniones es espa\u00f1ol en Finsbury Park, para que tengas la libertad de asistir cuando sea m\u00e1s conveniente para ti. Para ver m\u00e1s detalles de la agenda semanal, <span style=\"text-decoration: underline;\"><a style=\"color: #0cb4ce; text-decoration: underline;\" href=\"\/es\/agenda-semanal\/\">haz clic aqu\u00ed<\/a><\/span>.<\/p>\n<p>Te animamos a que hagas una <span style=\"text-decoration: underline;\"><a style=\"color: #0cb4ce; text-decoration: underline;\" href=\"\/es\/la-cadena-de-oracion\/\">Cadena de Oraci\u00f3n<\/a><\/span>\u00a0basada en un \u00e1rea de tu vida por la que desees luchar. Esto es cuando asistes a una reuni\u00f3n espec\u00edfica durante cinco semanas, a la vez que\u00a0oras por un problema espec\u00edfico.<\/p>\n<p>Estamos aqu\u00ed por ti. Luchamos contra tus problemas contigo y estaremos a tu lado en todo momento.<\/p>\n<p>No tienes por qu\u00e9 sentirte solo.[\/vc_column_text][\/vc_column][\/vc_row][vc_row][vc_column][\/vc_column][\/vc_row]<\/p>\n","protected":false},"excerpt":{"rendered":"<p>[vc_row][vc_column][wander_title_block title=&#8221;Tu primera vez aqu\u00ed&#8221; title_size=&#8221;h2&#8243; is_seperator=&#8221;true&#8221;][vc_column_text] Cuando entres en la Iglesia Universal del Reino de Dios por primera vez, te dar\u00e1s cuenta de que esta caridad se dedica tan solo a una cosa: ayudar a las personas para que cambien sus vidas. Es por lo que vivimos. Desde los mensajes de motivaci\u00f3n en todas [&hellip;]<\/p>\n","protected":false},"author":12,"featured_media":0,"parent":0,"menu_order":0,"comment_status":"closed","ping_status":"closed","template":"","meta":{"give_campaign_id":0,"_monsterinsights_skip_tracking":false,"_monsterinsights_sitenote_active":false,"_monsterinsights_sitenote_note":"","_monsterinsights_sitenote_category":0,"footnotes":""},"class_list":["post-53176","page","type-page","status-publish","hentry"],"campaignId":"","_links":{"self":[{"href":"https:\/\/www.uckg.org\/es\/wp-json\/wp\/v2\/pages\/53176","targetHints":{"allow":["GET"]}}],"collection":[{"href":"https:\/\/www.uckg.org\/es\/wp-json\/wp\/v2\/pages"}],"about":[{"href":"https:\/\/www.uckg.org\/es\/wp-json\/wp\/v2\/types\/page"}],"author":[{"embeddable":true,"href":"https:\/\/www.uckg.org\/es\/wp-json\/wp\/v2\/users\/12"}],"replies":[{"embeddable":true,"href":"https:\/\/www.uckg.org\/es\/wp-json\/wp\/v2\/comments?post=53176"}],"version-history":[{"count":1,"href":"https:\/\/www.uckg.org\/es\/wp-json\/wp\/v2\/pages\/53176\/revisions"}],"predecessor-version":[{"id":66699,"href":"https:\/\/www.uckg.org\/es\/wp-json\/wp\/v2\/pages\/53176\/revisions\/66699"}],"wp:attachment":[{"href":"https:\/\/www.uckg.org\/es\/wp-json\/wp\/v2\/media?parent=53176"}],"curies":[{"name":"wp","href":"https:\/\/api.w.org\/{rel}","templated":true}]}}