{"id":53155,"date":"2017-02-27T13:03:36","date_gmt":"2017-02-27T12:03:36","guid":{"rendered":"https:\/\/www.uckg.org\/es\/?page_id=53155"},"modified":"2018-09-24T10:43:33","modified_gmt":"2018-09-24T08:43:33","slug":"recaudacion-de-fondos","status":"publish","type":"page","link":"https:\/\/www.uckg.org\/es\/recaudacion-de-fondos\/","title":{"rendered":"Recaudaci\u00f3n de fondos"},"content":{"rendered":"<p>[vc_row][vc_column][wander_title_block title=&#8221;Recaudaci\u00f3n de fondos&#8221; title_size=&#8221;h2&#8243; title_align=&#8221;text-center&#8221; is_seperator=&#8221;true&#8221;][vc_column_text]<strong><a href=\"https:\/\/www.uckg.org\/es\/wp-content\/uploads\/2017\/02\/fundraising.png\"><img fetchpriority=\"high\" decoding=\"async\" class=\"aligncenter size-full wp-image-12711\" src=\"https:\/\/www.uckg.org\/es\/wp-content\/uploads\/2017\/02\/fundraising.png\" width=\"1280\" height=\"436\" alt=\"fundraising\" title=\"\"><\/a><\/strong><\/p>\n<p>&nbsp;<\/p>\n<p><strong>Quienes somos<\/strong><\/p>\n<p style=\"text-align: justify;\">El Centro de Ayuda UCKG es un centro ben\u00e9fico en el Reino Unido dedicado a ayudar a las personas para que tengan una vida plena, f\u00edsica, emocional y espiritualmente. Durante a\u00f1os, hemos podido ayudar a un gran grupo tan diverso de individuos que nuestra familia creciente incluye, en la actualidad, a m\u00e1s de 12 millones de personas de todo tipo y de m\u00e1s de 172 pa\u00edses.<\/p>\n<p style=\"text-align: justify;\">Somos altamente adaptables, bien atentos a todo lo que nos rodea y listos para identificar las necesidades de las personas, simplemente porque \u00a1ayudar es lo que nos impulsa!<\/p>\n<p style=\"text-align: justify;\">Estamos aqu\u00ed para todos y para cualquiera que sabe que la vida puede ser mejor pero no ha descubierto como hacerlo posible todav\u00eda.<\/p>\n<p style=\"text-align: justify;\"><strong>Qu\u00e9 hacemos<\/strong><\/p>\n<p style=\"text-align: justify;\">Nos dimos cuenta de que la mejor ayuda y m\u00e1s permanente que podemos ofrecer a cualquiera es fortalecer y ense\u00f1ar c\u00f3mo ayudarse a uno mismo. Este objetivo describe todo lo que hacemos.<\/p>\n<p style=\"text-align: justify;\">En t\u00e9rminos pr\u00e1cticos, el n\u00facleo de nuestra labor son las sesiones diarias y los grupos comunitarios que ofrecen actividades de apoyo y eventos para involucrar a las personas m\u00e1s cercanas a nuestros centros e indicarles el camino correcto a seguir.<\/p>\n<p style=\"text-align: justify;\"><strong>C\u00f3mo lo hacemos<\/strong><\/p>\n<p style=\"text-align: justify;\">Paso a paso \u2013 \u00a1entendemos que cambiar tu vida no es tan simple como cambiar de camisa! Despu\u00e9s de todo, estamos lidiando con costumbres bien enraizadas, comportamientos y problemas que puede que no cambien de un d\u00eda para el otro, pero que pueden ser abordados paso a paso y, esto es lo que ense\u00f1amos a las personas.<\/p>\n<p style=\"text-align: justify;\">Las sesiones diarias y los grupos comunitarios ayudan a desglosar metas grandes en pasos manejables que funcionan conjuntamente para alcanzar tus objetivos.<br \/>\nLos consejos pr\u00e1cticos y las ense\u00f1anzas se parean con las sesiones personales para fortalecer y equipar a individuos con las herramientas necesarias para mejorar varios aspectos de sus vidas.<\/p>\n<p style=\"text-align: justify;\">El Centro de Ayuda UCKG sigue el planteamiento de formar grupos comunitarios como una forma de cautivar a sus miembros para que ofrezcan una mano ayuda a la comunidad local. Estos grupos est\u00e1n formados para ayudar en \u00e1reas espec\u00edficas de la comunidad, donde las personas sufren y pasan dificultades a la hora de encontrar una ayuda id\u00f3nea.<\/p>\n<p style=\"text-align: justify;\">La mayor\u00eda de los miembros de estos grupos han sufrido problemas similares a los de esas personas que se proponen a ayudar y los superaron o tuvieron una experiencia exitosa a trav\u00e9s de un familiar o amigo. Esta experiencia junto con el entrenamiento necesario provisto por los empleados del Centro de Ayuda UCKG los equipa para hacer mucho m\u00e1s que simplemente dar apoyo moral o motivaci\u00f3n a los que est\u00e1n sufriendo.<\/p>\n<p style=\"text-align: justify;\"><strong>Para los enfermos<br \/>\n<\/strong><\/p>\n<p style=\"text-align: justify;\">\n<p style=\"text-align: justify;\"><a href=\"https:\/\/www.uckg.org\/es\/wp-content\/uploads\/2017\/02\/patient.png\"><img decoding=\"async\" class=\"alignright size-full wp-image-53215\" src=\"https:\/\/www.uckg.org\/es\/wp-content\/uploads\/2017\/02\/patient.png\" width=\"180\" height=\"153\" alt=\"patient\" title=\"\"><\/a>El grupo de cuidado a los pacientes (PCG) es un conjunto de personas que se han voluntariado para minimizar el peso de la enfermedad en los pacientes y en sus familiares, extendiendo una mano amiga y apoy\u00e1ndolos. Bajo previa petici\u00f3n, los voluntarios proveen compa\u00f1\u00eda y atenci\u00f3n.<\/p>\n<p style=\"text-align: justify;\">Visitan a pacientes en los hospitales, hospicios, residencia de ancianos o a domicilio, y tambi\u00e9n est\u00e1n presentes para ayudar a la familia del paciente si es necesario.<\/p>\n<p style=\"text-align: justify;\"><a href=\"https:\/\/www.uckg.org\/es\/wp-content\/uploads\/2017\/02\/dividers.png\"><img decoding=\"async\" class=\"alignleft  wp-image-5940\" src=\"https:\/\/www.uckg.org\/es\/wp-content\/uploads\/2017\/02\/dividers.png\" width=\"414\" height=\"17\" alt=\"dividers\" title=\"\"><\/a><\/p>\n<p>&nbsp;<\/p>\n<p><strong>Para los j\u00f3venes<\/strong><\/p>\n<p style=\"text-align: justify;\"><a href=\"https:\/\/www.uckg.org\/es\/wp-content\/uploads\/2017\/02\/youth.png\"><img loading=\"lazy\" decoding=\"async\" class=\"size-full wp-image-5927 alignright\" src=\"https:\/\/www.uckg.org\/es\/wp-content\/uploads\/2017\/02\/youth.png\" width=\"180\" height=\"153\" alt=\"youth\" title=\"\"><\/a><\/p>\n<p style=\"text-align: justify;\">Sabemos que el mejor momento para prepararse para el futuro es en nuestra juventud, cuando estamos m\u00e1s dispuestos a aprender y a participar de nuevos desaf\u00edos. Sin embargo, \u00a1tambi\u00e9n sabemos que los j\u00f3venes no quieren encerrarse y aburrirse hasta estallar!<\/p>\n<p style=\"text-align: justify;\">Es dif\u00edcil encontrar un equilibrio para encargarse de todo esto, pero es por eso que existe el grupo joven (VYG).<\/p>\n<p style=\"text-align: justify;\">En resumidas cuentas, el VYG es un lugar para que los j\u00f3venes desarrollen juntos de una manera emocionante y productiva y as\u00ed obtener una madurez exitosa. El grupo no se trata de decirles lo que tienen que hacer; se trata de equipar a los j\u00f3venes con las herramientas adecuadas para que puedan tomar decisiones instruidas y positivas sobre su futuro.<\/p>\n<p><a href=\"https:\/\/www.uckg.org\/es\/wp-content\/uploads\/2017\/02\/dividers.png\"><img loading=\"lazy\" decoding=\"async\" class=\"alignleft size-full wp-image-5940\" src=\"https:\/\/www.uckg.org\/es\/wp-content\/uploads\/2017\/02\/dividers.png\" width=\"389\" height=\"16\" alt=\"dividers\" title=\"\"><\/a><\/p>\n<p>&nbsp;<\/p>\n<p style=\"text-align: justify;\"><strong>Para las sobrevivientes hermosas<\/strong><\/p>\n<p style=\"text-align: justify;\"><a href=\"https:\/\/www.uckg.org\/es\/wp-content\/uploads\/2017\/02\/woman.png\"><img loading=\"lazy\" decoding=\"async\" class=\"size-full wp-image-5988 alignright\" src=\"https:\/\/www.uckg.org\/es\/wp-content\/uploads\/2017\/02\/woman.png\" width=\"180\" height=\"153\" alt=\"woman\" title=\"\"><\/a>El abuso viene de varias maneras \u2013 visto o no visto, f\u00edsico o emocional -, todos causan mucho dolor. No es fuera de los normal sentirse como si no tuvieras opci\u00f3n m\u00e1s que mantenerte en silencio cuando te ves a ti misma en esta situaci\u00f3n; despu\u00e9s de todo, \u00bfcon quien puedes contar cuando la persona que m\u00e1s amas es tu perpetrador? \u00bfD\u00f3nde encuentras las fuerzas para exponer algo que suele sonar tan vergonzoso?<\/p>\n<p style=\"text-align: justify;\">El grupo RAHAB (Acabar con todo dolor y abuso) act\u00faa como un sistema de apoyo que ofrece consejo gratuito y confidencial a mujeres que est\u00e1n o que han sido expuestas a la violencia dom\u00e9stica.<\/p>\n<p><a href=\"https:\/\/www.uckg.org\/es\/wp-content\/uploads\/2017\/02\/dividers.png\"><img loading=\"lazy\" decoding=\"async\" class=\"alignleft size-full wp-image-5940\" src=\"https:\/\/www.uckg.org\/es\/wp-content\/uploads\/2017\/02\/dividers.png\" width=\"389\" height=\"16\" alt=\"dividers\" title=\"\"><\/a><\/p>\n<p>&nbsp;<\/p>\n<p><strong>Para los prisioneros y sus familias<br \/>\n<\/strong><\/p>\n<p style=\"text-align: justify;\"><a href=\"https:\/\/www.uckg.org\/es\/wp-content\/uploads\/2017\/02\/rod.png\"><img loading=\"lazy\" decoding=\"async\" class=\"size-full wp-image-5928 alignright\" src=\"https:\/\/www.uckg.org\/es\/wp-content\/uploads\/2017\/02\/rod.png\" width=\"180\" height=\"153\" alt=\"rod\" title=\"\"><\/a><\/p>\n<p style=\"text-align: justify;\">Los prisioneros suelen verse como el fracaso de la sociedad; personas marginadas y olvidadas o que son temidas, condenadas y despreciadas por el da\u00f1o que causaron.<\/p>\n<p style=\"text-align: justify;\">El Centro de Ayuda UCKG cree que nadie deber ser exento de ser ayudado, y ha puesto en pr\u00e1ctica ese punto de vista estableciendo el grupo ROD (Rescate de la dignidad). Estos son voluntarios que apoyan a los prisioneros y a sus familias. Se corresponden a trav\u00e9s de cartas y con visitas peri\u00f3dicas, se ayuda a los prisioneros para que hagan cambios positivos en su comportamiento y actitudes mientras est\u00e1n en la c\u00e1rcel.<\/p>\n<p><a href=\"https:\/\/www.uckg.org\/es\/wp-content\/uploads\/2017\/02\/dividers.png\"><img loading=\"lazy\" decoding=\"async\" class=\"alignleft size-full wp-image-5940\" src=\"https:\/\/www.uckg.org\/es\/wp-content\/uploads\/2017\/02\/dividers.png\" width=\"389\" height=\"16\" alt=\"dividers\" title=\"\"><\/a><\/p>\n<p>&nbsp;<\/p>\n<p><strong>Para cuando necesites hablar<\/strong><\/p>\n<p><img loading=\"lazy\" decoding=\"async\" class=\"size-full wp-image-5990 alignright\" src=\"https:\/\/www.uckg.org\/es\/wp-content\/uploads\/2017\/02\/phone.png\" width=\"180\" height=\"153\" alt=\"phone\" title=\"\"><\/p>\n<p style=\"text-align: justify;\">Un problema compartido suele ser un problema reducido a la mitad. Si est\u00e1s de acuerdo con esto, el Centro de Ayuda UCKG tiene una l\u00ednea de atenci\u00f3n disponible las 24 horas del d\u00eda, los 7 d\u00edas a la semana, durante todo el a\u00f1o para proveer el cuidado, la atenci\u00f3n y ayudar a los que llaman a encontrar la soluci\u00f3n que necesiten. Entonces, sea tan solo informaci\u00f3n lo que buscas o necesitas hablar con alguien desesperadamente, \u00a1Antes de desistir, ll\u00e1manos al 020 7686 6040!<\/p>\n<p style=\"text-align: justify;\"><em>El Centro de Ayuda UCKG es una organizaci\u00f3n sin fines de lucro que trabaja para ayudar a las personas a vivir una vida plena y feliz, independientemente de quien sean. Si aprecias esta obra de caridad, separa un momento para demostrar tu apoyo dando una donaci\u00f3n voluntaria que ayudar\u00e1 su desarrollo.<\/em><\/p>\n<p>&nbsp;<\/p>\n<p><a href=\"https:\/\/www.uckg.org\/es\/donaciones\/\" target=\"_blank\"><img loading=\"lazy\" decoding=\"async\" class=\"alignleft wp-image-5943\" src=\"https:\/\/www.uckg.org\/es\/wp-content\/uploads\/2017\/02\/PaypalDonateButton.png\" width=\"190\" height=\"44\" alt=\"PaypalDonateButton\" title=\"\"><\/a><\/p>\n<p>&nbsp;<\/p>\n<p>&nbsp;<\/p>\n<p>[\/vc_column_text][\/vc_column][\/vc_row]<\/p>\n","protected":false},"excerpt":{"rendered":"<p>[vc_row][vc_column][wander_title_block title=&#8221;Recaudaci\u00f3n de fondos&#8221; title_size=&#8221;h2&#8243; title_align=&#8221;text-center&#8221; is_seperator=&#8221;true&#8221;][vc_column_text] &nbsp; Quienes somos El Centro de Ayuda UCKG es un centro ben\u00e9fico en el Reino Unido dedicado a ayudar a las personas para que tengan una vida plena, f\u00edsica, emocional y espiritualmente. Durante a\u00f1os, hemos podido ayudar a un gran grupo tan diverso de individuos que nuestra familia [&hellip;]<\/p>\n","protected":false},"author":12,"featured_media":0,"parent":0,"menu_order":0,"comment_status":"closed","ping_status":"closed","template":"","meta":{"give_campaign_id":0,"_monsterinsights_skip_tracking":false,"_monsterinsights_sitenote_active":false,"_monsterinsights_sitenote_note":"","_monsterinsights_sitenote_category":0,"footnotes":""},"class_list":["post-53155","page","type-page","status-publish","hentry"],"campaignId":"","_links":{"self":[{"href":"https:\/\/www.uckg.org\/es\/wp-json\/wp\/v2\/pages\/53155","targetHints":{"allow":["GET"]}}],"collection":[{"href":"https:\/\/www.uckg.org\/es\/wp-json\/wp\/v2\/pages"}],"about":[{"href":"https:\/\/www.uckg.org\/es\/wp-json\/wp\/v2\/types\/page"}],"author":[{"embeddable":true,"href":"https:\/\/www.uckg.org\/es\/wp-json\/wp\/v2\/users\/12"}],"replies":[{"embeddable":true,"href":"https:\/\/www.uckg.org\/es\/wp-json\/wp\/v2\/comments?post=53155"}],"version-history":[{"count":0,"href":"https:\/\/www.uckg.org\/es\/wp-json\/wp\/v2\/pages\/53155\/revisions"}],"wp:attachment":[{"href":"https:\/\/www.uckg.org\/es\/wp-json\/wp\/v2\/media?parent=53155"}],"curies":[{"name":"wp","href":"https:\/\/api.w.org\/{rel}","templated":true}]}}