{"id":53148,"date":"2017-02-27T11:44:19","date_gmt":"2017-02-27T10:44:19","guid":{"rendered":"https:\/\/www.uckg.org\/es\/?page_id=53148"},"modified":"2023-06-01T12:37:02","modified_gmt":"2023-06-01T11:37:02","slug":"obra-social","status":"publish","type":"page","link":"https:\/\/www.uckg.org\/es\/obra-social\/","title":{"rendered":"Obra social"},"content":{"rendered":"<p>[vc_row][vc_column][wander_title_block title=&#8221;Grupos comunitarios&#8221; title_size=&#8221;h2&#8243; title_align=&#8221;text-center&#8221; is_seperator=&#8221;true&#8221;][vc_column_text]<span style=\"color: #000000;\"><span lang=\"pt-BR\"><a href=\"https:\/\/www.uckg.org\/es\/wp-content\/uploads\/2017\/03\/community-work.png\"><img fetchpriority=\"high\" decoding=\"async\" class=\"aligncenter size-full wp-image-69507\" src=\"https:\/\/www.uckg.org\/es\/wp-content\/uploads\/2017\/03\/community-work.png\" alt=\"community-work\" width=\"1280\" height=\"436\" title=\"\"><\/a><\/span><\/span><\/p>\n<p style=\"text-align: justify;\"><span style=\"color: #000000;\"><span lang=\"pt-BR\">El Centro de Ayuda UCKG es una iglesia y organizaci\u00f3n que evoluciona y siempre busca algo que incentive un cambio en la vida de una persona. Aparte de operar como un centro de ayuda espiritual diariamente, ofrecemos una variedad de actividades de apoyo pr\u00e1ctico \u2013 orientadas hacia la fe y seglares- para atender las necesidades de todas las personas de diferentes edades y culturas, y no nos intimidan las situaciones desafiantes. Tenemos empleados y voluntarios fuertes y enfocados en la comunidad. <\/span><\/span><\/p>\n<p style=\"text-align: justify;\"><span style=\"color: #000000;\"><span lang=\"pt-BR\">Conociendo las necesidades individuales de cada comunidad y sociedad en general, el Centro de Ayuda UCKG se ha asociado con otras organizaciones \u2013 gubernamentales y dem\u00e1s- y con organizaciones ben\u00e9ficas registradas para realizar eventos comunitarios y concienciar y atender varias de estas necesidades.<br \/>\n<\/span><\/span><\/p>\n<p style=\"text-align: justify;\"><span style=\"color: #000000;\"><span lang=\"pt-BR\">El Centro de Ayuda UCKG sigue el planteamiento de formar grupos comunitarios como una manera de involucrar a sus miembros en prestar una mano ayuda a la comunidad local. Los grupos est\u00e1n formados para ayudar en \u00e1reas espec\u00edficas de la comunidad, donde las personas sufren y les resulta dif\u00edcil encontrar una ayuda adecuada.<br \/>\n<\/span><\/span><\/p>\n<p style=\"text-align: justify;\"><span style=\"color: #000000;\"><span lang=\"pt-BR\">La mayor\u00eda de los miembros de estos grupos han sufrido con problemas similares a los de las personas que se proponen ayudar y los superaron o han tenido una experiencia exitosa mediante un familiar o amigo. Esta experiencia junto con la formaci\u00f3n necesaria provista por los empleados del Centro de Ayuda UCKG los equipa para hacer mucho m\u00e1s que dar un apoyo moral o de motivaci\u00f3n a aquellos que est\u00e1n sufriendo.<br \/>\n<\/span><\/span><\/p>\n<p style=\"text-align: justify;\"><a href=\"http:\/\/uckgnew.org\/wp-content\/uploads\/2015\/04\/divider.png\" rel=\"nofollow noopener\" target=\"_blank\"><img decoding=\"async\" class=\"aligncenter wp-image-2276 size-full\" src=\"https:\/\/www.uckg.org\/es\/wp-content\/uploads\/2017\/03\/divider.png\" alt=\"divider\" width=\"888\" height=\"16\" title=\"\"><\/a><\/p>\n<p style=\"text-align: justify;\"><b><span style=\"color: #0cb4ce;\"><a href=\"https:\/\/www.uckg.org\/es\/wp-content\/uploads\/2023\/06\/Screenshot-2023-06-01-at-12.31.21.png\"><img decoding=\"async\" class=\"alignright wp-image-75998\" src=\"https:\/\/www.uckg.org\/es\/wp-content\/uploads\/2023\/06\/Screenshot-2023-06-01-at-12.31.21.png\" alt=\"\" width=\"75\" height=\"78\" title=\"\"><\/a>L\u00ednea de Atenci\u00f3n las 24 horas<\/span><br \/>\n<\/b>El centro de llamadas maneja llamadas durante todo el a\u00f1o, brinda apoyo y asistencia a personas de todas las culturas y condiciones sociales.<\/p>\n<p>&nbsp;<\/p>\n<p style=\"text-align: justify;\"><a href=\"http:\/\/uckgnew.org\/wp-content\/uploads\/2015\/04\/divider-light.png\" rel=\"nofollow noopener\" target=\"_blank\"><img loading=\"lazy\" decoding=\"async\" class=\"aligncenter wp-image-2278 size-full\" src=\"https:\/\/www.uckg.org\/es\/wp-content\/uploads\/2017\/03\/divider-light.png\" alt=\"divider-light\" width=\"888\" height=\"16\" title=\"\"><\/a><\/p>\n<p style=\"text-align: justify;\"><b><br \/>\n<span style=\"color: #0cb4ce;\"><a href=\"https:\/\/www.uckg.org\/es\/wp-content\/uploads\/2023\/06\/Screenshot-2023-06-01-at-12.00.13.png\"><img loading=\"lazy\" decoding=\"async\" class=\" wp-image-75995 alignright\" src=\"https:\/\/www.uckg.org\/es\/wp-content\/uploads\/2023\/06\/Screenshot-2023-06-01-at-12.00.13.png\" alt=\"\" width=\"77\" height=\"80\" title=\"\"><\/a>El grupo joven (Victory Youth Group o VYG)\u2028<\/span><br \/>\n<\/b>Las reuniones combinan actividades divertidas con gu\u00edas de orientaci\u00f3n pr\u00e1ctica y de desarrollo espiritual.<\/p>\n<p><span style=\"color: #ff0000;\">\u00a0<\/span><\/p>\n<p style=\"text-align: justify;\"><a href=\"https:\/\/www.uckg.org\/es\/wp-content\/uploads\/2017\/03\/divider-light.png\"><img loading=\"lazy\" decoding=\"async\" class=\"aligncenter wp-image-2278 size-full\" src=\"https:\/\/www.uckg.org\/es\/wp-content\/uploads\/2017\/03\/divider-light.png\" alt=\"divider-light\" width=\"888\" height=\"16\" title=\"\"><\/a><\/p>\n<p style=\"text-align: justify;\"><b><a href=\"https:\/\/www.uckg.org\/es\/wp-content\/uploads\/2017\/03\/Training-Centre.jpg\"><img loading=\"lazy\" decoding=\"async\" class=\"wp-image-2287 alignright\" src=\"https:\/\/www.uckg.org\/es\/wp-content\/uploads\/2017\/03\/Training-Centre.jpg\" alt=\"Training-Centre\" width=\"75\" height=\"75\" title=\"\"><\/a><span style=\"color: #0cb4ce;\">Centro de estudios (Universal Training Centre o UTC)<\/span><br \/>\n<\/b>El centro ofrece cursos de ingl\u00e9s y de inform\u00e1tica, y otros servicios de apoyo relacionados con carreras profesionales y de negocios.<\/p>\n<p><span style=\"color: #ff0000;\">\u00a0<\/span><\/p>\n<p style=\"text-align: justify;\"><a href=\"https:\/\/www.uckg.org\/es\/wp-content\/uploads\/2017\/03\/divider-light.png\"><img loading=\"lazy\" decoding=\"async\" class=\"aligncenter wp-image-2278 size-full\" src=\"https:\/\/www.uckg.org\/es\/wp-content\/uploads\/2017\/03\/divider-light.png\" alt=\"divider-light\" width=\"888\" height=\"16\" title=\"\"><\/a><\/p>\n<p style=\"text-align: justify;\"><b><a href=\"http:\/\/uckgnew.org\/wp-content\/uploads\/2015\/04\/prison.png\" rel=\"nofollow noopener\" target=\"_blank\"><img loading=\"lazy\" decoding=\"async\" class=\"wp-image-2282 size-full alignright\" src=\"https:\/\/www.uckg.org\/es\/wp-content\/uploads\/2017\/03\/prison.png\" alt=\"prison\" width=\"75\" height=\"75\" title=\"\"><\/a><span style=\"color: #0cb4ce;\">Rescate de la dignidad (ROD en ingl\u00e9s)\u2028<\/span><br \/>\n<\/b>El grupo ofrece apoyo f\u00edsico y espiritual a los prisioneros y a sus familiares por toda la naci\u00f3n.<\/p>\n<p><span style=\"color: #ff0000;\">\u00a0<\/span><\/p>\n<p style=\"text-align: justify;\"><a href=\"https:\/\/www.uckg.org\/es\/wp-content\/uploads\/2017\/03\/divider-light.png\"><img loading=\"lazy\" decoding=\"async\" class=\"aligncenter wp-image-2278 size-full\" src=\"https:\/\/www.uckg.org\/es\/wp-content\/uploads\/2017\/03\/divider-light.png\" alt=\"divider-light\" width=\"888\" height=\"16\" title=\"\"><\/a><\/p>\n<p style=\"text-align: justify;\"><strong><a href=\"https:\/\/www.uckg.org\/es\/wp-content\/uploads\/2017\/03\/seniors.jpg\"><img loading=\"lazy\" decoding=\"async\" class=\"wp-image-2283 alignright\" src=\"https:\/\/www.uckg.org\/es\/wp-content\/uploads\/2017\/03\/seniors.jpg\" alt=\"seniors\" width=\"75\" height=\"75\" title=\"\"><\/a><span style=\"color: #0cb4ce;\">Caleb<\/span><br \/>\n<\/strong>El grupo Caleb ofrece ayuda y apoyo a personas de la tercera edad a trav\u00e9s de actividades sociales, excursiones y ayuda en el hogar, entre otras tareas.<br \/>\n<strong><strong><br \/>\n<\/strong><\/strong><span style=\"color: #ff0000;\" data-mce-mark=\"1\"><br \/>\n<\/span><\/p>\n<p style=\"text-align: justify;\"><a href=\"https:\/\/www.uckg.org\/es\/wp-content\/uploads\/2017\/03\/divider-light.png\"><img loading=\"lazy\" decoding=\"async\" class=\"aligncenter wp-image-2278 size-full\" src=\"https:\/\/www.uckg.org\/es\/wp-content\/uploads\/2017\/03\/divider-light.png\" alt=\"divider-light\" width=\"888\" height=\"16\" title=\"\"><\/a><\/p>\n<p style=\"text-align: justify;\"><b><a href=\"http:\/\/uckgnew.org\/wp-content\/uploads\/2015\/04\/patient.png\" rel=\"nofollow noopener\" target=\"_blank\"><img loading=\"lazy\" decoding=\"async\" class=\"wp-image-2284 size-full alignright\" src=\"https:\/\/www.uckg.org\/es\/wp-content\/uploads\/2017\/03\/patient-1.png\" alt=\"patient-1\" width=\"75\" height=\"75\" title=\"\"><\/a><span style=\"color: #0cb4ce;\">Grupo de Cuidado a los pacientes (Patient Care Group)<\/span><br \/>\n<\/b>\u2028Hacen visitas y ofrecen compa\u00f1\u00eda y asistencia a los pacientes, de manera voluntaria, a domicilio o en el hospital.<br \/>\n<span style=\"color: #ff0000;\"><br \/>\n<\/span><\/p>\n<p style=\"text-align: justify;\"><a href=\"https:\/\/www.uckg.org\/es\/wp-content\/uploads\/2017\/03\/divider-light.png\"><img loading=\"lazy\" decoding=\"async\" class=\"aligncenter wp-image-2278 size-full\" src=\"https:\/\/www.uckg.org\/es\/wp-content\/uploads\/2017\/03\/divider-light.png\" alt=\"divider-light\" width=\"888\" height=\"16\" title=\"\"><\/a><\/p>\n<p style=\"text-align: justify;\"><strong><a href=\"http:\/\/uckgnew.org\/wp-content\/uploads\/2015\/04\/rahab.png\" rel=\"nofollow noopener\" target=\"_blank\"><img loading=\"lazy\" decoding=\"async\" class=\"wp-image-2285 size-full alignright\" src=\"https:\/\/www.uckg.org\/es\/wp-content\/uploads\/2017\/03\/rahab.png\" alt=\"rahab\" width=\"75\" height=\"75\" title=\"\"><\/a><span style=\"color: #0cb4ce;\">RAHAB (Acabar con el dolor y el abuso)<br \/>\n<\/span><\/strong>El grupo tiende la mano a mujeres que hayan sido v\u00edctimas de violencia y agresi\u00f3n.<\/p>\n<p><span style=\"color: #ff0000;\">\u00a0<\/span><\/p>\n<p style=\"text-align: justify;\"><a href=\"https:\/\/www.uckg.org\/es\/wp-content\/uploads\/2017\/03\/divider-light.png\"><img loading=\"lazy\" decoding=\"async\" class=\"aligncenter wp-image-2278 size-full\" src=\"https:\/\/www.uckg.org\/es\/wp-content\/uploads\/2017\/03\/divider-light.png\" alt=\"divider-light\" width=\"888\" height=\"16\" title=\"\"><\/a><\/p>\n<p style=\"text-align: justify;\"><b><a href=\"http:\/\/uckgnew.org\/wp-content\/uploads\/2015\/04\/lone.png\" rel=\"nofollow noopener\" target=\"_blank\"><img loading=\"lazy\" decoding=\"async\" class=\"wp-image-2286 size-full alignright\" src=\"https:\/\/www.uckg.org\/es\/wp-content\/uploads\/2017\/03\/lone.png\" alt=\"lone\" width=\"75\" height=\"75\" title=\"\"><\/a><span style=\"color: #0cb4ce;\">Grupos para padres solteros (Lone Parents Group)<\/span><br \/>\n<\/b>Ayudan a un gran n\u00famero de madres j\u00f3venes solteras para que mantengan el foco en sus metas de la vida despu\u00e9s de un embarazo precoz.<br \/>\n<b><br \/>\n<\/b><span style=\"color: #ff0000;\"><br \/>\n<\/span><\/p>\n<p style=\"text-align: justify;\"><a href=\"https:\/\/www.uckg.org\/es\/wp-content\/uploads\/2017\/03\/divider-light.png\"><img loading=\"lazy\" decoding=\"async\" class=\"aligncenter wp-image-2278 size-full\" src=\"https:\/\/www.uckg.org\/es\/wp-content\/uploads\/2017\/03\/divider-light.png\" alt=\"divider-light\" width=\"888\" height=\"16\" title=\"\"><\/a><\/p>\n<p><em>El Centro de Ayuda UCKG es una organizaci\u00f3n sin fines de lucro que ayuda a las personas a vivir una vida plena y feliz, independientemente de cuales sean sus antecedentes. Si aprecias la obra de la caridad, toma un momento para demostrar tu apoyo con una donaci\u00f3n voluntaria que ayudar\u00e1 con su desarrollo.<br \/>\n<\/em><\/p>\n<p>&nbsp;<\/p>\n<p><a href=\"\/es\/donaciones\/\" target=\"_blank\" rel=\"noopener noreferrer\"><img loading=\"lazy\" decoding=\"async\" class=\"alignleft wp-image-5943\" src=\"https:\/\/www.uckg.org\/es\/wp-content\/uploads\/2017\/03\/PaypalDonateButton-1.png\" alt=\"PaypalDonateButton-1\" width=\"190\" height=\"44\" title=\"\"><\/a>[\/vc_column_text][\/vc_column][\/vc_row]<\/p>\n","protected":false},"excerpt":{"rendered":"<p>[vc_row][vc_column][wander_title_block title=&#8221;Grupos comunitarios&#8221; title_size=&#8221;h2&#8243; title_align=&#8221;text-center&#8221; is_seperator=&#8221;true&#8221;][vc_column_text] El Centro de Ayuda UCKG es una iglesia y organizaci\u00f3n que evoluciona y siempre busca algo que incentive un cambio en la vida de una persona. Aparte de operar como un centro de ayuda espiritual diariamente, ofrecemos una variedad de actividades de apoyo pr\u00e1ctico \u2013 orientadas hacia la fe [&hellip;]<\/p>\n","protected":false},"author":12,"featured_media":0,"parent":0,"menu_order":0,"comment_status":"closed","ping_status":"closed","template":"","meta":{"give_campaign_id":0,"_monsterinsights_skip_tracking":false,"_monsterinsights_sitenote_active":false,"_monsterinsights_sitenote_note":"","_monsterinsights_sitenote_category":0,"footnotes":""},"class_list":["post-53148","page","type-page","status-publish","hentry"],"campaignId":"","_links":{"self":[{"href":"https:\/\/www.uckg.org\/es\/wp-json\/wp\/v2\/pages\/53148","targetHints":{"allow":["GET"]}}],"collection":[{"href":"https:\/\/www.uckg.org\/es\/wp-json\/wp\/v2\/pages"}],"about":[{"href":"https:\/\/www.uckg.org\/es\/wp-json\/wp\/v2\/types\/page"}],"author":[{"embeddable":true,"href":"https:\/\/www.uckg.org\/es\/wp-json\/wp\/v2\/users\/12"}],"replies":[{"embeddable":true,"href":"https:\/\/www.uckg.org\/es\/wp-json\/wp\/v2\/comments?post=53148"}],"version-history":[{"count":5,"href":"https:\/\/www.uckg.org\/es\/wp-json\/wp\/v2\/pages\/53148\/revisions"}],"predecessor-version":[{"id":76000,"href":"https:\/\/www.uckg.org\/es\/wp-json\/wp\/v2\/pages\/53148\/revisions\/76000"}],"wp:attachment":[{"href":"https:\/\/www.uckg.org\/es\/wp-json\/wp\/v2\/media?parent=53148"}],"curies":[{"name":"wp","href":"https:\/\/api.w.org\/{rel}","templated":true}]}}