{"id":53097,"date":"2017-02-27T17:36:31","date_gmt":"2017-02-27T16:36:31","guid":{"rendered":"https:\/\/www.uckg.org\/es\/?page_id=53097"},"modified":"2018-09-24T10:41:57","modified_gmt":"2018-09-24T08:41:57","slug":"el-encuentro-de-las-naciones","status":"publish","type":"page","link":"https:\/\/www.uckg.org\/es\/el-encuentro-de-las-naciones\/","title":{"rendered":"El Encuentro de las Naciones"},"content":{"rendered":"<p>[vc_row][vc_column][wander_title_block title=&#8221;El Encuentro de las Naciones&#8221; title_size=&#8221;h2&#8243; title_align=&#8221;text-center&#8221; is_seperator=&#8221;true&#8221;][vc_column_text]<a href=\"https:\/\/www.uckg.org\/es\/wp-content\/uploads\/2017\/02\/flag.png\"><img fetchpriority=\"high\" decoding=\"async\" class=\"aligncenter size-full wp-image-12686\" src=\"https:\/\/www.uckg.org\/es\/wp-content\/uploads\/2017\/02\/flag.png\" width=\"1280\" height=\"436\" alt=\"flag\" title=\"\"><\/a><\/p>\n<p style=\"text-align: justify;\">Se realizan normalmente el \u00faltimo viernes de cada mes, esta reuni\u00f3n re\u00fane a todos los centros de Londres para desarrollar espiritualmente.<br \/>\nEn esta noche, muchas preguntas son respondidas. As\u00ed como, la negatividad que incordia a las personas interiormente o espiritualmente, o afecta sus vidas en familia, es expulsada. Y al final de la vigilia, los asistentes son reavivados e inspirados a tomar un paso m\u00e1s positivo y gratificante en la vida.<\/p>\n<p style=\"text-align: justify;\">Est\u00e1s abierto para todos, no hay expectativas para los que vienen, solo inter\u00e9s y una mente abierta. Entonces \u00a1ven, escucha y experimenta algo grandioso! Este evento no es para que te lo pierdas.<\/p>\n<p style=\"text-align: justify;\"><strong>La pr\u00f3xima fecha para el Encuentro de las Naciones se anunciar\u00e1 muy pronto.<\/strong><\/p>\n<p>[\/vc_column_text][\/vc_column][\/vc_row]<\/p>\n","protected":false},"excerpt":{"rendered":"<p>[vc_row][vc_column][wander_title_block title=&#8221;El Encuentro de las Naciones&#8221; title_size=&#8221;h2&#8243; title_align=&#8221;text-center&#8221; is_seperator=&#8221;true&#8221;][vc_column_text] Se realizan normalmente el \u00faltimo viernes de cada mes, esta reuni\u00f3n re\u00fane a todos los centros de Londres para desarrollar espiritualmente. En esta noche, muchas preguntas son respondidas. As\u00ed como, la negatividad que incordia a las personas interiormente o espiritualmente, o afecta sus vidas en familia, [&hellip;]<\/p>\n","protected":false},"author":1,"featured_media":0,"parent":0,"menu_order":0,"comment_status":"closed","ping_status":"closed","template":"","meta":{"give_campaign_id":0,"_monsterinsights_skip_tracking":false,"_monsterinsights_sitenote_active":false,"_monsterinsights_sitenote_note":"","_monsterinsights_sitenote_category":0,"footnotes":""},"class_list":["post-53097","page","type-page","status-publish","hentry"],"campaignId":"","_links":{"self":[{"href":"https:\/\/www.uckg.org\/es\/wp-json\/wp\/v2\/pages\/53097","targetHints":{"allow":["GET"]}}],"collection":[{"href":"https:\/\/www.uckg.org\/es\/wp-json\/wp\/v2\/pages"}],"about":[{"href":"https:\/\/www.uckg.org\/es\/wp-json\/wp\/v2\/types\/page"}],"author":[{"embeddable":true,"href":"https:\/\/www.uckg.org\/es\/wp-json\/wp\/v2\/users\/1"}],"replies":[{"embeddable":true,"href":"https:\/\/www.uckg.org\/es\/wp-json\/wp\/v2\/comments?post=53097"}],"version-history":[{"count":0,"href":"https:\/\/www.uckg.org\/es\/wp-json\/wp\/v2\/pages\/53097\/revisions"}],"wp:attachment":[{"href":"https:\/\/www.uckg.org\/es\/wp-json\/wp\/v2\/media?parent=53097"}],"curies":[{"name":"wp","href":"https:\/\/api.w.org\/{rel}","templated":true}]}}