{"id":53094,"date":"2017-02-22T17:54:12","date_gmt":"2017-02-22T16:54:12","guid":{"rendered":"https:\/\/www.uckg.org\/es\/?page_id=53094"},"modified":"2018-09-21T09:52:52","modified_gmt":"2018-09-21T07:52:52","slug":"gift-aid","status":"publish","type":"page","link":"https:\/\/www.uckg.org\/es\/gift-aid\/","title":{"rendered":"Gift Aid"},"content":{"rendered":"<p>[vc_row][vc_column][wander_title_block title=&#8221;Gift Aid&#8221; title_size=&#8221;h2&#8243; title_align=&#8221;text-center&#8221; is_seperator=&#8221;true&#8221;][vc_column_text]<\/p>\n<p style=\"text-align: justify;\"><a href=\"https:\/\/www.uckg.org\/es\/wp-content\/uploads\/2014\/05\/giftaid.png\"><img fetchpriority=\"high\" decoding=\"async\" class=\"aligncenter size-full wp-image-53030\" src=\"https:\/\/www.uckg.org\/es\/wp-content\/uploads\/2014\/05\/giftaid.png\" width=\"1280\" height=\"436\" alt=\"giftaid\" title=\"\" srcset=\"https:\/\/www.uckg.org\/es\/wp-content\/uploads\/2014\/05\/giftaid.png 1280w, https:\/\/www.uckg.org\/es\/wp-content\/uploads\/2014\/05\/giftaid-300x102.png 300w, https:\/\/www.uckg.org\/es\/wp-content\/uploads\/2014\/05\/giftaid-768x262.png 768w, https:\/\/www.uckg.org\/es\/wp-content\/uploads\/2014\/05\/giftaid-1024x349.png 1024w, https:\/\/www.uckg.org\/es\/wp-content\/uploads\/2014\/05\/giftaid-500x170.png 500w\" sizes=\"(max-width: 1280px) 100vw, 1280px\" \/><\/a><\/p>\n<p>&nbsp;<\/p>\n<p><strong><span style=\"color: #808080;\">\u00bfQu\u00e9 es el Gift Aid?<\/span><\/strong><br \/>\n<span style=\"color: #808080;\"> Gift Aid es un programa del gobierno para ayudar a todas las organizaciones ben\u00e9ficas de Inglaterra y Gales.<\/span><br \/>\n<span style=\"color: #808080;\"> Funciona as\u00ed: Si eres contribuyente de impuestos y donas \u00a310 a tu organizaci\u00f3n ben\u00e9fica, normalmente habr\u00e1s pagado impuestos por esa cantidad. Tu organizaci\u00f3n puede recibir \u00a32.50 de vuelta con el Gift Aid de los impuestos que ya pagaste, y el valor de tu donaci\u00f3n aumenta a \u00a312.50 \u00a1sin costarte ni un penique extra!<\/span><\/p>\n<p style=\"text-align: justify;\"><span style=\"color: #808080;\"><strong>\u00bfC\u00f3mo ayuda el Gift Aid al Centro de Ayuda UCKG?<\/strong><\/span><br \/>\n<span style=\"color: #808080;\"> \u00bfSab\u00edas que podr\u00edas ayudar al Centro de Ayuda UCKG econ\u00f3micamente si pagas impuestos de contribuci\u00f3n? \u00a1Por cada \u00a31 que dones, el Centro de Ayuda UCKG recibe 25p extra por reembolso de impuestos sin costarte nada! Esto quiere decir que si pagas impuestos, podemos pedir un reembolso gift aid por tu donaci\u00f3n, aumentando el valor a casi un tercio de lo que diste.<\/span><\/p>\n<p style=\"text-align: justify;\"><span style=\"color: #808080;\"><strong>\u00bfPor qu\u00e9 contribuir?<\/strong><\/span><br \/>\n<span style=\"color: #808080;\"> El Centro de Ayua UCKG es un centro ben\u00e9fico en el Reino Unido dedicado a ayudar a las personas para que tengan una vida plena, f\u00edsica, emocional y espiritualmente. Durante a\u00f1os, hemos podido ayudar a un gran grupo tan diverso de individuos que nuestra familia creciente incluye, en la actualidad, a m\u00e1s de 12 millones de personas de todo tipo y de m\u00e1s de 172 pa\u00edses.<br \/>\n<\/span><br \/>\n<span style=\"color: #808080;\"> Si quieres donar, <span style=\"text-decoration: underline;\"><span style=\"color: #0cb4ce;\"><a style=\"color: #0cb4ce; text-decoration: underline;\" href=\"\/es\/donaciones\/\">lo puedes hacer por internet<\/a><\/span><\/span>. Es una norma del Centro de Ayuda UCKG que todos los donativos se utilicen como designados a nuestras necesidades de prioridad. Sin embargo, en el evento de que un proyecto sobre abunde de fondos, tu donaci\u00f3n ser\u00e1 asignada a donde m\u00e1s se necesite.<\/span><\/p>\n<p>[\/vc_column_text][\/vc_column][\/vc_row]<\/p>\n","protected":false},"excerpt":{"rendered":"<p>[vc_row][vc_column][wander_title_block title=&#8221;Gift Aid&#8221; title_size=&#8221;h2&#8243; title_align=&#8221;text-center&#8221; is_seperator=&#8221;true&#8221;][vc_column_text] &nbsp; \u00bfQu\u00e9 es el Gift Aid? Gift Aid es un programa del gobierno para ayudar a todas las organizaciones ben\u00e9ficas de Inglaterra y Gales. Funciona as\u00ed: Si eres contribuyente de impuestos y donas \u00a310 a tu organizaci\u00f3n ben\u00e9fica, normalmente habr\u00e1s pagado impuestos por esa cantidad. Tu organizaci\u00f3n puede recibir [&hellip;]<\/p>\n","protected":false},"author":12,"featured_media":0,"parent":0,"menu_order":0,"comment_status":"closed","ping_status":"closed","template":"","meta":{"give_campaign_id":0,"_monsterinsights_skip_tracking":false,"_monsterinsights_sitenote_active":false,"_monsterinsights_sitenote_note":"","_monsterinsights_sitenote_category":0,"footnotes":""},"class_list":["post-53094","page","type-page","status-publish","hentry"],"campaignId":"","_links":{"self":[{"href":"https:\/\/www.uckg.org\/es\/wp-json\/wp\/v2\/pages\/53094","targetHints":{"allow":["GET"]}}],"collection":[{"href":"https:\/\/www.uckg.org\/es\/wp-json\/wp\/v2\/pages"}],"about":[{"href":"https:\/\/www.uckg.org\/es\/wp-json\/wp\/v2\/types\/page"}],"author":[{"embeddable":true,"href":"https:\/\/www.uckg.org\/es\/wp-json\/wp\/v2\/users\/12"}],"replies":[{"embeddable":true,"href":"https:\/\/www.uckg.org\/es\/wp-json\/wp\/v2\/comments?post=53094"}],"version-history":[{"count":0,"href":"https:\/\/www.uckg.org\/es\/wp-json\/wp\/v2\/pages\/53094\/revisions"}],"wp:attachment":[{"href":"https:\/\/www.uckg.org\/es\/wp-json\/wp\/v2\/media?parent=53094"}],"curies":[{"name":"wp","href":"https:\/\/api.w.org\/{rel}","templated":true}]}}