{"id":53092,"date":"2017-02-22T17:51:38","date_gmt":"2017-02-22T16:51:38","guid":{"rendered":"https:\/\/www.uckg.org\/es\/?page_id=53092"},"modified":"2018-09-21T09:52:18","modified_gmt":"2018-09-21T07:52:18","slug":"cuota-y-excursiones-de-godllywood","status":"publish","type":"page","link":"https:\/\/www.uckg.org\/es\/cuota-y-excursiones-de-godllywood\/","title":{"rendered":"Cuota y excursiones de Godllywood"},"content":{"rendered":"<p>[vc_row][vc_column][wander_title_block title=&#8221;Cuota y excursiones de Godllywood&#8221; title_size=&#8221;h2&#8243; title_align=&#8221;text-center&#8221; is_seperator=&#8221;true&#8221;][vc_column_text]<\/p>\n<p style=\"text-align: justify;\"><a href=\"https:\/\/www.uckg.org\/es\/wp-content\/uploads\/2017\/02\/godllywood.png\"><img fetchpriority=\"high\" decoding=\"async\" class=\"aligncenter size-full wp-image-53129\" src=\"https:\/\/www.uckg.org\/es\/wp-content\/uploads\/2017\/02\/godllywood.png\" width=\"1280\" height=\"436\" alt=\"godllywood\" title=\"\" srcset=\"https:\/\/www.uckg.org\/es\/wp-content\/uploads\/2017\/02\/godllywood.png 1280w, https:\/\/www.uckg.org\/es\/wp-content\/uploads\/2017\/02\/godllywood-300x102.png 300w, https:\/\/www.uckg.org\/es\/wp-content\/uploads\/2017\/02\/godllywood-768x262.png 768w, https:\/\/www.uckg.org\/es\/wp-content\/uploads\/2017\/02\/godllywood-1024x349.png 1024w, https:\/\/www.uckg.org\/es\/wp-content\/uploads\/2017\/02\/godllywood-500x170.png 500w\" sizes=\"(max-width: 1280px) 100vw, 1280px\" \/><\/a><\/p>\n<p style=\"text-align: justify;\">En un mundo en donde el amor propio casi no existe, es extra\u00f1o cruzarse con un grupo en el que puedes desenvolver tanto desde el interior como desde el exterior, a la vez que se recibe el apoyo y la motivaci\u00f3n por parte de otras mujeres. Pues bien, eso es exactamente lo que hace Godllywood. Formado por reuniones peri\u00f3dicas, Godllywood ayuda a las mujeres para que desarrollen y crezcan en su interior, en sus carreras y en sus relaciones. Godllywood es un proceso para llegar a ser una mujer moderna y exitosa que destaque entre la multitud.<\/p>\n<p style=\"text-align: justify;\">Las participantes del grupo pueden pagar sus cuotas mensuales y el costo de las excursiones Godllywood <span style=\"color: #0cb4ce;\"><a style=\"color: #0cb4ce;\" href=\"\/es\/donaciones\/\">aqu\u00ed<\/a><\/span>.<\/p>\n<p style=\"text-align: justify;\">Si quieres ser parte de este grupo y te gustar\u00eda aprender m\u00e1s, pero todav\u00eda falta para que llegue el Rush Month, puedes comenzar a hacer las tareas que est\u00e1n publicadas en el <span style=\"color: #0cb4ce;\"><a style=\"color: #0cb4ce;\" href=\"http:\/\/blogs.universal.org\/cristianecardoso\/es\/\" rel=\"nofollow noopener\" target=\"_blank\">blog de Cristiane Cardoso<\/a><\/span>. \u00a1Embarca en este viaje inolvidable!<\/p>\n<p>[\/vc_column_text][\/vc_column][\/vc_row]<\/p>\n","protected":false},"excerpt":{"rendered":"<p>[vc_row][vc_column][wander_title_block title=&#8221;Cuota y excursiones de Godllywood&#8221; title_size=&#8221;h2&#8243; title_align=&#8221;text-center&#8221; is_seperator=&#8221;true&#8221;][vc_column_text] En un mundo en donde el amor propio casi no existe, es extra\u00f1o cruzarse con un grupo en el que puedes desenvolver tanto desde el interior como desde el exterior, a la vez que se recibe el apoyo y la motivaci\u00f3n por parte de otras mujeres. [&hellip;]<\/p>\n","protected":false},"author":12,"featured_media":0,"parent":0,"menu_order":0,"comment_status":"closed","ping_status":"closed","template":"","meta":{"give_campaign_id":0,"_monsterinsights_skip_tracking":false,"_monsterinsights_sitenote_active":false,"_monsterinsights_sitenote_note":"","_monsterinsights_sitenote_category":0,"footnotes":""},"class_list":["post-53092","page","type-page","status-publish","hentry"],"campaignId":"","_links":{"self":[{"href":"https:\/\/www.uckg.org\/es\/wp-json\/wp\/v2\/pages\/53092","targetHints":{"allow":["GET"]}}],"collection":[{"href":"https:\/\/www.uckg.org\/es\/wp-json\/wp\/v2\/pages"}],"about":[{"href":"https:\/\/www.uckg.org\/es\/wp-json\/wp\/v2\/types\/page"}],"author":[{"embeddable":true,"href":"https:\/\/www.uckg.org\/es\/wp-json\/wp\/v2\/users\/12"}],"replies":[{"embeddable":true,"href":"https:\/\/www.uckg.org\/es\/wp-json\/wp\/v2\/comments?post=53092"}],"version-history":[{"count":0,"href":"https:\/\/www.uckg.org\/es\/wp-json\/wp\/v2\/pages\/53092\/revisions"}],"wp:attachment":[{"href":"https:\/\/www.uckg.org\/es\/wp-json\/wp\/v2\/media?parent=53092"}],"curies":[{"name":"wp","href":"https:\/\/api.w.org\/{rel}","templated":true}]}}