{"id":53090,"date":"2017-02-22T17:46:17","date_gmt":"2017-02-22T16:46:17","guid":{"rendered":"https:\/\/www.uckg.org\/es\/?page_id=53090"},"modified":"2018-09-19T13:40:00","modified_gmt":"2018-09-19T11:40:00","slug":"radio-y-programas-de-television","status":"publish","type":"page","link":"https:\/\/www.uckg.org\/es\/radio-y-programas-de-television\/","title":{"rendered":"Radio y programas de televisi\u00f3n"},"content":{"rendered":"<p>[vc_row][vc_column][wander_title_block title=&#8221;Radio y programas de televisi\u00f3n&#8221; title_size=&#8221;h2&#8243; title_align=&#8221;text-center&#8221; is_seperator=&#8221;true&#8221;][vc_column_text]<span style=\"color: #808080;\"><a href=\"https:\/\/www.uckg.org\/es\/wp-content\/uploads\/2017\/02\/tv-radio-programme.jpg\"><img fetchpriority=\"high\" decoding=\"async\" class=\"aligncenter size-full wp-image-53131\" src=\"https:\/\/www.uckg.org\/es\/wp-content\/uploads\/2017\/02\/tv-radio-programme.jpg\" width=\"1280\" height=\"436\" alt=\"tv-radio-programme\" title=\"\" srcset=\"https:\/\/www.uckg.org\/es\/wp-content\/uploads\/2017\/02\/tv-radio-programme.jpg 1280w, https:\/\/www.uckg.org\/es\/wp-content\/uploads\/2017\/02\/tv-radio-programme-300x102.jpg 300w, https:\/\/www.uckg.org\/es\/wp-content\/uploads\/2017\/02\/tv-radio-programme-768x262.jpg 768w, https:\/\/www.uckg.org\/es\/wp-content\/uploads\/2017\/02\/tv-radio-programme-1024x349.jpg 1024w, https:\/\/www.uckg.org\/es\/wp-content\/uploads\/2017\/02\/tv-radio-programme-500x170.jpg 500w\" sizes=\"(max-width: 1280px) 100vw, 1280px\" \/><\/a><\/span><\/p>\n<p>&nbsp;<\/p>\n<p><span style=\"color: #808080;\">A trav\u00e9s de los medios de televisi\u00f3n, virtual, prensa y radio, m\u00e1s de 5 millones de personas en todo el mundo tuvieron acceso al mensaje de la Biblia, todo a trav\u00e9s de la contribuci\u00f3n conjunta de los patrocinadores, que es tambi\u00e9n una manera de evangelizar.<br \/>\n<\/span><br \/>\n<span style=\"color: #808080;\"> Si te gustar\u00eda involucrarte m\u00e1s en la producci\u00f3n y para ayudar a asegurar que estos medios de comunicaci\u00f3n sigan inspirando a otros, te rogamos que hagas un donativo<\/span> <span style=\"color: #0cb4ce;\"><a style=\"color: #0cb4ce;\" href=\"\/es\/donaciones\/\">aqu\u00ed<\/a><\/span>.[\/vc_column_text][\/vc_column][\/vc_row]<\/p>\n","protected":false},"excerpt":{"rendered":"<p>[vc_row][vc_column][wander_title_block title=&#8221;Radio y programas de televisi\u00f3n&#8221; title_size=&#8221;h2&#8243; title_align=&#8221;text-center&#8221; is_seperator=&#8221;true&#8221;][vc_column_text] &nbsp; A trav\u00e9s de los medios de televisi\u00f3n, virtual, prensa y radio, m\u00e1s de 5 millones de personas en todo el mundo tuvieron acceso al mensaje de la Biblia, todo a trav\u00e9s de la contribuci\u00f3n conjunta de los patrocinadores, que es tambi\u00e9n una manera de evangelizar. [&hellip;]<\/p>\n","protected":false},"author":12,"featured_media":0,"parent":0,"menu_order":0,"comment_status":"closed","ping_status":"closed","template":"","meta":{"give_campaign_id":0,"_monsterinsights_skip_tracking":false,"_monsterinsights_sitenote_active":false,"_monsterinsights_sitenote_note":"","_monsterinsights_sitenote_category":0,"footnotes":""},"class_list":["post-53090","page","type-page","status-publish","hentry"],"campaignId":"","_links":{"self":[{"href":"https:\/\/www.uckg.org\/es\/wp-json\/wp\/v2\/pages\/53090","targetHints":{"allow":["GET"]}}],"collection":[{"href":"https:\/\/www.uckg.org\/es\/wp-json\/wp\/v2\/pages"}],"about":[{"href":"https:\/\/www.uckg.org\/es\/wp-json\/wp\/v2\/types\/page"}],"author":[{"embeddable":true,"href":"https:\/\/www.uckg.org\/es\/wp-json\/wp\/v2\/users\/12"}],"replies":[{"embeddable":true,"href":"https:\/\/www.uckg.org\/es\/wp-json\/wp\/v2\/comments?post=53090"}],"version-history":[{"count":0,"href":"https:\/\/www.uckg.org\/es\/wp-json\/wp\/v2\/pages\/53090\/revisions"}],"wp:attachment":[{"href":"https:\/\/www.uckg.org\/es\/wp-json\/wp\/v2\/media?parent=53090"}],"curies":[{"name":"wp","href":"https:\/\/api.w.org\/{rel}","templated":true}]}}